













{"id":976,"date":"2016-08-22T12:50:00","date_gmt":"2016-08-22T09:50:00","guid":{"rendered":"http:\/\/ykitesti.solki.jyu.fi\/?page_id=976"},"modified":"2016-12-01T15:03:10","modified_gmt":"2016-12-01T13:03:10","slug":"espanja-keskitaso-puhuminen","status":"publish","type":"page","link":"https:\/\/ykitesti.solki.jyu.fi\/sv\/tutustu-testiin\/espanja\/espanja-keskitaso-puhuminen\/","title":{"rendered":"Spanska &#8211; Grundniv\u00e5 &#8211; Talproduktion"},"content":{"rendered":"<!-- RSPEAK_STOP --> <a href='http:\/\/wr.readspeaker.com\/a\/webreader\/webreader.php?cid=&amp;t=wordpress&amp;url=https:\/\/ykitesti.solki.jyu.fi\/sv\/tutustu-testiin\/espanja\/espanja-keskitaso-puhuminen\/&amp;title=Spanska &#8211; Grundniv\u00e5 &#8211; Talproduktion' onclick='readpage(this.href, 976); return false;'> <img src=' http:\/\/wr.readspeaker.com\/m\/wr\/images\/listen_.gif' style='border-style: none;' alt=''><\/a><div id='WR_976'><\/div> <!-- RSPEAK_START --> <p><em><strong>Spanska\u00a0&#8211; Mellanniv\u00e5\u00a0&#8211; Talproduktion<\/strong><\/em><\/p>\n<p>Delprovet i talproduktion p\u00e5 mellanniv\u00e5\u00a0i Spanska inneh\u00e5ller olika uppgifter som spelas in p\u00e5 band i en spr\u00e5kstudio. Nedan finns exempel p\u00e5 uppgiftstyperna.<\/p>\n<hr \/>\n<h2><span style=\"text-decoration: underline;\"><strong>Uppgift &#8211;\u00a0Att ber\u00e4tta om barndomen:<\/strong><\/span><\/h2>\n<p>Uppgiften best\u00e5r i att <strong>p\u00e5 spanska<\/strong> ber\u00e4tta lite om din barndom. Tala f\u00f6rst om vad du heter, och d\u00e4refter kan du ber\u00e4tta till exempel:<\/p>\n<ul>\n<li>var du bodde n\u00e4r du var barn<\/li>\n<li>hurdan familj du hade d\u00e5<\/li>\n<li>hurdant hem du hade<\/li>\n<li>vem du lekte med\/firade lov med<\/li>\n<\/ul>\n<p>F\u00f6rs\u00f6k tala s\u00e5 ledigt och naturligt som m\u00f6jligt.\u00a0 Om du till exempel svarar p\u00e5 fr\u00e5gorna punkt f\u00f6r punkt, kan din ber\u00e4ttelse verka onaturlig.<\/p>\n<p>Du har en minut p\u00e5 dig att t\u00e4nka ut vad du ska s\u00e4ga. Under tiden du f\u00f6rbereder dig kan du g\u00f6ra anteckningar. Du ska b\u00f6rja tala n\u00e4r de s\u00e4ger p\u00e5 bandet: <em>\u201dAhora empiece a hablar\u201d<\/em>. Du har 1\u00bd minuter p\u00e5 dig att tala. F\u00f6rs\u00f6k att tala hela tiden!<\/p>\n<p><strong>F\u00f6rberedelsetid: 1 minut<\/strong><br \/>\n<strong>Taltid: 1\u00bd minuter<\/strong><\/p>\n<hr \/>\n<h2><span style=\"text-decoration: underline;\"><strong>Uppgift &#8211;\u00a0Ett samtal:<\/strong><\/span><\/h2>\n<p>Nedan beskrivs en talsituation. F\u00f6re situationen har du tillf\u00e4lle att s\u00e4tta dig in i den. Inom parentes ser du tips p\u00e5 vad du ska s\u00e4ga <strong>p\u00e5 spanska<\/strong>. Du f\u00e5r h\u00f6ra din samtalspartners repliker p\u00e5 band, och de \u00e4r i uppgiftsh\u00e4ftet markerade med stj\u00e4rnor (t.ex. Talaren: *****). Du ska svara p\u00e5 replikerna s\u00e5 ledigt och naturligt som du bara kan. Svarstiden anges inom parentes.<\/p>\n<audio class=\"wp-audio-shortcode\" id=\"audio-976-1\" preload=\"none\" style=\"width: 100%;\" controls=\"controls\"><source type=\"audio\/mpeg\" src=\"http:\/\/ykitesti.solki.jyu.fi\/wp-content\/uploads\/2016\/06\/esktpu_006edited.mp3?_=1\" \/><a href=\"http:\/\/ykitesti.solki.jyu.fi\/wp-content\/uploads\/2016\/06\/esktpu_006edited.mp3\">http:\/\/ykitesti.solki.jyu.fi\/wp-content\/uploads\/2016\/06\/esktpu_006edited.mp3<\/a><\/audio>\n<p style=\"border: 3px; border-style: solid; border-color: #123455; padding: 1em;\"><strong>Situation X. <em>Du anl\u00e4nder med ett Iberiaflyg fr\u00e5n Helsingfors till Barcelona, varifr\u00e5n du ska forts\u00e4tta till Menorca. Ditt plan anl\u00e4nder tv\u00e5 timmar f\u00f6rsenat till Barcelona. Du g\u00e5r till Iberias kontor f\u00f6r att reda upp situationen.<\/em><\/strong><br \/>\nTj\u00e4nstemannen:\u00a0\u00a0\u00a0\u00a0\u00a0\u00a0\u00a0\u00a0\u00a0\u00a0\u00a0\u00a0\u00a0 *****<br \/>\nDU:\u00a0\u00a0\u00a0\u00a0\u00a0\u00a0\u00a0\u00a0\u00a0\u00a0\u00a0\u00a0\u00a0\u00a0\u00a0\u00a0\u00a0\u00a0\u00a0\u00a0\u00a0\u00a0 [F\u00f6rklara situationen.] <em>(20 sek)<\/em><br \/>\nTj\u00e4nstemannen:\u00a0\u00a0\u00a0\u00a0\u00a0\u00a0\u00a0\u00a0\u00a0\u00a0\u00a0\u00a0\u00a0 *****<br \/>\nDU:\u00a0\u00a0\u00a0\u00a0\u00a0\u00a0\u00a0\u00a0\u00a0\u00a0\u00a0\u00a0\u00a0\u00a0\u00a0\u00a0\u00a0\u00a0\u00a0\u00a0\u00a0\u00a0 [Du har br\u00e5ttom till Menorca, f\u00f6r d\u00e4r anordnas en familjefest, ett m\u00f6te el.d.] (30 sek)<br \/>\nTj\u00e4nstemannen:\u00a0\u00a0\u00a0\u00a0\u00a0\u00a0\u00a0\u00a0\u00a0\u00a0\u00a0\u00a0\u00a0 *****<br \/>\nDU:\u00a0\u00a0\u00a0\u00a0\u00a0\u00a0\u00a0\u00a0\u00a0\u00a0\u00a0\u00a0\u00a0\u00a0\u00a0\u00a0\u00a0\u00a0\u00a0\u00a0\u00a0\u00a0 [Be att f\u00e5 n\u00e4rmare upplysningar.] <em>(20 sek)<\/em><br \/>\nTj\u00e4nstemannen:\u00a0\u00a0\u00a0\u00a0\u00a0\u00a0\u00a0\u00a0\u00a0\u00a0\u00a0\u00a0\u00a0 *****<br \/>\nDU:\u00a0\u00a0\u00a0\u00a0\u00a0\u00a0\u00a0\u00a0\u00a0\u00a0\u00a0\u00a0\u00a0\u00a0\u00a0\u00a0\u00a0\u00a0\u00a0\u00a0\u00a0\u00a0 [Fr\u00e5ga ocks\u00e5 var du ska \u00f6vernatta och vem det \u00e4r som betalar.]\u00a0\u00a0<em>(30 sek)<\/em><br \/>\nTj\u00e4nstemannen:\u00a0\u00a0\u00a0\u00a0\u00a0\u00a0\u00a0\u00a0\u00a0\u00a0\u00a0\u00a0\u00a0 *****<br \/>\nDU:\u00a0\u00a0\u00a0\u00a0\u00a0\u00a0\u00a0\u00a0\u00a0\u00a0\u00a0\u00a0\u00a0\u00a0\u00a0\u00a0\u00a0\u00a0\u00a0\u00a0\u00a0\u00a0 [Fr\u00e5ga vad som har h\u00e4nt med bagaget.] <em>(20 sek)<\/em><br \/>\nTj\u00e4nstemannen:\u00a0\u00a0\u00a0\u00a0\u00a0\u00a0\u00a0\u00a0\u00a0\u00a0\u00a0\u00a0\u00a0 *****<br \/>\nDU:\u00a0\u00a0\u00a0\u00a0\u00a0\u00a0\u00a0\u00a0\u00a0\u00a0\u00a0\u00a0\u00a0\u00a0\u00a0\u00a0\u00a0\u00a0\u00a0\u00a0\u00a0\u00a0 [Tacka och s\u00e4g adj\u00f6.] <em>(10 sek)<\/em><\/p>\n<hr \/>\n<h2><span style=\"text-decoration: underline;\"><strong>Uppgift\u00a0&#8211;\u00a0Anf\u00f6rande:<\/strong><\/span><\/h2>\n<p>L\u00e4s \u00e4mnet f\u00f6r ert tal nedan. Du har 2 minuter p\u00e5 dig att t\u00e4nka ut vad du ska s\u00e4ga. Under tiden du f\u00f6rbereder dig kan du g\u00f6ra anteckningar. Du ska b\u00f6rja tala n\u00e4r de s\u00e4ger p\u00e5 bandet: <em>\u201dAhora empiece a hablar\u201d<\/em>. Du har 2 minuter p\u00e5 dig att tala. F\u00f6rs\u00f6k att tala hela tiden!<\/p>\n<ol>\n<li><strong> Vad \u00e4r alltf\u00f6r dyrt?<\/strong><\/li>\n<\/ol>\n<ul>\n<li>Vad \u00e4r alltf\u00f6r dyrt i Finland (boende, mat, h\u00e4lsov\u00e5rd, resor, bil etc? Motivera.<\/li>\n<li>Vad skulle vara lagom pris f\u00f6r det du tycker \u00e4r dyrt?<\/li>\n<li>Vilka andra priser skulle kunna s\u00e4nkas? Varf\u00f6r?<\/li>\n<li>Finns det priser som kan h\u00f6jas? Vad och varf\u00f6r?<\/li>\n<li>Finns det faktiskt fattiga m\u00e4nniskor i Finland? Motivera med hj\u00e4lp av exempel.<\/li>\n<\/ul>\n<p><strong>F\u00f6rberedelsetid:\u00a0 2 minuter<\/strong><br \/>\n<strong>Taltid: 2 minuter<\/strong><\/p>\n <!-- RSPEAK_STOP -->","protected":false},"excerpt":{"rendered":"    Spanska\u00a0&#8211; Mellanniv\u00e5\u00a0&#8211; Talproduktion Delprovet i talproduktion p\u00e5 mellanniv\u00e5\u00a0i Spanska inneh\u00e5ller olika uppgifter som spelas in p\u00e5 band i en spr\u00e5kstudio. Nedan finns exempel \n <a class=\"moretag\" href=\"https:\/\/ykitesti.solki.jyu.fi\/sv\/tutustu-testiin\/espanja\/espanja-keskitaso-puhuminen\/\"> <\/a>","protected":false},"author":1,"featured_media":0,"parent":912,"menu_order":0,"comment_status":"closed","ping_status":"closed","template":"","meta":{"footnotes":""},"class_list":["post-976","page","type-page","status-publish","hentry"],"translation":{"provider":"WPGlobus","version":"3.0.2","language":"sv","enabled_languages":["fi","en","sv"],"languages":{"fi":{"title":true,"content":true,"excerpt":false},"en":{"title":false,"content":false,"excerpt":false},"sv":{"title":true,"content":true,"excerpt":false}}},"_links":{"self":[{"href":"https:\/\/ykitesti.solki.jyu.fi\/sv\/wp-json\/wp\/v2\/pages\/976","targetHints":{"allow":["GET"]}}],"collection":[{"href":"https:\/\/ykitesti.solki.jyu.fi\/sv\/wp-json\/wp\/v2\/pages"}],"about":[{"href":"https:\/\/ykitesti.solki.jyu.fi\/sv\/wp-json\/wp\/v2\/types\/page"}],"author":[{"embeddable":true,"href":"https:\/\/ykitesti.solki.jyu.fi\/sv\/wp-json\/wp\/v2\/users\/1"}],"replies":[{"embeddable":true,"href":"https:\/\/ykitesti.solki.jyu.fi\/sv\/wp-json\/wp\/v2\/comments?post=976"}],"version-history":[{"count":13,"href":"https:\/\/ykitesti.solki.jyu.fi\/sv\/wp-json\/wp\/v2\/pages\/976\/revisions"}],"predecessor-version":[{"id":1269,"href":"https:\/\/ykitesti.solki.jyu.fi\/sv\/wp-json\/wp\/v2\/pages\/976\/revisions\/1269"}],"up":[{"embeddable":true,"href":"https:\/\/ykitesti.solki.jyu.fi\/sv\/wp-json\/wp\/v2\/pages\/912"}],"wp:attachment":[{"href":"https:\/\/ykitesti.solki.jyu.fi\/sv\/wp-json\/wp\/v2\/media?parent=976"}],"curies":[{"name":"wp","href":"https:\/\/api.w.org\/{rel}","templated":true}]}}