













{"id":968,"date":"2016-08-22T12:18:01","date_gmt":"2016-08-22T09:18:01","guid":{"rendered":"http:\/\/ykitesti.solki.jyu.fi\/?page_id=968"},"modified":"2016-12-01T14:48:24","modified_gmt":"2016-12-01T12:48:24","slug":"espanja-keskitaso-kirjoittaminen","status":"publish","type":"page","link":"https:\/\/ykitesti.solki.jyu.fi\/sv\/tutustu-testiin\/espanja\/espanja-keskitaso-kirjoittaminen\/","title":{"rendered":"Espanja &#8211; Keskitaso &#8211; Kirjoittaminen"},"content":{"rendered":"<!-- RSPEAK_STOP --> <a href='http:\/\/wr.readspeaker.com\/a\/webreader\/webreader.php?cid=&amp;t=wordpress&amp;url=https:\/\/ykitesti.solki.jyu.fi\/sv\/tutustu-testiin\/espanja\/espanja-keskitaso-kirjoittaminen\/&amp;title=Espanja &#8211; Keskitaso &#8211; Kirjoittaminen' onclick='readpage(this.href, 968); return false;'> <img src=' http:\/\/wr.readspeaker.com\/m\/wr\/images\/listen_.gif' style='border-style: none;' alt=''><\/a><div id='WR_968'><\/div> <!-- RSPEAK_START --> <h4><em>Spanska\u00a0&#8211; Mellanniv\u00e5\u00a0&#8211;\u00a0Skriftlig\u00a0Framst\u00e4llning<\/em><\/h4>\n<div class=\"quiz_section question-section-id-58 slide2\">\n<p>Delprovet i skriftlig framst\u00e4llning inneh\u00e5ller tre olika slags uppgifter. Nedan finns n\u00e5gra exempel p\u00e5 uppgifterna.<\/p>\n<hr \/>\n<h2><span style=\"text-decoration: underline;\"><strong>Uppgift 1. E-postmeddelande:<\/strong><\/span><\/h2>\n<p>En v\u00e4n fr\u00e5n Spanien har skaffat biljetter till en tjurf\u00e4ktning. Skriv ett e-postmeddelande d\u00e4r du talar om att du absolut inte vill komma med p\u00e5 en s\u00e5dan, och motivera varf\u00f6r inte.<\/p>\n<p>Kom ih\u00e5g att<strong> inleda<\/strong> och <strong>avsluta<\/strong> meddelandet p\u00e5 l\u00e4mpligt s\u00e4tt. Skriv med tydlig handstil <strong>p\u00e5<\/strong> <strong>s<\/strong><strong>panska<\/strong>.<\/p>\n<hr \/>\n<h2><span style=\"text-decoration: underline;\"><strong>Uppgift 2. E-postmeddelande:<\/strong><\/span><\/h2>\n<p>Du har f\u00e5tt en praktikplats i Madrid och ska flytta dit om ett halvt \u00e5r. Du skickar ett e postmeddelande med f\u00f6ljande inneh\u00e5ll till en bostadsf\u00f6rmedling:<\/p>\n<p style=\"padding-left: 30px;\">\u2022 tala om dina planer p\u00e5 att flytta, ange n\u00e4r och varf\u00f6r du flyttar<br \/>\n\u2022 tala om vad du \u00f6nskar dig f\u00f6r bostad (t.ex. antal rum, bostadsstandard och utrustning, hyra)<br \/>\n\u2022 ge f\u00f6rslag p\u00e5 l\u00e4ge (t.ex. centrum, f\u00f6rort)<br \/>\n\u2022 uttryck f\u00f6rhoppning om ett snabbt svar<\/p>\n<p>Kom ih\u00e5g att inleda och avsluta meddelandet p\u00e5 l\u00e4mpligt s\u00e4tt. Skriv med tydlig handstil p\u00e5 spanska.<\/p>\n<hr \/>\n<h2><span style=\"text-decoration: underline;\"><strong>Uppgift 3. <\/strong><strong>\u00c5sikt:<\/strong><\/span><\/h2>\n<p>L\u00e4s bifogade debattartikel\u00a0fr\u00e5n internet. Bem\u00f6t artikeln med ett eget inl\u00e4gg <strong>p\u00e5<\/strong> <strong>spanska<\/strong>. Skriv med tydlig handstil.<\/p>\n<p style=\"border: 3px; border-style: solid; border-color: #123455; padding: 1em;\">La bulimia es una enfermedad de causas diversas: psicol\u00f3gicas y som\u00e1ticas, las cuales producen desarreglos en la ingesta de alimentos, con otros relacionados a dietas abusivas, v\u00f3mitos y el consumo de diversos medicamentos. Es una enfermedad que aparece, sobre todo, en las chicas, que normalmente se practica en la adolescencia y puede durar muchos a\u00f1os. \u00bfPor qu\u00e9 no aparece en los hombres? \u00bfO esto no es verdad?<\/p>\n<\/div>\n <!-- RSPEAK_STOP -->","protected":false},"excerpt":{"rendered":"    Spanska\u00a0&#8211; Mellanniv\u00e5\u00a0&#8211;\u00a0Skriftlig\u00a0Framst\u00e4llning Delprovet i skriftlig framst\u00e4llning inneh\u00e5ller tre olika slags uppgifter. Nedan finns n\u00e5gra exempel p\u00e5 uppgifterna. Uppgift 1. E-postmeddelande: En v\u00e4n fr\u00e5n \n <a class=\"moretag\" href=\"https:\/\/ykitesti.solki.jyu.fi\/sv\/tutustu-testiin\/espanja\/espanja-keskitaso-kirjoittaminen\/\"> <\/a>","protected":false},"author":1,"featured_media":0,"parent":912,"menu_order":0,"comment_status":"closed","ping_status":"closed","template":"","meta":{"footnotes":""},"class_list":["post-968","page","type-page","status-publish","hentry"],"translation":{"provider":"WPGlobus","version":"3.0.2","language":"sv","enabled_languages":["fi","en","sv"],"languages":{"fi":{"title":true,"content":true,"excerpt":false},"en":{"title":false,"content":false,"excerpt":false},"sv":{"title":false,"content":true,"excerpt":false}}},"_links":{"self":[{"href":"https:\/\/ykitesti.solki.jyu.fi\/sv\/wp-json\/wp\/v2\/pages\/968","targetHints":{"allow":["GET"]}}],"collection":[{"href":"https:\/\/ykitesti.solki.jyu.fi\/sv\/wp-json\/wp\/v2\/pages"}],"about":[{"href":"https:\/\/ykitesti.solki.jyu.fi\/sv\/wp-json\/wp\/v2\/types\/page"}],"author":[{"embeddable":true,"href":"https:\/\/ykitesti.solki.jyu.fi\/sv\/wp-json\/wp\/v2\/users\/1"}],"replies":[{"embeddable":true,"href":"https:\/\/ykitesti.solki.jyu.fi\/sv\/wp-json\/wp\/v2\/comments?post=968"}],"version-history":[{"count":10,"href":"https:\/\/ykitesti.solki.jyu.fi\/sv\/wp-json\/wp\/v2\/pages\/968\/revisions"}],"predecessor-version":[{"id":1268,"href":"https:\/\/ykitesti.solki.jyu.fi\/sv\/wp-json\/wp\/v2\/pages\/968\/revisions\/1268"}],"up":[{"embeddable":true,"href":"https:\/\/ykitesti.solki.jyu.fi\/sv\/wp-json\/wp\/v2\/pages\/912"}],"wp:attachment":[{"href":"https:\/\/ykitesti.solki.jyu.fi\/sv\/wp-json\/wp\/v2\/media?parent=968"}],"curies":[{"name":"wp","href":"https:\/\/api.w.org\/{rel}","templated":true}]}}