













{"id":928,"date":"2016-08-17T11:43:56","date_gmt":"2016-08-17T08:43:56","guid":{"rendered":"http:\/\/ykitesti.solki.jyu.fi\/?page_id=928"},"modified":"2016-08-17T12:45:55","modified_gmt":"2016-08-17T09:45:55","slug":"espanja-perustaso-puhuminen","status":"publish","type":"page","link":"https:\/\/ykitesti.solki.jyu.fi\/sv\/tutustu-testiin\/espanja\/espanja-perustaso-puhuminen\/","title":{"rendered":"Espanja &#8211; Perustaso &#8211; Puhuminen"},"content":{"rendered":"<!-- RSPEAK_STOP --> <a href='http:\/\/wr.readspeaker.com\/a\/webreader\/webreader.php?cid=&amp;t=wordpress&amp;url=https:\/\/ykitesti.solki.jyu.fi\/sv\/tutustu-testiin\/espanja\/espanja-perustaso-puhuminen\/&amp;title=Espanja &#8211; Perustaso &#8211; Puhuminen' onclick='readpage(this.href, 928); return false;'> <img src=' http:\/\/wr.readspeaker.com\/m\/wr\/images\/listen_.gif' style='border-style: none;' alt=''><\/a><div id='WR_928'><\/div> <!-- RSPEAK_START --> <p><em><strong>Spanska\u00a0&#8211; Grundniv\u00e5\u00a0&#8211; Talproduktion<\/strong><\/em><\/p>\n<p>Delprovet i talproduktion p\u00e5 mellanniv\u00e5 i svenska inneh\u00e5ller olika uppgifter som spelas in p\u00e5 band i en spr\u00e5kstudio. Nedan finns exempel p\u00e5 uppgiftstyperna.<\/p>\n<hr \/>\n<h2><span style=\"text-decoration: underline;\"><strong>Uppgift x. Att ber\u00e4tta om sig sj\u00e4lv:<\/strong><\/span><\/h2>\n<p>Uppgiften best\u00e5r i att du p\u00e5 band ska ber\u00e4tta lite om dig sj\u00e4lv och en typisk dag i ditt liv <strong>p\u00e5 spanska<\/strong>. Tala f\u00f6rst om <strong>vad du heter<\/strong>, sedan kan du ber\u00e4tta till exempel:<\/p>\n<ol>\n<ul>\n<li>Hurdan familj du har?<\/li>\n<li>Hurdan bostad du har?<\/li>\n<li>Vad du har f\u00f6r utbildning och yrke?<\/li>\n<\/ul>\n<\/ol>\n<p>Du har 1 minut p\u00e5 dig att t\u00e4nka ut vad du ska s\u00e4ga. Under tiden du f\u00f6rbereder dig kan du g\u00f6ra anteckningar. Du ska b\u00f6rja tala n\u00e4r de s\u00e4ger p\u00e5 bandet: <em>\u201dAhora empiece a hablar\u201d<\/em>. Du har 1 minut p\u00e5 dig att tala. F\u00f6rs\u00f6k att tala hela tiden!<\/p>\n<p><strong>F\u00f6rberedelsetid: 1 minut<\/strong><br \/>\n<strong>Taltid: 1 minut<\/strong><\/p>\n<audio class=\"wp-audio-shortcode\" id=\"audio-928-1\" preload=\"none\" style=\"width: 100%;\" controls=\"controls\"><source type=\"audio\/mpeg\" src=\"http:\/\/ykitesti.solki.jyu.fi\/wp-content\/uploads\/2016\/06\/ItsestaKertominen%20esptpu.mp3?_=1\" \/><a href=\"http:\/\/ykitesti.solki.jyu.fi\/wp-content\/uploads\/2016\/06\/ItsestaKertominen%20esptpu.mp3\">http:\/\/ykitesti.solki.jyu.fi\/wp-content\/uploads\/2016\/06\/ItsestaKertominen%20esptpu.mp3<\/a><\/audio>\n<hr \/>\n<h2><span style=\"text-decoration: underline;\"><strong>Uppgift X. N\u00e5gra situationer:<\/strong><\/span><\/h2>\n<p>Nedan beskrivs sex situationer, d\u00e4r du skulle kunna bli tvungen att tala spanska. Situationerna g\u00e5s igenom en \u00e5t g\u00e5ngen.<\/p>\n<p>I varje situation:<\/p>\n<ul>\n<li>P\u00e5 bandet h\u00f6r du numret p\u00e5 situationen, t.ex. <em>\u201dAtienda a la situaci\u00f3n 1\u201d .<\/em><\/li>\n<li>S\u00e4tt dig in i situationen i fr\u00e5ga.<\/li>\n<li>P\u00e5 bandet h\u00f6r du en uppmaning: <em>\u201dHable ahora\u201d<\/em>.<\/li>\n<li>Sedan f\u00f6ljer en paus.<\/li>\n<li>Under pausen ska du <strong>p\u00e5 <\/strong><strong>spanska<\/strong> s\u00e4ga det som du blir uppmanad att s\u00e4ga i den aktuella situationen.<\/li>\n<\/ul>\n<p>Svarstiden anges inom parentes.<\/p>\n<p>Vad skulle du s\u00e4ga <strong>p\u00e5 spanska<\/strong> i f\u00f6ljande situationer:<\/p>\n<p style=\"border: 3px; border-style: solid; border-color: #123455; padding: 1em;\"><strong>I Spanien:<\/strong><br \/>\n<strong>Situation X.\u00a0 <\/strong>Du anl\u00e4nder till hotellet. H\u00e4lsa p\u00e5 receptionisten och presentera dig. Tala om vad slags rum du har bokat och f\u00f6r hur m\u00e5nga n\u00e4tter. <em>(20 sek)<\/em><\/p>\n<audio class=\"wp-audio-shortcode\" id=\"audio-928-2\" preload=\"none\" style=\"width: 100%;\" controls=\"controls\"><source type=\"audio\/mpeg\" src=\"http:\/\/ykitesti.solki.jyu.fi\/wp-content\/uploads\/2016\/06\/Tilanteet%20esptpu.mp3?_=2\" \/><a href=\"http:\/\/ykitesti.solki.jyu.fi\/wp-content\/uploads\/2016\/06\/Tilanteet%20esptpu.mp3\">http:\/\/ykitesti.solki.jyu.fi\/wp-content\/uploads\/2016\/06\/Tilanteet%20esptpu.mp3<\/a><\/audio>\n<hr \/>\n<h2><span style=\"text-decoration: underline;\"><strong>Uppgift x. Att ber\u00e4tta:<\/strong><\/span><\/h2>\n<p>Nedan ges tv\u00e5 alternativa teman. V\u00e4lj <strong>ett<\/strong> tema och <strong>framf\u00f6r dina \u00e5sikter om detta tema j\u00e4mte motiveringar<\/strong>. F\u00f6rs\u00f6k tala s\u00e5 ledigt som m\u00f6jligt.<\/p>\n<p>Du har tv\u00e5 minuter p\u00e5 dig att t\u00e4nka ut vad du ska s\u00e4ga. Under tiden du f\u00f6rbereder dig kan du g\u00f6ra anteckningar. Du ska b\u00f6rja tala n\u00e4r de s\u00e4ger p\u00e5 bandet: <em>\u201dAhora empiece a hablar\u201d<\/em>. Du har 2 minuter p\u00e5 dig att tala. F\u00f6rs\u00f6k tala hela tiden!<\/p>\n<p><strong>F\u00f6rberedelsetid: 2 minuter<\/strong><br \/>\n<strong>Taltid: 2 minuter<\/strong><\/p>\n<p><strong>Tema X. TELEVISIONSPROGRAM<\/strong><\/p>\n<p>Ber\u00e4tta t.ex. f\u00f6ljande:<\/p>\n<ul>\n<ul>\n<li>Hur ofta och hur mycket du ser p\u00e5 TV?<\/li>\n<li>Vilka TV-program du brukar titta p\u00e5? Hurdana de \u00e4r?<\/li>\n<li>Vilka TV-program du gillar \/ du inte gillar? Varf\u00f6r?<\/li>\n<li>Vad slags program du skulle vilja se mer av p\u00e5 TV?<\/li>\n<li>Vad man inte skulle f\u00e5 visa p\u00e5 TV alls? osv.<br \/>\n<hr \/>\n<\/li>\n<\/ul>\n<\/ul>\n<audio class=\"wp-audio-shortcode\" id=\"audio-928-3\" preload=\"none\" style=\"width: 100%;\" controls=\"controls\"><source type=\"audio\/mpeg\" src=\"http:\/\/ykitesti.solki.jyu.fi\/wp-content\/uploads\/2016\/06\/Kertominen%20esptpu.mp3?_=3\" \/><a href=\"http:\/\/ykitesti.solki.jyu.fi\/wp-content\/uploads\/2016\/06\/Kertominen%20esptpu.mp3\">http:\/\/ykitesti.solki.jyu.fi\/wp-content\/uploads\/2016\/06\/Kertominen%20esptpu.mp3<\/a><\/audio>\n <!-- RSPEAK_STOP -->","protected":false},"excerpt":{"rendered":"    Spanska\u00a0&#8211; Grundniv\u00e5\u00a0&#8211; Talproduktion Delprovet i talproduktion p\u00e5 mellanniv\u00e5 i svenska inneh\u00e5ller olika uppgifter som spelas in p\u00e5 band i en spr\u00e5kstudio. Nedan finns \n <a class=\"moretag\" href=\"https:\/\/ykitesti.solki.jyu.fi\/sv\/tutustu-testiin\/espanja\/espanja-perustaso-puhuminen\/\"> <\/a>","protected":false},"author":1,"featured_media":0,"parent":912,"menu_order":0,"comment_status":"closed","ping_status":"closed","template":"","meta":{"footnotes":""},"class_list":["post-928","page","type-page","status-publish","hentry"],"translation":{"provider":"WPGlobus","version":"3.0.2","language":"sv","enabled_languages":["fi","en","sv"],"languages":{"fi":{"title":true,"content":true,"excerpt":false},"en":{"title":false,"content":false,"excerpt":false},"sv":{"title":false,"content":true,"excerpt":false}}},"_links":{"self":[{"href":"https:\/\/ykitesti.solki.jyu.fi\/sv\/wp-json\/wp\/v2\/pages\/928","targetHints":{"allow":["GET"]}}],"collection":[{"href":"https:\/\/ykitesti.solki.jyu.fi\/sv\/wp-json\/wp\/v2\/pages"}],"about":[{"href":"https:\/\/ykitesti.solki.jyu.fi\/sv\/wp-json\/wp\/v2\/types\/page"}],"author":[{"embeddable":true,"href":"https:\/\/ykitesti.solki.jyu.fi\/sv\/wp-json\/wp\/v2\/users\/1"}],"replies":[{"embeddable":true,"href":"https:\/\/ykitesti.solki.jyu.fi\/sv\/wp-json\/wp\/v2\/comments?post=928"}],"version-history":[{"count":5,"href":"https:\/\/ykitesti.solki.jyu.fi\/sv\/wp-json\/wp\/v2\/pages\/928\/revisions"}],"predecessor-version":[{"id":936,"href":"https:\/\/ykitesti.solki.jyu.fi\/sv\/wp-json\/wp\/v2\/pages\/928\/revisions\/936"}],"up":[{"embeddable":true,"href":"https:\/\/ykitesti.solki.jyu.fi\/sv\/wp-json\/wp\/v2\/pages\/912"}],"wp:attachment":[{"href":"https:\/\/ykitesti.solki.jyu.fi\/sv\/wp-json\/wp\/v2\/media?parent=928"}],"curies":[{"name":"wp","href":"https:\/\/api.w.org\/{rel}","templated":true}]}}