













{"id":918,"date":"2016-08-17T11:12:26","date_gmt":"2016-08-17T08:12:26","guid":{"rendered":"http:\/\/ykitesti.solki.jyu.fi\/?page_id=918"},"modified":"2016-12-01T15:33:37","modified_gmt":"2016-12-01T13:33:37","slug":"perustaso-kirjoittaminen","status":"publish","type":"page","link":"https:\/\/ykitesti.solki.jyu.fi\/sv\/tutustu-testiin\/espanja\/perustaso-kirjoittaminen\/","title":{"rendered":"Espanja &#8211; Perustaso &#8211; Kirjoittaminen"},"content":{"rendered":"<!-- RSPEAK_STOP --> <a href='http:\/\/wr.readspeaker.com\/a\/webreader\/webreader.php?cid=&amp;t=wordpress&amp;url=https:\/\/ykitesti.solki.jyu.fi\/sv\/tutustu-testiin\/espanja\/perustaso-kirjoittaminen\/&amp;title=Espanja &#8211; Perustaso &#8211; Kirjoittaminen' onclick='readpage(this.href, 918); return false;'> <img src=' http:\/\/wr.readspeaker.com\/m\/wr\/images\/listen_.gif' style='border-style: none;' alt=''><\/a><div id='WR_918'><\/div> <!-- RSPEAK_START --> <h4><em>Spanska\u00a0&#8211; Grundniv\u00e5\u00a0&#8211;\u00a0Skriftlig\u00a0Framst\u00e4llning<\/em><\/h4>\n<div class=\"quiz_section question-section-id-58 slide2\">\n<p>Delprovet i skriftlig framst\u00e4llning inneh\u00e5ller tre olika slags uppgifter. Nedan finns n\u00e5gra exempel p\u00e5 uppgifterna.<\/p>\n<\/div>\n<hr \/>\n<h2><span style=\"text-decoration: underline;\"><strong>Uppgift 1. <\/strong><strong>Tackkort:<\/strong><\/span><\/h2>\n<p>F\u00f6r n\u00e5gra dagar sedan kom du hem fr\u00e5n ett bes\u00f6k hos spanska v\u00e4nner i Barcelona. Du beslutar skriva ett kort till dem. P\u00e5 kortet ska du skriva \u00e5tminstone f\u00f6ljande:<\/p>\n<ol>\n<ul>\n<li>Tacka f\u00f6r bes\u00f6ket.<\/li>\n<li>Tala om vad du gillade mest under bes\u00f6ket.<\/li>\n<li>Ber\u00e4tta kort om hemresan.<\/li>\n<li>Tala om vad du har sysslat med efter hemkomsten.<\/li>\n<li>Bjud in dina spanska v\u00e4nner p\u00e5 bes\u00f6k hos dig n\u00e4sta sommar.<\/li>\n<\/ul>\n<\/ol>\n<p>Kom ih\u00e5g att<strong> inleda<\/strong> och <strong>avsluta<\/strong> kortet p\u00e5 l\u00e4mpligt s\u00e4tt. Skriv med tydlig handstil <strong>p\u00e5<\/strong> <strong>s<\/strong><strong>panska<\/strong>.<\/p>\n<hr \/>\n<h2><span style=\"text-decoration: underline;\">Uppgift 2. Meddelande:<\/span><\/h2>\n<p>Du vill s\u00e4lja en produkt p\u00e5 en spansk webbsida p\u00e5 Internet. Skriv p\u00e5 webbsidan ett meddelande d\u00e4r du ber\u00e4ttar:<\/p>\n<ul>\n<li>Vilken produkt du s\u00e4ljer? Hitta sj\u00e4lv p\u00e5 en produkt.<\/li>\n<li>Hur produkten \u00e4r? Ber\u00e4tta \u00e5tminstone tre saker om produkten.<\/li>\n<li>Vilket pris du beg\u00e4r f\u00f6r produkten?<\/li>\n<li>Hur man f\u00e5r tag p\u00e5 produkten?<\/li>\n<\/ul>\n<p>Kom ih\u00e5g att<strong> inleda<\/strong> och <strong>avsluta<\/strong> meddelandet p\u00e5 ett l\u00e4mpligt s\u00e4tt. Skriv med tydlig handstil <strong>p\u00e5<\/strong> <strong>spanska<\/strong>.<\/p>\n<hr \/>\n<h2><span style=\"text-decoration: underline;\"><strong>Uppgift 3. \u00c5sikt:<\/strong><\/span><\/h2>\n<p>L\u00e4s en ins\u00e4ndare i ins\u00e4ndarspalten i en tidning och skriv din egen \u00e5sikt i fr\u00e5gan. Kom ih\u00e5g att motivera din \u00e5sikt.<\/p>\n<p>Skriv med tydlig handstil <strong>p\u00e5 spanska<\/strong>.<\/p>\n<p style=\"border: 3px; border-style: solid; border-color: #123455; padding: 1em;\"><strong>\u00a1No! al tabaco<\/strong><br \/>\nLa nueva Ley Antitabaco no se respeta. La gente fuma\u00a0 en todos los sitios: bares, restaurantes y otros lugares p\u00fablicos, aunque est\u00e1 prohibido. He visto a gente fumar hasta en una telesilla de una estaci\u00f3n de esqu\u00ed. \u00a1Qu\u00e9 estupidez! La verdad es que algunos hacen lo que quieren, sin preocuparse por la salud de los dem\u00e1s. Un mensaje para los fumadores: \u201cYo no quiero fumar, ni ser un fumador pasivo. \u00a1Dejadlo ya de una vez!\u201d<\/p>\n<hr \/>\n<p>&nbsp;<\/p>\n <!-- RSPEAK_STOP -->","protected":false},"excerpt":{"rendered":"    Spanska\u00a0&#8211; Grundniv\u00e5\u00a0&#8211;\u00a0Skriftlig\u00a0Framst\u00e4llning Delprovet i skriftlig framst\u00e4llning inneh\u00e5ller tre olika slags uppgifter. Nedan finns n\u00e5gra exempel p\u00e5 uppgifterna. Uppgift 1. Tackkort: F\u00f6r n\u00e5gra dagar \n <a class=\"moretag\" href=\"https:\/\/ykitesti.solki.jyu.fi\/sv\/tutustu-testiin\/espanja\/perustaso-kirjoittaminen\/\"> <\/a>","protected":false},"author":1,"featured_media":0,"parent":912,"menu_order":0,"comment_status":"closed","ping_status":"closed","template":"","meta":{"footnotes":""},"class_list":["post-918","page","type-page","status-publish","hentry"],"translation":{"provider":"WPGlobus","version":"3.0.2","language":"sv","enabled_languages":["fi","en","sv"],"languages":{"fi":{"title":true,"content":true,"excerpt":false},"en":{"title":false,"content":false,"excerpt":false},"sv":{"title":false,"content":true,"excerpt":false}}},"_links":{"self":[{"href":"https:\/\/ykitesti.solki.jyu.fi\/sv\/wp-json\/wp\/v2\/pages\/918","targetHints":{"allow":["GET"]}}],"collection":[{"href":"https:\/\/ykitesti.solki.jyu.fi\/sv\/wp-json\/wp\/v2\/pages"}],"about":[{"href":"https:\/\/ykitesti.solki.jyu.fi\/sv\/wp-json\/wp\/v2\/types\/page"}],"author":[{"embeddable":true,"href":"https:\/\/ykitesti.solki.jyu.fi\/sv\/wp-json\/wp\/v2\/users\/1"}],"replies":[{"embeddable":true,"href":"https:\/\/ykitesti.solki.jyu.fi\/sv\/wp-json\/wp\/v2\/comments?post=918"}],"version-history":[{"count":9,"href":"https:\/\/ykitesti.solki.jyu.fi\/sv\/wp-json\/wp\/v2\/pages\/918\/revisions"}],"predecessor-version":[{"id":1271,"href":"https:\/\/ykitesti.solki.jyu.fi\/sv\/wp-json\/wp\/v2\/pages\/918\/revisions\/1271"}],"up":[{"embeddable":true,"href":"https:\/\/ykitesti.solki.jyu.fi\/sv\/wp-json\/wp\/v2\/pages\/912"}],"wp:attachment":[{"href":"https:\/\/ykitesti.solki.jyu.fi\/sv\/wp-json\/wp\/v2\/media?parent=918"}],"curies":[{"name":"wp","href":"https:\/\/api.w.org\/{rel}","templated":true}]}}