













{"id":912,"date":"2016-08-17T10:50:13","date_gmt":"2016-08-17T07:50:13","guid":{"rendered":"http:\/\/ykitesti.solki.jyu.fi\/?page_id=912"},"modified":"2016-08-25T13:26:32","modified_gmt":"2016-08-25T10:26:32","slug":"espanja","status":"publish","type":"page","link":"https:\/\/ykitesti.solki.jyu.fi\/sv\/tutustu-testiin\/espanja\/","title":{"rendered":"Spanska"},"content":{"rendered":"<!-- RSPEAK_STOP --> <a href='http:\/\/wr.readspeaker.com\/a\/webreader\/webreader.php?cid=&amp;t=wordpress&amp;url=https:\/\/ykitesti.solki.jyu.fi\/sv\/tutustu-testiin\/espanja\/&amp;title=Spanska' onclick='readpage(this.href, 912); return false;'> <img src=' http:\/\/wr.readspeaker.com\/m\/wr\/images\/listen_.gif' style='border-style: none;' alt=''><\/a><div id='WR_912'><\/div> <!-- RSPEAK_START --> <p><strong><em>Prova test &#8211;\u00a0Spanska<\/em><\/strong><\/p>\n<h3>Grundniv\u00e5:<\/h3>\n<ul>\n<li style=\"padding-left: 30px;\"><a href=\"https:\/\/ykitesti.solki.jyu.fi\/sv\/espanja\/espanja-perustaso-tekstin-ymmartaminen\/\">Textf\u00f6rst\u00e5else<\/a><\/li>\n<li style=\"padding-left: 30px;\"><a href=\"https:\/\/ykitesti.solki.jyu.fi\/sv\/espanja\/perustaso-kirjoittaminen\/\">Skriftlig framst\u00e4llning<\/a><\/li>\n<li style=\"padding-left: 30px;\"><a href=\"https:\/\/ykitesti.solki.jyu.fi\/sv\/espanja\/espanja-perustaso-puheen-ymmartaminen\/\">Talf\u00f6rst\u00e5else<\/a><\/li>\n<li style=\"padding-left: 30px;\"><a href=\"https:\/\/ykitesti.solki.jyu.fi\/sv\/espanja\/espanja-perustaso-puhuminen\/\">Talproduktion<\/a><\/li>\n<\/ul>\n<hr \/>\n<h3>Mellanniv\u00e5:<\/h3>\n<ul>\n<li style=\"padding-left: 30px;\"><a href=\"https:\/\/ykitesti.solki.jyu.fi\/sv\/espanja-keskitaso-tekstin-ymmartaminen\/\">Textf\u00f6rst\u00e5else<\/a><\/li>\n<li style=\"padding-left: 30px;\"><a href=\"https:\/\/ykitesti.solki.jyu.fi\/sv\/espanja\/espanja-keskitaso-kirjoittaminen\/\">Skriftlig framst\u00e4llning<\/a><\/li>\n<li style=\"padding-left: 30px;\"><a href=\"https:\/\/ykitesti.solki.jyu.fi\/sv\/espanja\/espanja-keskitaso-puheen-ymmartaminen\/\">Talf\u00f6rst\u00e5else<\/a><\/li>\n<li style=\"padding-left: 30px;\"><a href=\"https:\/\/ykitesti.solki.jyu.fi\/sv\/espanja\/espanja-keskitaso-puhuminen\/\">Talproduktion<\/a><\/li>\n<\/ul>\n<hr \/>\n<h3>H\u00f6gsta\u00a0niv\u00e5:<\/h3>\n<ul>\n<li style=\"padding-left: 30px;\"><a href=\"https:\/\/ykitesti.solki.jyu.fi\/sv\/tutustu-testiin\/espanja\/espanja-ylin-taso-tekstin-ymmartaminen\/\">Textf\u00f6rst\u00e5else<\/a><\/li>\n<li style=\"padding-left: 30px;\"><a href=\"https:\/\/ykitesti.solki.jyu.fi\/sv\/tutustu-testiin\/espanja\/espanja-ylin-taso-kirjoittaminen\/\">Skriftlig framst\u00e4llning<\/a><\/li>\n<li style=\"padding-left: 30px;\"><a href=\"https:\/\/ykitesti.solki.jyu.fi\/sv\/tutustu-testiin\/espanja\/espanja-ylin-taso-puheen-ymmartaminen\/\">Talf\u00f6rst\u00e5else<\/a><\/li>\n<li style=\"padding-left: 30px;\"><a href=\"https:\/\/ykitesti.solki.jyu.fi\/sv\/tutustu-testiin\/espanja\/espanja-ylin-taso-puhuminen\/\">Talproduktion<\/a><\/li>\n<\/ul>\n <!-- RSPEAK_STOP -->","protected":false},"excerpt":{"rendered":"    Prova test &#8211;\u00a0Spanska Grundniv\u00e5: Textf\u00f6rst\u00e5else Skriftlig framst\u00e4llning Talf\u00f6rst\u00e5else Talproduktion Mellanniv\u00e5: Textf\u00f6rst\u00e5else Skriftlig framst\u00e4llning Talf\u00f6rst\u00e5else Talproduktion H\u00f6gsta\u00a0niv\u00e5: Textf\u00f6rst\u00e5else Skriftlig framst\u00e4llning Talf\u00f6rst\u00e5else Talproduktion\n <a class=\"moretag\" href=\"https:\/\/ykitesti.solki.jyu.fi\/sv\/tutustu-testiin\/espanja\/\"> <\/a>","protected":false},"author":1,"featured_media":0,"parent":75,"menu_order":0,"comment_status":"closed","ping_status":"closed","template":"","meta":{"footnotes":""},"class_list":["post-912","page","type-page","status-publish","hentry"],"translation":{"provider":"WPGlobus","version":"3.0.2","language":"sv","enabled_languages":["fi","en","sv"],"languages":{"fi":{"title":true,"content":true,"excerpt":false},"en":{"title":true,"content":true,"excerpt":false},"sv":{"title":true,"content":true,"excerpt":false}}},"_links":{"self":[{"href":"https:\/\/ykitesti.solki.jyu.fi\/sv\/wp-json\/wp\/v2\/pages\/912","targetHints":{"allow":["GET"]}}],"collection":[{"href":"https:\/\/ykitesti.solki.jyu.fi\/sv\/wp-json\/wp\/v2\/pages"}],"about":[{"href":"https:\/\/ykitesti.solki.jyu.fi\/sv\/wp-json\/wp\/v2\/types\/page"}],"author":[{"embeddable":true,"href":"https:\/\/ykitesti.solki.jyu.fi\/sv\/wp-json\/wp\/v2\/users\/1"}],"replies":[{"embeddable":true,"href":"https:\/\/ykitesti.solki.jyu.fi\/sv\/wp-json\/wp\/v2\/comments?post=912"}],"version-history":[{"count":18,"href":"https:\/\/ykitesti.solki.jyu.fi\/sv\/wp-json\/wp\/v2\/pages\/912\/revisions"}],"predecessor-version":[{"id":1063,"href":"https:\/\/ykitesti.solki.jyu.fi\/sv\/wp-json\/wp\/v2\/pages\/912\/revisions\/1063"}],"up":[{"embeddable":true,"href":"https:\/\/ykitesti.solki.jyu.fi\/sv\/wp-json\/wp\/v2\/pages\/75"}],"wp:attachment":[{"href":"https:\/\/ykitesti.solki.jyu.fi\/sv\/wp-json\/wp\/v2\/media?parent=912"}],"curies":[{"name":"wp","href":"https:\/\/api.w.org\/{rel}","templated":true}]}}