













{"id":82,"date":"2016-06-07T16:22:11","date_gmt":"2016-06-07T13:22:11","guid":{"rendered":"http:\/\/ykitesti.solki.jyu.fi\/?page_id=82"},"modified":"2017-05-22T15:12:45","modified_gmt":"2017-05-22T12:12:45","slug":"in-english","status":"publish","type":"page","link":"https:\/\/ykitesti.solki.jyu.fi\/sv\/tutustu-testiin\/in-english\/","title":{"rendered":"English"},"content":{"rendered":"<!-- RSPEAK_STOP --> <a href='http:\/\/wr.readspeaker.com\/a\/webreader\/webreader.php?cid=&amp;t=wordpress&amp;url=https:\/\/ykitesti.solki.jyu.fi\/sv\/tutustu-testiin\/in-english\/&amp;title=English' onclick='readpage(this.href, 82); return false;'> <img src=' http:\/\/wr.readspeaker.com\/m\/wr\/images\/listen_.gif' style='border-style: none;' alt=''><\/a><div id='WR_82'><\/div> <!-- RSPEAK_START --> <p><em><strong>Prova test &#8211; Engelska<\/strong><\/em><\/p>\n<h3>Basic level:<\/h3>\n<ul>\n<li style=\"padding-left: 30px;\"><a href=\"http:\/\/ykitesti.solki.jyu.fi\/tutustu-testiin\/in-english\/basic-level-tekstin-ymmartaminen\/\">Reading comprehension<\/a><\/li>\n<li style=\"padding-left: 30px;\"><a href=\"http:\/\/ykitesti.solki.jyu.fi\/tutustu-testiin\/in-english\/basic-level-kirjoittaminen\/\">Writing<\/a><\/li>\n<li style=\"padding-left: 30px;\"><a href=\"http:\/\/ykitesti.solki.jyu.fi\/tutustu-testiin\/in-english\/basic-level-puheen-ymmartaminen\/\">Listening comprehension<\/a><\/li>\n<li style=\"padding-left: 30px;\"><a href=\"http:\/\/ykitesti.solki.jyu.fi\/tutustu-testiin\/in-english\/basic-level-puhuminen\/\">Speaking<\/a><\/li>\n<\/ul>\n<hr \/>\n<h3>Intermediate level:<\/h3>\n<ul>\n<li style=\"padding-left: 30px;\"><a href=\"http:\/\/ykitesti.solki.jyu.fi\/tutustu-testiin\/in-english\/il-reading-comprehension\/\">Reading comprehension<\/a><\/li>\n<li style=\"padding-left: 30px;\"><a href=\"http:\/\/ykitesti.solki.jyu.fi\/tutustu-testiin\/in-english\/intermediate-level-writing\/\">Writing<\/a><\/li>\n<li style=\"padding-left: 30px;\"><a href=\"http:\/\/ykitesti.solki.jyu.fi\/tutustu-testiin\/in-english\/intermediate-level-listening-comprehension\/\">Listening comprehension<\/a><\/li>\n<li style=\"padding-left: 30px;\"><a href=\"http:\/\/ykitesti.solki.jyu.fi\/tutustu-testiin\/in-english\/intermediate-level-speaking\/\">Speaking<\/a><\/li>\n<\/ul>\n<hr \/>\n<h3>Advanced level:<\/h3>\n<ul>\n<li style=\"padding-left: 30px;\"><a href=\"http:\/\/ykitesti.solki.jyu.fi\/tutustu-testiin\/in-english\/advanced-level-reading-comprehension\/\">Reading comprehension<\/a><\/li>\n<li style=\"padding-left: 30px;\"><a href=\"http:\/\/ykitesti.solki.jyu.fi\/tutustu-testiin\/in-english\/advanced-level-writing\/\">Writing<\/a><\/li>\n<li style=\"padding-left: 30px;\"><a href=\"http:\/\/ykitesti.solki.jyu.fi\/tutustu-testiin\/in-english\/advanced-level-listening-comprehension\/\">Listening comprehension<\/a><\/li>\n<li style=\"padding-left: 30px;\"><a href=\"http:\/\/ykitesti.solki.jyu.fi\/tutustu-testiin\/in-english\/advanced-level-speaking\/\">Speaking<\/a><\/li>\n<\/ul>\n<hr \/>\n<p style=\"text-align: center;\">Du kan ocks\u00e5 hitta \u00f6vningar f\u00f6r examen i engelska\u00a0p\u00e5\u00a0<a href=\"http:\/\/yle.fi\/aihe\/artikkeli\/2015\/12\/15\/ykitreenit-tavoitteena-yleinen-kielitutkinto-englannin-kielessa\">YLE YKItreenit<\/a>.<\/p>\n <!-- RSPEAK_STOP -->","protected":false},"excerpt":{"rendered":"    Prova test &#8211; Engelska Basic level: Reading comprehension Writing Listening comprehension Speaking Intermediate level: Reading comprehension Writing Listening comprehension Speaking Advanced level: Reading \n <a class=\"moretag\" href=\"https:\/\/ykitesti.solki.jyu.fi\/sv\/tutustu-testiin\/in-english\/\"> <\/a>","protected":false},"author":1,"featured_media":0,"parent":75,"menu_order":2,"comment_status":"closed","ping_status":"closed","template":"","meta":{"footnotes":""},"class_list":["post-82","page","type-page","status-publish","hentry"],"translation":{"provider":"WPGlobus","version":"3.0.2","language":"sv","enabled_languages":["fi","en","sv"],"languages":{"fi":{"title":true,"content":true,"excerpt":false},"en":{"title":true,"content":true,"excerpt":false},"sv":{"title":false,"content":true,"excerpt":false}}},"_links":{"self":[{"href":"https:\/\/ykitesti.solki.jyu.fi\/sv\/wp-json\/wp\/v2\/pages\/82","targetHints":{"allow":["GET"]}}],"collection":[{"href":"https:\/\/ykitesti.solki.jyu.fi\/sv\/wp-json\/wp\/v2\/pages"}],"about":[{"href":"https:\/\/ykitesti.solki.jyu.fi\/sv\/wp-json\/wp\/v2\/types\/page"}],"author":[{"embeddable":true,"href":"https:\/\/ykitesti.solki.jyu.fi\/sv\/wp-json\/wp\/v2\/users\/1"}],"replies":[{"embeddable":true,"href":"https:\/\/ykitesti.solki.jyu.fi\/sv\/wp-json\/wp\/v2\/comments?post=82"}],"version-history":[{"count":36,"href":"https:\/\/ykitesti.solki.jyu.fi\/sv\/wp-json\/wp\/v2\/pages\/82\/revisions"}],"predecessor-version":[{"id":1386,"href":"https:\/\/ykitesti.solki.jyu.fi\/sv\/wp-json\/wp\/v2\/pages\/82\/revisions\/1386"}],"up":[{"embeddable":true,"href":"https:\/\/ykitesti.solki.jyu.fi\/sv\/wp-json\/wp\/v2\/pages\/75"}],"wp:attachment":[{"href":"https:\/\/ykitesti.solki.jyu.fi\/sv\/wp-json\/wp\/v2\/media?parent=82"}],"curies":[{"name":"wp","href":"https:\/\/api.w.org\/{rel}","templated":true}]}}