













{"id":78,"date":"2016-06-07T16:19:02","date_gmt":"2016-06-07T13:19:02","guid":{"rendered":"http:\/\/ykitesti.solki.jyu.fi\/?page_id=78"},"modified":"2017-05-22T15:11:18","modified_gmt":"2017-05-22T12:11:18","slug":"svenska","status":"publish","type":"page","link":"https:\/\/ykitesti.solki.jyu.fi\/sv\/tutustu-testiin\/svenska\/","title":{"rendered":"Svenska"},"content":{"rendered":"<!-- RSPEAK_STOP --> <a href='http:\/\/wr.readspeaker.com\/a\/webreader\/webreader.php?cid=&amp;t=wordpress&amp;url=https:\/\/ykitesti.solki.jyu.fi\/sv\/tutustu-testiin\/svenska\/&amp;title=Svenska' onclick='readpage(this.href, 78); return false;'> <img src=' http:\/\/wr.readspeaker.com\/m\/wr\/images\/listen_.gif' style='border-style: none;' alt=''><\/a><div id='WR_78'><\/div> <!-- RSPEAK_START --> <p><em><strong>Prova test &#8211; Svenska<\/strong><\/em><\/p>\n<h3>Grundniv\u00e5:<\/h3>\n<ul>\n<li style=\"padding-left: 30px;\"><a href=\"http:\/\/ykitesti.solki.jyu.fi\/tutustu-testiin\/svenska\/grundniva-textforstaelse\/\">Textf\u00f6rst\u00e5else<\/a><\/li>\n<li style=\"padding-left: 30px;\"><a href=\"http:\/\/ykitesti.solki.jyu.fi\/tutustu-testiin\/svenska\/grundniva-skriftlig-framstallning\/\">Skriftlig framst\u00e4llning<\/a><\/li>\n<li style=\"padding-left: 30px;\"><a href=\"http:\/\/ykitesti.solki.jyu.fi\/tutustu-testiin\/svenska\/grundniva-talforstaelse\/\">Talf\u00f6rst\u00e5else<\/a><\/li>\n<li style=\"padding-left: 30px;\"><a href=\"http:\/\/ykitesti.solki.jyu.fi\/tutustu-testiin\/svenska\/grundniva-talproduktion\/\">Talproduktion<\/a><\/li>\n<\/ul>\n<hr \/>\n<h3>Mellanniv\u00e5:<\/h3>\n<ul>\n<li style=\"padding-left: 30px;\"><a href=\"http:\/\/ykitesti.solki.jyu.fi\/tutustu-testiin\/svenska\/mellanniva-textforstaelse\/\">Textf\u00f6rst\u00e5else<\/a><\/li>\n<li style=\"padding-left: 30px;\"><a href=\"http:\/\/ykitesti.solki.jyu.fi\/tutustu-testiin\/svenska\/mellanniva-skriftlig-framstallning\/\">Skriftlig framst\u00e4llning<\/a><\/li>\n<li style=\"padding-left: 30px;\"><a href=\"http:\/\/ykitesti.solki.jyu.fi\/tutustu-testiin\/svenska\/mellanniva-talforstaelse\/\">Talf\u00f6rst\u00e5else<\/a><\/li>\n<li style=\"padding-left: 30px;\"><a href=\"http:\/\/ykitesti.solki.jyu.fi\/tutustu-testiin\/svenska\/mellanniva-talproduktion\/\">Talproduktion<\/a><\/li>\n<\/ul>\n<hr \/>\n<h3>H\u00f6gsta\u00a0niv\u00e5:<\/h3>\n<ul>\n<li style=\"padding-left: 30px;\"><a href=\"http:\/\/ykitesti.solki.jyu.fi\/tutustu-testiin\/svenska\/avancerad-niva-textforstaelse\/\">Textf\u00f6rst\u00e5else<\/a><\/li>\n<li style=\"padding-left: 30px;\"><a href=\"http:\/\/ykitesti.solki.jyu.fi\/tutustu-testiin\/svenska\/avancerad-niva-skriftlig-framtstallning\/\">Skriftlig framst\u00e4llning<\/a><\/li>\n<li style=\"padding-left: 30px;\"><a href=\"http:\/\/ykitesti.solki.jyu.fi\/tutustu-testiin\/svenska\/avancerad-niva-talforstaelse\/\">Talf\u00f6rst\u00e5else<\/a><\/li>\n<li style=\"padding-left: 30px;\"><a href=\"http:\/\/ykitesti.solki.jyu.fi\/tutustu-testiin\/avancerad-niva-talproduktion\/\">Talproduktion<\/a><\/li>\n<\/ul>\n<hr \/>\n<p style=\"text-align: center;\">Du kan ocks\u00e5 hitta \u00f6vningar f\u00f6r examen i svenska p\u00e5\u00a0<a href=\"http:\/\/yle.fi\/aihe\/artikkeli\/2015\/12\/15\/ykitreenit-tavoitteena-yleinen-kielitutkinto-ruotsin-kielessa\">YLE YKItreenit<\/a>.<\/p>\n<p style=\"text-align: center;\">\u00c4ven\u00a0<a href=\"https:\/\/www.kotisuomessa.fi\/web\/site-45304\/state-jurdgmbvei\/front-page\">Kotisuomessa.fi<\/a>\u00a0finns det m\u00e5nga \u00f6vningar i svenska!<\/p>\n <!-- RSPEAK_STOP -->","protected":false},"excerpt":{"rendered":"    Prova test &#8211; Svenska Grundniv\u00e5: Textf\u00f6rst\u00e5else Skriftlig framst\u00e4llning Talf\u00f6rst\u00e5else Talproduktion Mellanniv\u00e5: Textf\u00f6rst\u00e5else Skriftlig framst\u00e4llning Talf\u00f6rst\u00e5else Talproduktion H\u00f6gsta\u00a0niv\u00e5: Textf\u00f6rst\u00e5else Skriftlig framst\u00e4llning Talf\u00f6rst\u00e5else Talproduktion Du \n <a class=\"moretag\" href=\"https:\/\/ykitesti.solki.jyu.fi\/sv\/tutustu-testiin\/svenska\/\"> <\/a>","protected":false},"author":1,"featured_media":0,"parent":75,"menu_order":2,"comment_status":"closed","ping_status":"closed","template":"","meta":{"footnotes":""},"class_list":["post-78","page","type-page","status-publish","hentry"],"translation":{"provider":"WPGlobus","version":"3.0.2","language":"sv","enabled_languages":["fi","en","sv"],"languages":{"fi":{"title":true,"content":true,"excerpt":false},"en":{"title":false,"content":true,"excerpt":false},"sv":{"title":false,"content":true,"excerpt":false}}},"_links":{"self":[{"href":"https:\/\/ykitesti.solki.jyu.fi\/sv\/wp-json\/wp\/v2\/pages\/78","targetHints":{"allow":["GET"]}}],"collection":[{"href":"https:\/\/ykitesti.solki.jyu.fi\/sv\/wp-json\/wp\/v2\/pages"}],"about":[{"href":"https:\/\/ykitesti.solki.jyu.fi\/sv\/wp-json\/wp\/v2\/types\/page"}],"author":[{"embeddable":true,"href":"https:\/\/ykitesti.solki.jyu.fi\/sv\/wp-json\/wp\/v2\/users\/1"}],"replies":[{"embeddable":true,"href":"https:\/\/ykitesti.solki.jyu.fi\/sv\/wp-json\/wp\/v2\/comments?post=78"}],"version-history":[{"count":29,"href":"https:\/\/ykitesti.solki.jyu.fi\/sv\/wp-json\/wp\/v2\/pages\/78\/revisions"}],"predecessor-version":[{"id":1385,"href":"https:\/\/ykitesti.solki.jyu.fi\/sv\/wp-json\/wp\/v2\/pages\/78\/revisions\/1385"}],"up":[{"embeddable":true,"href":"https:\/\/ykitesti.solki.jyu.fi\/sv\/wp-json\/wp\/v2\/pages\/75"}],"wp:attachment":[{"href":"https:\/\/ykitesti.solki.jyu.fi\/sv\/wp-json\/wp\/v2\/media?parent=78"}],"curies":[{"name":"wp","href":"https:\/\/api.w.org\/{rel}","templated":true}]}}