













{"id":774,"date":"2016-07-04T15:28:25","date_gmt":"2016-07-04T12:28:25","guid":{"rendered":"http:\/\/ykitesti.solki.jyu.fi\/?page_id=774"},"modified":"2017-06-07T12:45:10","modified_gmt":"2017-06-07T09:45:10","slug":"saksa-perustaso-puhuminen","status":"publish","type":"page","link":"https:\/\/ykitesti.solki.jyu.fi\/sv\/tutustu-testiin\/deutsch\/saksa-perustaso-puhuminen\/","title":{"rendered":"Saksa &#8211; Perustaso &#8211; Puhuminen"},"content":{"rendered":"<!-- RSPEAK_STOP --> <a href='http:\/\/wr.readspeaker.com\/a\/webreader\/webreader.php?cid=&amp;t=wordpress&amp;url=https:\/\/ykitesti.solki.jyu.fi\/sv\/tutustu-testiin\/deutsch\/saksa-perustaso-puhuminen\/&amp;title=Saksa &#8211; Perustaso &#8211; Puhuminen' onclick='readpage(this.href, 774); return false;'> <img src=' http:\/\/wr.readspeaker.com\/m\/wr\/images\/listen_.gif' style='border-style: none;' alt=''><\/a><div id='WR_774'><\/div> <!-- RSPEAK_START --> <p><em><strong>Deutsch &#8211; Perustaso &#8211; Puhuminen<\/strong><\/em><\/p>\n<ul>\n<li>Puhumisen osakokeessa on erilaisia teht\u00e4vi\u00e4,\u00a0jotka\u00a0suoritetaan kielistudiossa. T\u00e4ss\u00e4 on esimerkit teht\u00e4v\u00e4tyypeist\u00e4.<\/li>\n<li>Puhu joka teht\u00e4v\u00e4ss\u00e4 jotain.<\/li>\n<li>Hyv\u00e4ksytty suoritus edellytt\u00e4\u00e4 sit\u00e4, ett\u00e4 puhut teht\u00e4v\u00e4ss\u00e4 annetusta aiheesta!<\/li>\n<li>Jokaiseen teht\u00e4v\u00e4\u00e4n on valmistautumisaika. Vastausajan n\u00e4et teht\u00e4v\u00e4vihkosta.<\/li>\n<\/ul>\n<p>Lue lis\u00e4\u00e4 puhumisen osakokeesta\u00a0<a href=\"https:\/\/www.jyu.fi\/hum\/laitokset\/solki\/yki\/yleista\/osat_aihealueet\/puhuminen\">t\u00e4\u00e4lt\u00e4<\/a>.<\/p>\n<hr \/>\n<h2><span style=\"text-decoration: underline;\"><strong>Kertominen:<\/strong><\/span><\/h2>\n<p><strong>Valmisteluaika:\u00a0 1 minuutti<\/strong><\/p>\n<p>Kerro saksan kielen opiskelustasi<\/p>\n<p>Sinulla on 1 minuutti aikaa mietti\u00e4, mit\u00e4 sanot. Voit tehd\u00e4 muistiinpanoja. <u>Puhu vasta sitten, kun kuulet<em>: \u201cAloita puhuminen nyt\u201d<\/em><em>.<\/em><\/u> Sinulla on 1\u00bd minuuttia aikaa puhua. Puhu koko ajan!<\/p>\n<p>Kerro esimerkiksi:<\/p>\n<ul>\n<li>miss\u00e4 olet opiskellut saksaa<\/li>\n<li>miten kauan olet opiskellut saksaa<\/li>\n<li>miten hyvin osaat mielest\u00e4si saksaa<\/li>\n<li>miksi opiskelet saksaa<\/li>\n<li>miss\u00e4\/kenen kanssa puhut saksaa<\/li>\n<li>mit\u00e4 luet \/kuuntelet saksaksi<\/li>\n<li>milloin kirjoitat saksaksi<\/li>\n<\/ul>\n<p><strong>Puhu:\u00a0 1\u00bd minuuttia<\/strong><\/p>\n<hr \/>\n<h2><span style=\"text-decoration: underline;\">Keskusteluja:<\/span><\/h2>\n<p><strong>Tilanne 1. Olet ostoksilla torilla Salzburgissa.<\/strong><\/p>\n<audio class=\"wp-audio-shortcode\" id=\"audio-774-1\" preload=\"none\" style=\"width: 100%;\" controls=\"controls\"><source type=\"audio\/mpeg\" src=\"http:\/\/ykitesti.solki.jyu.fi\/wp-content\/uploads\/2016\/06\/deptpu_006.mp3?_=1\" \/><a href=\"http:\/\/ykitesti.solki.jyu.fi\/wp-content\/uploads\/2016\/06\/deptpu_006.mp3\">http:\/\/ykitesti.solki.jyu.fi\/wp-content\/uploads\/2016\/06\/deptpu_006.mp3<\/a><\/audio>\n<p style=\"border: 3px; border-style: solid; border-color: #123455; padding: 1em;\">Myyj\u00e4:\u00a0\u00a0\u00a0\u00a0\u00a0\u00a0\u00a0\u00a0\u00a0\u00a0\u00a0 *****<br \/>\nSIN\u00c4:\u00a0\u00a0\u00a0 [Tervehdi ja pyyd\u00e4 omenia.] <em>(15 sek)<\/em><br \/>\nMyyj\u00e4:\u00a0\u00a0\u00a0\u00a0\u00a0\u00a0\u00a0\u00a0\u00a0\u00a0\u00a0 *****<br \/>\nSIN\u00c4:\u00a0\u00a0\u00a0 [Sano haluavasi makeita omenia.] <em>(15 sek)<\/em><br \/>\nMyyj\u00e4:\u00a0\u00a0\u00a0\u00a0\u00a0\u00a0\u00a0\u00a0\u00a0\u00a0\u00a0 *****<br \/>\nSIN\u00c4:\u00a0\u00a0\u00a0 [Vastaa.] <em>(10 sek)<\/em><br \/>\nMyyj\u00e4:\u00a0\u00a0\u00a0\u00a0\u00a0\u00a0\u00a0\u00a0\u00a0\u00a0\u00a0 *****<br \/>\nSIN\u00c4:\u00a0\u00a0\u00a0 [Kiit\u00e4 ja osta viel\u00e4 yksi sitruuna.] <em>(15 sek)<\/em><br \/>\nMyyj\u00e4:\u00a0\u00a0\u00a0\u00a0\u00a0\u00a0\u00a0\u00a0\u00a0\u00a0\u00a0 *****<br \/>\nSIN\u00c4:\u00a0\u00a0\u00a0 [Vastaa kielt\u00e4v\u00e4sti. Kysy ostosten hintaa.]<em> (15 sek)<\/em><br \/>\nMyyj\u00e4:\u00a0\u00a0\u00a0\u00a0\u00a0\u00a0\u00a0\u00a0\u00a0\u00a0\u00a0 *****<br \/>\nSIN\u00c4: \u00a0\u00a0 [Ojenna rahat ja hyv\u00e4stele.] <em>(10 sek)<\/em><br \/>\nMyyj\u00e4:\u00a0\u00a0\u00a0\u00a0\u00a0\u00a0\u00a0\u00a0\u00a0\u00a0\u00a0 *****<\/p>\n<hr \/>\n<p><strong>Tilanne 2.\u00a0 Haluat ilmoittautua Berliiniin saksan kielen kurssille<\/strong><\/p>\n<audio class=\"wp-audio-shortcode\" id=\"audio-774-2\" preload=\"none\" style=\"width: 100%;\" controls=\"controls\"><source type=\"audio\/mpeg\" src=\"http:\/\/ykitesti.solki.jyu.fi\/wp-content\/uploads\/2016\/06\/deptpu_007.mp3?_=2\" \/><a href=\"http:\/\/ykitesti.solki.jyu.fi\/wp-content\/uploads\/2016\/06\/deptpu_007.mp3\">http:\/\/ykitesti.solki.jyu.fi\/wp-content\/uploads\/2016\/06\/deptpu_007.mp3<\/a><\/audio>\n<p style=\"border: 3px; border-style: solid; border-color: #123455; padding: 1em;\">Sihteeri:\u00a0\u00a0\u00a0\u00a0\u00a0\u00a0 *****<br \/>\nSIN\u00c4: \u00a0\u00a0\u00a0\u00a0\u00a0 [Tervehdi ja tiedustele ulkomaalaisille tarkoitettuja saksan kursseja.]\u00a0<em>(20 sek)<\/em><br \/>\nSihteeri:\u00a0\u00a0\u00a0\u00a0\u00a0\u00a0 *****<br \/>\nSIN\u00c4:\u00a0\u00a0\u00a0\u00a0\u00a0\u00a0 [Kysy, kenelle peruskurssi on tarkoitettu.] <em>(15 sek)<\/em><br \/>\nSihteeri:\u00a0\u00a0\u00a0\u00a0\u00a0\u00a0\u00a0\u00a0\u00a0\u00a0\u00a0 *****<br \/>\nSIN\u00c4:\u00a0\u00a0\u00a0\u00a0\u00a0\u00a0 [Kerro kiinnostuksestasi kurssia \u201eDeutsch im Alltag\u201c kohtaan.]\u00a0<em>(20 sek)<\/em><br \/>\nSihteeri:\u00a0\u00a0\u00a0\u00a0\u00a0\u00a0\u00a0\u00a0\u00a0\u00a0\u00a0 *****<br \/>\nSIN\u00c4:\u00a0\u00a0\u00a0\u00a0\u00a0\u00a0 [Tiedustele kurssin hintaa ja alkamisajankohtaa.] <em>(20 sek)<\/em><br \/>\nSihteeri:\u00a0\u00a0\u00a0\u00a0\u00a0\u00a0\u00a0\u00a0\u00a0\u00a0\u00a0 *****<br \/>\nSIN\u00c4:\u00a0\u00a0\u00a0\u00a0\u00a0\u00a0 [Kiit\u00e4 ja hyv\u00e4stele.] <em>(10 sek)<\/em><\/p>\n<hr \/>\n<p><strong>Lis\u00e4\u00e4 tilanteita:<\/strong><\/p>\n<p><strong>Tilanne 1.<\/strong> \u00a0 Haluat matkustaa Berliinist\u00e4 junalla yst\u00e4v\u00e4si luokse. Kysy lentoaseman neuvontapisteess\u00e4 rautatieaseman sijaintia ja miten sinne p\u00e4\u00e4see.\u00a0<em>(20 sek)<\/em><\/p>\n<p><strong>Tilanne 2.<\/strong> \u00a0 Kysy kondukt\u00f6\u00f6rilt\u00e4 kohteliaasti junan saapumisaikaa Leipzigiin ja tiedustele, pit\u00e4\u00e4k\u00f6 sinun vaihtaa junaa? <em>(20 sek)<\/em><\/p>\n<p><strong>Tilanne 3.\u00a0\u00a0 <\/strong>Yst\u00e4v\u00e4si kyselee perheesi vointia. Kerro jonkun perheenj\u00e4senen sairastelusta sek\u00e4 jostain muusta perheesi kuulumisesta. <em>(30 sek)<\/em><\/p>\n<p><strong>Tilanne 4.<\/strong> \u00a0 Haluaisit tavata yst\u00e4v\u00e4\u00e4si. Ehdota h\u00e4nelle, mit\u00e4 voisitte tehd\u00e4 yhdess\u00e4 ja milloin. <em>(20 sek)<\/em><\/p>\n<p><strong>Tilanne 5.<\/strong>\u00a0\u00a0\u00a0 L\u00f6yd\u00e4t kaupasta puseron, mutta koko ei ole hyv\u00e4. Pyyd\u00e4 myyj\u00e4lt\u00e4 apua sopivan\u00adkokoisen puseron etsimiseen. <em>(20 sek)<\/em><\/p>\n<p><strong>Tilanne 6:<\/strong>\u00a0\u00a0 Kysy lupaa sovittaa kaupasta l\u00f6yt\u00e4mi\u00e4si housuja ja tiedustele, miss\u00e4 voit sovittaa vaatetta. (20 s.)<\/p>\n<hr \/>\n<h2><span style=\"text-decoration: underline;\">Kertominen:<\/span><\/h2>\n<p>Valmisteluaika: 2 minuuttia<\/p>\n<p>Alla on kaksi aihetta.<\/p>\n<ul>\n<li>Valitse <strong><u>yksi<\/u><\/strong> aihe (A tai B).<\/li>\n<li>Lue aiheen kysymykset.<\/li>\n<li>Sinulla on 2 minuuttia aikaa mietti\u00e4, mit\u00e4 sanot. Voit tehd\u00e4 muistiinpanoja.<\/li>\n<li>Puhu vasta sitten, kun kuulet: \u201cAloita puhuminen nyt\u201d. Sinulla on 2 minuuttia aikaa puhua. Puhu koko ajan!<\/li>\n<\/ul>\n<p><strong>A. Lomamatka<\/strong><\/p>\n<p>Kerro esimerkiksi:<br \/>\n\u2022 Mihin matkustat lomalla ja miksi?<br \/>\n\u2022 Miten matkustat sinne?<br \/>\n\u2022 Milloin matkustat?<br \/>\n\u2022 Kenen kanssa haluat matkustaa?<br \/>\n\u2022 Mit\u00e4 matka maksaa?<br \/>\n\u2022 Mit\u00e4 teet lomalla?<br \/>\n\u2022 Mik\u00e4 on paras lomapaikka, miss\u00e4 olet k\u00e4ynyt? Miksi?<br \/>\n\u2022 Mik\u00e4 on unelmiesi lomamatka? Miksi?<br \/>\n\u2022 Millainen on hyv\u00e4 lomapaikka? Mit\u00e4 siell\u00e4 voi tehd\u00e4?<\/p>\n<p><strong>Puhu: 2 minuuttia<\/strong><\/p>\n <!-- RSPEAK_STOP -->","protected":false},"excerpt":{"rendered":"    Deutsch &#8211; Perustaso &#8211; Puhuminen Puhumisen osakokeessa on erilaisia teht\u00e4vi\u00e4,\u00a0jotka\u00a0suoritetaan kielistudiossa. T\u00e4ss\u00e4 on esimerkit teht\u00e4v\u00e4tyypeist\u00e4. Puhu joka teht\u00e4v\u00e4ss\u00e4 jotain. Hyv\u00e4ksytty suoritus edellytt\u00e4\u00e4 sit\u00e4, \n <a class=\"moretag\" href=\"https:\/\/ykitesti.solki.jyu.fi\/sv\/tutustu-testiin\/deutsch\/saksa-perustaso-puhuminen\/\"> <\/a>","protected":false},"author":1,"featured_media":0,"parent":719,"menu_order":0,"comment_status":"closed","ping_status":"closed","template":"","meta":{"footnotes":""},"class_list":["post-774","page","type-page","status-publish","hentry"],"translation":{"provider":"WPGlobus","version":"3.0.2","language":"sv","enabled_languages":["fi","en","sv"],"languages":{"fi":{"title":true,"content":true,"excerpt":false},"en":{"title":false,"content":false,"excerpt":false},"sv":{"title":false,"content":false,"excerpt":false}}},"_links":{"self":[{"href":"https:\/\/ykitesti.solki.jyu.fi\/sv\/wp-json\/wp\/v2\/pages\/774","targetHints":{"allow":["GET"]}}],"collection":[{"href":"https:\/\/ykitesti.solki.jyu.fi\/sv\/wp-json\/wp\/v2\/pages"}],"about":[{"href":"https:\/\/ykitesti.solki.jyu.fi\/sv\/wp-json\/wp\/v2\/types\/page"}],"author":[{"embeddable":true,"href":"https:\/\/ykitesti.solki.jyu.fi\/sv\/wp-json\/wp\/v2\/users\/1"}],"replies":[{"embeddable":true,"href":"https:\/\/ykitesti.solki.jyu.fi\/sv\/wp-json\/wp\/v2\/comments?post=774"}],"version-history":[{"count":4,"href":"https:\/\/ykitesti.solki.jyu.fi\/sv\/wp-json\/wp\/v2\/pages\/774\/revisions"}],"predecessor-version":[{"id":1390,"href":"https:\/\/ykitesti.solki.jyu.fi\/sv\/wp-json\/wp\/v2\/pages\/774\/revisions\/1390"}],"up":[{"embeddable":true,"href":"https:\/\/ykitesti.solki.jyu.fi\/sv\/wp-json\/wp\/v2\/pages\/719"}],"wp:attachment":[{"href":"https:\/\/ykitesti.solki.jyu.fi\/sv\/wp-json\/wp\/v2\/media?parent=774"}],"curies":[{"name":"wp","href":"https:\/\/api.w.org\/{rel}","templated":true}]}}