













{"id":719,"date":"2016-06-28T14:20:56","date_gmt":"2016-06-28T11:20:56","guid":{"rendered":"http:\/\/ykitesti.solki.jyu.fi\/?page_id=719"},"modified":"2016-09-02T13:35:08","modified_gmt":"2016-09-02T10:35:08","slug":"deutsch","status":"publish","type":"page","link":"https:\/\/ykitesti.solki.jyu.fi\/sv\/tutustu-testiin\/deutsch\/","title":{"rendered":"Deutsch"},"content":{"rendered":"<!-- RSPEAK_STOP --> <a href='http:\/\/wr.readspeaker.com\/a\/webreader\/webreader.php?cid=&amp;t=wordpress&amp;url=https:\/\/ykitesti.solki.jyu.fi\/sv\/tutustu-testiin\/deutsch\/&amp;title=Deutsch' onclick='readpage(this.href, 719); return false;'> <img src=' http:\/\/wr.readspeaker.com\/m\/wr\/images\/listen_.gif' style='border-style: none;' alt=''><\/a><div id='WR_719'><\/div> <!-- RSPEAK_START --> <p><strong><em>Prova test\u00a0&#8211;\u00a0Tyska<\/em><\/strong><\/p>\n<h3>Grundniv\u00e5:<\/h3>\n<ul>\n<li style=\"padding-left: 30px;\"><a href=\"http:\/\/ykitesti.solki.jyu.fi\/tutustu-testiin\/deutsch\/saksa-perustaso-luetun-ymmartaminen\/\">Textf\u00f6rst\u00e5else<\/a><\/li>\n<li style=\"padding-left: 30px;\">Skriftlig framst\u00e4llning<\/li>\n<li style=\"padding-left: 30px;\"><a href=\"http:\/\/ykitesti.solki.jyu.fi\/tutustu-testiin\/deutsch\/saksa-perustaso-puheen-ymmartaminen\/\">Talf\u00f6rst\u00e5else<\/a><\/li>\n<li style=\"padding-left: 30px;\"><a href=\"http:\/\/ykitesti.solki.jyu.fi\/tutustu-testiin\/deutsch\/saksa-perustaso-puhuminen\/\">Talproduktion<\/a><\/li>\n<\/ul>\n<hr \/>\n<h3>Mellanniv\u00e5:<\/h3>\n<ul>\n<li style=\"padding-left: 30px;\"><a href=\"http:\/\/ykitesti.solki.jyu.fi\/tutustu-testiin\/deutsch\/saksa-keskitaso-tekstin-ymmartaminen\/\">Textf\u00f6rst\u00e5else<\/a><\/li>\n<li style=\"padding-left: 30px;\">Skriftlig framst\u00e4llning<\/li>\n<li style=\"padding-left: 30px;\"><a href=\"http:\/\/ykitesti.solki.jyu.fi\/tutustu-testiin\/deutsch\/saksa-keskitaso-puheen-ymmartaminen\/\">Talf\u00f6rst\u00e5else<\/a><\/li>\n<li style=\"padding-left: 30px;\"><a href=\"http:\/\/ykitesti.solki.jyu.fi\/tutustu-testiin\/deutsch\/saksa-keskitaso-puhuminen\/\">Talproduktion<\/a><\/li>\n<\/ul>\n<hr \/>\n<h3>H\u00f6gsta niv\u00e5:<\/h3>\n<ul>\n<li style=\"padding-left: 30px;\"><a href=\"http:\/\/ykitesti.solki.jyu.fi\/tutustu-testiin\/deutsch\/saksa-ylin-taso-tekstin-ymmartaminen\/\">Textf\u00f6rst\u00e5else<\/a><\/li>\n<li style=\"padding-left: 30px;\">Skriftlig framst\u00e4llning<\/li>\n<li style=\"padding-left: 30px;\"><a href=\"http:\/\/ykitesti.solki.jyu.fi\/tutustu-testiin\/deutsch\/saksa-ylin-taso-puheen-ymmartaminen\/\">Talf\u00f6rst\u00e5else<\/a><\/li>\n<li style=\"padding-left: 30px;\"><a href=\"http:\/\/ykitesti.solki.jyu.fi\/tutustu-testiin\/deutsch\/saksa-ylin-taso-puhuminen\/\">Talproduktion<\/a><\/li>\n<\/ul>\n <!-- RSPEAK_STOP -->","protected":false},"excerpt":{"rendered":"    Prova test\u00a0&#8211;\u00a0Tyska Grundniv\u00e5: Textf\u00f6rst\u00e5else Skriftlig framst\u00e4llning Talf\u00f6rst\u00e5else Talproduktion Mellanniv\u00e5: Textf\u00f6rst\u00e5else Skriftlig framst\u00e4llning Talf\u00f6rst\u00e5else Talproduktion H\u00f6gsta niv\u00e5: Textf\u00f6rst\u00e5else Skriftlig framst\u00e4llning Talf\u00f6rst\u00e5else Talproduktion\n <a class=\"moretag\" href=\"https:\/\/ykitesti.solki.jyu.fi\/sv\/tutustu-testiin\/deutsch\/\"> <\/a>","protected":false},"author":1,"featured_media":0,"parent":75,"menu_order":0,"comment_status":"closed","ping_status":"closed","template":"","meta":{"footnotes":""},"class_list":["post-719","page","type-page","status-publish","hentry"],"translation":{"provider":"WPGlobus","version":"3.0.2","language":"sv","enabled_languages":["fi","en","sv"],"languages":{"fi":{"title":true,"content":true,"excerpt":false},"en":{"title":true,"content":true,"excerpt":false},"sv":{"title":true,"content":true,"excerpt":false}}},"_links":{"self":[{"href":"https:\/\/ykitesti.solki.jyu.fi\/sv\/wp-json\/wp\/v2\/pages\/719","targetHints":{"allow":["GET"]}}],"collection":[{"href":"https:\/\/ykitesti.solki.jyu.fi\/sv\/wp-json\/wp\/v2\/pages"}],"about":[{"href":"https:\/\/ykitesti.solki.jyu.fi\/sv\/wp-json\/wp\/v2\/types\/page"}],"author":[{"embeddable":true,"href":"https:\/\/ykitesti.solki.jyu.fi\/sv\/wp-json\/wp\/v2\/users\/1"}],"replies":[{"embeddable":true,"href":"https:\/\/ykitesti.solki.jyu.fi\/sv\/wp-json\/wp\/v2\/comments?post=719"}],"version-history":[{"count":19,"href":"https:\/\/ykitesti.solki.jyu.fi\/sv\/wp-json\/wp\/v2\/pages\/719\/revisions"}],"predecessor-version":[{"id":1174,"href":"https:\/\/ykitesti.solki.jyu.fi\/sv\/wp-json\/wp\/v2\/pages\/719\/revisions\/1174"}],"up":[{"embeddable":true,"href":"https:\/\/ykitesti.solki.jyu.fi\/sv\/wp-json\/wp\/v2\/pages\/75"}],"wp:attachment":[{"href":"https:\/\/ykitesti.solki.jyu.fi\/sv\/wp-json\/wp\/v2\/media?parent=719"}],"curies":[{"name":"wp","href":"https:\/\/api.w.org\/{rel}","templated":true}]}}