













{"id":713,"date":"2016-06-28T11:43:32","date_gmt":"2016-06-28T08:43:32","guid":{"rendered":"http:\/\/ykitesti.solki.jyu.fi\/?page_id=713"},"modified":"2016-08-24T16:24:24","modified_gmt":"2016-08-24T13:24:24","slug":"venaja-perustaso-puhuminen","status":"publish","type":"page","link":"https:\/\/ykitesti.solki.jyu.fi\/sv\/tutustu-testiin\/venaja\/venaja-perustaso-puhuminen\/","title":{"rendered":"Ven\u00e4j\u00e4 &#8211; Perustaso &#8211; Puhuminen"},"content":{"rendered":"<!-- RSPEAK_STOP --> <a href='http:\/\/wr.readspeaker.com\/a\/webreader\/webreader.php?cid=&amp;t=wordpress&amp;url=https:\/\/ykitesti.solki.jyu.fi\/sv\/tutustu-testiin\/venaja\/venaja-perustaso-puhuminen\/&amp;title=Ven\u00e4j\u00e4 &#8211; Perustaso &#8211; Puhuminen' onclick='readpage(this.href, 713); return false;'> <img src=' http:\/\/wr.readspeaker.com\/m\/wr\/images\/listen_.gif' style='border-style: none;' alt=''><\/a><div id='WR_713'><\/div> <!-- RSPEAK_START --> <p><em><strong>Ven\u00e4j\u00e4 &#8211; Perustaso &#8211; Puhuminen<\/strong><\/em><\/p>\n<ul>\n<li>Puhumisen osakokeessa on erilaisia teht\u00e4vi\u00e4, jotka suoritetaan kielistudiossa. T\u00e4ss\u00e4 on esimerkit teht\u00e4v\u00e4tyypeist\u00e4.<\/li>\n<li>Puhu joka teht\u00e4v\u00e4ss\u00e4 jotain.<\/li>\n<li>Hyv\u00e4ksytty suoritus edellytt\u00e4\u00e4 sit\u00e4, ett\u00e4 puhut teht\u00e4v\u00e4ss\u00e4 annetusta aiheesta!<\/li>\n<li>Jokaiseen teht\u00e4v\u00e4\u00e4n on valmistautumisaika. Vastausajan n\u00e4et teht\u00e4v\u00e4vihkosta.<\/li>\n<\/ul>\n<p>Lue lis\u00e4\u00e4 puhumisen osakokeesta\u00a0<a href=\"https:\/\/www.jyu.fi\/hum\/laitokset\/solki\/yki\/yleista\/osat_aihealueet\/puhuminen\">t\u00e4\u00e4lt\u00e4<\/a>.<\/p>\n<hr \/>\n<h2><span style=\"text-decoration: underline;\"><strong>Kertominen:<\/strong><\/span><\/h2>\n<p><strong>Valmisteluaika:\u00a0 1 minuutti<\/strong><\/p>\n<p>Kerro ven\u00e4j\u00e4n kielen opiskelustasi.<\/p>\n<p>Sinulla on 1 minuutti aikaa mietti\u00e4, mit\u00e4 sanot. Voit tehd\u00e4 muistiinpanoja.<\/p>\n<p><u>Puhu vasta sitten, kun kuulet<em>: \u201cAloita puhuminen nyt\u201d<\/em><em>.<\/em><\/u> Sinulla on 1\u00bd minuuttia aikaa puhua. Puhu koko ajan!<\/p>\n<p>Kerro esimerkiksi:<\/p>\n<ul>\n<li>miss\u00e4 olet opiskellut ven\u00e4j\u00e4\u00e4<\/li>\n<li>miten kauan olet opiskellut ven\u00e4j\u00e4\u00e4<\/li>\n<li>miten hyvin osaat mielest\u00e4si ven\u00e4j\u00e4\u00e4<\/li>\n<li>miksi opiskelet ven\u00e4j\u00e4\u00e4<\/li>\n<li>miss\u00e4\/kenen kanssa puhut ven\u00e4j\u00e4\u00e4<\/li>\n<li>mit\u00e4 luet \/kuuntelet ven\u00e4j\u00e4ksi<\/li>\n<li>milloin kirjoitat ven\u00e4j\u00e4ksi<\/li>\n<\/ul>\n<p><strong>Puhu:\u00a0 1\u00bd minuuttia<\/strong><\/p>\n<hr \/>\n<h2><strong><span style=\"text-decoration: underline;\">Keskustelu:<\/span>\u00a0 \u00a0 \u00a0 \u00a0 \u00a0 \u00a0 \u00a0 \u00a0 \u00a0 \u00a0 \u00a0 \u00a0 \u00a0 \u00a0 \u00a0 \u00a0 \u00a0 \u00a0 \u00a0 \u00a0 \u00a0 \u00a0 \u00a0 \u00a0 \u00a0<\/strong><\/h2>\n<p>Alla on <strong>kaksi<\/strong> keskustelutilannetta.<\/p>\n<ul>\n<li>Ennen tilanteita sinulla on aikaa tutustua niihin.<\/li>\n<li>Kuulet keskustelukumppanin puheenvuorot \u00e4\u00e4nitteelt\u00e4. Ne on merkitty vihkoon t\u00e4hdill\u00e4 (*****).<\/li>\n<li>Sulkeissa neuvotaan, mit\u00e4 sinun pit\u00e4\u00e4 sanoa xxxxxksi.<\/li>\n<\/ul>\n<p>Puhumisaika on sulkeissa.<\/p>\n<p><strong>Tilanne 1. Ven\u00e4j\u00e4n tullissa<\/strong><\/p>\n<audio class=\"wp-audio-shortcode\" id=\"audio-713-1\" preload=\"none\" style=\"width: 100%;\" controls=\"controls\"><source type=\"audio\/mpeg\" src=\"http:\/\/ykitesti.solki.jyu.fi\/wp-content\/uploads\/2016\/06\/veptpu_002.mp3?_=1\" \/><a href=\"http:\/\/ykitesti.solki.jyu.fi\/wp-content\/uploads\/2016\/06\/veptpu_002.mp3\">http:\/\/ykitesti.solki.jyu.fi\/wp-content\/uploads\/2016\/06\/veptpu_002.mp3<\/a><\/audio>\n<p style=\"border: 3px; border-style: solid; border-color: #123455; padding: 1em;\">Tullimies:\u00a0\u00a0\u00a0\u00a0\u00a0 *****<br \/>\nSIN\u00c4:\u00a0\u00a0\u00a0\u00a0\u00a0\u00a0\u00a0\u00a0\u00a0\u00a0\u00a0 [My\u00f6nn\u00e4.]\u00a0\u00a0\u00a0 (5 s.)<br \/>\nTullimies:\u00a0\u00a0\u00a0\u00a0\u00a0 *****<br \/>\nSIN\u00c4:\u00a0\u00a0\u00a0\u00a0\u00a0\u00a0\u00a0\u00a0\u00a0\u00a0\u00a0 [Vastaa.]\u00a0 (15 s.)<br \/>\nTullimies:\u00a0\u00a0\u00a0\u00a0\u00a0 *****<br \/>\nSIN\u00c4:\u00a0\u00a0\u00a0\u00a0\u00a0\u00a0\u00a0\u00a0\u00a0\u00a0\u00a0 [Vastaa.]\u00a0 (10 s.)<br \/>\nTullimies:\u00a0\u00a0\u00a0\u00a0\u00a0 *****<br \/>\nSIN\u00c4:\u00a0\u00a0\u00a0\u00a0\u00a0\u00a0\u00a0\u00a0\u00a0\u00a0\u00a0 [Kerro, kuinka kauan aiot viipy\u00e4 ja miss\u00e4.] (15 s.)<br \/>\nTullimies:\u00a0\u00a0\u00a0\u00a0\u00a0 *****<br \/>\nSIN\u00c4:\u00a0\u00a0\u00a0\u00a0\u00a0\u00a0\u00a0\u00a0\u00a0\u00a0\u00a0 [Vastaa.]\u00a0 (5 s.)<\/p>\n<p><strong>Tilanne 2. Ravintolassa\u00a0<\/strong><\/p>\n<audio class=\"wp-audio-shortcode\" id=\"audio-713-2\" preload=\"none\" style=\"width: 100%;\" controls=\"controls\"><source type=\"audio\/mpeg\" src=\"http:\/\/ykitesti.solki.jyu.fi\/wp-content\/uploads\/2016\/06\/veptpu_003.mp3?_=2\" \/><a href=\"http:\/\/ykitesti.solki.jyu.fi\/wp-content\/uploads\/2016\/06\/veptpu_003.mp3\">http:\/\/ykitesti.solki.jyu.fi\/wp-content\/uploads\/2016\/06\/veptpu_003.mp3<\/a><\/audio>\n<p style=\"border: 3px; border-style: solid; border-color: #123455; padding: 1em;\">Tarjoilija:\u00a0\u00a0\u00a0\u00a0\u00a0\u00a0\u00a0 *****<br \/>\nSIN\u00c4:\u00a0\u00a0\u00a0\u00a0\u00a0\u00a0\u00a0\u00a0\u00a0\u00a0\u00a0\u00a0 [Kysy, mit\u00e4 tarjoilija suosittelee.] <em>(15 s.)<\/em><br \/>\nTarjoilija:\u00a0\u00a0\u00a0\u00a0\u00a0\u00a0\u00a0 *****<br \/>\nSIN\u00c4:\u00a0\u00a0\u00a0\u00a0\u00a0\u00a0\u00a0\u00a0\u00a0\u00a0\u00a0\u00a0 [Kielt\u00e4ydy ja kerro miksi.] <em>(20 s.)<\/em><br \/>\nTarjoilija:\u00a0\u00a0\u00a0\u00a0\u00a0\u00a0\u00a0 *****<br \/>\nSIN\u00c4:\u00a0\u00a0\u00a0\u00a0\u00a0\u00a0\u00a0\u00a0\u00a0\u00a0\u00a0\u00a0 [Kysy eri vaihtoehtoja, esim. kalaa.] <em>(20 s.)<\/em><br \/>\nTarjoilija:\u00a0\u00a0\u00a0\u00a0\u00a0\u00a0\u00a0 *****<br \/>\nSIN\u00c4:\u00a0\u00a0\u00a0\u00a0\u00a0\u00a0\u00a0\u00a0\u00a0\u00a0\u00a0\u00a0 [Tilaa sit\u00e4 ja sen lis\u00e4ksi jotain muuta (keksi itse, mit\u00e4).] <em>(20 s.)<\/em><br \/>\nTarjoilija:\u00a0\u00a0\u00a0\u00a0\u00a0\u00a0\u00a0 *****<br \/>\nSIN\u00c4:\u00a0\u00a0\u00a0\u00a0\u00a0\u00a0\u00a0\u00a0\u00a0\u00a0\u00a0\u00a0 [Tilaa juotavaa.] <em>(15 s.)<\/em><\/p>\n<hr \/>\n<p><strong>\u00a0<\/strong><\/p>\n<h2><span style=\"text-decoration: underline;\"><strong>Tilanteita:<\/strong><\/span><\/h2>\n<p>Alla on kuusi tilannetta. Jokaisessa tilanteessa:<\/p>\n<ul>\n<li>Kuulet \u00e4\u00e4nitteelt\u00e4 tilanteen numeron, esimerkiksi \u201cTutustu tilanteeseen yksi\u201d.<\/li>\n<li>Tutustu tilanteeseen (20 sek).<\/li>\n<li>Kuulet \u00e4\u00e4nitteelt\u00e4 \u201cPuhu nyt\u201d.<\/li>\n<li>Puhu, mit\u00e4 sinua pyydet\u00e4\u00e4n tilanteessa sanomaan.<\/li>\n<li>Puhumisaika on sulkeissa.<\/li>\n<\/ul>\n<p><strong>Puhelu yst\u00e4v\u00e4lle<\/strong><\/p>\n<p><strong>Tilanne 1.<\/strong>\u00a0\u00a0\u00a0\u00a0\u00a0 Olet l\u00e4hd\u00f6ss\u00e4 matkalle Pietariin ja soitat ven\u00e4l\u00e4iselle yst\u00e4v\u00e4llesi, koska haluat tavata h\u00e4net matkalla. Kerro tulostasi ja ehdota miss\u00e4 ja milloin voisitte tavata. (30 s)<\/p>\n<p><strong>Tilanne 2.<\/strong>\u00a0\u00a0\u00a0\u00a0\u00a0 Yst\u00e4v\u00e4si kysyy kuulumisiasi. Kerro, mit\u00e4 sinulle ja perheellesi kuuluu. (30 s)<\/p>\n<p><strong>Tilanne 3<\/strong>.\u00a0\u00a0\u00a0 Olet kuullut, ett\u00e4 yst\u00e4v\u00e4si on ollut sairaana. Kerro siit\u00e4 h\u00e4nelle ja kysy h\u00e4nen vointiaan. (25 s)<\/p>\n<p><strong>Vaatekaupassa<\/strong><\/p>\n<p><strong>Tilanne 4.<\/strong> \u00a0 Myyj\u00e4 kysyy vaatekaupassa, voiko auttaa sinua. Kerro, mit\u00e4 olet etsim\u00e4ss\u00e4. (20 s.)<\/p>\n<p><strong>Tilanne 5.<\/strong>\u00a0\u00a0 L\u00f6yd\u00e4t mieleisen vaatteen, mutta koko on liian pieni ja haluat my\u00f6s tuotteen toisen v\u00e4risen\u00e4. Pyyd\u00e4 myyj\u00e4lt\u00e4 apua. (25 s.)<\/p>\n<p><strong>Tilanne 6.<\/strong>\u00a0\u00a0 Kysy lupaa sovittaa vaatetta ja tiedustele, miss\u00e4 voit sovittaa vaatetta. (20 s.)<\/p>\n<hr \/>\n<h2><span style=\"text-decoration: underline;\"><strong>Puheenvuoro:<\/strong><\/span><\/h2>\n<p>Valmisteluaika: 2 minuuttia<\/p>\n<ul>\n<li>Valitse <strong><u>yksi<\/u><\/strong> aihe (A tai B).<\/li>\n<li>Lue aiheen kysymykset.<\/li>\n<li>Sinulla on 2 minuuttia aikaa mietti\u00e4, mit\u00e4 sanot. Voit tehd\u00e4 muistiinpanoja.<\/li>\n<li>Puhu vasta sitten, kun kuulet: \u201cAloita puhuminen nyt\u201d. Sinulla on 2 minuuttia aikaa puhua. Puhu koko ajan!<\/li>\n<\/ul>\n<p><span style=\"text-decoration: underline;\"><strong>Lomamatka<\/strong><\/span><\/p>\n<p style=\"padding-left: 30px;\">Kerro esimerkiksi:<br \/>\n\u2022 Mihin matkustat lomalla ja miksi?<br \/>\n\u2022 Miten matkustat sinne?<br \/>\n\u2022 Milloin matkustat?<br \/>\n\u2022 Kenen kanssa haluat matkustaa?<br \/>\n\u2022 Mit\u00e4 matka maksaa?<br \/>\n\u2022 Mit\u00e4 teet lomalla?<br \/>\n\u2022 Mik\u00e4 on paras lomapaikka, miss\u00e4 olet k\u00e4ynyt? Miksi?<br \/>\n\u2022 Mik\u00e4 on unelmiesi lomamatka? Miksi?<br \/>\n\u2022 Millainen on hyv\u00e4 lomapaikka? Mit\u00e4 siell\u00e4 voi tehd\u00e4?<\/p>\n<p><strong>Puhu: 2 minuuttia<\/strong><\/p>\n<p><strong>\u00a0<\/strong><\/p>\n <!-- RSPEAK_STOP -->","protected":false},"excerpt":{"rendered":"    Ven\u00e4j\u00e4 &#8211; Perustaso &#8211; Puhuminen Puhumisen osakokeessa on erilaisia teht\u00e4vi\u00e4, jotka suoritetaan kielistudiossa. T\u00e4ss\u00e4 on esimerkit teht\u00e4v\u00e4tyypeist\u00e4. Puhu joka teht\u00e4v\u00e4ss\u00e4 jotain. Hyv\u00e4ksytty suoritus \n <a class=\"moretag\" href=\"https:\/\/ykitesti.solki.jyu.fi\/sv\/tutustu-testiin\/venaja\/venaja-perustaso-puhuminen\/\"> <\/a>","protected":false},"author":1,"featured_media":0,"parent":564,"menu_order":0,"comment_status":"closed","ping_status":"closed","template":"","meta":{"footnotes":""},"class_list":["post-713","page","type-page","status-publish","hentry"],"translation":{"provider":"WPGlobus","version":"3.0.2","language":"sv","enabled_languages":["fi","en","sv"],"languages":{"fi":{"title":true,"content":true,"excerpt":false},"en":{"title":false,"content":false,"excerpt":false},"sv":{"title":false,"content":false,"excerpt":false}}},"_links":{"self":[{"href":"https:\/\/ykitesti.solki.jyu.fi\/sv\/wp-json\/wp\/v2\/pages\/713","targetHints":{"allow":["GET"]}}],"collection":[{"href":"https:\/\/ykitesti.solki.jyu.fi\/sv\/wp-json\/wp\/v2\/pages"}],"about":[{"href":"https:\/\/ykitesti.solki.jyu.fi\/sv\/wp-json\/wp\/v2\/types\/page"}],"author":[{"embeddable":true,"href":"https:\/\/ykitesti.solki.jyu.fi\/sv\/wp-json\/wp\/v2\/users\/1"}],"replies":[{"embeddable":true,"href":"https:\/\/ykitesti.solki.jyu.fi\/sv\/wp-json\/wp\/v2\/comments?post=713"}],"version-history":[{"count":4,"href":"https:\/\/ykitesti.solki.jyu.fi\/sv\/wp-json\/wp\/v2\/pages\/713\/revisions"}],"predecessor-version":[{"id":1042,"href":"https:\/\/ykitesti.solki.jyu.fi\/sv\/wp-json\/wp\/v2\/pages\/713\/revisions\/1042"}],"up":[{"embeddable":true,"href":"https:\/\/ykitesti.solki.jyu.fi\/sv\/wp-json\/wp\/v2\/pages\/564"}],"wp:attachment":[{"href":"https:\/\/ykitesti.solki.jyu.fi\/sv\/wp-json\/wp\/v2\/media?parent=713"}],"curies":[{"name":"wp","href":"https:\/\/api.w.org\/{rel}","templated":true}]}}