













{"id":707,"date":"2016-06-28T11:22:51","date_gmt":"2016-06-28T08:22:51","guid":{"rendered":"http:\/\/ykitesti.solki.jyu.fi\/?page_id=707"},"modified":"2016-12-20T15:49:38","modified_gmt":"2016-12-20T13:49:38","slug":"venaja-keskitaso-puhuminen","status":"publish","type":"page","link":"https:\/\/ykitesti.solki.jyu.fi\/sv\/tutustu-testiin\/venaja\/venaja-keskitaso-puhuminen\/","title":{"rendered":"Ven\u00e4j\u00e4 &#8211; Keskitaso &#8211; Puhuminen"},"content":{"rendered":"<!-- RSPEAK_STOP --> <a href='http:\/\/wr.readspeaker.com\/a\/webreader\/webreader.php?cid=&amp;t=wordpress&amp;url=https:\/\/ykitesti.solki.jyu.fi\/sv\/tutustu-testiin\/venaja\/venaja-keskitaso-puhuminen\/&amp;title=Ven\u00e4j\u00e4 &#8211; Keskitaso &#8211; Puhuminen' onclick='readpage(this.href, 707); return false;'> <img src=' http:\/\/wr.readspeaker.com\/m\/wr\/images\/listen_.gif' style='border-style: none;' alt=''><\/a><div id='WR_707'><\/div> <!-- RSPEAK_START --> <p><em><strong>Ven\u00e4j\u00e4 &#8211; Keskitaso &#8211; Puhuminen<\/strong><\/em><\/p>\n<ul>\n<li>Puhumisen osakokeessa on erilaisia teht\u00e4vi\u00e4, jotka suoritetaan kielistudiossa. T\u00e4ss\u00e4 on esimerkit teht\u00e4v\u00e4tyypeist\u00e4.<\/li>\n<li>Puhu joka teht\u00e4v\u00e4ss\u00e4 jotain.<\/li>\n<li>Hyv\u00e4ksytty suoritus edellytt\u00e4\u00e4 sit\u00e4, ett\u00e4 puhut teht\u00e4v\u00e4ss\u00e4 annetusta aiheesta!<\/li>\n<li>Jokaiseen teht\u00e4v\u00e4\u00e4n on valmistautumisaika. Vastausajan n\u00e4et teht\u00e4v\u00e4vihkosta.<\/li>\n<\/ul>\n<p>Lue lis\u00e4\u00e4 puhumisen osakokeesta\u00a0<a href=\"https:\/\/www.jyu.fi\/hum\/laitokset\/solki\/yki\/yleista\/osat_aihealueet\/puhuminen\">t\u00e4\u00e4lt\u00e4<\/a>.<\/p>\n<hr \/>\n<h2><span style=\"text-decoration: underline;\"><strong>Kertominen:<\/strong><\/span><\/h2>\n<p>Valmisteluaika:\u00a0 1 minuutti<br \/>\nKerro omasta kouluajastasi<\/p>\n<p>Sinulla on 1 minuutti aikaa mietti\u00e4, mit\u00e4 sanot. Voit tehd\u00e4 muistiinpanoja. <u>Puhu vasta sitten, kun kuulet<em>: \u201cAloita puhuminen nyt\u201d<\/em><em>.<\/em><\/u> Sinulla on 1\u00bd minuuttia aikaa puhua. Puhu koko ajan!<\/p>\n<p><span style=\"text-decoration: underline;\"><strong>Kouluaikani<\/strong><\/span><\/p>\n<p>Kerro esimerkiksi:<\/p>\n<ul>\n<li>Miss\u00e4 k\u00e4vit koulua? (Voit itse p\u00e4\u00e4tt\u00e4\u00e4 milt\u00e4 kouluasteelta kerrot.)<\/li>\n<li>Millainen koulusi oli?<\/li>\n<li>Mist\u00e4 kouluaineesta pidit? Miksi?<\/li>\n<li>Mik\u00e4 kouluaine oli sinulle vaikea? Miksi?<\/li>\n<li>Millaisia opettajia sinulla oli?<\/li>\n<li>Kerro jokin hauska \/ surullinen \/ nolo tilanne kouluvuosiltasi.<\/li>\n<\/ul>\n<p>Puhu:\u00a0 1 \u00bd minuuttia<\/p>\n<hr \/>\n<p><strong>\u00a0<\/strong><\/p>\n<h2><span style=\"text-decoration: underline;\"><strong>Keskusteluja:<\/strong><\/span><\/h2>\n<p>Alla on kaksi keskustelutilannetta.<\/p>\n<ul>\n<li>Ennen tilanteita sinulla on aikaa tutustua niihin.<\/li>\n<li>Kuulet keskustelukumppanin puheenvuorot \u00e4\u00e4nitteelt\u00e4. Ne on merkitty vihkoon t\u00e4hdill\u00e4 (*****).<\/li>\n<li>Sulkeissa neuvotaan, mit\u00e4 sinun pit\u00e4\u00e4 sanoa xxxxxksi.<\/li>\n<li>Puhumisaika on sulkeissa.<\/li>\n<\/ul>\n<p><span style=\"text-decoration: underline;\"><strong>Tilanne 1.\u00a0 Olet lippukassalla Pietarissa. Ostat junalippua Petroskoihin:<\/strong><\/span><\/p>\n<audio class=\"wp-audio-shortcode\" id=\"audio-707-1\" preload=\"none\" style=\"width: 100%;\" controls=\"controls\"><source type=\"audio\/mpeg\" src=\"http:\/\/ykitesti.solki.jyu.fi\/wp-content\/uploads\/2016\/06\/vektpu_007.mp3?_=1\" \/><a href=\"http:\/\/ykitesti.solki.jyu.fi\/wp-content\/uploads\/2016\/06\/vektpu_007.mp3\">http:\/\/ykitesti.solki.jyu.fi\/wp-content\/uploads\/2016\/06\/vektpu_007.mp3<\/a><\/audio>\n<p style=\"border: 3px; border-style: solid; border-color: #123455; padding: 1em;\"><strong>Huom. T\u00e4ss\u00e4 <em>SIN\u00c4 <\/em>aloitat puhumisen \u00e4\u00e4nimerkin j\u00e4lkeen.<\/strong><br \/>\nSIN\u00c4:\u00a0\u00a0\u00a0\u00a0\u00a0\u00a0\u00a0\u00a0\u00a0\u00a0 [Kysy, onko junalippuja Petroskoihin t\u00e4ksi p\u00e4iv\u00e4ksi.] <em>(20 sek)<\/em><br \/>\nVirkailija: \u00a0\u00a0\u00a0 *****<br \/>\nSIN\u00c4:\u00a0\u00a0\u00a0\u00a0\u00a0\u00a0\u00a0\u00a0\u00a0\u00a0 [Tiedustele menopaluulipun hintaa.] <em>(20 sek)<\/em><br \/>\nVirkailija: \u00a0 \u00a0*****<br \/>\nSIN\u00c4:\u00a0\u00a0\u00a0\u00a0\u00a0\u00a0\u00a0\u00a0\u00a0\u00a0 [Kysy junan l\u00e4ht\u00f6aikaa<em>.<\/em>]<em> (20 sek)<\/em><br \/>\nVirkailija:\u00a0\u00a0\u00a0\u00a0 *****<br \/>\nSIN\u00c4:\u00a0\u00a0\u00a0\u00a0\u00a0\u00a0\u00a0\u00a0\u00a0\u00a0 [Osta itsellesi lippu.] (<em>10 sek)<\/em><\/p>\n<p><span style=\"text-decoration: underline;\"><strong>Tilanne 2.\u00a0 <\/strong><strong>Junassa vierustoverisi alkaa jutella kanssasi:<\/strong><\/span><\/p>\n<audio class=\"wp-audio-shortcode\" id=\"audio-707-2\" preload=\"none\" style=\"width: 100%;\" controls=\"controls\"><source type=\"audio\/mpeg\" src=\"http:\/\/ykitesti.solki.jyu.fi\/wp-content\/uploads\/2016\/06\/vektpu_008.mp3?_=2\" \/><a href=\"http:\/\/ykitesti.solki.jyu.fi\/wp-content\/uploads\/2016\/06\/vektpu_008.mp3\">http:\/\/ykitesti.solki.jyu.fi\/wp-content\/uploads\/2016\/06\/vektpu_008.mp3<\/a><\/audio>\n<p style=\"border: 3px; border-style: solid; border-color: #123455; padding: 1em;\">Mies:\u00a0\u00a0\u00a0\u00a0\u00a0\u00a0\u00a0\u00a0\u00a0\u00a0\u00a0 *****<br \/>\nSIN\u00c4:\u00a0\u00a0\u00a0\u00a0\u00a0\u00a0\u00a0\u00a0\u00a0\u00a0 [Vastaa.] <em>(15 sek)<\/em><br \/>\nMies:\u00a0\u00a0\u00a0\u00a0\u00a0\u00a0\u00a0\u00a0\u00a0\u00a0\u00a0 *****<br \/>\nSIN\u00c4:\u00a0\u00a0\u00a0\u00a0\u00a0\u00a0\u00a0\u00a0\u00a0\u00a0 [Vastaa ja kerro, miksi matkustat.] <em>(25 sek)<\/em><br \/>\nMies:\u00a0\u00a0\u00a0\u00a0\u00a0\u00a0\u00a0\u00a0\u00a0\u00a0\u00a0 *****<br \/>\nSIN\u00c4:\u00a0\u00a0\u00a0\u00a0\u00a0\u00a0\u00a0\u00a0\u00a0\u00a0 [Vastaa ja kerro, mit\u00e4 haluat tehd\u00e4 kaupungissa.] <em>(25 sek)<\/em><br \/>\nMies:\u00a0\u00a0\u00a0\u00a0\u00a0\u00a0\u00a0\u00a0\u00a0\u00a0\u00a0 *****<br \/>\nSIN\u00c4:\u00a0\u00a0\u00a0\u00a0\u00a0\u00a0\u00a0\u00a0\u00a0\u00a0 [Ilmaise h\u00e4mm\u00e4stymisesi. Kiit\u00e4.]\u00a0 <em>(10 sek)<\/em><\/p>\n<p><strong><span style=\"text-decoration: underline;\">Lis\u00e4\u00e4 tilanteita:<\/span><\/strong><\/p>\n<p><strong>Tilanne 1: <\/strong><br \/>\nYst\u00e4v\u00e4si on kutsunut sinut syntym\u00e4p\u00e4ivilleen. Juhlat alkavat kuudelta illalla, mutta p\u00e4\u00e4set tulemaan vasta kahdeksalta. Kerro yst\u00e4v\u00e4llesi, miksi my\u00f6h\u00e4styt ja pahoittele my\u00f6h\u00e4stymist\u00e4si. (30 sek)<\/p>\n<p><strong>Tilanne 2: <\/strong><br \/>\nSinulla on jokin vaiva, ja tarvitset siihen l\u00e4\u00e4kett\u00e4. Selit\u00e4 asiasi apteekissa ja pyyd\u00e4 apua. (30 sek)<\/p>\n<p><strong>Tilanne 3.<\/strong><br \/>\nJuna on huonon s\u00e4\u00e4n vuoksi my\u00f6h\u00e4ss\u00e4 ja pelk\u00e4\u00e4t my\u00f6h\u00e4styv\u00e4si jatkoyhteydest\u00e4si. Esit\u00e4 huolesi kondukt\u00f6\u00f6rille ja kysy junan saapumisajasta. <em>(25 sek)<\/em><\/p>\n<p><strong>Tilanne 4.<\/strong><br \/>\nVen\u00e4l\u00e4inen turisti kysyy, mit\u00e4 n\u00e4ht\u00e4vyyksi\u00e4 kotipaikkakunnallasi on tarjolla. Kerro h\u00e4nelle. (25 sek)<\/p>\n<p><strong>Tilanne 5.<\/strong><br \/>\nTuristi kysyy, miten h\u00e4n p\u00e4\u00e4see parhaiten tuttavansa luokse 5 kilometrin p\u00e4\u00e4h\u00e4n. Neuvo h\u00e4nelle oikea bussi ja kerro, miten rahastus tapahtuu ja kuinka paljon lippu maksaa. (30 sek)<\/p>\n<p><strong>Tilanne 6.<\/strong><br \/>\nHaluat ostaa ven\u00e4l\u00e4isell\u00e4 nettisivustolla olevan tavaran (keksi itse, mink\u00e4). Soitat myyj\u00e4lle saadaksesi yksityiskohtaisempaa tietoa tavarasta: Kysy tavarasta lis\u00e4\u00e4 ja koita tingata my\u00f6s hinnasta. (30 sek)<\/p>\n<hr \/>\n<h2><span style=\"text-decoration: underline;\"><strong>Kertominen<\/strong><\/span><\/h2>\n<p><strong>\u0420\u043e\u043b\u044c \u0436\u0435\u043d\u0449\u0438\u043d\u044b \u0438 \u043c\u0443\u0436\u0447\u0438\u043d\u044b \u0434\u043e\u043c\u0430 \u0438 \u043d\u0430 \u0440\u0430\u0431\u043e\u0442\u0435<\/strong><\/p>\n<ul>\n<li>Mitk\u00e4 kotity\u00f6t ovat naisten teht\u00e4vi\u00e4? Ent\u00e4 miesten? Miksi?<\/li>\n<li>Onko olemassa ammatteja, jotka sopivat vain miehille\/naisille? Mit\u00e4?<\/li>\n<li>Miksi n\u00e4m\u00e4 ammatit sopivat paremmin vain toiselle sukupuolelle?<\/li>\n<li>Eroavatko sukupuoliroolit Suomessa ja Ven\u00e4j\u00e4ll\u00e4? Miten?<\/li>\n<li>Ovatko roolit kotona ja ty\u00f6ss\u00e4 viime vuosina mielest\u00e4si muuttuneet? Miten?<\/li>\n<li>Miten arvelet tulevaisuudessa naisten ja miesten roolien muuttuvan?<\/li>\n<\/ul>\n <!-- RSPEAK_STOP -->","protected":false},"excerpt":{"rendered":"    Ven\u00e4j\u00e4 &#8211; Keskitaso &#8211; Puhuminen Puhumisen osakokeessa on erilaisia teht\u00e4vi\u00e4, jotka suoritetaan kielistudiossa. T\u00e4ss\u00e4 on esimerkit teht\u00e4v\u00e4tyypeist\u00e4. Puhu joka teht\u00e4v\u00e4ss\u00e4 jotain. Hyv\u00e4ksytty suoritus \n <a class=\"moretag\" href=\"https:\/\/ykitesti.solki.jyu.fi\/sv\/tutustu-testiin\/venaja\/venaja-keskitaso-puhuminen\/\"> <\/a>","protected":false},"author":1,"featured_media":0,"parent":564,"menu_order":1,"comment_status":"closed","ping_status":"closed","template":"","meta":{"footnotes":""},"class_list":["post-707","page","type-page","status-publish","hentry"],"translation":{"provider":"WPGlobus","version":"3.0.2","language":"sv","enabled_languages":["fi","en","sv"],"languages":{"fi":{"title":true,"content":true,"excerpt":false},"en":{"title":false,"content":false,"excerpt":false},"sv":{"title":false,"content":false,"excerpt":false}}},"_links":{"self":[{"href":"https:\/\/ykitesti.solki.jyu.fi\/sv\/wp-json\/wp\/v2\/pages\/707","targetHints":{"allow":["GET"]}}],"collection":[{"href":"https:\/\/ykitesti.solki.jyu.fi\/sv\/wp-json\/wp\/v2\/pages"}],"about":[{"href":"https:\/\/ykitesti.solki.jyu.fi\/sv\/wp-json\/wp\/v2\/types\/page"}],"author":[{"embeddable":true,"href":"https:\/\/ykitesti.solki.jyu.fi\/sv\/wp-json\/wp\/v2\/users\/1"}],"replies":[{"embeddable":true,"href":"https:\/\/ykitesti.solki.jyu.fi\/sv\/wp-json\/wp\/v2\/comments?post=707"}],"version-history":[{"count":6,"href":"https:\/\/ykitesti.solki.jyu.fi\/sv\/wp-json\/wp\/v2\/pages\/707\/revisions"}],"predecessor-version":[{"id":1297,"href":"https:\/\/ykitesti.solki.jyu.fi\/sv\/wp-json\/wp\/v2\/pages\/707\/revisions\/1297"}],"up":[{"embeddable":true,"href":"https:\/\/ykitesti.solki.jyu.fi\/sv\/wp-json\/wp\/v2\/pages\/564"}],"wp:attachment":[{"href":"https:\/\/ykitesti.solki.jyu.fi\/sv\/wp-json\/wp\/v2\/media?parent=707"}],"curies":[{"name":"wp","href":"https:\/\/api.w.org\/{rel}","templated":true}]}}