













{"id":544,"date":"2016-06-21T12:14:35","date_gmt":"2016-06-21T09:14:35","guid":{"rendered":"http:\/\/ykitesti.solki.jyu.fi\/?page_id=544"},"modified":"2016-08-03T14:12:14","modified_gmt":"2016-08-03T11:12:14","slug":"avancerad-niva-skriftlig-framtstallning","status":"publish","type":"page","link":"https:\/\/ykitesti.solki.jyu.fi\/sv\/tutustu-testiin\/svenska\/avancerad-niva-skriftlig-framtstallning\/","title":{"rendered":"H\u00f6gsta niv\u00e5 &#8211; Skriftlig framtst\u00e4llning"},"content":{"rendered":"<!-- RSPEAK_STOP --> <a href='http:\/\/wr.readspeaker.com\/a\/webreader\/webreader.php?cid=&amp;t=wordpress&amp;url=https:\/\/ykitesti.solki.jyu.fi\/sv\/tutustu-testiin\/svenska\/avancerad-niva-skriftlig-framtstallning\/&amp;title=H\u00f6gsta niv\u00e5 &#8211; Skriftlig framtst\u00e4llning' onclick='readpage(this.href, 544); return false;'> <img src=' http:\/\/wr.readspeaker.com\/m\/wr\/images\/listen_.gif' style='border-style: none;' alt=''><\/a><div id='WR_544'><\/div> <!-- RSPEAK_START --> <p><em><strong>Svenska &#8211;\u00a0H\u00f6gsta\u00a0niv\u00e5 &#8211; Skriftlig framtst\u00e4llning<\/strong><\/em><\/p>\n<p>Delprovet i skriftlig framst\u00e4llning inneh\u00e5ller tre olika slags uppgifter. Nedan finns n\u00e5gra exempel p\u00e5 uppgifterna.<\/p>\n<hr \/>\n<h2><span style=\"text-decoration: underline;\"><strong>Uppgift &#8211; Ins\u00e4ndare:<\/strong><\/span><\/h2>\n<p>Du skriver din \u00e5sikt till ins\u00e4ndarspalten i en tidning. V\u00e4lj <strong><u>ett<\/u><\/strong> tema och framf\u00f6r dina \u00e5sikter om detta tema. Motivera dina \u00e5sikter grundligt.<\/p>\n<ol>\n<li><strong>K\u00e4rnkraft &#8211; f\u00f6r eller emot?<\/strong><\/li>\n<\/ol>\n<p>Skriv med tydlig handstil.<\/p>\n <!-- RSPEAK_STOP -->","protected":false},"excerpt":{"rendered":"    Svenska &#8211;\u00a0H\u00f6gsta\u00a0niv\u00e5 &#8211; Skriftlig framtst\u00e4llning Delprovet i skriftlig framst\u00e4llning inneh\u00e5ller tre olika slags uppgifter. Nedan finns n\u00e5gra exempel p\u00e5 uppgifterna. Uppgift &#8211; Ins\u00e4ndare: \n <a class=\"moretag\" href=\"https:\/\/ykitesti.solki.jyu.fi\/sv\/tutustu-testiin\/svenska\/avancerad-niva-skriftlig-framtstallning\/\"> <\/a>","protected":false},"author":1,"featured_media":0,"parent":78,"menu_order":2,"comment_status":"closed","ping_status":"closed","template":"","meta":{"footnotes":""},"class_list":["post-544","page","type-page","status-publish","hentry"],"translation":{"provider":"WPGlobus","version":"3.0.2","language":"sv","enabled_languages":["fi","en","sv"],"languages":{"fi":{"title":true,"content":true,"excerpt":false},"en":{"title":false,"content":false,"excerpt":false},"sv":{"title":false,"content":false,"excerpt":false}}},"_links":{"self":[{"href":"https:\/\/ykitesti.solki.jyu.fi\/sv\/wp-json\/wp\/v2\/pages\/544","targetHints":{"allow":["GET"]}}],"collection":[{"href":"https:\/\/ykitesti.solki.jyu.fi\/sv\/wp-json\/wp\/v2\/pages"}],"about":[{"href":"https:\/\/ykitesti.solki.jyu.fi\/sv\/wp-json\/wp\/v2\/types\/page"}],"author":[{"embeddable":true,"href":"https:\/\/ykitesti.solki.jyu.fi\/sv\/wp-json\/wp\/v2\/users\/1"}],"replies":[{"embeddable":true,"href":"https:\/\/ykitesti.solki.jyu.fi\/sv\/wp-json\/wp\/v2\/comments?post=544"}],"version-history":[{"count":3,"href":"https:\/\/ykitesti.solki.jyu.fi\/sv\/wp-json\/wp\/v2\/pages\/544\/revisions"}],"predecessor-version":[{"id":899,"href":"https:\/\/ykitesti.solki.jyu.fi\/sv\/wp-json\/wp\/v2\/pages\/544\/revisions\/899"}],"up":[{"embeddable":true,"href":"https:\/\/ykitesti.solki.jyu.fi\/sv\/wp-json\/wp\/v2\/pages\/78"}],"wp:attachment":[{"href":"https:\/\/ykitesti.solki.jyu.fi\/sv\/wp-json\/wp\/v2\/media?parent=544"}],"curies":[{"name":"wp","href":"https:\/\/api.w.org\/{rel}","templated":true}]}}