













{"id":477,"date":"2016-06-17T11:59:56","date_gmt":"2016-06-17T08:59:56","guid":{"rendered":"http:\/\/ykitesti.solki.jyu.fi\/?page_id=477"},"modified":"2016-06-22T15:00:52","modified_gmt":"2016-06-22T12:00:52","slug":"mellanniva-skriftlig-framstallning","status":"publish","type":"page","link":"https:\/\/ykitesti.solki.jyu.fi\/sv\/tutustu-testiin\/svenska\/mellanniva-skriftlig-framstallning\/","title":{"rendered":"Mellanniv\u00e5 &#8211; Skriftlig framst\u00e4llning"},"content":{"rendered":"<!-- RSPEAK_STOP --> <a href='http:\/\/wr.readspeaker.com\/a\/webreader\/webreader.php?cid=&amp;t=wordpress&amp;url=https:\/\/ykitesti.solki.jyu.fi\/sv\/tutustu-testiin\/svenska\/mellanniva-skriftlig-framstallning\/&amp;title=Mellanniv\u00e5 &#8211; Skriftlig framst\u00e4llning' onclick='readpage(this.href, 477); return false;'> <img src=' http:\/\/wr.readspeaker.com\/m\/wr\/images\/listen_.gif' style='border-style: none;' alt=''><\/a><div id='WR_477'><\/div> <!-- RSPEAK_START --> <p><em><strong>Svenska &#8211; Mellanniv\u00e5 &#8211; Skriftlig framst\u00e4llning<\/strong><\/em><\/p>\n<p>Delprovet i skriftlig framst\u00e4llning inneh\u00e5ller tre olika slags uppgifter. Nedan finns n\u00e5gra exempel p\u00e5 uppgifterna.<\/p>\n<hr \/>\n<h2><span style=\"text-decoration: underline;\">Meddelande:<\/span><\/h2>\n<p style=\"border: 3px; border-style: solid; border-color: #123455; padding: 1em;\">Du vet om ett evenemang som s\u00e4kert intresserar ocks\u00e5 din v\u00e4n.<br \/>\nSkicka ett mejl d\u00e4r du informerar v\u00e4nnen om evenemanget.<br \/>\nBer\u00e4tta i mejlet<br \/>\n\u2022 vilket evenemang det \u00e4r fr\u00e5ga om<br \/>\n\u2022 n\u00e4r<br \/>\n\u2022 var<br \/>\n\u2022 och 2 saker till. Hitta sj\u00e4lv p\u00e5.<br \/>\nKom ih\u00e5g att inleda och avsluta meddelandet p\u00e5 l\u00e4mpligt s\u00e4tt. Skriv med tydlig handstil.<\/p>\n<hr \/>\n<p style=\"border: 3px; border-style: solid; border-color: #123455; padding: 1em;\">Nedan ges tv\u00e5 alternativa teman f\u00f6r en ins\u00e4ndare. V\u00e4lj ett tema (1. eller 2.) och skriv dina \u00e5sikter om detta tema till ins\u00e4ndarspalten i en tidning.<br \/>\nBer\u00e4tta i din ins\u00e4ndare:<br \/>\n\u2022 Vad skriver du om?<br \/>\n\u2022 Vad \u00e4r din \u00e5sikt om saken? Varf\u00f6r? Motivera din \u00e5sikt p\u00e5 \u00e5tminstone tre olika s\u00e4tt.<br \/>\n1. Det \u00e4r viktigt att l\u00e4ra barn pengars v\u00e4rde<br \/>\n2. Dagens mode \u00e4r inte snyggt<\/p>\n<hr \/>\n<h2><span style=\"text-decoration: underline;\">Reklamation:<\/span><\/h2>\n<p style=\"border: 3px; border-style: solid; border-color: #123455; padding: 1em;\">Du har f\u00e5tt en r\u00e4kning p\u00e5 din k\u00f6ksrenovering. Enligt din \u00e5sikt \u00e4r slutsumman alldeles f\u00f6r stor. Du ringer till renoveringsfirman men de vill ha ett skriftligt klagom\u00e5l.<br \/>\nSkriv en reklamation till firman d\u00e4r du ber\u00e4ttar<br \/>\n\u2022 vilken r\u00e4kning det g\u00e4ller<br \/>\n\u2022 varf\u00f6r r\u00e4kningen \u00e4r orimlig (\u00e5tminstone 2 saker)<br \/>\n\u2022 vilken summa du tycker skulle vara mer passande<br \/>\n\u2022 dina kontaktuppgifter.<br \/>\nKom ih\u00e5g att inleda och avsluta meddelandet p\u00e5 l\u00e4mpligt s\u00e4tt. Skriv med tydlig handstil.<\/p>\n <!-- RSPEAK_STOP -->","protected":false},"excerpt":{"rendered":"    Svenska &#8211; Mellanniv\u00e5 &#8211; Skriftlig framst\u00e4llning Delprovet i skriftlig framst\u00e4llning inneh\u00e5ller tre olika slags uppgifter. Nedan finns n\u00e5gra exempel p\u00e5 uppgifterna. Meddelande: Du \n <a class=\"moretag\" href=\"https:\/\/ykitesti.solki.jyu.fi\/sv\/tutustu-testiin\/svenska\/mellanniva-skriftlig-framstallning\/\"> <\/a>","protected":false},"author":1,"featured_media":0,"parent":78,"menu_order":0,"comment_status":"closed","ping_status":"closed","template":"","meta":{"footnotes":""},"class_list":["post-477","page","type-page","status-publish","hentry"],"translation":{"provider":"WPGlobus","version":"3.0.2","language":"sv","enabled_languages":["fi","en","sv"],"languages":{"fi":{"title":true,"content":true,"excerpt":false},"en":{"title":false,"content":false,"excerpt":false},"sv":{"title":false,"content":false,"excerpt":false}}},"_links":{"self":[{"href":"https:\/\/ykitesti.solki.jyu.fi\/sv\/wp-json\/wp\/v2\/pages\/477","targetHints":{"allow":["GET"]}}],"collection":[{"href":"https:\/\/ykitesti.solki.jyu.fi\/sv\/wp-json\/wp\/v2\/pages"}],"about":[{"href":"https:\/\/ykitesti.solki.jyu.fi\/sv\/wp-json\/wp\/v2\/types\/page"}],"author":[{"embeddable":true,"href":"https:\/\/ykitesti.solki.jyu.fi\/sv\/wp-json\/wp\/v2\/users\/1"}],"replies":[{"embeddable":true,"href":"https:\/\/ykitesti.solki.jyu.fi\/sv\/wp-json\/wp\/v2\/comments?post=477"}],"version-history":[{"count":2,"href":"https:\/\/ykitesti.solki.jyu.fi\/sv\/wp-json\/wp\/v2\/pages\/477\/revisions"}],"predecessor-version":[{"id":643,"href":"https:\/\/ykitesti.solki.jyu.fi\/sv\/wp-json\/wp\/v2\/pages\/477\/revisions\/643"}],"up":[{"embeddable":true,"href":"https:\/\/ykitesti.solki.jyu.fi\/sv\/wp-json\/wp\/v2\/pages\/78"}],"wp:attachment":[{"href":"https:\/\/ykitesti.solki.jyu.fi\/sv\/wp-json\/wp\/v2\/media?parent=477"}],"curies":[{"name":"wp","href":"https:\/\/api.w.org\/{rel}","templated":true}]}}