













{"id":469,"date":"2016-06-17T11:18:45","date_gmt":"2016-06-17T08:18:45","guid":{"rendered":"http:\/\/ykitesti.solki.jyu.fi\/?page_id=469"},"modified":"2017-04-20T14:01:28","modified_gmt":"2017-04-20T11:01:28","slug":"mellanniva-talproduktion","status":"publish","type":"page","link":"https:\/\/ykitesti.solki.jyu.fi\/sv\/tutustu-testiin\/svenska\/mellanniva-talproduktion\/","title":{"rendered":"Mellanniv\u00e5 &#8211; Talproduktion"},"content":{"rendered":"<!-- RSPEAK_STOP --> <a href='http:\/\/wr.readspeaker.com\/a\/webreader\/webreader.php?cid=&amp;t=wordpress&amp;url=https:\/\/ykitesti.solki.jyu.fi\/sv\/tutustu-testiin\/svenska\/mellanniva-talproduktion\/&amp;title=Mellanniv\u00e5 &#8211; Talproduktion' onclick='readpage(this.href, 469); return false;'> <img src=' http:\/\/wr.readspeaker.com\/m\/wr\/images\/listen_.gif' style='border-style: none;' alt=''><\/a><div id='WR_469'><\/div> <!-- RSPEAK_START --> <p><em><strong>Svenska &#8211; Mellanniv\u00e5 &#8211; Talproduktion<\/strong><\/em><\/p>\n<p>Delprovet i talproduktion p\u00e5 mellanniv\u00e5 i svenska inneh\u00e5ller olika uppgifter som spelas in p\u00e5 band i en spr\u00e5kstudio. Nedan finns exempel p\u00e5 uppgiftstyperna.<\/p>\n<hr \/>\n<h2><span style=\"text-decoration: underline;\">Ber\u00e4tta:<\/span><\/h2>\n<p><audio class=\"wp-audio-shortcode\" id=\"audio-469-1\" preload=\"none\" style=\"width: 100%;\" controls=\"controls\"><source type=\"audio\/mpeg\" src=\"http:\/\/ykitesti.solki.jyu.fi\/wp-content\/uploads\/2016\/06\/KT_PUH_KERTOMINEN-sve.mp3?_=1\" \/><a href=\"http:\/\/ykitesti.solki.jyu.fi\/wp-content\/uploads\/2016\/06\/KT_PUH_KERTOMINEN-sve.mp3\">http:\/\/ykitesti.solki.jyu.fi\/wp-content\/uploads\/2016\/06\/KT_PUH_KERTOMINEN-sve.mp3<\/a><\/audio><br \/>\nBer\u00e4tta om en person som \u00e4r viktig f\u00f6r dig. Du har en minut p\u00e5 dig att fundera p\u00e5 vad du ska s\u00e4ga. Medan du funderar kan du g\u00f6ra anteckningar p\u00e5 pappret. Du ska b\u00f6rja tala n\u00e4r du h\u00f6r: \u201dNu kan du b\u00f6rja tala.\u201d p\u00e5 bandet. Du har 1\u00bd minut p\u00e5 dig att tala. F\u00f6rs\u00f6k att tala hela tiden!<br \/>\nSvara t.ex. p\u00e5 f\u00f6ljande fr\u00e5gor:<\/p>\n<p style=\"border: 3px solid #123455; padding: 1em;\"><span style=\"text-decoration: underline;\">Vem \u00e4r en viktig m\u00e4nniska f\u00f6r dig?<\/span><br \/>\n\u2022 Varf\u00f6r \u00e4r hon\/han viktig f\u00f6r dig?<br \/>\n\u2022 Hurdan m\u00e4nniska \u00e4r hon\/han?<br \/>\n\u2022 Hur l\u00e4nge har hon\/han varit viktig f\u00f6r dig?<br \/>\n\u2022 Vad \u00e4r den b\u00e4sta saken i den h\u00e4r m\u00e4nniskan? Varf\u00f6r?<br \/>\n\u2022 Vad g\u00f6r du med den h\u00e4r m\u00e4nniskan?<br \/>\n\u2022 Vad skulle du vilja s\u00e4ga till den h\u00e4r m\u00e4nniskan?<\/p>\n<hr \/>\n<h2><span style=\"text-decoration: underline;\">Samtal:<\/span><\/h2>\n<p>Nedan beskrivs en samtalssituation. Inom parentesen ser du tips p\u00e5 vad du ska s\u00e4ga. Du h\u00f6r din samtalspartners repliker p\u00e5 bandet. De \u00e4r markerade med stj\u00e4rnor (t.ex. Talaren: *****). Svara p\u00e5 replikerna s\u00e5 ledigt och naturligt som du bara kan. Taltiden anges inom parentes.<\/p>\n<audio class=\"wp-audio-shortcode\" id=\"audio-469-2\" preload=\"none\" style=\"width: 100%;\" controls=\"controls\"><source type=\"audio\/mpeg\" src=\"http:\/\/ykitesti.solki.jyu.fi\/wp-content\/uploads\/2016\/06\/KT_PUH_KESKUSTELU_1-sve.mp3?_=2\" \/><a href=\"http:\/\/ykitesti.solki.jyu.fi\/wp-content\/uploads\/2016\/06\/KT_PUH_KESKUSTELU_1-sve.mp3\">http:\/\/ykitesti.solki.jyu.fi\/wp-content\/uploads\/2016\/06\/KT_PUH_KESKUSTELU_1-sve.mp3<\/a><\/audio>\n<p style=\"border: 3px; border-style: solid; border-color: #123455; padding: 1em;\"><span style=\"text-decoration: underline;\">Telefonsamtal med en k\u00f6pare<\/span><br \/>\nDu har en annons i \u201dS\u00e4ljes\u201d-spalten i en gratistidning och en intresserad k\u00f6pare ringer dig. Hitta sj\u00e4lv p\u00e5 vad det \u00e4r f\u00f6r en sak som du s\u00e4ljer.<br \/>\n<strong>OBS! Du ska b\u00f6rja tala genast efter ljudsignalen.<\/strong><br \/>\n&nbsp;<br \/>\nDU: [Svara i telefonen.] (10 sek)<br \/>\nKvinnan: *****<br \/>\nDU: [Svara och s\u00e4g vad det \u00e4r du s\u00e4ljer.] (20 sek)<br \/>\nKvinnan: *****<br \/>\nDU: [Svara.] (20 sek)<br \/>\nKvinnan: *****<br \/>\nDU: [Svara.] (20 sek)<br \/>\nKvinnan: *****<br \/>\nDU: [Svara.] (20 sek)<br \/>\nKvinnan: *****<br \/>\nDU: [F\u00f6resl\u00e5 en l\u00e4mplig tid och ber\u00e4tta var du bor.] (25 sek)<br \/>\nKvinnan: *****<br \/>\nDU: [Svara och avsluta samtalet.] (10 sek)<\/p>\n<hr \/>\n<h2><span style=\"text-decoration: underline;\">Samtal:<\/span><\/h2>\n<p>Nedan beskrivs en samtalssituation. Inom parentesen ser du tips p\u00e5 vad du ska s\u00e4ga. Du h\u00f6r din samtalspartners repliker p\u00e5 bandet. De \u00e4r markerade med stj\u00e4rnor (t.ex. Talaren: *****). Svara p\u00e5 replikerna s\u00e5 ledigt och naturligt som du bara kan. Taltiden anges inom parentes.<br \/>\n<audio class=\"wp-audio-shortcode\" id=\"audio-469-3\" preload=\"none\" style=\"width: 100%;\" controls=\"controls\"><source type=\"audio\/mpeg\" src=\"http:\/\/ykitesti.solki.jyu.fi\/wp-content\/uploads\/2016\/06\/KT_PUH_KESKUSTELU_2-sve.mp3?_=3\" \/><a href=\"http:\/\/ykitesti.solki.jyu.fi\/wp-content\/uploads\/2016\/06\/KT_PUH_KESKUSTELU_2-sve.mp3\">http:\/\/ykitesti.solki.jyu.fi\/wp-content\/uploads\/2016\/06\/KT_PUH_KESKUSTELU_2-sve.mp3<\/a><\/audio><\/p>\n<p style=\"border: 3px; border-style: solid; border-color: #123455; padding: 1em;\"><span style=\"text-decoration: underline;\">Telefonsamtal till en serviceman<\/span><br \/>\nDu har bett en serviceman komma hem till dig och reparera TV:n som inte fungerar. Men ingenting har h\u00e4nt. Du ringer till servicef\u00f6retaget.<br \/>\n&nbsp;<br \/>\nServicemannen: *****<br \/>\nDU: [H\u00e4lsa och presentera dig sj\u00e4lv.] (10 sek)<br \/>\nServicemannen: *****<br \/>\nDU: [F\u00f6rklara ditt problem.] (25 sek)<br \/>\nServicemannen: *****<br \/>\nDU: [S\u00e4g n\u00e5got, eftersom ingenting har blivit reparerat!] (20 sek)<br \/>\nServicemannen: *****<br \/>\nDU: [Protestera och f\u00f6rklara vad som fortfarande inte fungerar.] (20 sek)<br \/>\nServicemannen: *****<br \/>\nDU: [Svara.] (15 sek)<br \/>\nServicemannen: *****<br \/>\nDU: [Avsluta samtalet p\u00e5 ett l\u00e4mpligt s\u00e4tt.] (10 sek)<br \/>\nServicemannen: *****<\/p>\n<hr \/>\n<h2><span style=\"text-decoration: underline;\">N\u00e5gra situationer:<\/span><\/h2>\n<p>Nedan beskrivs en talsituation. Vad skulle du s\u00e4ga i f\u00f6ljande situation? Svarstiden anges inom parentes.<\/p>\n<audio class=\"wp-audio-shortcode\" id=\"audio-469-4\" preload=\"none\" style=\"width: 100%;\" controls=\"controls\"><source type=\"audio\/mpeg\" src=\"http:\/\/ykitesti.solki.jyu.fi\/wp-content\/uploads\/2016\/06\/KT_PUH_TILANTEITA.mp3?_=4\" \/><a href=\"http:\/\/ykitesti.solki.jyu.fi\/wp-content\/uploads\/2016\/06\/KT_PUH_TILANTEITA.mp3\">http:\/\/ykitesti.solki.jyu.fi\/wp-content\/uploads\/2016\/06\/KT_PUH_TILANTEITA.mp3<\/a><\/audio>\n<p style=\"border: 3px; border-style: solid; border-color: #123455; padding: 1em;\"><span style=\"text-decoration: underline;\">Vardagssituation<\/span><br \/>\nDu ska tr\u00e4ffa din v\u00e4n men du blir f\u00f6rsenad. Du l\u00e4mnar honom\/henne ett meddelande i telefonsvararen. Ber\u00e4tta varf\u00f6r du blir f\u00f6rsenad. (20 sek)<\/p>\n <!-- RSPEAK_STOP -->","protected":false},"excerpt":{"rendered":"    Svenska &#8211; Mellanniv\u00e5 &#8211; Talproduktion Delprovet i talproduktion p\u00e5 mellanniv\u00e5 i svenska inneh\u00e5ller olika uppgifter som spelas in p\u00e5 band i en spr\u00e5kstudio. \n <a class=\"moretag\" href=\"https:\/\/ykitesti.solki.jyu.fi\/sv\/tutustu-testiin\/svenska\/mellanniva-talproduktion\/\"> <\/a>","protected":false},"author":1,"featured_media":0,"parent":78,"menu_order":0,"comment_status":"closed","ping_status":"closed","template":"","meta":{"footnotes":""},"class_list":["post-469","page","type-page","status-publish","hentry"],"translation":{"provider":"WPGlobus","version":"3.0.2","language":"sv","enabled_languages":["fi","en","sv"],"languages":{"fi":{"title":true,"content":true,"excerpt":false},"en":{"title":false,"content":false,"excerpt":false},"sv":{"title":false,"content":false,"excerpt":false}}},"_links":{"self":[{"href":"https:\/\/ykitesti.solki.jyu.fi\/sv\/wp-json\/wp\/v2\/pages\/469","targetHints":{"allow":["GET"]}}],"collection":[{"href":"https:\/\/ykitesti.solki.jyu.fi\/sv\/wp-json\/wp\/v2\/pages"}],"about":[{"href":"https:\/\/ykitesti.solki.jyu.fi\/sv\/wp-json\/wp\/v2\/types\/page"}],"author":[{"embeddable":true,"href":"https:\/\/ykitesti.solki.jyu.fi\/sv\/wp-json\/wp\/v2\/users\/1"}],"replies":[{"embeddable":true,"href":"https:\/\/ykitesti.solki.jyu.fi\/sv\/wp-json\/wp\/v2\/comments?post=469"}],"version-history":[{"count":5,"href":"https:\/\/ykitesti.solki.jyu.fi\/sv\/wp-json\/wp\/v2\/pages\/469\/revisions"}],"predecessor-version":[{"id":1374,"href":"https:\/\/ykitesti.solki.jyu.fi\/sv\/wp-json\/wp\/v2\/pages\/469\/revisions\/1374"}],"up":[{"embeddable":true,"href":"https:\/\/ykitesti.solki.jyu.fi\/sv\/wp-json\/wp\/v2\/pages\/78"}],"wp:attachment":[{"href":"https:\/\/ykitesti.solki.jyu.fi\/sv\/wp-json\/wp\/v2\/media?parent=469"}],"curies":[{"name":"wp","href":"https:\/\/api.w.org\/{rel}","templated":true}]}}