













{"id":462,"date":"2016-06-16T17:06:36","date_gmt":"2016-06-16T14:06:36","guid":{"rendered":"http:\/\/ykitesti.solki.jyu.fi\/?page_id=462"},"modified":"2022-04-11T13:22:07","modified_gmt":"2022-04-11T10:22:07","slug":"grundniva-skriftlig-framstallning","status":"publish","type":"page","link":"https:\/\/ykitesti.solki.jyu.fi\/sv\/tutustu-testiin\/svenska\/grundniva-skriftlig-framstallning\/","title":{"rendered":"Grundniv\u00e5 &#8211; Skriftlig framst\u00e4llning"},"content":{"rendered":"<!-- RSPEAK_STOP --> <a href='http:\/\/wr.readspeaker.com\/a\/webreader\/webreader.php?cid=&amp;t=wordpress&amp;url=https:\/\/ykitesti.solki.jyu.fi\/sv\/tutustu-testiin\/svenska\/grundniva-skriftlig-framstallning\/&amp;title=Grundniv\u00e5 &#8211; Skriftlig framst\u00e4llning' onclick='readpage(this.href, 462); return false;'> <img src=' http:\/\/wr.readspeaker.com\/m\/wr\/images\/listen_.gif' style='border-style: none;' alt=''><\/a><div id='WR_462'><\/div> <!-- RSPEAK_START --> <p><em><strong>Svenska &#8211; Grundniv\u00e5 &#8211; Skriftlig framst\u00e4llning<\/strong><\/em><\/p>\n<ul>\n<li>Provet i skriftlig framst\u00e4llning i examen inneh\u00e5ller tre uppgifter. Nedan finns n\u00e5gra exempel p\u00e5 uppgifterna.<\/li>\n<li>G\u00f6r alla uppgifter i examen.<\/li>\n<li>L\u00e4s och f\u00f6lj instruktioner noggrant f\u00f6r varje uppgift.<\/li>\n<li>Skriv med tydlig handstil.<\/li>\n<\/ul>\n<hr \/>\n<p style=\"border: 3px; border-style: solid; border-color: #123455; padding: 1em;\"><b>Kort<\/b><br \/>\n<i>Kom ih\u00e5g att inleda och avsluta kortet p\u00e5 l\u00e4mpligt s\u00e4tt. Skriv med tydlig handstil p\u00e5 svenska.\u00a0 \u00a0 \u00a0 \u00a0 \u00a0 \u00a0 \u00a0 \u00a0 \u00a0 \u00a0 \u00a0 \u00a0 \u00a0 \u00a0 \u00a0 \u00a0 \u00a0 \u00a0 \u00a0 \u00a0 \u00a0 \u00a0 \u00a0 \u00a0 \u00a0 \u00a0 \u00a0 \u00a0 \u00a0\u00a0<\/i><br \/>\nDu \u00e4r p\u00e5 semesterresa och under resan skriver du ett kort till din v\u00e4n.<br \/>\nI kortet ber\u00e4ttar du:<br \/>\n&#8211; var du \u00e4r<br \/>\n&#8211; hurdan din resa har varit<br \/>\n&#8211; vad du har gjort under resan<br \/>\n&#8211; vad annat du ska g\u00f6ra under resan<br \/>\nKom ih\u00e5g att inleda och avsluta kortet p\u00e5 l\u00e4mpligt s\u00e4tt. Skriv med tydlig handstil.<\/p>\n<hr \/>\n<p style=\"border: 3px; border-style: solid; border-color: #123455; padding: 1em;\"><b>Meddelande<\/b><br \/>\n<i>Kom ih\u00e5g att inleda och avsluta meddelandet p\u00e5 l\u00e4mpligt s\u00e4tt. Skriv med tydlig handstil p\u00e5 svenska.\u00a0 \u00a0 \u00a0 \u00a0 \u00a0 \u00a0 \u00a0 \u00a0 \u00a0 \u00a0 \u00a0 \u00a0 \u00a0 \u00a0 \u00a0 \u00a0 \u00a0 \u00a0 \u00a0<\/i><br \/>\nDu har tidigare kommit \u00f6verens med din granne om att ni ska g\u00f6ra n\u00e5got tillsammans ikv\u00e4ll (hitta sj\u00e4lv p\u00e5 vad ni ska g\u00f6ra). Du m\u00e4rker nu att du inte har tid och att din granne inte \u00e4r hemma.<br \/>\nSkriv ett e-postmeddelande till honom\/henne, d\u00e4r du<br \/>\n&#8211; ber om urs\u00e4kt<br \/>\n&#8211; ber\u00e4ttar varf\u00f6r du inte kan komma<br \/>\n&#8211; f\u00f6resl\u00e5r vad ni ist\u00e4llet kunde g\u00f6ra tillsammans n\u00e5gon g\u00e5ng senare, var och n\u00e4r<br \/>\nKom ih\u00e5g att inleda och avsluta meddelandet p\u00e5 l\u00e4mpligt s\u00e4tt. Skriv med tydlig handstil.<\/p>\n<hr \/>\n<p style=\"border: 3px; border-style: solid; border-color: #123455; padding: 1em;\"><b>Respons<\/b><br \/>\n<i>Skriv med tydlig handstil p\u00e5 svenska.\u00a0 \u00a0 \u00a0 \u00a0 \u00a0 \u00a0 \u00a0 \u00a0 \u00a0 \u00a0 \u00a0 \u00a0 \u00a0 \u00a0 \u00a0 \u00a0 \u00a0 \u00a0 \u00a0 \u00a0 \u00a0 \u00a0 \u00a0 \u00a0 \u00a0 \u00a0 \u00a0 \u00a0 \u00a0 \u00a0 \u00a0 \u00a0 \u00a0 \u00a0 \u00a0 \u00a0 \u00a0 \u00a0 \u00a0 \u00a0 \u00a0 \u00a0 \u00a0 \u00a0 \u00a0 \u00a0 \u00a0 \u00a0 \u00a0 \u00a0 \u00a0 \u00a0 \u00a0 \u00a0 \u00a0 \u00a0 \u00a0 \u00a0 \u00a0 \u00a0 \u00a0 \u00a0 \u00a0 \u00a0 \u00a0 \u00a0 \u00a0 \u00a0 \u00a0 \u00a0 \u00a0 \u00a0 \u00a0 \u00a0 \u00a0 \u00a0 \u00a0 \u00a0 \u00a0<\/i><br \/>\nDu f\u00e5r en f\u00f6rfr\u00e5gan p\u00e5 posten d\u00e4r man vill veta dina \u00e5sikter om n\u00e4rbutiken.<br \/>\nBesvara f\u00f6rfr\u00e5gan och skriv vad du t\u00e4nker om din n\u00e4rbutik och varf\u00f6r.<br \/>\n&#8211; Vilka saker \u00e4r bra i n\u00e4rbutiken (\u00e5tminstone 3 saker)? Varf\u00f6r?<br \/>\n&#8211; Vilka saker \u00e4r d\u00e5liga (\u00e5tminstone 2 saker)? Varf\u00f6r?<br \/>\nSkriv tydligt.<\/p>\n <!-- RSPEAK_STOP -->","protected":false},"excerpt":{"rendered":"    Svenska &#8211; Grundniv\u00e5 &#8211; Skriftlig framst\u00e4llning Provet i skriftlig framst\u00e4llning i examen inneh\u00e5ller tre uppgifter. Nedan finns n\u00e5gra exempel p\u00e5 uppgifterna. G\u00f6r alla \n <a class=\"moretag\" href=\"https:\/\/ykitesti.solki.jyu.fi\/sv\/tutustu-testiin\/svenska\/grundniva-skriftlig-framstallning\/\"> <\/a>","protected":false},"author":1,"featured_media":0,"parent":78,"menu_order":1,"comment_status":"closed","ping_status":"closed","template":"","meta":{"footnotes":""},"class_list":["post-462","page","type-page","status-publish","hentry"],"translation":{"provider":"WPGlobus","version":"3.0.2","language":"sv","enabled_languages":["fi","en","sv"],"languages":{"fi":{"title":true,"content":true,"excerpt":false},"en":{"title":false,"content":false,"excerpt":false},"sv":{"title":false,"content":false,"excerpt":false}}},"_links":{"self":[{"href":"https:\/\/ykitesti.solki.jyu.fi\/sv\/wp-json\/wp\/v2\/pages\/462","targetHints":{"allow":["GET"]}}],"collection":[{"href":"https:\/\/ykitesti.solki.jyu.fi\/sv\/wp-json\/wp\/v2\/pages"}],"about":[{"href":"https:\/\/ykitesti.solki.jyu.fi\/sv\/wp-json\/wp\/v2\/types\/page"}],"author":[{"embeddable":true,"href":"https:\/\/ykitesti.solki.jyu.fi\/sv\/wp-json\/wp\/v2\/users\/1"}],"replies":[{"embeddable":true,"href":"https:\/\/ykitesti.solki.jyu.fi\/sv\/wp-json\/wp\/v2\/comments?post=462"}],"version-history":[{"count":21,"href":"https:\/\/ykitesti.solki.jyu.fi\/sv\/wp-json\/wp\/v2\/pages\/462\/revisions"}],"predecessor-version":[{"id":1921,"href":"https:\/\/ykitesti.solki.jyu.fi\/sv\/wp-json\/wp\/v2\/pages\/462\/revisions\/1921"}],"up":[{"embeddable":true,"href":"https:\/\/ykitesti.solki.jyu.fi\/sv\/wp-json\/wp\/v2\/pages\/78"}],"wp:attachment":[{"href":"https:\/\/ykitesti.solki.jyu.fi\/sv\/wp-json\/wp\/v2\/media?parent=462"}],"curies":[{"name":"wp","href":"https:\/\/api.w.org\/{rel}","templated":true}]}}