













{"id":355,"date":"2016-06-15T10:58:17","date_gmt":"2016-06-15T07:58:17","guid":{"rendered":"http:\/\/ykitesti.solki.jyu.fi\/?page_id=355"},"modified":"2017-09-28T15:06:06","modified_gmt":"2017-09-28T12:06:06","slug":"basic-level-kirjoittaminen","status":"publish","type":"page","link":"https:\/\/ykitesti.solki.jyu.fi\/sv\/tutustu-testiin\/in-english\/basic-level-kirjoittaminen\/","title":{"rendered":"Basic level &#8211; Writing"},"content":{"rendered":"<!-- RSPEAK_STOP --> <a href='http:\/\/wr.readspeaker.com\/a\/webreader\/webreader.php?cid=&amp;t=wordpress&amp;url=https:\/\/ykitesti.solki.jyu.fi\/sv\/tutustu-testiin\/in-english\/basic-level-kirjoittaminen\/&amp;title=Basic level &#8211; Writing' onclick='readpage(this.href, 355); return false;'> <img src=' http:\/\/wr.readspeaker.com\/m\/wr\/images\/listen_.gif' style='border-style: none;' alt=''><\/a><div id='WR_355'><\/div> <!-- RSPEAK_START --> <p><em><strong>English &#8211; Basic level &#8211;\u00a0Writing<\/strong><\/em><\/p>\n<p>Kirjoittamisen osakokeessa on kolme erityyppist\u00e4 teht\u00e4v\u00e4\u00e4. T\u00e4ss\u00e4 on\u00a0esimerkkej\u00e4 teht\u00e4vist\u00e4.<\/p>\n<p>Lue lis\u00e4\u00e4 kirjoittamisen osakokeesta <a href=\"https:\/\/www.jyu.fi\/hum\/laitokset\/solki\/yki\/yleista\/osat_aihealueet\/kirjoittaminen\">t\u00e4\u00e4lt\u00e4<\/a>.<\/p>\n<hr \/>\n<h2><span style=\"text-decoration: underline;\">Viesti:<\/span><\/h2>\n<p>Englantilainen yst\u00e4v\u00e4si on luonasi vierailulla. Joudut l\u00e4htem\u00e4\u00e4n t\u00f6ihin, ja j\u00e4t\u00e4t aamulla yst\u00e4v\u00e4llesi viestin, jossa sovit tapaavasi h\u00e4net kaupungilla t\u00f6iden j\u00e4lkeen.<\/p>\n<h4 style=\"padding-left: 30px;\">Viestiss\u00e4si kerro mm.<br \/>\n\u2022 miss\u00e4 ja milloin tapaatte<br \/>\n\u2022 miten yst\u00e4v\u00e4si l\u00f6yt\u00e4\u00e4 tapaamispaikalle<br \/>\n\u2022 minne menette viett\u00e4m\u00e4\u00e4n iltaa (keksi itse).<\/h4>\n<h4 style=\"padding-left: 30px;\">Muista aloittaa ja lopettaa viesti sopivalla tavalla. Kirjoita englanniksi.<\/h4>\n<hr \/>\n<h2><\/h2>\n<h2><span style=\"text-decoration: underline;\">S\u00e4hk\u00f6postiviesti:<\/span><\/h2>\n<p>Olet ollut englannin kielen kurssilla ja valmistaudut parhaillaan kielitestiin. L\u00e4het\u00e4 kielikurssin opettajalle s\u00e4hk\u00f6postiviesti.<\/p>\n<h4 style=\"padding-left: 30px;\">Kirjoita s\u00e4hk\u00f6postiviesti, jossa<br \/>\n\u2022 kiit\u00e4t opettajaasi kurssista<br \/>\n\u2022 kysyt, mit\u00e4 kannattaisi opiskella viel\u00e4 ennen testi\u00e4<br \/>\n\u2022 tiedustelet, onko syksyll\u00e4 jatkokurssia, ja tiet\u00e4\u00e4k\u00f6 opettaja jotain hyv\u00e4\u00e4 kielikurssia Englannissa kes\u00e4ksi<br \/>\n\u2022 lopuksi toivotat h\u00e4nelle mukavaa kes\u00e4lomaa<\/h4>\n<h4 style=\"padding-left: 30px;\">Muista aloittaa ja lopettaa viesti sopivalla tavalla.<\/h4>\n<hr \/>\n<h2><\/h2>\n<h2><span style=\"text-decoration: underline;\">Mielipidekirjoitus:<\/span><\/h2>\n<p>Lue internetin keskustelupalstalla ollut kirje, ja kirjoita siihen vastine. Muista kirjoittaa omin sanoin ja perustella mielipiteesi.<\/p>\n<p style=\"border: 3px; border-style: solid; border-color: #123455; padding: 1em;\"><span style=\"text-decoration: underline;\">Young or beautiful?<\/span><br \/>\nOne morning I noticed that my hair is going grey. My skin is not as soft as it used to be, and I have all sorts of aches. I have put on weight. I am getting old. It terrifies me. It would be so nice to stay young forever, without aches, wrinkles and grey hair.<br \/>\nIf you could choose to be either really beautiful or forever young, which would you choose and why? Or would you rather stay as you are and grow old naturally? What is most important?<br \/>\n<em>Citygirl<\/em><\/p>\n <!-- RSPEAK_STOP -->","protected":false},"excerpt":{"rendered":"    English &#8211; Basic level &#8211;\u00a0Writing Kirjoittamisen osakokeessa on kolme erityyppist\u00e4 teht\u00e4v\u00e4\u00e4. T\u00e4ss\u00e4 on\u00a0esimerkkej\u00e4 teht\u00e4vist\u00e4. Lue lis\u00e4\u00e4 kirjoittamisen osakokeesta t\u00e4\u00e4lt\u00e4. Viesti: Englantilainen yst\u00e4v\u00e4si on \n <a class=\"moretag\" href=\"https:\/\/ykitesti.solki.jyu.fi\/sv\/tutustu-testiin\/in-english\/basic-level-kirjoittaminen\/\"> <\/a>","protected":false},"author":1,"featured_media":0,"parent":82,"menu_order":0,"comment_status":"closed","ping_status":"closed","template":"","meta":{"footnotes":""},"class_list":["post-355","page","type-page","status-publish","hentry"],"translation":{"provider":"WPGlobus","version":"3.0.2","language":"sv","enabled_languages":["fi","en","sv"],"languages":{"fi":{"title":true,"content":true,"excerpt":false},"en":{"title":false,"content":false,"excerpt":false},"sv":{"title":false,"content":false,"excerpt":false}}},"_links":{"self":[{"href":"https:\/\/ykitesti.solki.jyu.fi\/sv\/wp-json\/wp\/v2\/pages\/355","targetHints":{"allow":["GET"]}}],"collection":[{"href":"https:\/\/ykitesti.solki.jyu.fi\/sv\/wp-json\/wp\/v2\/pages"}],"about":[{"href":"https:\/\/ykitesti.solki.jyu.fi\/sv\/wp-json\/wp\/v2\/types\/page"}],"author":[{"embeddable":true,"href":"https:\/\/ykitesti.solki.jyu.fi\/sv\/wp-json\/wp\/v2\/users\/1"}],"replies":[{"embeddable":true,"href":"https:\/\/ykitesti.solki.jyu.fi\/sv\/wp-json\/wp\/v2\/comments?post=355"}],"version-history":[{"count":8,"href":"https:\/\/ykitesti.solki.jyu.fi\/sv\/wp-json\/wp\/v2\/pages\/355\/revisions"}],"predecessor-version":[{"id":625,"href":"https:\/\/ykitesti.solki.jyu.fi\/sv\/wp-json\/wp\/v2\/pages\/355\/revisions\/625"}],"up":[{"embeddable":true,"href":"https:\/\/ykitesti.solki.jyu.fi\/sv\/wp-json\/wp\/v2\/pages\/82"}],"wp:attachment":[{"href":"https:\/\/ykitesti.solki.jyu.fi\/sv\/wp-json\/wp\/v2\/media?parent=355"}],"curies":[{"name":"wp","href":"https:\/\/api.w.org\/{rel}","templated":true}]}}