













{"id":30,"date":"2016-06-06T16:24:38","date_gmt":"2016-06-06T13:24:38","guid":{"rendered":"http:\/\/ykitesti.solki.jyu.fi\/?page_id=30"},"modified":"2023-05-25T12:18:05","modified_gmt":"2023-05-25T09:18:05","slug":"yleista-ykista","status":"publish","type":"page","link":"https:\/\/ykitesti.solki.jyu.fi\/sv\/info\/yleista-ykista\/","title":{"rendered":"Yleist\u00e4 YKI:st\u00e4"},"content":{"rendered":"<!-- RSPEAK_STOP --> <a href='http:\/\/wr.readspeaker.com\/a\/webreader\/webreader.php?cid=&amp;t=wordpress&amp;url=https:\/\/ykitesti.solki.jyu.fi\/sv\/info\/yleista-ykista\/&amp;title=Yleist\u00e4 YKI:st\u00e4' onclick='readpage(this.href, 30); return false;'> <img src=' http:\/\/wr.readspeaker.com\/m\/wr\/images\/listen_.gif' style='border-style: none;' alt=''><\/a><div id='WR_30'><\/div> <!-- RSPEAK_START --> <h1 id=\"parent-fieldname-title\" class=\"documentFirstHeading\">Vad \u00e4r Allm\u00e4nna spr\u00e5kexamina?<\/h1>\n<ul>\n<li>Spr\u00e5kf\u00e4rdighetstest f\u00f6r vuxna.<\/li>\n<li>Vem som helst kan delta i testet.<\/li>\n<li>Testuppgifterna anknyter sig till praktiska situationer och f\u00f6ruts\u00e4tter inga branschspecifika spr\u00e5kkunskaper.<\/li>\n<li>Examina ordnas i april och november (examen i finska p\u00e5 mellanniv\u00e5 ordnas ocks\u00e5 i januari, maj och augusti). Testdagarna och -platserna hittar du h\u00e4r:\u00a0<a href=\"http:\/\/www.oph.fi\/utbildning_och_examen\/sprakexamina\/allmanna_sprakexamina\/testdagarna\">Utbildningsstyrelsen<\/a><\/li>\n<li>Man kan v\u00e4lja mellan 9 spr\u00e5k p\u00e5 3 niv\u00e5er: finska, svenska, engelska, spanska, italienska, franska, samiska, tyska och ryska.<\/li>\n<li>Examen best\u00e5r av 4 delprov: textf\u00f6rst\u00e5else, skriftlig framst\u00e4llning,\u00a0talf\u00f6rst\u00e5else och muntlig framst\u00e4llning.<\/li>\n<li>Om du vill ans\u00f6ka om finskt medborgarskap, kan du visa tillr\u00e4ckliga spr\u00e5kkunskaper genom att avl\u00e4gga examen i finska eller svenska p\u00e5 mellanniv\u00e5. Mera information om att ans\u00f6ka om medborgarskap hittar du h\u00e4r: <a href=\"http:\/\/www.migri.fi\/finskt_medborgarskap\/ansokan_om_medborgarskap\/forutsattningar\/sprakkunskaper\/allman_sprakexamen\">Migrationsverket<\/a><\/li>\n<li><a href=\"https:\/\/www.jyu.fi\/hum\/laitokset\/solki\/yki\/svenska\">Ytterligare information om Allm\u00e4nna spr\u00e5kexamina<\/a><\/li>\n<\/ul>\n <!-- RSPEAK_STOP -->","protected":false},"excerpt":{"rendered":"    Vad \u00e4r Allm\u00e4nna spr\u00e5kexamina? Spr\u00e5kf\u00e4rdighetstest f\u00f6r vuxna. Vem som helst kan delta i testet. Testuppgifterna anknyter sig till praktiska situationer och f\u00f6ruts\u00e4tter inga \n <a class=\"moretag\" href=\"https:\/\/ykitesti.solki.jyu.fi\/sv\/info\/yleista-ykista\/\"> <\/a>","protected":false},"author":1,"featured_media":0,"parent":28,"menu_order":5,"comment_status":"closed","ping_status":"closed","template":"layouts\/fullwidth.php","meta":{"footnotes":""},"class_list":["post-30","page","type-page","status-publish","hentry"],"translation":{"provider":"WPGlobus","version":"3.0.2","language":"sv","enabled_languages":["fi","en","sv"],"languages":{"fi":{"title":true,"content":true,"excerpt":false},"en":{"title":false,"content":true,"excerpt":false},"sv":{"title":false,"content":true,"excerpt":false}}},"_links":{"self":[{"href":"https:\/\/ykitesti.solki.jyu.fi\/sv\/wp-json\/wp\/v2\/pages\/30","targetHints":{"allow":["GET"]}}],"collection":[{"href":"https:\/\/ykitesti.solki.jyu.fi\/sv\/wp-json\/wp\/v2\/pages"}],"about":[{"href":"https:\/\/ykitesti.solki.jyu.fi\/sv\/wp-json\/wp\/v2\/types\/page"}],"author":[{"embeddable":true,"href":"https:\/\/ykitesti.solki.jyu.fi\/sv\/wp-json\/wp\/v2\/users\/1"}],"replies":[{"embeddable":true,"href":"https:\/\/ykitesti.solki.jyu.fi\/sv\/wp-json\/wp\/v2\/comments?post=30"}],"version-history":[{"count":25,"href":"https:\/\/ykitesti.solki.jyu.fi\/sv\/wp-json\/wp\/v2\/pages\/30\/revisions"}],"predecessor-version":[{"id":1996,"href":"https:\/\/ykitesti.solki.jyu.fi\/sv\/wp-json\/wp\/v2\/pages\/30\/revisions\/1996"}],"up":[{"embeddable":true,"href":"https:\/\/ykitesti.solki.jyu.fi\/sv\/wp-json\/wp\/v2\/pages\/28"}],"wp:attachment":[{"href":"https:\/\/ykitesti.solki.jyu.fi\/sv\/wp-json\/wp\/v2\/media?parent=30"}],"curies":[{"name":"wp","href":"https:\/\/api.w.org\/{rel}","templated":true}]}}