













{"id":2,"date":"2016-06-06T12:26:07","date_gmt":"2016-06-06T09:26:07","guid":{"rendered":"http:\/\/ykitesti.solki.jyu.fi\/?page_id=2"},"modified":"2023-05-25T12:09:07","modified_gmt":"2023-05-25T09:09:07","slug":"ohjeet","status":"publish","type":"page","link":"https:\/\/ykitesti.solki.jyu.fi\/sv\/info\/ohjeet\/","title":{"rendered":"Anvisningar f\u00f6r deltagare"},"content":{"rendered":"<!-- RSPEAK_STOP --> <a href='http:\/\/wr.readspeaker.com\/a\/webreader\/webreader.php?cid=&amp;t=wordpress&amp;url=https:\/\/ykitesti.solki.jyu.fi\/sv\/info\/ohjeet\/&amp;title=Anvisningar f\u00f6r deltagare' onclick='readpage(this.href, 2); return false;'> <img src=' http:\/\/wr.readspeaker.com\/m\/wr\/images\/listen_.gif' style='border-style: none;' alt=''><\/a><div id='WR_2'><\/div> <!-- RSPEAK_START --> <h1 id=\"parent-fieldname-title\" class=\"documentFirstHeading\">Anvisningar f\u00f6r deltagare<\/h1>\n<div id=\"content-core\">\n<div id=\"parent-fieldname-text-33290aaf8e1daaf99a4772fa9bb172c8\" class=\"\">\n<h2>F\u00f6re\u00a0examen<\/h2>\n<ul>\n<li>Du ska anm\u00e4la dig till examen hos en examensarrang\u00f6r som du har valt (<a href=\"https:\/\/yki.opintopolku.fi\/yki\/ilmoittautuminen\">https:\/\/yki.opintopolku.fi\/yki\/ilmoittautuminen<\/a>).<\/li>\n<li>Betala examensavgiften enligt anvisningarna.<\/li>\n<li>Ta med <u>blyertspenna<\/u>, <u>radergummi<\/u> och <u>ett officiellt identitetsbevis f\u00f6rsett med fotografi<\/u> (pass eller identitetskort) till examen. (<strong>OBS! K\u00f6rkort g\u00e4ller inte som officiellt identitetsbevis.<\/strong>)<\/li>\n<li>Du f\u00e5r inte anv\u00e4nda ordb\u00f6cker eller andra hj\u00e4lpmedel under examen.<\/li>\n<li>Du f\u00e5r inte anv\u00e4nda mobiltelefon eller dator under examen. Alla elektroniska apparater samlas in innan examen b\u00f6rjar.<\/li>\n<li>Du kan bekanta dig med examen p\u00e5 denna webbplats.<\/li>\n<li>F\u00f6rbereda dig f\u00f6r examen; lyssna och tala spr\u00e5ket s\u00e5 mycket som m\u00f6jligt samt tr\u00e4na och repetera grundl\u00e4ggande saker.<\/li>\n<\/ul>\n<h2>Under examen<\/h2>\n<ul>\n<li>Kom i tid! Om du kommer f\u00f6r sent f\u00e5r du inte delta i examen.<\/li>\n<li>En examen p\u00e5 grund- och mellanniv\u00e5 tar 3\u00bd-4 timmar och p\u00e5 h\u00f6gsta niv\u00e5 5-6 timmar.<\/li>\n<li>Examen genomf\u00f6rs i tv\u00e5 delar:\n<ol>\n<li>delproven i textf\u00f6rst\u00e5else och skriftlig framst\u00e4llning genomf\u00f6rs i klassrum.<\/li>\n<li>delproven i talf\u00f6rst\u00e5else och muntlig framst\u00e4llning genomf\u00f6rs i spr\u00e5kstudio.<\/li>\n<\/ol>\n<\/li>\n<li>L\u00e4s och lyssna instruktionerna noga och f\u00f6lj dem.<\/li>\n<li>F\u00f6rs\u00f6k att svara p\u00e5 alla fr\u00e5gor.<\/li>\n<li>F\u00f6r att f\u00e5 ett intyg m\u00e5ste du genomf\u00f6ra alla delprov.<\/li>\n<\/ul>\n<h2>Efter\u00a0examen<\/h2>\n<ul>\n<li>Du f\u00e5r ett officiellt intyg med posten ungef\u00e4r tv\u00e5 m\u00e5nader efter examen.<\/li>\n<li>I intyget ing\u00e5r en bed\u00f6mning av f\u00e4rdighetsniv\u00e5n i vart och ett av delproven.<\/li>\n<li>Om du \u00e4r missn\u00f6jd med bed\u00f6mningen, kan du ans\u00f6ka om kontrollbed\u00f6mning inom 14 dagar fr\u00e5n den tidpunkt d\u00e5 du har f\u00e5tt intyget. En skriftlig ans\u00f6kan ska skickas per e-post till: kirjaamo@oph.fi<\/li>\n<\/ul>\n<\/div>\n<\/div>\n <!-- RSPEAK_STOP -->","protected":false},"excerpt":{"rendered":"    Anvisningar f\u00f6r deltagare F\u00f6re\u00a0examen Du ska anm\u00e4la dig till examen hos en examensarrang\u00f6r som du har valt (https:\/\/yki.opintopolku.fi\/yki\/ilmoittautuminen). Betala examensavgiften enligt anvisningarna. Ta \n <a class=\"moretag\" href=\"https:\/\/ykitesti.solki.jyu.fi\/sv\/info\/ohjeet\/\"> <\/a>","protected":false},"author":1,"featured_media":0,"parent":28,"menu_order":4,"comment_status":"closed","ping_status":"closed","template":"","meta":{"footnotes":""},"class_list":["post-2","page","type-page","status-publish","hentry"],"translation":{"provider":"WPGlobus","version":"3.0.2","language":"sv","enabled_languages":["fi","en","sv"],"languages":{"fi":{"title":true,"content":true,"excerpt":false},"en":{"title":true,"content":true,"excerpt":false},"sv":{"title":true,"content":true,"excerpt":false}}},"_links":{"self":[{"href":"https:\/\/ykitesti.solki.jyu.fi\/sv\/wp-json\/wp\/v2\/pages\/2","targetHints":{"allow":["GET"]}}],"collection":[{"href":"https:\/\/ykitesti.solki.jyu.fi\/sv\/wp-json\/wp\/v2\/pages"}],"about":[{"href":"https:\/\/ykitesti.solki.jyu.fi\/sv\/wp-json\/wp\/v2\/types\/page"}],"author":[{"embeddable":true,"href":"https:\/\/ykitesti.solki.jyu.fi\/sv\/wp-json\/wp\/v2\/users\/1"}],"replies":[{"embeddable":true,"href":"https:\/\/ykitesti.solki.jyu.fi\/sv\/wp-json\/wp\/v2\/comments?post=2"}],"version-history":[{"count":41,"href":"https:\/\/ykitesti.solki.jyu.fi\/sv\/wp-json\/wp\/v2\/pages\/2\/revisions"}],"predecessor-version":[{"id":1990,"href":"https:\/\/ykitesti.solki.jyu.fi\/sv\/wp-json\/wp\/v2\/pages\/2\/revisions\/1990"}],"up":[{"embeddable":true,"href":"https:\/\/ykitesti.solki.jyu.fi\/sv\/wp-json\/wp\/v2\/pages\/28"}],"wp:attachment":[{"href":"https:\/\/ykitesti.solki.jyu.fi\/sv\/wp-json\/wp\/v2\/media?parent=2"}],"curies":[{"name":"wp","href":"https:\/\/api.w.org\/{rel}","templated":true}]}}