













{"id":14,"date":"2016-06-06T15:09:32","date_gmt":"2016-06-06T12:09:32","guid":{"rendered":"http:\/\/ykitesti.solki.jyu.fi\/?page_id=14"},"modified":"2025-12-31T10:33:07","modified_gmt":"2025-12-31T08:33:07","slug":"etusivu","status":"publish","type":"page","link":"https:\/\/ykitesti.solki.jyu.fi\/sv\/","title":{"rendered":"Framsida"},"content":{"rendered":"<!-- RSPEAK_STOP --> <a href='http:\/\/wr.readspeaker.com\/a\/webreader\/webreader.php?cid=&amp;t=wordpress&amp;url=https:\/\/ykitesti.solki.jyu.fi\/sv\/&amp;title=Framsida' onclick='readpage(this.href, 14); return false;'> <img src=' http:\/\/wr.readspeaker.com\/m\/wr\/images\/listen_.gif' style='border-style: none;' alt=''><\/a><div id='WR_14'><\/div> <!-- RSPEAK_START --> <h1>Allm\u00e4nna spr\u00e5kexaminas testpresentation<\/h1>\n<h3>\nEn ny version av webbplatsen h\u00e5ller p\u00e5 att f\u00f6rberedas!<br \/>\nDu kan komma \u00e5t webbplatsen via denna l\u00e4nk:<br \/>\n<a href=\"https:\/\/ykitesti2.solki.jyu.fi\/ykitesti2\/web\/fi\">https:\/\/ykitesti2.solki.jyu.fi\/ykitesti2\/web\/fi<\/a><\/h3>\n<p>V\u00e4lkommen till Allm\u00e4nna spr\u00e5kexaminas testpresentation! H\u00e4r kan du bekanta dig med delproven och uppgiftstyperna i examina p\u00e5 grund-, mellan- och h\u00f6gsta niv\u00e5. Du kommer ig\u00e5ng genom att v\u00e4lja spr\u00e5k, niv\u00e5 och delprov i menyn p\u00e5 sidans \u00f6vre del.<\/p>\n<p>Den h\u00e4r webbplatsen \u00e4r <strong>INTE<\/strong> en riktig examen utan en presentation som inneh\u00e5ller \u00f6vningsuppgifter och med hj\u00e4lp av dem kan du tr\u00e4na inf\u00f6r examen. Den riktiga examen kan avl\u00e4ggas p\u00e5 officiella testdagar. Testdagarna och -platserna hittar du <strong><a href=\"https:\/\/www.oph.fi\/sv\/utbildning-och-examina\/examensdagar-och-stallen\">h\u00e4r<\/a>.\u00a0<\/strong>Du ska anm\u00e4la dig till examen <a href=\"https:\/\/yki.opintopolku.fi\/yki\/ilmoittautuminen\"><strong>h\u00e4r<\/strong><\/a>.<\/p>\n<p>Mer information:<br \/>\n<strong><a href=\"http:\/\/www.oph.fi\/utbildning_och_examina\/sprakexamina\/allmanna_sprakexamina\">Utbildningsstyrelsen: Allm\u00e4nna spr\u00e5kexamina<\/a><\/strong><\/p>\n <!-- RSPEAK_STOP -->","protected":false},"excerpt":{"rendered":"    Allm\u00e4nna spr\u00e5kexaminas testpresentation En ny version av webbplatsen h\u00e5ller p\u00e5 att f\u00f6rberedas! Du kan komma \u00e5t webbplatsen via denna l\u00e4nk: https:\/\/ykitesti2.solki.jyu.fi\/ykitesti2\/web\/fi V\u00e4lkommen till \n <a class=\"moretag\" href=\"https:\/\/ykitesti.solki.jyu.fi\/sv\/\"> <\/a>","protected":false},"author":1,"featured_media":0,"parent":0,"menu_order":1,"comment_status":"closed","ping_status":"closed","template":"","meta":{"footnotes":""},"class_list":["post-14","page","type-page","status-publish","hentry"],"translation":{"provider":"WPGlobus","version":"3.0.2","language":"sv","enabled_languages":["fi","en","sv"],"languages":{"fi":{"title":true,"content":true,"excerpt":false},"en":{"title":true,"content":true,"excerpt":false},"sv":{"title":true,"content":true,"excerpt":false}}},"_links":{"self":[{"href":"https:\/\/ykitesti.solki.jyu.fi\/sv\/wp-json\/wp\/v2\/pages\/14","targetHints":{"allow":["GET"]}}],"collection":[{"href":"https:\/\/ykitesti.solki.jyu.fi\/sv\/wp-json\/wp\/v2\/pages"}],"about":[{"href":"https:\/\/ykitesti.solki.jyu.fi\/sv\/wp-json\/wp\/v2\/types\/page"}],"author":[{"embeddable":true,"href":"https:\/\/ykitesti.solki.jyu.fi\/sv\/wp-json\/wp\/v2\/users\/1"}],"replies":[{"embeddable":true,"href":"https:\/\/ykitesti.solki.jyu.fi\/sv\/wp-json\/wp\/v2\/comments?post=14"}],"version-history":[{"count":23,"href":"https:\/\/ykitesti.solki.jyu.fi\/sv\/wp-json\/wp\/v2\/pages\/14\/revisions"}],"predecessor-version":[{"id":2053,"href":"https:\/\/ykitesti.solki.jyu.fi\/sv\/wp-json\/wp\/v2\/pages\/14\/revisions\/2053"}],"wp:attachment":[{"href":"https:\/\/ykitesti.solki.jyu.fi\/sv\/wp-json\/wp\/v2\/media?parent=14"}],"curies":[{"name":"wp","href":"https:\/\/api.w.org\/{rel}","templated":true}]}}