













{"id":126,"date":"2016-06-08T10:36:28","date_gmt":"2016-06-08T07:36:28","guid":{"rendered":"http:\/\/ykitesti.solki.jyu.fi\/?page_id=126"},"modified":"2017-09-28T15:23:43","modified_gmt":"2017-09-28T12:23:43","slug":"ylin-taso-puhuminen","status":"publish","type":"page","link":"https:\/\/ykitesti.solki.jyu.fi\/sv\/tutustu-testiin\/testifin\/ylin-taso-puhuminen\/","title":{"rendered":"Ylin taso &#8211; Puhuminen"},"content":{"rendered":"<!-- RSPEAK_STOP --> <a href='http:\/\/wr.readspeaker.com\/a\/webreader\/webreader.php?cid=&amp;t=wordpress&amp;url=https:\/\/ykitesti.solki.jyu.fi\/sv\/tutustu-testiin\/testifin\/ylin-taso-puhuminen\/&amp;title=Ylin taso &#8211; Puhuminen' onclick='readpage(this.href, 126); return false;'> <img src=' http:\/\/wr.readspeaker.com\/m\/wr\/images\/listen_.gif' style='border-style: none;' alt=''><\/a><div id='WR_126'><\/div> <!-- RSPEAK_START --> <p><strong><em>Suomi &#8211; Ylin taso \u2013 Puhuminen<\/em><\/strong><\/p>\n<ul>\n<li>Puhumisen ylimm\u00e4n tason osakokeessa on erilaisia teht\u00e4vi\u00e4, joista osa\u00a0suoritetaan kielistudiossa ja osa haastatteluna. T\u00e4ss\u00e4 on esimerkit teht\u00e4v\u00e4tyypeist\u00e4.<\/li>\n<li>Puhu joka teht\u00e4v\u00e4ss\u00e4 jotain.<\/li>\n<li>Hyv\u00e4ksytty suoritus edellytt\u00e4\u00e4 sit\u00e4, ett\u00e4 puhut teht\u00e4v\u00e4ss\u00e4 annetusta aiheesta!<\/li>\n<li>Jokaiseen teht\u00e4v\u00e4\u00e4n on valmistautumisaika. Vastausajan n\u00e4et teht\u00e4v\u00e4vihkosta.<\/li>\n<\/ul>\n<p>Lue lis\u00e4\u00e4 puhumisen osakokeesta\u00a0<a href=\"https:\/\/www.jyu.fi\/hytk\/fi\/laitokset\/solki\/yki\/yleista\/tietoakielitutkinnoista\/osakoekuvaus\">t\u00e4\u00e4lt\u00e4<\/a>.<\/p>\n<hr \/>\n<div class=\"qmn_quiz_container mlw_qmn_quiz\">\n<form id=\"quizForm27\" class=\"qmn_quiz_form mlw_quiz_form\" action=\"http:\/\/ykitesti.solki.jyu.fi\/kokeile-testia\/testifin\/ylin-taso-puhuminen\/\" method=\"post\" name=\"quizForm27\" novalidate=\"\">\n<div class=\"quiz_section question-section-id-331 slide2\">\n<h2><span style=\"text-decoration: underline;\">Kertominen:<\/span><\/h2>\n<p>Kerro alla olevasta aiheesta mielipiteesi. Sinulla on 1\u00bd minuuttia aikaa puhua. Yrit\u00e4 puhua koko ajan!<\/p>\n<\/div>\n<div class=\"quiz_section question-section-id-332 slide3\">\n<p style=\"border: 3px; border-style: solid; border-color: #123455; padding: 1em;\">Jos voisit vapaasti valita asuinpaikkasi, v\u00e4litt\u00e4m\u00e4tt\u00e4 opiskelu- tai ty\u00f6mahdollisuuksista, niin miss\u00e4 p\u00e4in Suomea haluaisit asua ja miksi? Perustele.<\/p>\n<\/div>\n<div class=\"quiz_section question-section-id-333 slide4\">\n<hr \/>\n<\/div>\n<div class=\"quiz_section question-section-id-333 slide4\">\n<h2><span style=\"text-decoration: underline;\">Tilanteita:<\/span><\/h2>\n<p>Alla on viisi tilannetta. Jokaisessa tilanteessa:<br \/>\n-Kuulet nauhalta tilanteen numeron, esimerkiksi &#8220;Tutustu tilanteeseen yksi&#8221;.<br \/>\n-Tutustu tilanteeseen (20 sek).<br \/>\n-Kuulet \u00e4\u00e4nitteelt\u00e4 &#8220;Puhu nyt&#8221;.<br \/>\n-Puhu, mit\u00e4 sinua pyydet\u00e4\u00e4n tilanteessa sanomaan.<br \/>\n-Puhumisaika on sulkeissa.<br \/>\nMit\u00e4 sanoisit suomeksi seuraavissa tilanteissa?<\/p>\n<\/div>\n<div class=\"quiz_section question-section-id-333 slide4\"><\/div>\n<div class=\"quiz_section question-section-id-334 slide5\">\n<p style=\"border: 3px; border-style: solid; border-color: #123455; padding: 1em;\"><b>Tilanne 1<\/b><br \/>\nSoitat vihaisena matkatoimistoon ja annat palautetta ep\u00e4onnistuneesta matkasta. Kerro, miten matka ep\u00e4onnistui ja vaadi hyvityst\u00e4. Muista my\u00f6s perustella vaatimuksesi. (30 sek)<\/p>\n<p style=\"border: 3px; border-style: solid; border-color: #123455; padding: 1em;\"><b>Tilanne 2<\/b><br \/>\nSinulla on kiire ja puhelin soi. Vastaat ja puhelimessa on gallup-haastattelija, joka haluaisi haastatella sinua noin 5 minuuttia. Et halua puhua nyt. Keksi itse syy ja kielt\u00e4ydy kohteliaasti. (20 sek)<\/p>\n<p style=\"border: 3px; border-style: solid; border-color: #123455; padding: 1em;\"><b>Tilanne 3 <\/b><br \/>\nOlet ollut pahassa onnettomuudessa. Toivuttuasi olet hyvin kiitollinen auttajillesi. Soita heille, selit\u00e4 mist\u00e4 syyst\u00e4 soitat ja kiit\u00e4 avusta. (30 sek)<\/p>\n<p style=\"border: 3px; border-style: solid; border-color: #123455; padding: 1em;\"><b>Tilanne 4<\/b><br \/>\nSoitat verotoimistoon ja haluat tiet\u00e4\u00e4 jotakin omiin veroasioihisi liittyv\u00e4\u00e4. Esittele itsesi ja kerro, miksi soitat. (30 sek)<\/p>\n<p style=\"border: 3px; border-style: solid; border-color: #123455; padding: 1em;\"><b>Tilanne 5<\/b><br \/>\nOlet ruokakaupassa. Er\u00e4s asiakas ei osaa k\u00e4ytt\u00e4\u00e4 pullonpalautuskonetta. Neuvo, miten laite toimii. (30 sek)<\/p>\n<\/div>\n<div class=\"quiz_section question-section-id-335 slide6\">\n<hr \/>\n<h2><span style=\"text-decoration: underline;\">Mielipide:<\/span><\/h2>\n<p>Alla on kaksi aihetta. Valitse <b><u>yksi<\/u><\/b> aihe (A <u>tai<\/u> B) ja kerro siit\u00e4 mielipiteesi <b>suomeksi<\/b>. Lue aiheen kysymykset. Sinulla on 2 minuuttia aikaa puhua. Puhu koko ajan! Perustele mielipiteesi hyvin.<\/p>\n<\/div>\n<div class=\"quiz_section question-section-id-335 slide6\"><\/div>\n<div class=\"quiz_section question-section-id-336 slide7\" style=\"padding-left: 30px;\">\n<h4>A) Tarvitaanko sanomalehti\u00e4 nettiaikana?<\/h4>\n<h4>-Mit\u00e4 mielt\u00e4 olet asiasta? Perustele.<br \/>\n-Mit\u00e4 seurauksia netin suosion kasvu on aiheuttanut media-alalle?<br \/>\n-Miten sanomalehtien asemaa voitaisiin tukea?<br \/>\n-Mit\u00e4 haittaa ja hy\u00f6ty\u00e4 siit\u00e4 on, ett\u00e4 verkkolehtien m\u00e4\u00e4r\u00e4 kasvaa?<br \/>\n-Miten arvelet tilanteen muuttuvan tulevaisuudessa?<\/h4>\n<h4>B) Onko ajokortti nykymaailmassa v\u00e4ltt\u00e4m\u00e4t\u00f6n?<\/h4>\n<h4>-Onko sinulla ajokortti? Jos on, p\u00e4rj\u00e4isitk\u00f6 ilman sit\u00e4? Jos ei, miksi ei?<br \/>\n-Suomessa ajokortin voi saada 18-vuotiaana. Mit\u00e4 mielt\u00e4 olet ik\u00e4rajasta? Pit\u00e4isik\u00f6 olla my\u00f6s yl\u00e4ikaraja? Perustele.<br \/>\n-Miten entisess\u00e4 kotimaassasi voi hankkia ajokortin? Mitk\u00e4 sen kustannukset ovat verrattuna Suomeen?<br \/>\n-Mit\u00e4 pit\u00e4\u00e4 mielest\u00e4si osata, jotta voi saada ajokortin?<br \/>\n-Kenelle ajokortti on v\u00e4ltt\u00e4m\u00e4t\u00f6n? Kenelle ei? Miksi?<br \/>\n-Miten ajokorttik\u00e4yt\u00e4nteit\u00e4 voisi uudistaa Suomessa?<\/h4>\n<\/div>\n<div class=\"quiz_section question-section-id-339 slide8\">\n<hr \/>\n<h2><span style=\"text-decoration: underline;\">Haastattelu:<\/span><\/h2>\n<p>Haastattelussa keskustellaan kahdesta valitsemastasi aiheesta. Haastattelu kest\u00e4\u00e4 kokonaisuudessaan noin 15 minuuttia. Haastattelu nauhoitetaan videolle. Puhu aktiivisesti! Muista, ett\u00e4 keskustelussa ei ole oikeita tai v\u00e4\u00e4ri\u00e4 vastauksia, vaan t\u00e4rkeint\u00e4 on, ett\u00e4 ilmaiset, mit\u00e4 mielt\u00e4 ole keskusteltavasta aiheesta ja miksi.<\/p>\n<\/div>\n<div class=\"quiz_section question-section-id-340 slide9\">\n<h4 style=\"padding-left: 30px;\"><b>Valitse alla olevista aiheista kaksi, joista haluat keskustella.<\/b><br \/>\nA. Suomi tarvitsee ty\u00f6per\u00e4ist\u00e4 maahanmuuttoa<br \/>\nB. Sanomalehdet ovat muuttuneet viihteellisemp\u00e4\u00e4n suuntaan<br \/>\nC. Kansalaisaktivismia tarvitaan entist\u00e4 enemm\u00e4n<\/h4>\n<\/div>\n<\/form>\n<\/div>\n <!-- RSPEAK_STOP -->","protected":false},"excerpt":{"rendered":"    Suomi &#8211; Ylin taso \u2013 Puhuminen Puhumisen ylimm\u00e4n tason osakokeessa on erilaisia teht\u00e4vi\u00e4, joista osa\u00a0suoritetaan kielistudiossa ja osa haastatteluna. T\u00e4ss\u00e4 on esimerkit teht\u00e4v\u00e4tyypeist\u00e4. \n <a class=\"moretag\" href=\"https:\/\/ykitesti.solki.jyu.fi\/sv\/tutustu-testiin\/testifin\/ylin-taso-puhuminen\/\"> <\/a>","protected":false},"author":1,"featured_media":0,"parent":10,"menu_order":0,"comment_status":"closed","ping_status":"closed","template":"","meta":{"footnotes":""},"class_list":["post-126","page","type-page","status-publish","hentry"],"translation":{"provider":"WPGlobus","version":"3.0.2","language":"sv","enabled_languages":["fi","en","sv"],"languages":{"fi":{"title":true,"content":true,"excerpt":false},"en":{"title":false,"content":false,"excerpt":false},"sv":{"title":false,"content":false,"excerpt":false}}},"_links":{"self":[{"href":"https:\/\/ykitesti.solki.jyu.fi\/sv\/wp-json\/wp\/v2\/pages\/126","targetHints":{"allow":["GET"]}}],"collection":[{"href":"https:\/\/ykitesti.solki.jyu.fi\/sv\/wp-json\/wp\/v2\/pages"}],"about":[{"href":"https:\/\/ykitesti.solki.jyu.fi\/sv\/wp-json\/wp\/v2\/types\/page"}],"author":[{"embeddable":true,"href":"https:\/\/ykitesti.solki.jyu.fi\/sv\/wp-json\/wp\/v2\/users\/1"}],"replies":[{"embeddable":true,"href":"https:\/\/ykitesti.solki.jyu.fi\/sv\/wp-json\/wp\/v2\/comments?post=126"}],"version-history":[{"count":14,"href":"https:\/\/ykitesti.solki.jyu.fi\/sv\/wp-json\/wp\/v2\/pages\/126\/revisions"}],"predecessor-version":[{"id":1411,"href":"https:\/\/ykitesti.solki.jyu.fi\/sv\/wp-json\/wp\/v2\/pages\/126\/revisions\/1411"}],"up":[{"embeddable":true,"href":"https:\/\/ykitesti.solki.jyu.fi\/sv\/wp-json\/wp\/v2\/pages\/10"}],"wp:attachment":[{"href":"https:\/\/ykitesti.solki.jyu.fi\/sv\/wp-json\/wp\/v2\/media?parent=126"}],"curies":[{"name":"wp","href":"https:\/\/api.w.org\/{rel}","templated":true}]}}