













{"id":1246,"date":"2016-11-18T14:45:32","date_gmt":"2016-11-18T12:45:32","guid":{"rendered":"http:\/\/ykitesti.solki.jyu.fi\/?page_id=1246"},"modified":"2016-11-18T14:45:32","modified_gmt":"2016-11-18T12:45:32","slug":"italia-keskitaso-puhuminen","status":"publish","type":"page","link":"https:\/\/ykitesti.solki.jyu.fi\/sv\/tutustu-testiin\/italia\/italia-keskitaso-puhuminen\/","title":{"rendered":"Italiensk &#8211; Mellanniv\u00e5 &#8211; Talproduktion"},"content":{"rendered":"<!-- RSPEAK_STOP --> <a href='http:\/\/wr.readspeaker.com\/a\/webreader\/webreader.php?cid=&amp;t=wordpress&amp;url=https:\/\/ykitesti.solki.jyu.fi\/sv\/tutustu-testiin\/italia\/italia-keskitaso-puhuminen\/&amp;title=Italiensk &#8211; Mellanniv\u00e5 &#8211; Talproduktion' onclick='readpage(this.href, 1246); return false;'> <img src=' http:\/\/wr.readspeaker.com\/m\/wr\/images\/listen_.gif' style='border-style: none;' alt=''><\/a><div id='WR_1246'><\/div> <!-- RSPEAK_START --> <p><em><strong>Italiensk &#8211; Mellanniv\u00e5 &#8211; Talproduktion<\/strong><\/em><\/p>\n<hr \/>\n<h2><span style=\"text-decoration: underline;\"><strong>Uppgift 1. Att ber\u00e4tta <\/strong><\/span><\/h2>\n<p>Ber\u00e4tta <strong>p\u00e5 italienska<\/strong> lite om din skoltid. Tala f\u00f6rst om <strong>vad du heter<\/strong>, och sedan kan du ber\u00e4tta till exempel<\/p>\n<ul>\n<li>var du gick i skola? (Du f\u00e5r sj\u00e4lv best\u00e4mma vilket skolstadium du talar om.)<\/li>\n<li>hurdan din skola var?<\/li>\n<li>hurdana l\u00e4rare du hade?<\/li>\n<li>n\u00e5gon rolig \/ sorglig \/ sn\u00f6plig episod fr\u00e5n skol\u00e5ren.<\/li>\n<\/ul>\n<p>Du har en minut tid att f\u00f6rbereda dig. G\u00f6r g\u00e4rna anteckningar under f\u00f6rberedelsetiden, s\u00e5 att du inte gl\u00f6mmer vad du vill s\u00e4ga. Du ska b\u00f6rja tala n\u00e4r du h\u00f6r: <em>\u201cCominciate a parlare adesso\u201d<\/em> p\u00e5 bandet. Du har 1 \u00bd minut p\u00e5 dig att tala. F\u00f6rs\u00f6k att tala hela tiden!<\/p>\n<p><strong>F\u00f6rberedelsetid:\u00a0 1 minut<\/strong><br \/>\n<strong>Taltid: \u00a01\u00bd minut<\/strong><\/p>\n<hr \/>\n<h2><span style=\"text-decoration: underline;\">Uppgift 2. Situationer<\/span><\/h2>\n<p>Nedan finns situationer d\u00e4r du kan beh\u00f6va tala italienska. Situationer g\u00e5r igenom en i taget.<br \/>\nSvarstid \u00e4r inom parentes.<\/p>\n<p>Vad skulle du s\u00e4ga i <strong>italienska<\/strong> i f\u00f6ljande situationer:<\/p>\n<p style=\"border: 3px; border-style: solid; border-color: #123455; padding: 1em;\"><strong>Situation 1.<\/strong>\u00a0 En kund som talar italienska fr\u00e5gar per telefon efter en produkt som ert f\u00f6retag aldrig har s\u00e5lt. F\u00f6rklara artigt detta f\u00f6r kunden. (25 sek)<\/p>\n<hr \/>\n<h2><span style=\"text-decoration: underline;\"><strong>Uppgift 3. \u00c5sikt<\/strong><\/span><\/h2>\n<p>Nedan ges alternativa teman. V\u00e4lj <strong>ett<\/strong> tema och <strong>framf\u00f6r dina \u00e5sikter om detta tema j\u00e4mte motiveringar p\u00e5 italienska<\/strong>. F\u00f6rs\u00f6k tala s\u00e5 ledigt som m\u00f6jligt.<\/p>\n<p>Du har tv\u00e5 minuter p\u00e5 dig att t\u00e4nka ut vad du ska s\u00e4ga. Under tiden du f\u00f6rbereder dig kan du g\u00f6ra anteckningar. Du ska b\u00f6rja tala n\u00e4r de s\u00e4ger p\u00e5 bandet: <em>\u201cCominciate a parlare adesso.\u201d<\/em> Du har tv\u00e5 minuter p\u00e5 dig att tala. F\u00f6rs\u00f6k att tala hela tiden!<\/p>\n<p><strong>F\u00f6rberedelsetid: 2 minuter<\/strong><br \/>\n<strong>Taltid: 2 minuter<\/strong><\/p>\n<ol>\n<li><strong>A questo lusso non rinuncerei mai<\/strong><\/li>\n<\/ol>\n<ul>\n<li>Vilken vardagslyx skulle du inte vilja avst\u00e5 fr\u00e5n? Vilken \u00e4r den lilla men inte s\u00e5 viktiga sak eller f\u00f6rem\u00e5l som du njuter av och som du inte vill avst\u00e5 fr\u00e5n, om du inte \u00e4r tvungen?<\/li>\n<li>Varf\u00f6r skulle du inte avst\u00e5 fr\u00e5n saken\/f\u00f6rem\u00e5let?<\/li>\n<li>Hur dyr blir den f\u00f6r dig, denna lyx?<\/li>\n<\/ul>\n <!-- RSPEAK_STOP -->","protected":false},"excerpt":{"rendered":"    Italiensk &#8211; Mellanniv\u00e5 &#8211; Talproduktion Uppgift 1. Att ber\u00e4tta Ber\u00e4tta p\u00e5 italienska lite om din skoltid. Tala f\u00f6rst om vad du heter, och \n <a class=\"moretag\" href=\"https:\/\/ykitesti.solki.jyu.fi\/sv\/tutustu-testiin\/italia\/italia-keskitaso-puhuminen\/\"> <\/a>","protected":false},"author":1,"featured_media":0,"parent":1209,"menu_order":0,"comment_status":"closed","ping_status":"closed","template":"","meta":{"footnotes":""},"class_list":["post-1246","page","type-page","status-publish","hentry"],"translation":{"provider":"WPGlobus","version":"3.0.2","language":"sv","enabled_languages":["fi","en","sv"],"languages":{"fi":{"title":true,"content":true,"excerpt":false},"en":{"title":false,"content":false,"excerpt":false},"sv":{"title":true,"content":true,"excerpt":false}}},"_links":{"self":[{"href":"https:\/\/ykitesti.solki.jyu.fi\/sv\/wp-json\/wp\/v2\/pages\/1246","targetHints":{"allow":["GET"]}}],"collection":[{"href":"https:\/\/ykitesti.solki.jyu.fi\/sv\/wp-json\/wp\/v2\/pages"}],"about":[{"href":"https:\/\/ykitesti.solki.jyu.fi\/sv\/wp-json\/wp\/v2\/types\/page"}],"author":[{"embeddable":true,"href":"https:\/\/ykitesti.solki.jyu.fi\/sv\/wp-json\/wp\/v2\/users\/1"}],"replies":[{"embeddable":true,"href":"https:\/\/ykitesti.solki.jyu.fi\/sv\/wp-json\/wp\/v2\/comments?post=1246"}],"version-history":[{"count":1,"href":"https:\/\/ykitesti.solki.jyu.fi\/sv\/wp-json\/wp\/v2\/pages\/1246\/revisions"}],"predecessor-version":[{"id":1247,"href":"https:\/\/ykitesti.solki.jyu.fi\/sv\/wp-json\/wp\/v2\/pages\/1246\/revisions\/1247"}],"up":[{"embeddable":true,"href":"https:\/\/ykitesti.solki.jyu.fi\/sv\/wp-json\/wp\/v2\/pages\/1209"}],"wp:attachment":[{"href":"https:\/\/ykitesti.solki.jyu.fi\/sv\/wp-json\/wp\/v2\/media?parent=1246"}],"curies":[{"name":"wp","href":"https:\/\/api.w.org\/{rel}","templated":true}]}}