













{"id":1241,"date":"2016-11-15T15:49:20","date_gmt":"2016-11-15T13:49:20","guid":{"rendered":"http:\/\/ykitesti.solki.jyu.fi\/?page_id=1241"},"modified":"2016-11-15T15:49:20","modified_gmt":"2016-11-15T13:49:20","slug":"italia-perustaso-puhuminen","status":"publish","type":"page","link":"https:\/\/ykitesti.solki.jyu.fi\/sv\/tutustu-testiin\/italia\/italia-perustaso-puhuminen\/","title":{"rendered":"Italiensk &#8211; Grundniv\u00e5 &#8211; Talproduktion"},"content":{"rendered":"<!-- RSPEAK_STOP --> <a href='http:\/\/wr.readspeaker.com\/a\/webreader\/webreader.php?cid=&amp;t=wordpress&amp;url=https:\/\/ykitesti.solki.jyu.fi\/sv\/tutustu-testiin\/italia\/italia-perustaso-puhuminen\/&amp;title=Italiensk &#8211; Grundniv\u00e5 &#8211; Talproduktion' onclick='readpage(this.href, 1241); return false;'> <img src=' http:\/\/wr.readspeaker.com\/m\/wr\/images\/listen_.gif' style='border-style: none;' alt=''><\/a><div id='WR_1241'><\/div> <!-- RSPEAK_START --> <p><em><strong>Italiensk &#8211; Grundniv\u00e5 &#8211; Talproduktion<\/strong><\/em><\/p>\n<hr \/>\n<h2><span style=\"text-decoration: underline;\"><strong>Uppgift 1. N\u00e5gra samtal<\/strong><\/span><\/h2>\n<p>Nedan beskrivs X talsituationer. Du f\u00e5r bekanta dig med \u00e4mnet f\u00f6re varje talsituation. Inom parentes ser du tips p\u00e5 vad du ska s\u00e4ga <strong>p\u00e5 italienska<\/strong>. Du f\u00e5r h\u00f6ra din samtalspartners repliker p\u00e5 band, och de \u00e4r markerade med stj\u00e4rnor i uppgiftsh\u00e4ftet (t.ex. Talaren: *****). Svara p\u00e5 replikerna s\u00e5 ledigt och naturligt som du bara kan. Svarstiden anges inom parentes.<\/p>\n<p><strong>Situation 1.<em> Du har tappat din klocka under en fotbollsmatch och g\u00e5r n\u00e4sta dag till hittegodsbyr\u00e5n p\u00e5 stadion f\u00f6r att fr\u00e5ga efter den<\/em><\/strong><strong>.<\/strong><\/p>\n<audio class=\"wp-audio-shortcode\" id=\"audio-1241-1\" preload=\"none\" style=\"width: 100%;\" controls=\"controls\"><source type=\"audio\/mpeg\" src=\"http:\/\/ykitesti.solki.jyu.fi\/wp-content\/uploads\/2016\/06\/itptpu_002.mp3?_=1\" \/><a href=\"http:\/\/ykitesti.solki.jyu.fi\/wp-content\/uploads\/2016\/06\/itptpu_002.mp3\">http:\/\/ykitesti.solki.jyu.fi\/wp-content\/uploads\/2016\/06\/itptpu_002.mp3<\/a><\/audio>\n<p style=\"border: 3px; border-style: solid; border-color: #123455; padding: 1em;\">\nTj\u00e4nstemannen:\u00a0\u00a0\u00a0\u00a0\u00a0\u00a0\u00a0 *****<br \/>\nDU:\u00a0\u00a0\u00a0\u00a0\u00a0\u00a0\u00a0\u00a0\u00a0\u00a0\u00a0\u00a0\u00a0\u00a0\u00a0\u00a0\u00a0\u00a0\u00a0\u00a0\u00a0\u00a0\u00a0\u00a0\u00a0\u00a0\u00a0\u00a0\u00a0\u00a0 [Presentera dig och tala om vad som har h\u00e4nt och n\u00e4r.] <em>(25 sek)<\/em><br \/>\nTj\u00e4nstemannen:\u00a0\u00a0\u00a0\u00a0\u00a0\u00a0\u00a0 *****<br \/>\nDU:\u00a0\u00a0\u00a0\u00a0\u00a0\u00a0\u00a0\u00a0\u00a0\u00a0\u00a0\u00a0\u00a0\u00a0\u00a0\u00a0\u00a0\u00a0\u00a0\u00a0\u00a0\u00a0\u00a0\u00a0\u00a0\u00a0\u00a0\u00a0\u00a0\u00a0 [Beskriv din klocka.] <em>(20 sek)<\/em><br \/>\nTj\u00e4nstemannen:\u00a0\u00a0\u00a0\u00a0\u00a0\u00a0\u00a0 *****<br \/>\nDU:\u00a0\u00a0\u00a0\u00a0\u00a0\u00a0\u00a0\u00a0\u00a0\u00a0\u00a0\u00a0\u00a0\u00a0\u00a0\u00a0\u00a0\u00a0\u00a0\u00a0\u00a0\u00a0\u00a0\u00a0\u00a0\u00a0\u00a0\u00a0\u00a0\u00a0 [S\u00e4g att det f\u00f6rh\u00e5ller sig s\u00e5 och uttryck besvikelse.] <em>(20 sek)<\/em><br \/>\nTj\u00e4nstemannen:\u00a0\u00a0\u00a0\u00a0\u00a0\u00a0\u00a0 *****<br \/>\nDU:\u00a0\u00a0\u00a0\u00a0\u00a0\u00a0\u00a0\u00a0\u00a0\u00a0\u00a0\u00a0\u00a0\u00a0\u00a0\u00a0\u00a0\u00a0\u00a0\u00a0\u00a0\u00a0\u00a0\u00a0\u00a0\u00a0\u00a0\u00a0\u00a0\u00a0 [Tala om varf\u00f6r just den klockan betyder s\u00e5 mycket f\u00f6r dig.]\u00a0<em>(25 sek)<\/em><br \/>\nTj\u00e4nstemannen:\u00a0\u00a0\u00a0\u00a0\u00a0\u00a0\u00a0 *****<br \/>\nDU:\u00a0\u00a0\u00a0\u00a0\u00a0\u00a0\u00a0\u00a0\u00a0\u00a0\u00a0\u00a0\u00a0\u00a0\u00a0\u00a0\u00a0\u00a0\u00a0\u00a0\u00a0\u00a0\u00a0\u00a0\u00a0\u00a0\u00a0\u00a0\u00a0\u00a0 [Svara jakande. N\u00e4r du letar efter en penna i v\u00e4skan, s\u00e5 hittar du ocks\u00e5 klockan. Uttryck din gl\u00e4dje \u00f6ver fyndet.] <em>(25 sek)<\/em><br \/>\nTj\u00e4nstemannen:\u00a0\u00a0\u00a0\u00a0\u00a0\u00a0\u00a0 *****<br \/>\nDU:\u00a0\u00a0\u00a0\u00a0\u00a0\u00a0\u00a0\u00a0\u00a0\u00a0\u00a0\u00a0\u00a0\u00a0\u00a0\u00a0\u00a0\u00a0\u00a0\u00a0\u00a0\u00a0\u00a0\u00a0\u00a0\u00a0\u00a0\u00a0\u00a0\u00a0 [Svara.] <em>(10 sek)<\/em><\/p>\n<hr \/>\n<h2><span style=\"text-decoration: underline;\">Uppgift 2. Situationer<\/span><\/h2>\n<p>Nedan finns fem situationer d\u00e4r du kan beh\u00f6va tala italienska. Situationer g\u00e5r igenom en i taget.<\/p>\n<p>Svarstid \u00e4r inom parentes.<\/p>\n<p>Vad skulle du s\u00e4ga i <strong>italienska<\/strong> i f\u00f6ljande situationer:<\/p>\n<p><strong>I telefonen<\/strong><\/p>\n<p style=\"border: 3px; border-style: solid; border-color: #123455; padding: 1em;\"><strong>Situation 1.<\/strong>\u00a0 Presentera dig och be att f\u00e5 tala med ingenj\u00f6r Bianchi. Fr\u00e5gan g\u00e4ller ert m\u00f6te. (20 sek)<\/p>\n<p style=\"border: 3px; border-style: solid; border-color: #123455; padding: 1em;\"><strong>Situation 2.<\/strong> Linjen \u00e4r d\u00e5lig, och du kan inte h\u00f6ra vad din samtalspartner s\u00e4ger. Be denna s\u00e4ga det en g\u00e5ng till. (15 sek)<\/p>\n<p style=\"border: 3px; border-style: solid; border-color: #123455; padding: 1em;\"><strong>Situation 3.<\/strong>\u00a0 Tacka f\u00f6r upplysningarna och s\u00e4g att du ringer p\u00e5 nytt i eftermiddag. Avsluta samtalet artigt. (20 sek)<\/p>\n<hr \/>\n<h2><span style=\"text-decoration: underline;\"><strong>Uppgift 3. Kort anf\u00f6rande<\/strong><\/span><\/h2>\n<p>Nedan ges alternativa teman. V\u00e4lj <strong>ett<\/strong> tema och <strong>framf\u00f6r dina \u00e5sikter om detta tema j\u00e4mte motiveringar<\/strong>. F\u00f6rs\u00f6k tala s\u00e5 ledigt som m\u00f6jligt.<\/p>\n<p>Du har tv\u00e5 minuter p\u00e5 dig att t\u00e4nka ut vad du ska s\u00e4ga. Under tiden du f\u00f6rbereder dig kan du g\u00f6ra anteckningar. Du ska b\u00f6rja tala n\u00e4r de s\u00e4ger p\u00e5 bandet: <em>\u201dCominciate a parlare adesso\u201d<\/em>. Du har tv\u00e5 minuter p\u00e5 dig att tala. F\u00f6rs\u00f6k att tala hela tiden!<\/p>\n<p><strong>F\u00f6rberedelsetid:\u00a0\u00a0 2 minuter<\/strong><br \/>\n<strong>Taltid:\u00a0\u00a0\u00a0\u00a0\u00a0\u00a0\u00a0\u00a0\u00a0\u00a0\u00a0\u00a0\u00a0\u00a0\u00a0\u00a0\u00a0\u00a0\u00a0\u00a0\u00a0 2 minuter<\/strong><\/p>\n<ol>\n<li><strong>Leggere i giornali<\/strong><\/li>\n<\/ol>\n<ul>\n<li>Vilka tidningar l\u00e4ser du? Varf\u00f6r?<\/li>\n<li>Hur mycket tid g\u00e5r dagligen \u00e5t till tidningsl\u00e4sning?<\/li>\n<li>Vad l\u00e4ser du i tidningen?<\/li>\n<li>Hurdan \u00e4r en bra tidning, tycker du?<\/li>\n<li>Vilka nyheter stannar i minnet och varf\u00f6r? Ge exempel och motivera dem!<\/li>\n<\/ul>\n <!-- RSPEAK_STOP -->","protected":false},"excerpt":{"rendered":"    Italiensk &#8211; Grundniv\u00e5 &#8211; Talproduktion Uppgift 1. N\u00e5gra samtal Nedan beskrivs X talsituationer. Du f\u00e5r bekanta dig med \u00e4mnet f\u00f6re varje talsituation. Inom \n <a class=\"moretag\" href=\"https:\/\/ykitesti.solki.jyu.fi\/sv\/tutustu-testiin\/italia\/italia-perustaso-puhuminen\/\"> <\/a>","protected":false},"author":1,"featured_media":0,"parent":1209,"menu_order":0,"comment_status":"closed","ping_status":"closed","template":"","meta":{"footnotes":""},"class_list":["post-1241","page","type-page","status-publish","hentry"],"translation":{"provider":"WPGlobus","version":"3.0.2","language":"sv","enabled_languages":["fi","en","sv"],"languages":{"fi":{"title":true,"content":true,"excerpt":false},"en":{"title":false,"content":false,"excerpt":false},"sv":{"title":true,"content":true,"excerpt":false}}},"_links":{"self":[{"href":"https:\/\/ykitesti.solki.jyu.fi\/sv\/wp-json\/wp\/v2\/pages\/1241","targetHints":{"allow":["GET"]}}],"collection":[{"href":"https:\/\/ykitesti.solki.jyu.fi\/sv\/wp-json\/wp\/v2\/pages"}],"about":[{"href":"https:\/\/ykitesti.solki.jyu.fi\/sv\/wp-json\/wp\/v2\/types\/page"}],"author":[{"embeddable":true,"href":"https:\/\/ykitesti.solki.jyu.fi\/sv\/wp-json\/wp\/v2\/users\/1"}],"replies":[{"embeddable":true,"href":"https:\/\/ykitesti.solki.jyu.fi\/sv\/wp-json\/wp\/v2\/comments?post=1241"}],"version-history":[{"count":2,"href":"https:\/\/ykitesti.solki.jyu.fi\/sv\/wp-json\/wp\/v2\/pages\/1241\/revisions"}],"predecessor-version":[{"id":1243,"href":"https:\/\/ykitesti.solki.jyu.fi\/sv\/wp-json\/wp\/v2\/pages\/1241\/revisions\/1243"}],"up":[{"embeddable":true,"href":"https:\/\/ykitesti.solki.jyu.fi\/sv\/wp-json\/wp\/v2\/pages\/1209"}],"wp:attachment":[{"href":"https:\/\/ykitesti.solki.jyu.fi\/sv\/wp-json\/wp\/v2\/media?parent=1241"}],"curies":[{"name":"wp","href":"https:\/\/api.w.org\/{rel}","templated":true}]}}