













{"id":124,"date":"2016-06-08T10:36:13","date_gmt":"2016-06-08T07:36:13","guid":{"rendered":"http:\/\/ykitesti.solki.jyu.fi\/?page_id=124"},"modified":"2017-09-28T15:24:32","modified_gmt":"2017-09-28T12:24:32","slug":"ylin-taso-kirjoittaminen","status":"publish","type":"page","link":"https:\/\/ykitesti.solki.jyu.fi\/sv\/tutustu-testiin\/testifin\/ylin-taso-kirjoittaminen\/","title":{"rendered":"Ylin taso &#8211; Kirjoittaminen"},"content":{"rendered":"<!-- RSPEAK_STOP --> <a href='http:\/\/wr.readspeaker.com\/a\/webreader\/webreader.php?cid=&amp;t=wordpress&amp;url=https:\/\/ykitesti.solki.jyu.fi\/sv\/tutustu-testiin\/testifin\/ylin-taso-kirjoittaminen\/&amp;title=Ylin taso &#8211; Kirjoittaminen' onclick='readpage(this.href, 124); return false;'> <img src=' http:\/\/wr.readspeaker.com\/m\/wr\/images\/listen_.gif' style='border-style: none;' alt=''><\/a><div id='WR_124'><\/div> <!-- RSPEAK_START --> <p><em><strong>Suomi &#8211; Ylin taso\u00a0\u2013 Kirjoittaminen<\/strong><\/em><\/p>\n<div class=\"qmn_quiz_container mlw_qmn_quiz\">\n<form id=\"quizForm8\" class=\"qmn_quiz_form mlw_quiz_form\" action=\"http:\/\/ykitesti.solki.jyu.fi\/kokeile-testia\/testifin\/ylin-taso-kirjoittaminen\/\" method=\"post\" name=\"quizForm8\" novalidate=\"\">\n<div class=\"quiz_section question-section-id-62 slide2\">\n<p>-Kirjoittamisen osakokeessa on<span style=\"text-decoration: underline;\"> kolme<\/span> erityyppist\u00e4 kirjoitusteht\u00e4v\u00e4\u00e4. T\u00e4ss\u00e4 on\u00a0esimerkkej\u00e4 teht\u00e4vist\u00e4.<br \/>\n-Kirjoittamisen osakokeen suorittaminen edellytt\u00e4\u00e4 kaikkien teht\u00e4vien tekemist\u00e4.<br \/>\n-Kirjoita selke\u00e4ll\u00e4 k\u00e4sialalla<br \/>\n-Noudata tarkasti teht\u00e4viss\u00e4 annettuja ohjeita<\/p>\n<p>Lue lis\u00e4\u00e4 kirjoittamisen osakokeesta <a href=\"https:\/\/www.jyu.fi\/hytk\/fi\/laitokset\/solki\/yki\/yleista\/tietoakielitutkinnoista\/osakoekuvaus\">t\u00e4\u00e4lt\u00e4<\/a>.<\/p>\n<hr \/>\n<h2><\/h2>\n<h2><span style=\"text-decoration: underline;\">S\u00e4hk\u00f6postiviesti:<\/span><\/h2>\n<p>Kirjoita s\u00e4hk\u00f6postiviesti annetusta aiheesta.<\/p>\n<\/div>\n<div class=\"quiz_section question-section-id-63 slide3\">\n<h4 style=\"padding-left: 30px;\">Matkustat junalla Suomessa. Kun tulet matkakohteeseesi, juna on my\u00f6h\u00e4ss\u00e4 45 minuuttia. My\u00f6h\u00e4styt sinulle t\u00e4rke\u00e4st\u00e4 tapaamisesta. Olet niin vihainen, ett\u00e4 kirjoitat s\u00e4hk\u00f6postin VR:lle. Kerro s\u00e4hk\u00f6postissasi:<br \/>\n&#8211; Miksi kirjoitat?<br \/>\n&#8211; Mit\u00e4 my\u00f6h\u00e4styminen sinulle aiheutti ja maksoi?<br \/>\n&#8211; Mit\u00e4 VR:n t\u00e4ytyisi tehd\u00e4?<\/h4>\n<hr \/>\n<h4><\/h4>\n<\/div>\n<div class=\"quiz_section question-section-id-64 slide4\">\n<h2><span style=\"text-decoration: underline;\">Mielipidekirjoitus:<\/span><\/h2>\n<p>Kirjoita mielipiteesi lehden mielipidepalstalle. Valitse aiheista yksi ja kirjoita, mit\u00e4 ajattelet aiheesta. Perustele mielipiteesi hyvin. Kirjoita selv\u00e4ll\u00e4 k\u00e4sialalla.<\/p>\n<\/div>\n<div class=\"quiz_section question-section-id-65 slide5\">\n<h4 style=\"padding-left: 30px;\">A. Ekologinen matkailu \u2013 toiveajatteluako?<\/h4>\n<h4 style=\"padding-left: 30px;\">B. Hyv\u00e4 ty\u00f6ilmapiiri<\/h4>\n<\/div>\n<\/form>\n<\/div>\n <!-- RSPEAK_STOP -->","protected":false},"excerpt":{"rendered":"    Suomi &#8211; Ylin taso\u00a0\u2013 Kirjoittaminen -Kirjoittamisen osakokeessa on kolme erityyppist\u00e4 kirjoitusteht\u00e4v\u00e4\u00e4. T\u00e4ss\u00e4 on\u00a0esimerkkej\u00e4 teht\u00e4vist\u00e4. -Kirjoittamisen osakokeen suorittaminen edellytt\u00e4\u00e4 kaikkien teht\u00e4vien tekemist\u00e4. -Kirjoita selke\u00e4ll\u00e4 \n <a class=\"moretag\" href=\"https:\/\/ykitesti.solki.jyu.fi\/sv\/tutustu-testiin\/testifin\/ylin-taso-kirjoittaminen\/\"> <\/a>","protected":false},"author":1,"featured_media":0,"parent":10,"menu_order":0,"comment_status":"closed","ping_status":"closed","template":"","meta":{"footnotes":""},"class_list":["post-124","page","type-page","status-publish","hentry"],"translation":{"provider":"WPGlobus","version":"3.0.2","language":"sv","enabled_languages":["fi","en","sv"],"languages":{"fi":{"title":true,"content":true,"excerpt":false},"en":{"title":false,"content":false,"excerpt":false},"sv":{"title":false,"content":false,"excerpt":false}}},"_links":{"self":[{"href":"https:\/\/ykitesti.solki.jyu.fi\/sv\/wp-json\/wp\/v2\/pages\/124","targetHints":{"allow":["GET"]}}],"collection":[{"href":"https:\/\/ykitesti.solki.jyu.fi\/sv\/wp-json\/wp\/v2\/pages"}],"about":[{"href":"https:\/\/ykitesti.solki.jyu.fi\/sv\/wp-json\/wp\/v2\/types\/page"}],"author":[{"embeddable":true,"href":"https:\/\/ykitesti.solki.jyu.fi\/sv\/wp-json\/wp\/v2\/users\/1"}],"replies":[{"embeddable":true,"href":"https:\/\/ykitesti.solki.jyu.fi\/sv\/wp-json\/wp\/v2\/comments?post=124"}],"version-history":[{"count":11,"href":"https:\/\/ykitesti.solki.jyu.fi\/sv\/wp-json\/wp\/v2\/pages\/124\/revisions"}],"predecessor-version":[{"id":1413,"href":"https:\/\/ykitesti.solki.jyu.fi\/sv\/wp-json\/wp\/v2\/pages\/124\/revisions\/1413"}],"up":[{"embeddable":true,"href":"https:\/\/ykitesti.solki.jyu.fi\/sv\/wp-json\/wp\/v2\/pages\/10"}],"wp:attachment":[{"href":"https:\/\/ykitesti.solki.jyu.fi\/sv\/wp-json\/wp\/v2\/media?parent=124"}],"curies":[{"name":"wp","href":"https:\/\/api.w.org\/{rel}","templated":true}]}}