













{"id":1212,"date":"2016-11-09T17:25:20","date_gmt":"2016-11-09T15:25:20","guid":{"rendered":"http:\/\/ykitesti.solki.jyu.fi\/?page_id=1212"},"modified":"2016-11-09T17:25:20","modified_gmt":"2016-11-09T15:25:20","slug":"italia-perustaso-kirjoittaminen","status":"publish","type":"page","link":"https:\/\/ykitesti.solki.jyu.fi\/sv\/tutustu-testiin\/italia\/italia-perustaso-kirjoittaminen\/","title":{"rendered":"Italiensk &#8211; Grundniv\u00e5 &#8211; Skriftlig framst\u00e4llning"},"content":{"rendered":"<!-- RSPEAK_STOP --> <a href='http:\/\/wr.readspeaker.com\/a\/webreader\/webreader.php?cid=&amp;t=wordpress&amp;url=https:\/\/ykitesti.solki.jyu.fi\/sv\/tutustu-testiin\/italia\/italia-perustaso-kirjoittaminen\/&amp;title=Italiensk &#8211; Grundniv\u00e5 &#8211; Skriftlig framst\u00e4llning' onclick='readpage(this.href, 1212); return false;'> <img src=' http:\/\/wr.readspeaker.com\/m\/wr\/images\/listen_.gif' style='border-style: none;' alt=''><\/a><div id='WR_1212'><\/div> <!-- RSPEAK_START --> <p><em><strong>Italiensk &#8211; Grundniv\u00e5 &#8211; Skriftlig framst\u00e4llning<\/strong><\/em><\/p>\n<hr \/>\n<h2><span style=\"text-decoration: underline;\">Uppgift 1. Tackkort<\/span><\/h2>\n<p>F\u00f6r n\u00e5gra dagar sedan kom du hem fr\u00e5n ett bes\u00f6k hos italienska v\u00e4nner i Rom. Du beslutar skriva ett kort till dem. P\u00e5 kortet ska du<\/p>\n<ul>\n<li>tacka f\u00f6r bes\u00f6ket<\/li>\n<li>tala om vad du tyckte mest om under bes\u00f6ket<\/li>\n<li>i korthet ber\u00e4tta n\u00e5got om hemresan<\/li>\n<li>tala om vad du har gjort sedan du kom hem<\/li>\n<li>bjuda dina v\u00e4nner p\u00e5 svarsvisit n\u00e4sta sommar.<\/li>\n<\/ul>\n <!-- RSPEAK_STOP -->","protected":false},"excerpt":{"rendered":"    Italiensk &#8211; Grundniv\u00e5 &#8211; Skriftlig framst\u00e4llning Uppgift 1. Tackkort F\u00f6r n\u00e5gra dagar sedan kom du hem fr\u00e5n ett bes\u00f6k hos italienska v\u00e4nner i \n <a class=\"moretag\" href=\"https:\/\/ykitesti.solki.jyu.fi\/sv\/tutustu-testiin\/italia\/italia-perustaso-kirjoittaminen\/\"> <\/a>","protected":false},"author":1,"featured_media":0,"parent":1209,"menu_order":0,"comment_status":"closed","ping_status":"closed","template":"","meta":{"footnotes":""},"class_list":["post-1212","page","type-page","status-publish","hentry"],"translation":{"provider":"WPGlobus","version":"3.0.2","language":"sv","enabled_languages":["fi","en","sv"],"languages":{"fi":{"title":true,"content":true,"excerpt":false},"en":{"title":false,"content":false,"excerpt":false},"sv":{"title":true,"content":true,"excerpt":false}}},"_links":{"self":[{"href":"https:\/\/ykitesti.solki.jyu.fi\/sv\/wp-json\/wp\/v2\/pages\/1212","targetHints":{"allow":["GET"]}}],"collection":[{"href":"https:\/\/ykitesti.solki.jyu.fi\/sv\/wp-json\/wp\/v2\/pages"}],"about":[{"href":"https:\/\/ykitesti.solki.jyu.fi\/sv\/wp-json\/wp\/v2\/types\/page"}],"author":[{"embeddable":true,"href":"https:\/\/ykitesti.solki.jyu.fi\/sv\/wp-json\/wp\/v2\/users\/1"}],"replies":[{"embeddable":true,"href":"https:\/\/ykitesti.solki.jyu.fi\/sv\/wp-json\/wp\/v2\/comments?post=1212"}],"version-history":[{"count":1,"href":"https:\/\/ykitesti.solki.jyu.fi\/sv\/wp-json\/wp\/v2\/pages\/1212\/revisions"}],"predecessor-version":[{"id":1213,"href":"https:\/\/ykitesti.solki.jyu.fi\/sv\/wp-json\/wp\/v2\/pages\/1212\/revisions\/1213"}],"up":[{"embeddable":true,"href":"https:\/\/ykitesti.solki.jyu.fi\/sv\/wp-json\/wp\/v2\/pages\/1209"}],"wp:attachment":[{"href":"https:\/\/ykitesti.solki.jyu.fi\/sv\/wp-json\/wp\/v2\/media?parent=1212"}],"curies":[{"name":"wp","href":"https:\/\/api.w.org\/{rel}","templated":true}]}}