













{"id":1209,"date":"2016-11-09T17:14:28","date_gmt":"2016-11-09T15:14:28","guid":{"rendered":"http:\/\/ykitesti.solki.jyu.fi\/?page_id=1209"},"modified":"2017-01-04T14:51:48","modified_gmt":"2017-01-04T12:51:48","slug":"italia","status":"publish","type":"page","link":"https:\/\/ykitesti.solki.jyu.fi\/sv\/tutustu-testiin\/italia\/","title":{"rendered":"Italiensk"},"content":{"rendered":"<!-- RSPEAK_STOP --> <a href='http:\/\/wr.readspeaker.com\/a\/webreader\/webreader.php?cid=&amp;t=wordpress&amp;url=https:\/\/ykitesti.solki.jyu.fi\/sv\/tutustu-testiin\/italia\/&amp;title=Italiensk' onclick='readpage(this.href, 1209); return false;'> <img src=' http:\/\/wr.readspeaker.com\/m\/wr\/images\/listen_.gif' style='border-style: none;' alt=''><\/a><div id='WR_1209'><\/div> <!-- RSPEAK_START --> <p><em><strong>Prova test\u00a0\u2013\u00a0Italiensk<\/strong><\/em><\/p>\n<h3>Grundniv\u00e5:<\/h3>\n<ul>\n<li><a href=\"https:\/\/ykitesti.solki.jyu.fi\/sv\/tutustu-testiin\/italia\/italia-perustaso-tekstin-ymmartaminen\/\">Textf\u00f6rst\u00e5else<\/a><\/li>\n<li><a href=\"https:\/\/ykitesti.solki.jyu.fi\/sv\/tutustu-testiin\/italia\/italia-perustaso-kirjoittaminen\/\">Skriftlig framst\u00e4llning<\/a><\/li>\n<li><a href=\"https:\/\/ykitesti.solki.jyu.fi\/sv\/tutustu-testiin\/italia\/italia-perustaso-puheen-ymmartaminen\/\">Talf\u00f6rst\u00e5else<\/a><\/li>\n<li><a href=\"https:\/\/ykitesti.solki.jyu.fi\/sv\/tutustu-testiin\/italia\/italia-perustaso-puhuminen\/\">Talproduktion<\/a><\/li>\n<\/ul>\n<hr \/>\n<h3>Mellanniv\u00e5:<\/h3>\n<ul>\n<li><a href=\"https:\/\/ykitesti.solki.jyu.fi\/sv\/tutustu-testiin\/italia\/italia-keskitaso-tekstin-ymmartaminen\/\">Textf\u00f6rst\u00e5else<\/a><\/li>\n<li><a href=\"http:\/\/ykitesti.solki.jyu.fi\/tutustu-testiin\/italia\/italia-keskitaso-kirjoittaminen\/\">Skriftlig framst\u00e4llning<\/a><\/li>\n<li><a href=\"https:\/\/ykitesti.solki.jyu.fi\/sv\/tutustu-testiin\/italia\/italia-keskitaso-puheen-ymmartaminen\/\">Talf\u00f6rst\u00e5else<\/a><\/li>\n<li><a href=\"https:\/\/ykitesti.solki.jyu.fi\/sv\/tutustu-testiin\/italia\/italia-keskitaso-puhuminen\/\">Talproduktion<\/a><\/li>\n<\/ul>\n<hr \/>\n<h3><\/h3>\n <!-- RSPEAK_STOP -->","protected":false},"excerpt":{"rendered":"    Prova test\u00a0\u2013\u00a0Italiensk Grundniv\u00e5: Textf\u00f6rst\u00e5else Skriftlig framst\u00e4llning Talf\u00f6rst\u00e5else Talproduktion Mellanniv\u00e5: Textf\u00f6rst\u00e5else Skriftlig framst\u00e4llning Talf\u00f6rst\u00e5else Talproduktion\n <a class=\"moretag\" href=\"https:\/\/ykitesti.solki.jyu.fi\/sv\/tutustu-testiin\/italia\/\"> <\/a>","protected":false},"author":1,"featured_media":0,"parent":75,"menu_order":0,"comment_status":"closed","ping_status":"closed","template":"","meta":{"footnotes":""},"class_list":["post-1209","page","type-page","status-publish","hentry"],"translation":{"provider":"WPGlobus","version":"3.0.2","language":"sv","enabled_languages":["fi","en","sv"],"languages":{"fi":{"title":true,"content":true,"excerpt":false},"en":{"title":true,"content":true,"excerpt":false},"sv":{"title":true,"content":true,"excerpt":false}}},"_links":{"self":[{"href":"https:\/\/ykitesti.solki.jyu.fi\/sv\/wp-json\/wp\/v2\/pages\/1209","targetHints":{"allow":["GET"]}}],"collection":[{"href":"https:\/\/ykitesti.solki.jyu.fi\/sv\/wp-json\/wp\/v2\/pages"}],"about":[{"href":"https:\/\/ykitesti.solki.jyu.fi\/sv\/wp-json\/wp\/v2\/types\/page"}],"author":[{"embeddable":true,"href":"https:\/\/ykitesti.solki.jyu.fi\/sv\/wp-json\/wp\/v2\/users\/1"}],"replies":[{"embeddable":true,"href":"https:\/\/ykitesti.solki.jyu.fi\/sv\/wp-json\/wp\/v2\/comments?post=1209"}],"version-history":[{"count":12,"href":"https:\/\/ykitesti.solki.jyu.fi\/sv\/wp-json\/wp\/v2\/pages\/1209\/revisions"}],"predecessor-version":[{"id":1303,"href":"https:\/\/ykitesti.solki.jyu.fi\/sv\/wp-json\/wp\/v2\/pages\/1209\/revisions\/1303"}],"up":[{"embeddable":true,"href":"https:\/\/ykitesti.solki.jyu.fi\/sv\/wp-json\/wp\/v2\/pages\/75"}],"wp:attachment":[{"href":"https:\/\/ykitesti.solki.jyu.fi\/sv\/wp-json\/wp\/v2\/media?parent=1209"}],"curies":[{"name":"wp","href":"https:\/\/api.w.org\/{rel}","templated":true}]}}