













{"id":118,"date":"2016-06-08T10:35:00","date_gmt":"2016-06-08T07:35:00","guid":{"rendered":"http:\/\/ykitesti.solki.jyu.fi\/?page_id=118"},"modified":"2017-09-28T15:30:21","modified_gmt":"2017-09-28T12:30:21","slug":"keskitaso-puhuminen","status":"publish","type":"page","link":"https:\/\/ykitesti.solki.jyu.fi\/sv\/tutustu-testiin\/testifin\/keskitaso-puhuminen\/","title":{"rendered":"Keskitaso &#8211; Puhuminen"},"content":{"rendered":"<!-- RSPEAK_STOP --> <a href='http:\/\/wr.readspeaker.com\/a\/webreader\/webreader.php?cid=&amp;t=wordpress&amp;url=https:\/\/ykitesti.solki.jyu.fi\/sv\/tutustu-testiin\/testifin\/keskitaso-puhuminen\/&amp;title=Keskitaso &#8211; Puhuminen' onclick='readpage(this.href, 118); return false;'> <img src=' http:\/\/wr.readspeaker.com\/m\/wr\/images\/listen_.gif' style='border-style: none;' alt=''><\/a><div id='WR_118'><\/div> <!-- RSPEAK_START --> <p><em><strong>Suomi &#8211; Keskitaso &#8211; Puhuminen<\/strong><\/em><\/p>\n<ul>\n<li>Puhumisen osakokeessa on erilaisia teht\u00e4vi\u00e4, jotka kaikki suoritetaan kielistudiossa. T\u00e4ss\u00e4 on esimerkit teht\u00e4v\u00e4tyypeist\u00e4.<\/li>\n<li>Puhu joka teht\u00e4v\u00e4ss\u00e4 jotain.<\/li>\n<li><span style=\"text-decoration: underline;\">Hyv\u00e4ksytty<\/span> suoritus edellytt\u00e4\u00e4 sit\u00e4, ett\u00e4 puhut teht\u00e4v\u00e4ss\u00e4 annetusta aiheesta!<\/li>\n<li>Jokaiseen teht\u00e4v\u00e4\u00e4n on valmistautumisaika. Vastausajan n\u00e4et teht\u00e4v\u00e4vihkosta.<\/li>\n<\/ul>\n<p>Lue lis\u00e4\u00e4 puhumisen osakokeesta\u00a0<a href=\"https:\/\/www.jyu.fi\/hytk\/fi\/laitokset\/solki\/yki\/yleista\/tietoakielitutkinnoista\/osakoekuvaus\">t\u00e4\u00e4lt\u00e4<\/a>.<\/p>\n<hr \/>\n<h2><span style=\"text-decoration: underline;\">Kertominen:<\/span><\/h2>\n<p>Kerro, kuka on sinulle t\u00e4rke\u00e4 ihminen ja miksi h\u00e4n on t\u00e4rke\u00e4. Sinulla on 1 minuutti aikaa mietti\u00e4, mit\u00e4 sanot. Voit tehd\u00e4 valmisteluaikana muistiinpanoja, jos haluat. Aloita puhuminen vasta sitten, kun kuulet nauhalta: &#8220;Aloita puhuminen nyt&#8221;. Sinulla on 1\u00bd minuuttia aikaa puhua. Yrit\u00e4 puhua koko ajan!<\/p>\n<p style=\"padding-left: 30px;\"><b>Kuka on sinulle t\u00e4rke\u00e4 ihminen?<\/b><\/p>\n<p style=\"padding-left: 30px;\">\u2022 Miksi h\u00e4n on sinulle t\u00e4rke\u00e4?<br \/>\n\u2022 Millainen ihminen h\u00e4n on?<br \/>\n\u2022 Kuinka kauan h\u00e4n on ollut sinulle t\u00e4rke\u00e4?<br \/>\n\u2022 Mik\u00e4 on paras asia t\u00e4ss\u00e4 ihmisess\u00e4? Miksi?<br \/>\n\u2022 Mit\u00e4 teet t\u00e4m\u00e4n ihmisen kanssa?<br \/>\n\u2022 Mit\u00e4 haluaisit oppia t\u00e4lt\u00e4 ihmiselt\u00e4?<\/p>\n<p>Malliesimerkki:<\/p>\n<audio class=\"wp-audio-shortcode\" id=\"audio-118-1\" preload=\"none\" style=\"width: 100%;\" controls=\"controls\"><source type=\"audio\/mpeg\" src=\"http:\/\/ykitesti.solki.jyu.fi\/wp-content\/uploads\/2016\/06\/Kertominen-1-KT-PU.mp3?_=1\" \/><a href=\"http:\/\/ykitesti.solki.jyu.fi\/wp-content\/uploads\/2016\/06\/Kertominen-1-KT-PU.mp3\">http:\/\/ykitesti.solki.jyu.fi\/wp-content\/uploads\/2016\/06\/Kertominen-1-KT-PU.mp3<\/a><\/audio>\n<hr \/>\n<h2><span style=\"text-decoration: underline;\">Keskustelu:<\/span><\/h2>\n<p>Alla on kuvattu keskustelutilanne. N\u00e4et sulkeissa vihjeen siit\u00e4, mit\u00e4 sinun pit\u00e4\u00e4 sanoa suomeksi. Kuulet keskustelun toisen osapuolen puheenvuorot nauhalta, ja ne on merkitty teht\u00e4v\u00e4\u00e4n t\u00e4hdill\u00e4 (esim. Myyj\u00e4: *****). Vastaa puheenvuoroihin mahdollisimman luontevasti. N\u00e4et puhumisajan sulkeissa.<\/p>\n<audio class=\"wp-audio-shortcode\" id=\"audio-118-2\" preload=\"none\" style=\"width: 100%;\" controls=\"controls\"><source type=\"audio\/mpeg\" src=\"http:\/\/ykitesti.solki.jyu.fi\/wp-content\/uploads\/2016\/06\/Keskustelu-1-KT-PU.mp3?_=2\" \/><a href=\"http:\/\/ykitesti.solki.jyu.fi\/wp-content\/uploads\/2016\/06\/Keskustelu-1-KT-PU.mp3\">http:\/\/ykitesti.solki.jyu.fi\/wp-content\/uploads\/2016\/06\/Keskustelu-1-KT-PU.mp3<\/a><\/audio>\n<p><b>Aiot j\u00e4rjest\u00e4\u00e4 isot juhlat. Tarvitset juhlaa varten tilan ja p\u00e4\u00e4t\u00e4t vuokrata juhlasalin. Keksi, mik\u00e4 juhla on kyseess\u00e4. Sinulle soitetaan juhlapalvelusta, koska olet j\u00e4tt\u00e4nyt sinne viestin.<\/b><\/p>\n<p style=\"padding-left: 30px;\">Mies: *****<br \/>\nSIN\u00c4: [Esittele itsesi ja kerro asiasi.] (20 sek)<br \/>\nMies: *****<br \/>\nSIN\u00c4: [Kerro vieraiden lukum\u00e4\u00e4r\u00e4 ja juhlan ajankohta.] (20 sek)<br \/>\nMies: *****<br \/>\nSIN\u00c4: [Vastaa.] (10 sek)<br \/>\nMies: *****<br \/>\nSIN\u00c4: [Vastaa.] (15 sek)<br \/>\nMies: *****<br \/>\nSIN\u00c4: [Kysy jotakin tarkemmin ruokailusta.] (20 sek)<br \/>\nMies: *****<br \/>\nSIN\u00c4: [Kysy hintaa.] (10 sek)<br \/>\nMies: *****<br \/>\nSIN\u00c4: [Lopeta puhelu.] (10 sek)<br \/>\nMies: *****<\/p>\n<hr \/>\n<h2><span style=\"text-decoration: underline;\">Keskustelu:<\/span><\/h2>\n<p>Alla on kuvattu keskustelutilanne. N\u00e4et sulkeissa vihjeen siit\u00e4, mit\u00e4 sinun pit\u00e4\u00e4 sanoa suomeksi. Kuulet keskustelun toisen osapuolen puheenvuorot nauhalta, ja ne on merkitty teht\u00e4v\u00e4\u00e4n t\u00e4hdill\u00e4 (esim. Nainen: *****). Vastaa puheenvuoroihin mahdollisimman luontevasti. N\u00e4et puhumisajan sulkeissa.<\/p>\n<audio class=\"wp-audio-shortcode\" id=\"audio-118-3\" preload=\"none\" style=\"width: 100%;\" controls=\"controls\"><source type=\"audio\/mpeg\" src=\"http:\/\/ykitesti.solki.jyu.fi\/wp-content\/uploads\/2016\/06\/Keskustelu-2-KT-PU.mp3?_=3\" \/><a href=\"http:\/\/ykitesti.solki.jyu.fi\/wp-content\/uploads\/2016\/06\/Keskustelu-2-KT-PU.mp3\">http:\/\/ykitesti.solki.jyu.fi\/wp-content\/uploads\/2016\/06\/Keskustelu-2-KT-PU.mp3<\/a><\/audio>\n<p><b>Olet laittanut myyt\u00e4v\u00e4n\u00e4-ilmoituksen ilmaisjakelulehden palstalle. Saat puhelun kiinnostuneelta ostajalta. Keksi itse, mit\u00e4 tavaraa olet myym\u00e4ss\u00e4.<\/b><\/p>\n<p style=\"padding-left: 30px;\">HUOM. Sin\u00e4 aloitat puhumisen heti \u00e4\u00e4nimerkin j\u00e4lkeen.<\/p>\n<p style=\"padding-left: 30px;\">SIN\u00c4: [Vastaa puhelimeen.] (10 sek)<br \/>\nNainen: *****<br \/>\nSIN\u00c4: [Vastaa ja kerro, mit\u00e4 olet myym\u00e4ss\u00e4.] (20 sek)<br \/>\nNainen: *****<br \/>\nSIN\u00c4: [Vastaa.] (20 sek)<br \/>\nNainen: *****<br \/>\nSIN\u00c4: [Vastaa.] (20 sek)<br \/>\nNainen: *****<br \/>\nSIN\u00c4: [Vastaa.] (20 sek)<br \/>\nNainen: *****<br \/>\nSIN\u00c4: [Ehdota sopivaa aikaa ja kerro, miss\u00e4 asut.] (25 sek)<br \/>\nNainen: *****<br \/>\nSIN\u00c4: [Vastaa ja lopeta puhelu.] (10 sek)<\/p>\n<hr \/>\n<h2><\/h2>\n<h2><span style=\"text-decoration: underline;\">Tilanteita:<\/span><\/h2>\n<p>Alla on viisi tilannetta. Jokaisessa tilanteessa:<\/p>\n<ul>\n<li>Kuulet nauhalta tilanteen numeron, esimerkiksi &#8220;Tutustu tilanteeseen yksi&#8221;.<\/li>\n<\/ul>\n<ul>\n<li>Tutustu tilanteeseen (20 sek).<\/li>\n<\/ul>\n<ul>\n<li>Kuulet \u00e4\u00e4nitteelt\u00e4 &#8220;Puhu nyt&#8221;.<\/li>\n<\/ul>\n<ul>\n<li>Puhu, mit\u00e4 sinua pyydet\u00e4\u00e4n tilanteessa sanomaan.<\/li>\n<\/ul>\n<ul>\n<li>Puhumisaika on sulkeissa.<\/li>\n<\/ul>\n<p>Mit\u00e4 sanoisit suomeksi seuraavissa tilanteissa?<\/p>\n<p>Ohessa my\u00f6s malliesimerkkej\u00e4 teht\u00e4vist\u00e4.<\/p>\n<p style=\"padding-left: 30px;\"><b>Tilanne 1:<\/b><br \/>\nPuhut puhelimessa yst\u00e4v\u00e4si kanssa. Yst\u00e4v\u00e4si kysyy, millainen s\u00e4\u00e4 on ollut viime aikoina? Kerro h\u00e4nelle. (20 sek)<\/p>\n<audio class=\"wp-audio-shortcode\" id=\"audio-118-4\" preload=\"none\" style=\"width: 100%;\" controls=\"controls\"><source type=\"audio\/mpeg\" src=\"http:\/\/ykitesti.solki.jyu.fi\/wp-content\/uploads\/2016\/06\/Tilanne-1-KT-PU.mp3?_=4\" \/><a href=\"http:\/\/ykitesti.solki.jyu.fi\/wp-content\/uploads\/2016\/06\/Tilanne-1-KT-PU.mp3\">http:\/\/ykitesti.solki.jyu.fi\/wp-content\/uploads\/2016\/06\/Tilanne-1-KT-PU.mp3<\/a><\/audio>\n<p style=\"padding-left: 30px;\"><b>Tilanne 2:<\/b><br \/>\nOlet l\u00e4hd\u00f6ss\u00e4 perheesi kanssa lomalle ensi viikolla. Soitat rautatieasemalle. Kysy junien aikatauluja. P\u00e4\u00e4t\u00e4 itse, mihin ja min\u00e4 p\u00e4iv\u00e4n\u00e4 matkustatte. (30 sek)<\/p>\n<audio class=\"wp-audio-shortcode\" id=\"audio-118-5\" preload=\"none\" style=\"width: 100%;\" controls=\"controls\"><source type=\"audio\/mpeg\" src=\"http:\/\/ykitesti.solki.jyu.fi\/wp-content\/uploads\/2016\/06\/Tilanne-2-KT-PU.mp3?_=5\" \/><a href=\"http:\/\/ykitesti.solki.jyu.fi\/wp-content\/uploads\/2016\/06\/Tilanne-2-KT-PU.mp3\">http:\/\/ykitesti.solki.jyu.fi\/wp-content\/uploads\/2016\/06\/Tilanne-2-KT-PU.mp3<\/a><\/audio>\n<p style=\"padding-left: 30px;\"><b>Tilanne 3: <\/b><br \/>\nYst\u00e4v\u00e4si on kutsunut sinut syntym\u00e4p\u00e4ivilleen. Juhlat alkavat kuudelta illalla, mutta p\u00e4\u00e4set tulemaan vasta kahdeksalta. Kerro yst\u00e4v\u00e4llesi, miksi my\u00f6h\u00e4styt ja pahoittele my\u00f6h\u00e4stymist\u00e4si. (30 sek)<\/p>\n<audio class=\"wp-audio-shortcode\" id=\"audio-118-6\" preload=\"none\" style=\"width: 100%;\" controls=\"controls\"><source type=\"audio\/mpeg\" src=\"http:\/\/ykitesti.solki.jyu.fi\/wp-content\/uploads\/2016\/06\/Tilanne-3-KT-PU.mp3?_=6\" \/><a href=\"http:\/\/ykitesti.solki.jyu.fi\/wp-content\/uploads\/2016\/06\/Tilanne-3-KT-PU.mp3\">http:\/\/ykitesti.solki.jyu.fi\/wp-content\/uploads\/2016\/06\/Tilanne-3-KT-PU.mp3<\/a><\/audio>\n<p style=\"padding-left: 30px;\"><b>Tilanne 4: <\/b><br \/>\nSinulla on jokin vaiva, ja tarvitset siihen l\u00e4\u00e4kett\u00e4. Selit\u00e4 asiasi apteekissa ja pyyd\u00e4 apua. (30 sek)<\/p>\n<audio class=\"wp-audio-shortcode\" id=\"audio-118-7\" preload=\"none\" style=\"width: 100%;\" controls=\"controls\"><source type=\"audio\/mpeg\" src=\"http:\/\/ykitesti.solki.jyu.fi\/wp-content\/uploads\/2016\/06\/Tilanne-4-KT-PU.mp3?_=7\" \/><a href=\"http:\/\/ykitesti.solki.jyu.fi\/wp-content\/uploads\/2016\/06\/Tilanne-4-KT-PU.mp3\">http:\/\/ykitesti.solki.jyu.fi\/wp-content\/uploads\/2016\/06\/Tilanne-4-KT-PU.mp3<\/a><\/audio>\n<p style=\"padding-left: 30px;\"><b>Tilanne 5: <\/b><br \/>\nOlet teett\u00e4nyt remonttia asunnossasi. Et ole tyytyv\u00e4inen lopputulokseen Soita remontin tekij\u00e4lle ja kerro, miten remontti on ep\u00e4onnistunut. (30 sek)<\/p>\n<audio class=\"wp-audio-shortcode\" id=\"audio-118-8\" preload=\"none\" style=\"width: 100%;\" controls=\"controls\"><source type=\"audio\/mpeg\" src=\"http:\/\/ykitesti.solki.jyu.fi\/wp-content\/uploads\/2016\/06\/Tilanne-5-KT-PU.mp3?_=8\" \/><a href=\"http:\/\/ykitesti.solki.jyu.fi\/wp-content\/uploads\/2016\/06\/Tilanne-5-KT-PU.mp3\">http:\/\/ykitesti.solki.jyu.fi\/wp-content\/uploads\/2016\/06\/Tilanne-5-KT-PU.mp3<\/a><\/audio>\n<hr \/>\n<h2><span style=\"text-decoration: underline;\">Mielipide:<\/span><\/h2>\n<p>Alla on kaksi aihetta. Valitse <b><u>yksi<\/u><\/b> aihe (A <u>tai<\/u> B) ja kerro siit\u00e4 mielipiteesi <b>suomeksi<\/b>. Lue aiheen kysymykset. Sinulla on 2 minuuttia aikaa puhua. Puhu koko ajan! Perustele mielipiteesi hyvin.<\/p>\n<p style=\"padding-left: 30px;\"><b>A) Perheen rahank\u00e4ytt\u00f6<\/b><br \/>\nKerro esimerkiksi:<br \/>\n\u2022 Mihin perheen rahat menev\u00e4t?<br \/>\n\u2022 Kuka p\u00e4\u00e4tt\u00e4\u00e4 perheess\u00e4, mihin rahaa k\u00e4ytet\u00e4\u00e4n?<br \/>\n\u2022 Pit\u00e4isik\u00f6 puolisolla olla yhteinen tili vai molemmilla omat pankkitilit?<br \/>\n\u2022 Pit\u00e4isik\u00f6 lasten saada viikkorahaa? Miksi kyll\u00e4\/ei?<br \/>\n\u2022 Milloin lapsi on tarpeeksi vanha p\u00e4\u00e4tt\u00e4m\u00e4\u00e4n rahank\u00e4yt\u00f6st\u00e4\u00e4n?<\/p>\n<p style=\"padding-left: 30px;\"><b>B) L\u00e4\u00e4kkeiden mainonta ja k\u00e4ytt\u00f6<\/b><br \/>\nKerro esimerkiksi:<br \/>\n\u2022 k\u00e4ytt\u00e4v\u00e4tk\u00f6 ihmiset mielest\u00e4si liikaa l\u00e4\u00e4kkeit\u00e4? miksi? miten se n\u00e4kyy?<br \/>\n\u2022 onko l\u00e4\u00e4kkeiden mainostaminen hyv\u00e4 vai huono asia? miksi?<br \/>\n\u2022 millaisiin vaivoihin l\u00e4\u00e4kkeit\u00e4 ei mielest\u00e4si tarvitsisi k\u00e4ytt\u00e4\u00e4?<br \/>\n\u2022 mit\u00e4 l\u00e4\u00e4kkeit\u00e4 ei pit\u00e4isi mielest\u00e4si saada ilman l\u00e4\u00e4k\u00e4rin m\u00e4\u00e4r\u00e4yst\u00e4? miksi?<br \/>\n\u2022 mit\u00e4 ajattelet l\u00e4\u00e4kkeiden hinnoista Suomessa?<\/p>\n<p>Malliesimerkki:<\/p>\n<audio class=\"wp-audio-shortcode\" id=\"audio-118-9\" preload=\"none\" style=\"width: 100%;\" controls=\"controls\"><source type=\"audio\/mpeg\" src=\"http:\/\/ykitesti.solki.jyu.fi\/wp-content\/uploads\/2016\/06\/Puheenvuoro-KT-PU.mp3?_=9\" \/><a href=\"http:\/\/ykitesti.solki.jyu.fi\/wp-content\/uploads\/2016\/06\/Puheenvuoro-KT-PU.mp3\">http:\/\/ykitesti.solki.jyu.fi\/wp-content\/uploads\/2016\/06\/Puheenvuoro-KT-PU.mp3<\/a><\/audio>\n <!-- RSPEAK_STOP -->","protected":false},"excerpt":{"rendered":"    Suomi &#8211; Keskitaso &#8211; Puhuminen Puhumisen osakokeessa on erilaisia teht\u00e4vi\u00e4, jotka kaikki suoritetaan kielistudiossa. T\u00e4ss\u00e4 on esimerkit teht\u00e4v\u00e4tyypeist\u00e4. Puhu joka teht\u00e4v\u00e4ss\u00e4 jotain. Hyv\u00e4ksytty \n <a class=\"moretag\" href=\"https:\/\/ykitesti.solki.jyu.fi\/sv\/tutustu-testiin\/testifin\/keskitaso-puhuminen\/\"> <\/a>","protected":false},"author":1,"featured_media":0,"parent":10,"menu_order":0,"comment_status":"closed","ping_status":"closed","template":"","meta":{"footnotes":""},"class_list":["post-118","page","type-page","status-publish","hentry"],"translation":{"provider":"WPGlobus","version":"3.0.2","language":"sv","enabled_languages":["fi","en","sv"],"languages":{"fi":{"title":true,"content":true,"excerpt":false},"en":{"title":false,"content":false,"excerpt":false},"sv":{"title":false,"content":false,"excerpt":false}}},"_links":{"self":[{"href":"https:\/\/ykitesti.solki.jyu.fi\/sv\/wp-json\/wp\/v2\/pages\/118","targetHints":{"allow":["GET"]}}],"collection":[{"href":"https:\/\/ykitesti.solki.jyu.fi\/sv\/wp-json\/wp\/v2\/pages"}],"about":[{"href":"https:\/\/ykitesti.solki.jyu.fi\/sv\/wp-json\/wp\/v2\/types\/page"}],"author":[{"embeddable":true,"href":"https:\/\/ykitesti.solki.jyu.fi\/sv\/wp-json\/wp\/v2\/users\/1"}],"replies":[{"embeddable":true,"href":"https:\/\/ykitesti.solki.jyu.fi\/sv\/wp-json\/wp\/v2\/comments?post=118"}],"version-history":[{"count":14,"href":"https:\/\/ykitesti.solki.jyu.fi\/sv\/wp-json\/wp\/v2\/pages\/118\/revisions"}],"predecessor-version":[{"id":1415,"href":"https:\/\/ykitesti.solki.jyu.fi\/sv\/wp-json\/wp\/v2\/pages\/118\/revisions\/1415"}],"up":[{"embeddable":true,"href":"https:\/\/ykitesti.solki.jyu.fi\/sv\/wp-json\/wp\/v2\/pages\/10"}],"wp:attachment":[{"href":"https:\/\/ykitesti.solki.jyu.fi\/sv\/wp-json\/wp\/v2\/media?parent=118"}],"curies":[{"name":"wp","href":"https:\/\/api.w.org\/{rel}","templated":true}]}}