













{"id":1160,"date":"2016-09-02T11:48:25","date_gmt":"2016-09-02T08:48:25","guid":{"rendered":"http:\/\/ykitesti.solki.jyu.fi\/?page_id=1160"},"modified":"2016-09-02T11:48:25","modified_gmt":"2016-09-02T08:48:25","slug":"ranska-keskitaso-kirjoittaminen","status":"publish","type":"page","link":"https:\/\/ykitesti.solki.jyu.fi\/sv\/tutustu-testiin\/ranska\/ranska-keskitaso-kirjoittaminen\/","title":{"rendered":"Ranska &#8211; Keskitaso &#8211; Kirjoittaminen"},"content":{"rendered":"<!-- RSPEAK_STOP --> <a href='http:\/\/wr.readspeaker.com\/a\/webreader\/webreader.php?cid=&amp;t=wordpress&amp;url=https:\/\/ykitesti.solki.jyu.fi\/sv\/tutustu-testiin\/ranska\/ranska-keskitaso-kirjoittaminen\/&amp;title=Ranska &#8211; Keskitaso &#8211; Kirjoittaminen' onclick='readpage(this.href, 1160); return false;'> <img src=' http:\/\/wr.readspeaker.com\/m\/wr\/images\/listen_.gif' style='border-style: none;' alt=''><\/a><div id='WR_1160'><\/div> <!-- RSPEAK_START --> <h4><em>Franska\u00a0\u2013 Mellanniv\u00e5\u00a0\u2013\u00a0Skriftlig\u00a0Framst\u00e4llning<\/em><\/h4>\n<div class=\"quiz_section question-section-id-58 slide2\">\n<p>Delprovet i skriftlig framst\u00e4llning inneh\u00e5ller tre olika slags uppgifter. Nedan finns n\u00e5gra exempel p\u00e5 uppgifterna.<\/p>\n<hr \/>\n<h2>Uppgift 1. Gratulationskort<\/h2>\n<p>En v\u00e4n i Frankrike skriver och ber\u00e4ttar att han eller hon \u00e4ntligen klarat k\u00f6rprovet, fj\u00e4rde g\u00e5ngen gillt! Gratulera till prestationen p\u00e5 franska, fr\u00e5ga om v\u00e4nnen t\u00e4nker skaffa bil och f\u00f6resl\u00e5 v\u00e4nnen att komma och tr\u00e4na vinterk\u00f6rning i Finland!<\/p>\n<p>Kom ih\u00e5g att <strong>inleda<\/strong> och <strong>avsluta<\/strong> kortet p\u00e5 ett l\u00e4mpligt s\u00e4tt. Skriv med tydlig handstil <strong>p\u00e5 franska<\/strong>.<\/p>\n<hr \/>\n<p>&nbsp;<\/p>\n<\/div>\n <!-- RSPEAK_STOP -->","protected":false},"excerpt":{"rendered":"    Franska\u00a0\u2013 Mellanniv\u00e5\u00a0\u2013\u00a0Skriftlig\u00a0Framst\u00e4llning Delprovet i skriftlig framst\u00e4llning inneh\u00e5ller tre olika slags uppgifter. Nedan finns n\u00e5gra exempel p\u00e5 uppgifterna. Uppgift 1. Gratulationskort En v\u00e4n i \n <a class=\"moretag\" href=\"https:\/\/ykitesti.solki.jyu.fi\/sv\/tutustu-testiin\/ranska\/ranska-keskitaso-kirjoittaminen\/\"> <\/a>","protected":false},"author":1,"featured_media":0,"parent":1128,"menu_order":0,"comment_status":"closed","ping_status":"closed","template":"","meta":{"footnotes":""},"class_list":["post-1160","page","type-page","status-publish","hentry"],"translation":{"provider":"WPGlobus","version":"3.0.2","language":"sv","enabled_languages":["fi","en","sv"],"languages":{"fi":{"title":true,"content":true,"excerpt":false},"en":{"title":false,"content":false,"excerpt":false},"sv":{"title":false,"content":true,"excerpt":false}}},"_links":{"self":[{"href":"https:\/\/ykitesti.solki.jyu.fi\/sv\/wp-json\/wp\/v2\/pages\/1160","targetHints":{"allow":["GET"]}}],"collection":[{"href":"https:\/\/ykitesti.solki.jyu.fi\/sv\/wp-json\/wp\/v2\/pages"}],"about":[{"href":"https:\/\/ykitesti.solki.jyu.fi\/sv\/wp-json\/wp\/v2\/types\/page"}],"author":[{"embeddable":true,"href":"https:\/\/ykitesti.solki.jyu.fi\/sv\/wp-json\/wp\/v2\/users\/1"}],"replies":[{"embeddable":true,"href":"https:\/\/ykitesti.solki.jyu.fi\/sv\/wp-json\/wp\/v2\/comments?post=1160"}],"version-history":[{"count":1,"href":"https:\/\/ykitesti.solki.jyu.fi\/sv\/wp-json\/wp\/v2\/pages\/1160\/revisions"}],"predecessor-version":[{"id":1161,"href":"https:\/\/ykitesti.solki.jyu.fi\/sv\/wp-json\/wp\/v2\/pages\/1160\/revisions\/1161"}],"up":[{"embeddable":true,"href":"https:\/\/ykitesti.solki.jyu.fi\/sv\/wp-json\/wp\/v2\/pages\/1128"}],"wp:attachment":[{"href":"https:\/\/ykitesti.solki.jyu.fi\/sv\/wp-json\/wp\/v2\/media?parent=1160"}],"curies":[{"name":"wp","href":"https:\/\/api.w.org\/{rel}","templated":true}]}}