













{"id":1151,"date":"2016-09-02T11:40:41","date_gmt":"2016-09-02T08:40:41","guid":{"rendered":"http:\/\/ykitesti.solki.jyu.fi\/?page_id=1151"},"modified":"2016-09-02T11:40:41","modified_gmt":"2016-09-02T08:40:41","slug":"ranska-keskitaso-puhuminen","status":"publish","type":"page","link":"https:\/\/ykitesti.solki.jyu.fi\/sv\/tutustu-testiin\/ranska\/ranska-keskitaso-puhuminen\/","title":{"rendered":"Ranska &#8211; Keskitaso &#8211; Puhuminen"},"content":{"rendered":"<!-- RSPEAK_STOP --> <a href='http:\/\/wr.readspeaker.com\/a\/webreader\/webreader.php?cid=&amp;t=wordpress&amp;url=https:\/\/ykitesti.solki.jyu.fi\/sv\/tutustu-testiin\/ranska\/ranska-keskitaso-puhuminen\/&amp;title=Ranska &#8211; Keskitaso &#8211; Puhuminen' onclick='readpage(this.href, 1151); return false;'> <img src=' http:\/\/wr.readspeaker.com\/m\/wr\/images\/listen_.gif' style='border-style: none;' alt=''><\/a><div id='WR_1151'><\/div> <!-- RSPEAK_START --> <p><em><strong>Franska\u00a0\u2013 Mellanniv\u00e5\u00a0\u2013 Talproduktion<\/strong><\/em><\/p>\n<p>Delprovet i talproduktion p\u00e5 mellanniv\u00e5\u00a0i franska inneh\u00e5ller olika uppgifter som spelas in p\u00e5 band i en spr\u00e5kstudio. Nedan finns exempel p\u00e5 uppgiftstyperna.<\/p>\n<hr \/>\n<h2><strong>Uppgift \u2013\u00a0Ett samtal:<\/strong><\/h2>\n<p>Nedan beskrivs en talsituation. F\u00f6re situationen har du tillf\u00e4lle att s\u00e4tta dig in i den. Inom parentes ser du tips p\u00e5 vad du ska s\u00e4ga <strong>p\u00e5 franska<\/strong>. Du f\u00e5r h\u00f6ra din samtalspartners repliker p\u00e5 band, och de \u00e4r i uppgiftsh\u00e4ftet markerade med stj\u00e4rnor (t.ex. Talaren: *****). Du ska svara p\u00e5 replikerna s\u00e5 ledigt och naturligt som du bara kan. Svarstiden anges inom parentes.<\/p>\n<p style=\"border: 3px; border-style: solid; border-color: #123455; padding: 1em;\"><strong>Situation 1. Du befinner dig p\u00e5 en resebyr\u00e5 i Frankrike.<\/strong><br \/>\n&nbsp;<br \/>\nTj\u00e4nstemannen: \u00a0\u00a0\u00a0\u00a0\u00a0\u00a0\u00a0\u00a0\u00a0\u00a0\u00a0\u00a0 ******<br \/>\nDU:\u00a0 \u00a0\u00a0\u00a0\u00a0\u00a0\u00a0\u00a0\u00a0\u00a0\u00a0\u00a0\u00a0 [H\u00e4lsa och tala om att du vill boka en resa till s\u00f6dern.] (20 sek)<br \/>\nTj\u00e4nstemannen: \u00a0\u00a0\u00a0\u00a0\u00a0\u00a0\u00a0\u00a0\u00a0\u00a0\u00a0\u00a0 ******<br \/>\nDU:\u00a0 \u00a0\u00a0\u00a0\u00a0\u00a0\u00a0\u00a0\u00a0\u00a0\u00a0\u00a0\u00a0 [Svara p\u00e5 fr\u00e5gorna.] (20 sek)<br \/>\nTj\u00e4nstemannen: \u00a0\u00a0\u00a0\u00a0\u00a0\u00a0\u00a0\u00a0\u00a0\u00a0\u00a0\u00a0 ******<br \/>\nDU:\u00a0 \u00a0\u00a0\u00a0\u00a0\u00a0\u00a0\u00a0\u00a0\u00a0\u00a0\u00a0\u00a0 [Din fru\/din man och barnen reser med.] (20 sek)<br \/>\nTj\u00e4nstemannen: \u00a0\u00a0\u00a0\u00a0\u00a0\u00a0\u00a0\u00a0\u00a0\u00a0\u00a0\u00a0 ******<br \/>\nDU:\u00a0 \u00a0\u00a0\u00a0\u00a0\u00a0\u00a0\u00a0\u00a0\u00a0\u00a0\u00a0\u00a0 [Framf\u00f6r dina \u00f6nskem\u00e5l: l\u00e4ge, antal rum, bekv\u00e4mligheter.] (20 sek)<br \/>\nTj\u00e4nstemannen: \u00a0\u00a0\u00a0\u00a0\u00a0\u00a0\u00a0\u00a0\u00a0\u00a0\u00a0\u00a0 ******<br \/>\nDU:\u00a0 \u00a0\u00a0\u00a0\u00a0\u00a0\u00a0\u00a0\u00a0\u00a0\u00a0\u00a0\u00a0 [Fr\u00e5ga vad resan kostar f\u00f6r hela familjen.] (15 sek)<br \/>\nTj\u00e4nstemannen: \u00a0\u00a0\u00a0\u00a0\u00a0\u00a0\u00a0\u00a0\u00a0\u00a0\u00a0\u00a0 ******<br \/>\nDU:\u00a0 \u00a0\u00a0\u00a0\u00a0\u00a0\u00a0\u00a0\u00a0\u00a0\u00a0\u00a0\u00a0 [Fr\u00e5ga n\u00e4r resan ska betalas.] (15 sek)<br \/>\nTj\u00e4nstemannen: \u00a0\u00a0\u00a0\u00a0\u00a0\u00a0\u00a0\u00a0\u00a0\u00a0\u00a0\u00a0 ******<\/p>\n<hr \/>\n<h2><strong>Uppgift &#8211;\u00a0N\u00e5gra situationer:<\/strong><\/h2>\n<p>Nedan beskrivs sex situationer, d\u00e4r du skulle kunna bli tvungen att tala franska. Situationerna g\u00e5s igenom en \u00e5t g\u00e5ngen.<\/p>\n<p>I varje situation:<\/p>\n<ul>\n<li>P\u00e5 bandet h\u00f6r du numret p\u00e5 situationen, t.ex. <em>\u201dLisez les instructions concernant la situation 1\u201d .<\/em><\/li>\n<li>S\u00e4tt dig in i situationen i fr\u00e5ga.<\/li>\n<li>P\u00e5 bandet h\u00f6r du en uppmaning: <em>\u201dParlez maintenant\u201d<\/em>.<\/li>\n<li>Sedan f\u00f6ljer en paus.<\/li>\n<li>Under pausen ska du <strong>p\u00e5 fr<\/strong><strong>anska<\/strong> s\u00e4ga det som du blir uppmanad att s\u00e4ga i den aktuella situationen.<\/li>\n<\/ul>\n<p>Svarstiden anges inom parentes.<\/p>\n<p>Vad skulle du s\u00e4ga <strong>p\u00e5 franska<\/strong> i f\u00f6ljande situationer:<\/p>\n<p style=\"border: 3px; border-style: solid; border-color: #123455; padding: 1em;\"><strong>I hemlandet<\/strong><br \/>\n<strong>Situation X.<\/strong> Du \u00e4r ute tillsammans med din franske v\u00e4n Robert Aubry. Ni m\u00f6ter en granne till dig. Presentera Robert Aubry och din granne f\u00f6r varandra. (20 sek)<\/p>\n <!-- RSPEAK_STOP -->","protected":false},"excerpt":{"rendered":"    Franska\u00a0\u2013 Mellanniv\u00e5\u00a0\u2013 Talproduktion Delprovet i talproduktion p\u00e5 mellanniv\u00e5\u00a0i franska inneh\u00e5ller olika uppgifter som spelas in p\u00e5 band i en spr\u00e5kstudio. Nedan finns exempel \n <a class=\"moretag\" href=\"https:\/\/ykitesti.solki.jyu.fi\/sv\/tutustu-testiin\/ranska\/ranska-keskitaso-puhuminen\/\"> <\/a>","protected":false},"author":1,"featured_media":0,"parent":1128,"menu_order":0,"comment_status":"closed","ping_status":"closed","template":"","meta":{"footnotes":""},"class_list":["post-1151","page","type-page","status-publish","hentry"],"translation":{"provider":"WPGlobus","version":"3.0.2","language":"sv","enabled_languages":["fi","en","sv"],"languages":{"fi":{"title":true,"content":true,"excerpt":false},"en":{"title":false,"content":false,"excerpt":false},"sv":{"title":false,"content":true,"excerpt":false}}},"_links":{"self":[{"href":"https:\/\/ykitesti.solki.jyu.fi\/sv\/wp-json\/wp\/v2\/pages\/1151","targetHints":{"allow":["GET"]}}],"collection":[{"href":"https:\/\/ykitesti.solki.jyu.fi\/sv\/wp-json\/wp\/v2\/pages"}],"about":[{"href":"https:\/\/ykitesti.solki.jyu.fi\/sv\/wp-json\/wp\/v2\/types\/page"}],"author":[{"embeddable":true,"href":"https:\/\/ykitesti.solki.jyu.fi\/sv\/wp-json\/wp\/v2\/users\/1"}],"replies":[{"embeddable":true,"href":"https:\/\/ykitesti.solki.jyu.fi\/sv\/wp-json\/wp\/v2\/comments?post=1151"}],"version-history":[{"count":2,"href":"https:\/\/ykitesti.solki.jyu.fi\/sv\/wp-json\/wp\/v2\/pages\/1151\/revisions"}],"predecessor-version":[{"id":1159,"href":"https:\/\/ykitesti.solki.jyu.fi\/sv\/wp-json\/wp\/v2\/pages\/1151\/revisions\/1159"}],"up":[{"embeddable":true,"href":"https:\/\/ykitesti.solki.jyu.fi\/sv\/wp-json\/wp\/v2\/pages\/1128"}],"wp:attachment":[{"href":"https:\/\/ykitesti.solki.jyu.fi\/sv\/wp-json\/wp\/v2\/media?parent=1151"}],"curies":[{"name":"wp","href":"https:\/\/api.w.org\/{rel}","templated":true}]}}