













{"id":1145,"date":"2016-09-02T11:02:09","date_gmt":"2016-09-02T08:02:09","guid":{"rendered":"http:\/\/ykitesti.solki.jyu.fi\/?page_id=1145"},"modified":"2016-09-02T11:02:09","modified_gmt":"2016-09-02T08:02:09","slug":"ranska-perustaso-puheen-ymmartaminen","status":"publish","type":"page","link":"https:\/\/ykitesti.solki.jyu.fi\/sv\/tutustu-testiin\/ranska\/ranska-perustaso-puheen-ymmartaminen\/","title":{"rendered":"Ranska &#8211; Perustaso &#8211; Puheen ymm\u00e4rt\u00e4minen"},"content":{"rendered":"<!-- RSPEAK_STOP --> <a href='http:\/\/wr.readspeaker.com\/a\/webreader\/webreader.php?cid=&amp;t=wordpress&amp;url=https:\/\/ykitesti.solki.jyu.fi\/sv\/tutustu-testiin\/ranska\/ranska-perustaso-puheen-ymmartaminen\/&amp;title=Ranska &#8211; Perustaso &#8211; Puheen ymm\u00e4rt\u00e4minen' onclick='readpage(this.href, 1145); return false;'> <img src=' http:\/\/wr.readspeaker.com\/m\/wr\/images\/listen_.gif' style='border-style: none;' alt=''><\/a><div id='WR_1145'><\/div> <!-- RSPEAK_START --> <h4><em>Franska\u00a0\u2013 Grundniv\u00e5\u00a0\u2013\u00a0Talf\u00f6rst\u00e5else<\/em><\/h4>\n<p>Det finns tre olika uppgiftstyper i delprovet i talf\u00f6rst\u00e5else: flervalsuppgifter, r\u00e4tt-fel-uppgifter och \u00f6ppna fr\u00e5gor.<\/p>\n<script>\n                            if (window.qmn_quiz_data === undefined) {\n                                    window.qmn_quiz_data = new Object();\n                            }\n                    <\/script><script>window.qmn_quiz_data[\"167\"] = {\"quiz_id\":\"167\",\"quiz_name\":\"Ranska monivalinta SVE (PT-PY)\",\"disable_answer\":0,\"ajax_show_correct\":0,\"progress_bar\":\"0\",\"contact_info_location\":\"0\",\"qpages\":{\"1\":{\"id\":\"1\",\"quizID\":\"167\",\"pagekey\":\"685e7f9b49b3f\",\"hide_prevbtn\":\"0\"}},\"skip_validation_time_expire\":0,\"timer_limit_val\":0,\"disable_scroll_next_previous_click\":0,\"disable_scroll_on_result\":0,\"disable_first_page\":0,\"enable_result_after_timer_end\":0,\"enable_quick_result_mc\":0,\"end_quiz_if_wrong\":0,\"form_disable_autofill\":0,\"disable_mathjax\":0,\"enable_quick_correct_answer_info\":\"0\",\"quick_result_correct_answer_text\":\"Correct! You have selected correct answer.\",\"quick_result_wrong_answer_text\":\"Wrong! You have selected wrong answer.\",\"quiz_processing_message\":\"\",\"quiz_limit_choice\":\"Limit of choice is reached.\",\"not_allow_after_expired_time\":0,\"scheduled_time_end\":false,\"error_messages\":{\"email_error_text\":\"Not a valid e-mail address!\",\"number_error_text\":\"This field must be a number!\",\"incorrect_error_text\":\"The entered text is not correct!\",\"empty_error_text\":\"Please complete all required fields!\",\"url_error_text\":\"The entered URL is not valid!\",\"minlength_error_text\":\"Required atleast %minlength% characters.\",\"maxlength_error_text\":\"Maximum %maxlength% characters allowed.\",\"recaptcha_error_text\":\"ReCaptcha is missing\"}}\n                    <\/script><style type='text\/css' id='qmn_quiz_template-css'>.mlw_qmn_quiz label {\r\n\t\t\t\tdisplay: inline;\r\n\t\t\t}\r\n\t\t\t.ui-tooltip\r\n\t\t\t{\r\n\t\t\t\tmax-width: 500px !important;\r\n\t\t\t}\r\n\t\t\t.ui-tooltip-content\r\n\t\t\t{\r\n\t\t\t\tmax-width: 500px !important;\r\n\t\t\t}\r\n\t\t\t.qmn_error, .qmn_page_error_message\r\n\t\t\t{\r\n\t\t\t\tcolor: red;\r\n\t\t\t}\r\n\t\t\t.mlw_qmn_hint_link\r\n\t\t\t{\r\n\t\t\ttext-decoration:underline;\r\n\t\t\tcolor:rgb(0,0,255);\r\n\t\t\t}\r\n\t\t\t.mlw_qmn_quiz_link\r\n\t\t\t{\r\n\t\t\t\tdisplay: inline;\r\n\t\t\t\tvertical-align:top !important;\r\n\t\t\t\ttext-decoration: none;\r\n\t\t\t}\r\n\t\t\tdiv.mlw_qmn_quiz input[type=radio],\r\n\t\t\tdiv.mlw_qmn_quiz input[type=submit],\r\n\t\t\tdiv.mlw_qmn_quiz label {\r\n\t\t\t\tcursor: pointer;\r\n\t\t\t}\r\n\t\t\tdiv.mlw_qmn_quiz input:not([type=submit]):focus,\r\n\t\t\tdiv.mlw_qmn_quiz textarea:focus {\r\n\t\t\t\tbackground: #eaeaea;\r\n\t\t\t}\r\n\t\t\tdiv.mlw_qmn_quiz {\r\n\t\t\t\ttext-align: left;\r\n\t\t\t}\r\n\t\t\tdiv.quiz_section {\r\n\r\n\t\t\t}\r\n\t\t\t.mlw_horizontal_choice\r\n\t\t\t{\r\n\t\t\t\tmargin-right: 20px;\r\n\t\t\t}\r\n\t\t\tdiv.mlw_qmn_timer {\r\n\t\t\t\tposition:fixed;\r\n\t\t\t\ttop:200px;\r\n\t\t\t\tright:0px;\r\n\t\t\t\twidth:130px;\r\n\t\t\t\tcolor:#00CCFF;\r\n\t\t\t\tborder-radius: 15px;\r\n\t\t\t\tbackground:#000000;\r\n\t\t\t\ttext-align: center;\r\n\t\t\t\tpadding: 15px 15px 15px 15px\r\n\t\t\t}\r\n\t\t\tdiv.mlw_qmn_quiz input[type=submit],\r\n\t\t\ta.mlw_qmn_quiz_link\r\n\t\t\t{\r\n\t\t\t\tborder-radius: 4px;\r\n\t\t\t\tposition: relative;\r\n\t\t\t\tbackground-image: linear-gradient(#fff,#dedede);\r\n\t\t\t\tbackground-color: #eee;\r\n\t\t\t\tborder: #ccc solid 1px;\r\n\t\t\t\tcolor: #333;\r\n\t\t\t\ttext-shadow: 0 1px 0 rgba(255,255,255,.5);\r\n\t\t\t\tbox-sizing: border-box;\r\n\t\t\t\tdisplay: inline-block;\r\n\t\t\t\tpadding: 7px 7px 7px 7px;\r\n\t\t\t\tmargin: auto;\r\n\t\t\t\tfont-weight: bold;\r\n\t\t\t\tcursor: pointer;\r\n\t\t\t}\r\n\t\t\t.mlw_qmn_question, .mlw_qmn_question_number, .mlw_qmn_comment_section_text\r\n\t\t\t{\r\n\t\t\t\tfont-weight: bold;\r\n\t\t\t}\r\n\t\t\t.mlw_next\r\n\t\t\t{\r\n\t\t\t\tfloat: right;\r\n\t\t\t}\r\n\t\t\t.mlw_previous\r\n\t\t\t{\r\n\t\t\t\tfloat: left;\r\n\t\t\t}\r\n\t\t\t.mlw_qmn_question_comment, .mlw_answer_open_text, .qmn_comment_section {\r\n\t\t\t\twidth: 100%;\r\n\t\t\t\tborder-radius: 7px;\r\n\t\t\t\tpadding: 2px 10px;\r\n\t\t\t\t-webkit-box-shadow: inset 0 3px 3px rgba(0,0,0,.075);\r\n\t\t\t\tbox-shadow: inset 0 3px 3px rgba(0,0,0,.075);\r\n\t\t\t\tborder: 1px solid #ccc;\r\n\t\t\t}\r\n\t\t<\/style><div class='qsm-quiz-container qsm-quiz-container-167 qmn_quiz_container mlw_qmn_quiz  quiz_theme_default  '>\n\t\t\t\t\t\t\t\t<form name=\"quizForm167\" id=\"quizForm167\" action=\"\/sv\/wp-json\/wp\/v2\/pages\/1145\" method=\"POST\" class=\"qsm-quiz-form qmn_quiz_form mlw_quiz_form\" novalidate enctype=\"multipart\/form-data\">\n\t\t\t\t<input type=\"hidden\" name=\"qsm_hidden_questions\" id=\"qsm_hidden_questions\" value=\"\">\n\t\t\t\t<input type=\"hidden\" name=\"qsm_nonce\" id=\"qsm_nonce_167\" value=\"dca1ee65ae\">\n\t\t\t\t<input type=\"hidden\" name=\"qsm_unique_key\" id=\"qsm_unique_key_167\" value=\"69d6ea998de01\">\n\t\t\t\t<div id=\"mlw_error_message\" class=\"qsm-error-message qmn_error_message_section\"><\/div>\n\t\t\t\t<span id=\"mlw_top_of_quiz\"><\/span>\n\t\t\t\t\t\t\t<section class=\"qsm-page \">\n\t\t\t\t\t\t\t\t<div class=\"quiz_section qsm-question-wrapper question-type-6 question-section-id-1304 \" data-qid=\"1304\">\n\t\t\t\t\t<div class='mlw_qmn_question ' >\n\t\t<p><br \/> <h2><span style=\"text-decoration: underline\">Flervalsuppgift:<\/span><\/h2> <br \/><strong>Uppgift 1. Diskussion<\/strong><br \/><br \/>Du f\u00e5r h\u00f6ra diskussionen <strong>tv\u00e5 g\u00e5nger<\/strong> utan pauser. Besvara fr\u00e5gorna genom att ringa in r\u00e4tt alternativ (A, B eller C). Svarstiden anges inom parentes.<br \/><br \/><em>(Vastausaika 10 sek)<\/em><\/p>\n\t<\/div>\n\t\t\t\t\t\t<\/div>\n\t\t\t\t\t\t\t\t\t<div class=\"quiz_section qsm-question-wrapper question-type-0 question-section-id-1303 \" data-qid=\"1303\">\n\t\t\t\t\t<div class='mlw_qmn_question ' >\n\t\t<p>M1. Vad handlar samtalet om?<\/p>\n\t<\/div>\n\t\t<fieldset>\n\t\t<legend><\/legend>\n\t<div class='qmn_radio_answers mlwRequiredRadio'>\n\t\t\t\t\t\t\t\t<div class=\"qmn_mc_answer_wrap  mrq_checkbox_class\" id=\"question1303-1 \">\n\t\t\t\t\t\t\t\t\t\t\t<input type='radio' class='qmn_quiz_radio qmn-multiple-choice-input ' name=\"question1303\" id=\"question1303_1\" value=\"0\" \/>\n\t\t\t\t\t<label class=\"qsm-input-label\" for=\"question1303_1\">\n\t\t\t\t\tA) Sjukdom.\t\t\t\t\t<\/label>\n\t\t\t\t\t \t\t\t\t<\/div>\n\t\t\t\t\t\t\t\t\t\t\t<div class=\"qmn_mc_answer_wrap  mrq_checkbox_class\" id=\"question1303-2 \">\n\t\t\t\t\t\t\t\t\t\t\t<input type='radio' class='qmn_quiz_radio qmn-multiple-choice-input ' name=\"question1303\" id=\"question1303_2\" value=\"1\" \/>\n\t\t\t\t\t<label class=\"qsm-input-label\" for=\"question1303_2\">\n\t\t\t\t\tB) V\u00e4dret.\t\t\t\t\t<\/label>\n\t\t\t\t\t \t\t\t\t<\/div>\n\t\t\t\t\t\t\t\t\t\t\t<div class=\"qmn_mc_answer_wrap  mrq_checkbox_class\" id=\"question1303-3 \">\n\t\t\t\t\t\t\t\t\t\t\t<input type='radio' class='qmn_quiz_radio qmn-multiple-choice-input ' name=\"question1303\" id=\"question1303_3\" value=\"2\" \/>\n\t\t\t\t\t<label class=\"qsm-input-label\" for=\"question1303_3\">\n\t\t\t\t\tC) En f\u00f6delsedag.\t\t\t\t\t<\/label>\n\t\t\t\t\t \t\t\t\t<\/div>\n\t\t\t\t\t \t\t\t<label style=\"display: none !important;\" for=\"question1303_none\">None<\/label>\n\t\t\t<input type=\"radio\" style=\"display: none;\" name=\"question1303\" id=\"question1303_none\" checked=\"checked\" value=\"\" \/>\n\t\t\t\t<\/div>\n\t<\/fieldset>\n\t\t\t\t\t\t<\/div>\n\t\t\t\t\t\t\t<\/section>\n\t\t\t\t\t<input type=\"hidden\" name=\"qmn_question_list\" value=\"1304Q1303Q\" \/>\n\t\t\t\t\t\t\t<div id=\"mlw_error_message_bottom\" class=\"qsm-error-message qmn_error_message_section\"><\/div>\n\t\t\t\t\t<input type=\"hidden\" name=\"qmn_all_questions_count\" id=\"qmn_all_questions_count\" value=\"2\" \/>\n\t\t\t\t\t<input type=\"hidden\" name=\"total_questions\" id=\"total_questions\" value=\"1\" \/>\n\t\t\t\t\t<input type=\"hidden\" name=\"timer\" id=\"timer\" value=\"0\" \/>\n\t\t\t\t\t<input type=\"hidden\" name=\"timer_ms\" id=\"timer_ms\" value=\"0\"\/>\n\t\t\t\t\t<input type=\"hidden\" class=\"qmn_quiz_id\" name=\"qmn_quiz_id\" id=\"qmn_quiz_id\" value=\"167\" \/>\n\t\t\t\t\t<input type='hidden' name='complete_quiz' value='confirmation' \/>\n\t\t\t\t\t\t\t\t\t<\/form>\n\t\t<\/div>\n\t\t<div style=\"display: none;\" class=\"qsm-popup qsm-popup-slide\" id=\"modal-4\" aria-hidden=\"false\"><div class=\"qsm-popup__overlay\" tabindex=\"-1\" data-micromodal-close=\"\"><div class=\"qsm-popup__container qmn_quiz_container\" role=\"dialog\" aria-modal=\"true\"><div class=\"qsm-popup__content\"><img decoding=\"async\" src=\"https:\/\/ykitesti.solki.jyu.fi\/wp-content\/plugins\/quiz-master-next\/assets\/clock.png\" alt=\"clock.png\"\/><p class=\"qsm-time-up-text\"> Time's up<\/p><\/div><footer class=\"qsm-popup__footer\"><button class=\"qsm-popup-secondary-button qmn_btn\" data-micromodal-close=\"\" aria-label=\"Close this dialog window\" onclick=\"location.reload();\">Cancel<\/button><\/footer><\/div><\/div><\/div>\n<audio class=\"wp-audio-shortcode\" id=\"audio-1145-1\" preload=\"none\" style=\"width: 100%;\" controls=\"controls\"><source type=\"audio\/mpeg\" src=\"http:\/\/ykitesti.solki.jyu.fi\/wp-content\/uploads\/2016\/06\/raptpy_007.mp3?_=1\" \/><a href=\"http:\/\/ykitesti.solki.jyu.fi\/wp-content\/uploads\/2016\/06\/raptpy_007.mp3\">http:\/\/ykitesti.solki.jyu.fi\/wp-content\/uploads\/2016\/06\/raptpy_007.mp3<\/a><\/audio>\n <!-- RSPEAK_STOP -->","protected":false},"excerpt":{"rendered":"    Franska\u00a0\u2013 Grundniv\u00e5\u00a0\u2013\u00a0Talf\u00f6rst\u00e5else Det finns tre olika uppgiftstyper i delprovet i talf\u00f6rst\u00e5else: flervalsuppgifter, r\u00e4tt-fel-uppgifter och \u00f6ppna fr\u00e5gor.\n <a class=\"moretag\" href=\"https:\/\/ykitesti.solki.jyu.fi\/sv\/tutustu-testiin\/ranska\/ranska-perustaso-puheen-ymmartaminen\/\"> <\/a>","protected":false},"author":1,"featured_media":0,"parent":1128,"menu_order":0,"comment_status":"closed","ping_status":"closed","template":"","meta":{"footnotes":""},"class_list":["post-1145","page","type-page","status-publish","hentry"],"translation":{"provider":"WPGlobus","version":"3.0.2","language":"sv","enabled_languages":["fi","en","sv"],"languages":{"fi":{"title":true,"content":true,"excerpt":false},"en":{"title":false,"content":false,"excerpt":false},"sv":{"title":false,"content":true,"excerpt":false}}},"_links":{"self":[{"href":"https:\/\/ykitesti.solki.jyu.fi\/sv\/wp-json\/wp\/v2\/pages\/1145","targetHints":{"allow":["GET"]}}],"collection":[{"href":"https:\/\/ykitesti.solki.jyu.fi\/sv\/wp-json\/wp\/v2\/pages"}],"about":[{"href":"https:\/\/ykitesti.solki.jyu.fi\/sv\/wp-json\/wp\/v2\/types\/page"}],"author":[{"embeddable":true,"href":"https:\/\/ykitesti.solki.jyu.fi\/sv\/wp-json\/wp\/v2\/users\/1"}],"replies":[{"embeddable":true,"href":"https:\/\/ykitesti.solki.jyu.fi\/sv\/wp-json\/wp\/v2\/comments?post=1145"}],"version-history":[{"count":1,"href":"https:\/\/ykitesti.solki.jyu.fi\/sv\/wp-json\/wp\/v2\/pages\/1145\/revisions"}],"predecessor-version":[{"id":1149,"href":"https:\/\/ykitesti.solki.jyu.fi\/sv\/wp-json\/wp\/v2\/pages\/1145\/revisions\/1149"}],"up":[{"embeddable":true,"href":"https:\/\/ykitesti.solki.jyu.fi\/sv\/wp-json\/wp\/v2\/pages\/1128"}],"wp:attachment":[{"href":"https:\/\/ykitesti.solki.jyu.fi\/sv\/wp-json\/wp\/v2\/media?parent=1145"}],"curies":[{"name":"wp","href":"https:\/\/api.w.org\/{rel}","templated":true}]}}