













{"id":1138,"date":"2016-09-01T16:06:40","date_gmt":"2016-09-01T13:06:40","guid":{"rendered":"http:\/\/ykitesti.solki.jyu.fi\/?page_id=1138"},"modified":"2017-01-04T14:56:56","modified_gmt":"2017-01-04T12:56:56","slug":"ranska-perustaso-tekstin-ymmartaminen","status":"publish","type":"page","link":"https:\/\/ykitesti.solki.jyu.fi\/sv\/tutustu-testiin\/ranska\/ranska-perustaso-tekstin-ymmartaminen\/","title":{"rendered":"Ranska &#8211; Perustaso &#8211; Tekstin ymm\u00e4rt\u00e4minen"},"content":{"rendered":"<!-- RSPEAK_STOP --> <a href='http:\/\/wr.readspeaker.com\/a\/webreader\/webreader.php?cid=&amp;t=wordpress&amp;url=https:\/\/ykitesti.solki.jyu.fi\/sv\/tutustu-testiin\/ranska\/ranska-perustaso-tekstin-ymmartaminen\/&amp;title=Ranska &#8211; Perustaso &#8211; Tekstin ymm\u00e4rt\u00e4minen' onclick='readpage(this.href, 1138); return false;'> <img src=' http:\/\/wr.readspeaker.com\/m\/wr\/images\/listen_.gif' style='border-style: none;' alt=''><\/a><div id='WR_1138'><\/div> <!-- RSPEAK_START --> <p><em><strong>Franska \u2013 Grundniv\u00e5\u00a0\u2013 Textf\u00f6rst\u00e5else<\/strong><\/em><\/p>\n<p>Det finns tre olika uppgiftstyper i delprovet i textf\u00f6rst\u00e5else: flervalsuppgifter, r\u00e4tt-fel-uppgifter och \u00f6ppna fr\u00e5gor.<\/p>\n<script>\n                            if (window.qmn_quiz_data === undefined) {\n                                    window.qmn_quiz_data = new Object();\n                            }\n                    <\/script><script>window.qmn_quiz_data[\"164\"] = {\"quiz_id\":\"164\",\"quiz_name\":\"Ranska monivalinta SVE (PT-TY)\",\"disable_answer\":0,\"ajax_show_correct\":0,\"progress_bar\":\"0\",\"contact_info_location\":\"0\",\"qpages\":{\"1\":{\"id\":\"1\",\"quizID\":\"164\",\"pagekey\":\"685e7f23bae43\",\"hide_prevbtn\":\"0\"}},\"skip_validation_time_expire\":0,\"timer_limit_val\":0,\"disable_scroll_next_previous_click\":0,\"disable_scroll_on_result\":0,\"disable_first_page\":0,\"enable_result_after_timer_end\":0,\"enable_quick_result_mc\":0,\"end_quiz_if_wrong\":0,\"form_disable_autofill\":0,\"disable_mathjax\":0,\"enable_quick_correct_answer_info\":\"0\",\"quick_result_correct_answer_text\":\"Correct! You have selected correct answer.\",\"quick_result_wrong_answer_text\":\"Wrong! You have selected wrong answer.\",\"quiz_processing_message\":\"\",\"quiz_limit_choice\":\"Limit of choice is reached.\",\"not_allow_after_expired_time\":0,\"scheduled_time_end\":false,\"error_messages\":{\"email_error_text\":\"Not a valid e-mail address!\",\"number_error_text\":\"This field must be a number!\",\"incorrect_error_text\":\"The entered text is not correct!\",\"empty_error_text\":\"Please complete all required fields!\",\"url_error_text\":\"The entered URL is not valid!\",\"minlength_error_text\":\"Required atleast %minlength% characters.\",\"maxlength_error_text\":\"Maximum %maxlength% characters allowed.\",\"recaptcha_error_text\":\"ReCaptcha is missing\"}}\n                    <\/script><style type='text\/css' id='qmn_quiz_template-css'>.mlw_qmn_quiz label {\r\n\t\t\t\tdisplay: inline;\r\n\t\t\t}\r\n\t\t\t.ui-tooltip\r\n\t\t\t{\r\n\t\t\t\tmax-width: 500px !important;\r\n\t\t\t}\r\n\t\t\t.ui-tooltip-content\r\n\t\t\t{\r\n\t\t\t\tmax-width: 500px !important;\r\n\t\t\t}\r\n\t\t\t.qmn_error, .qmn_page_error_message\r\n\t\t\t{\r\n\t\t\t\tcolor: red;\r\n\t\t\t}\r\n\t\t\t.mlw_qmn_hint_link\r\n\t\t\t{\r\n\t\t\ttext-decoration:underline;\r\n\t\t\tcolor:rgb(0,0,255);\r\n\t\t\t}\r\n\t\t\t.mlw_qmn_quiz_link\r\n\t\t\t{\r\n\t\t\t\tdisplay: inline;\r\n\t\t\t\tvertical-align:top !important;\r\n\t\t\t\ttext-decoration: none;\r\n\t\t\t}\r\n\t\t\tdiv.mlw_qmn_quiz input[type=radio],\r\n\t\t\tdiv.mlw_qmn_quiz input[type=submit],\r\n\t\t\tdiv.mlw_qmn_quiz label {\r\n\t\t\t\tcursor: pointer;\r\n\t\t\t}\r\n\t\t\tdiv.mlw_qmn_quiz input:not([type=submit]):focus,\r\n\t\t\tdiv.mlw_qmn_quiz textarea:focus {\r\n\t\t\t\tbackground: #eaeaea;\r\n\t\t\t}\r\n\t\t\tdiv.mlw_qmn_quiz {\r\n\t\t\t\ttext-align: left;\r\n\t\t\t}\r\n\t\t\tdiv.quiz_section {\r\n\r\n\t\t\t}\r\n\t\t\t.mlw_horizontal_choice\r\n\t\t\t{\r\n\t\t\t\tmargin-right: 20px;\r\n\t\t\t}\r\n\t\t\tdiv.mlw_qmn_timer {\r\n\t\t\t\tposition:fixed;\r\n\t\t\t\ttop:200px;\r\n\t\t\t\tright:0px;\r\n\t\t\t\twidth:130px;\r\n\t\t\t\tcolor:#00CCFF;\r\n\t\t\t\tborder-radius: 15px;\r\n\t\t\t\tbackground:#000000;\r\n\t\t\t\ttext-align: center;\r\n\t\t\t\tpadding: 15px 15px 15px 15px\r\n\t\t\t}\r\n\t\t\tdiv.mlw_qmn_quiz input[type=submit],\r\n\t\t\ta.mlw_qmn_quiz_link\r\n\t\t\t{\r\n\t\t\t\tborder-radius: 4px;\r\n\t\t\t\tposition: relative;\r\n\t\t\t\tbackground-image: linear-gradient(#fff,#dedede);\r\n\t\t\t\tbackground-color: #eee;\r\n\t\t\t\tborder: #ccc solid 1px;\r\n\t\t\t\tcolor: #333;\r\n\t\t\t\ttext-shadow: 0 1px 0 rgba(255,255,255,.5);\r\n\t\t\t\tbox-sizing: border-box;\r\n\t\t\t\tdisplay: inline-block;\r\n\t\t\t\tpadding: 7px 7px 7px 7px;\r\n\t\t\t\tmargin: auto;\r\n\t\t\t\tfont-weight: bold;\r\n\t\t\t\tcursor: pointer;\r\n\t\t\t}\r\n\t\t\t.mlw_qmn_question, .mlw_qmn_question_number, .mlw_qmn_comment_section_text\r\n\t\t\t{\r\n\t\t\t\tfont-weight: bold;\r\n\t\t\t}\r\n\t\t\t.mlw_next\r\n\t\t\t{\r\n\t\t\t\tfloat: right;\r\n\t\t\t}\r\n\t\t\t.mlw_previous\r\n\t\t\t{\r\n\t\t\t\tfloat: left;\r\n\t\t\t}\r\n\t\t\t.mlw_qmn_question_comment, .mlw_answer_open_text, .qmn_comment_section {\r\n\t\t\t\twidth: 100%;\r\n\t\t\t\tborder-radius: 7px;\r\n\t\t\t\tpadding: 2px 10px;\r\n\t\t\t\t-webkit-box-shadow: inset 0 3px 3px rgba(0,0,0,.075);\r\n\t\t\t\tbox-shadow: inset 0 3px 3px rgba(0,0,0,.075);\r\n\t\t\t\tborder: 1px solid #ccc;\r\n\t\t\t}\r\n\t\t<\/style><div class='qsm-quiz-container qsm-quiz-container-164 qmn_quiz_container mlw_qmn_quiz  quiz_theme_default  '>\n\t\t\t\t\t\t\t\t<form name=\"quizForm164\" id=\"quizForm164\" action=\"\/sv\/wp-json\/wp\/v2\/pages\/1138\" method=\"POST\" class=\"qsm-quiz-form qmn_quiz_form mlw_quiz_form\" novalidate enctype=\"multipart\/form-data\">\n\t\t\t\t<input type=\"hidden\" name=\"qsm_hidden_questions\" id=\"qsm_hidden_questions\" value=\"\">\n\t\t\t\t<input type=\"hidden\" name=\"qsm_nonce\" id=\"qsm_nonce_164\" value=\"5e34f4b91b\">\n\t\t\t\t<input type=\"hidden\" name=\"qsm_unique_key\" id=\"qsm_unique_key_164\" value=\"69dd88cf93370\">\n\t\t\t\t<div id=\"mlw_error_message\" class=\"qsm-error-message qmn_error_message_section\"><\/div>\n\t\t\t\t<span id=\"mlw_top_of_quiz\"><\/span>\n\t\t\t\t\t\t\t<section class=\"qsm-page \">\n\t\t\t\t\t\t\t\t<div class=\"quiz_section qsm-question-wrapper question-type-6 question-section-id-1292 \" data-qid=\"1292\">\n\t\t\t\t\t<div class='mlw_qmn_question ' >\n\t\t<p><br \/> <h2><span style=\"text-decoration: underline\">Flervalsuppgift:<\/span><\/h2> <br \/><strong>Uppgift 1. Reklam<\/strong><br \/><br \/>L\u00e4s texten och fr\u00e5gorna som anknyter till den. V\u00e4lj r\u00e4tt alternativ (A, B eller C).<\/p>\n\t<\/div>\n\t\t\t\t\t\t<\/div>\n\t\t\t\t\t\t\t\t\t<div class=\"quiz_section qsm-question-wrapper question-type-0 question-section-id-1294 \" data-qid=\"1294\">\n\t\t\t\t\t<div class='mlw_qmn_question ' >\n\t\t<p>M1. N\u00e4r har st\u00e4llet \u00f6ppet sommartid?<\/p>\n\t<\/div>\n\t\t<fieldset>\n\t\t<legend><\/legend>\n\t<div class='qmn_radio_answers mlwRequiredRadio'>\n\t\t\t\t\t\t\t\t<div class=\"qmn_mc_answer_wrap  mrq_checkbox_class\" id=\"question1294-1 \">\n\t\t\t\t\t\t\t\t\t\t\t<input type='radio' class='qmn_quiz_radio qmn-multiple-choice-input ' name=\"question1294\" id=\"question1294_1\" value=\"0\" \/>\n\t\t\t\t\t<label class=\"qsm-input-label\" for=\"question1294_1\">\n\t\t\t\t\tA) Varje vardag.\t\t\t\t\t<\/label>\n\t\t\t\t\t \t\t\t\t<\/div>\n\t\t\t\t\t\t\t\t\t\t\t<div class=\"qmn_mc_answer_wrap  mrq_checkbox_class\" id=\"question1294-2 \">\n\t\t\t\t\t\t\t\t\t\t\t<input type='radio' class='qmn_quiz_radio qmn-multiple-choice-input ' name=\"question1294\" id=\"question1294_2\" value=\"1\" \/>\n\t\t\t\t\t<label class=\"qsm-input-label\" for=\"question1294_2\">\n\t\t\t\t\tB) Torsdagar och fredagar.\t\t\t\t\t<\/label>\n\t\t\t\t\t \t\t\t\t<\/div>\n\t\t\t\t\t\t\t\t\t\t\t<div class=\"qmn_mc_answer_wrap  mrq_checkbox_class\" id=\"question1294-3 \">\n\t\t\t\t\t\t\t\t\t\t\t<input type='radio' class='qmn_quiz_radio qmn-multiple-choice-input ' name=\"question1294\" id=\"question1294_3\" value=\"2\" \/>\n\t\t\t\t\t<label class=\"qsm-input-label\" for=\"question1294_3\">\n\t\t\t\t\tC) I b\u00f6rjan av veckan och under veckoslut.\t\t\t\t\t<\/label>\n\t\t\t\t\t \t\t\t\t<\/div>\n\t\t\t\t\t \t\t\t<label style=\"display: none !important;\" for=\"question1294_none\">None<\/label>\n\t\t\t<input type=\"radio\" style=\"display: none;\" name=\"question1294\" id=\"question1294_none\" checked=\"checked\" value=\"\" \/>\n\t\t\t\t<\/div>\n\t<\/fieldset>\n\t\t\t\t\t\t<\/div>\n\t\t\t\t\t\t\t\t\t<div class=\"quiz_section qsm-question-wrapper question-type-0 question-section-id-1293 \" data-qid=\"1293\">\n\t\t\t\t\t<div class='mlw_qmn_question ' >\n\t\t<p>M2. Vad ska man undvika att g\u00f6ra, enligt s\u00e4kerhetsf\u00f6reskrifterna?<\/p>\n\t<\/div>\n\t\t<fieldset>\n\t\t<legend><\/legend>\n\t<div class='qmn_radio_answers mlwRequiredRadio'>\n\t\t\t\t\t\t\t\t<div class=\"qmn_mc_answer_wrap  mrq_checkbox_class\" id=\"question1293-1 \">\n\t\t\t\t\t\t\t\t\t\t\t<input type='radio' class='qmn_quiz_radio qmn-multiple-choice-input ' name=\"question1293\" id=\"question1293_1\" value=\"0\" \/>\n\t\t\t\t\t<label class=\"qsm-input-label\" for=\"question1293_1\">\n\t\t\t\t\tA) Tv\u00e4tta h\u00e4nderna.\t\t\t\t\t<\/label>\n\t\t\t\t\t \t\t\t\t<\/div>\n\t\t\t\t\t\t\t\t\t\t\t<div class=\"qmn_mc_answer_wrap  mrq_checkbox_class\" id=\"question1293-2 \">\n\t\t\t\t\t\t\t\t\t\t\t<input type='radio' class='qmn_quiz_radio qmn-multiple-choice-input ' name=\"question1293\" id=\"question1293_2\" value=\"1\" \/>\n\t\t\t\t\t<label class=\"qsm-input-label\" for=\"question1293_2\">\n\t\t\t\t\tB) Vidr\u00f6ra v\u00e4ggarna.\t\t\t\t\t<\/label>\n\t\t\t\t\t \t\t\t\t<\/div>\n\t\t\t\t\t\t\t\t\t\t\t<div class=\"qmn_mc_answer_wrap  mrq_checkbox_class\" id=\"question1293-3 \">\n\t\t\t\t\t\t\t\t\t\t\t<input type='radio' class='qmn_quiz_radio qmn-multiple-choice-input ' name=\"question1293\" id=\"question1293_3\" value=\"2\" \/>\n\t\t\t\t\t<label class=\"qsm-input-label\" for=\"question1293_3\">\n\t\t\t\t\tC) Skiljas fr\u00e5n gruppen.\t\t\t\t\t<\/label>\n\t\t\t\t\t \t\t\t\t<\/div>\n\t\t\t\t\t \t\t\t<label style=\"display: none !important;\" for=\"question1293_none\">None<\/label>\n\t\t\t<input type=\"radio\" style=\"display: none;\" name=\"question1293\" id=\"question1293_none\" checked=\"checked\" value=\"\" \/>\n\t\t\t\t<\/div>\n\t<\/fieldset>\n\t\t\t\t\t\t<\/div>\n\t\t\t\t\t\t\t<\/section>\n\t\t\t\t\t<input type=\"hidden\" name=\"qmn_question_list\" value=\"1292Q1294Q1293Q\" \/>\n\t\t\t\t\t\t\t<div id=\"mlw_error_message_bottom\" class=\"qsm-error-message qmn_error_message_section\"><\/div>\n\t\t\t\t\t<input type=\"hidden\" name=\"qmn_all_questions_count\" id=\"qmn_all_questions_count\" value=\"3\" \/>\n\t\t\t\t\t<input type=\"hidden\" name=\"total_questions\" id=\"total_questions\" value=\"2\" \/>\n\t\t\t\t\t<input type=\"hidden\" name=\"timer\" id=\"timer\" value=\"0\" \/>\n\t\t\t\t\t<input type=\"hidden\" name=\"timer_ms\" id=\"timer_ms\" value=\"0\"\/>\n\t\t\t\t\t<input type=\"hidden\" class=\"qmn_quiz_id\" name=\"qmn_quiz_id\" id=\"qmn_quiz_id\" value=\"164\" \/>\n\t\t\t\t\t<input type='hidden' name='complete_quiz' value='confirmation' \/>\n\t\t\t\t\t\t\t\t\t<\/form>\n\t\t<\/div>\n\t\t<div style=\"display: none;\" class=\"qsm-popup qsm-popup-slide\" id=\"modal-4\" aria-hidden=\"false\"><div class=\"qsm-popup__overlay\" tabindex=\"-1\" data-micromodal-close=\"\"><div class=\"qsm-popup__container qmn_quiz_container\" role=\"dialog\" aria-modal=\"true\"><div class=\"qsm-popup__content\"><img decoding=\"async\" src=\"https:\/\/ykitesti.solki.jyu.fi\/wp-content\/plugins\/quiz-master-next\/assets\/clock.png\" alt=\"clock.png\"\/><p class=\"qsm-time-up-text\"> Time's up<\/p><\/div><footer class=\"qsm-popup__footer\"><button class=\"qsm-popup-secondary-button qmn_btn\" data-micromodal-close=\"\" aria-label=\"Close this dialog window\" onclick=\"location.reload();\">Cancel<\/button><\/footer><\/div><\/div><\/div>\n<p style=\"border: 3px; border-style: solid; border-color: #123455; padding: 1em;\"><strong>Les \u00e9gouts de Paris<\/strong><\/p>\n<p>Informations pratiques<br \/>\nEntr\u00e9e: Pont de l\u2019Alma<br \/>\nVisite: Accessible au public tous les jours, sauf les jeudis et vendredi, de 11h \u00e0 17h du 1 mai au 30 septembre, et de 11h \u00e0 16h du 1 octobre au 30 avril.<br \/>\nConsignes de s\u00e9curit\u00e9: Sur ce site en exploitation, il est important de respecter les consignes d\u2019hygi\u00e8ne et de s\u00e9curit\u00e9:<br \/>\n-\u00e9viter tout contact avec l\u2019eau us\u00e9e, les parois, les canalisations<br \/>\n-ne pas manger<br \/>\n-se laver les mains en sortant<br \/>\n-ne pas courir, ne pas se pencher par dessus les barri\u00e8res\u2026<\/p>\n<script>\n                            if (window.qmn_quiz_data === undefined) {\n                                    window.qmn_quiz_data = new Object();\n                            }\n                    <\/script><script>window.qmn_quiz_data[\"165\"] = {\"quiz_id\":\"165\",\"quiz_name\":\"Ranska avoimet (PT-TY)\",\"disable_answer\":0,\"ajax_show_correct\":0,\"progress_bar\":\"0\",\"contact_info_location\":\"0\",\"qpages\":{\"1\":{\"id\":\"1\",\"quizID\":\"165\",\"pagekey\":\"685e7f14e1602\",\"hide_prevbtn\":\"0\"}},\"skip_validation_time_expire\":0,\"timer_limit_val\":0,\"disable_scroll_next_previous_click\":0,\"disable_scroll_on_result\":0,\"disable_first_page\":0,\"enable_result_after_timer_end\":0,\"enable_quick_result_mc\":0,\"end_quiz_if_wrong\":0,\"form_disable_autofill\":0,\"disable_mathjax\":0,\"enable_quick_correct_answer_info\":\"0\",\"quick_result_correct_answer_text\":\"Correct! You have selected correct answer.\",\"quick_result_wrong_answer_text\":\"Wrong! You have selected wrong answer.\",\"quiz_processing_message\":\"\",\"quiz_limit_choice\":\"Limit of choice is reached.\",\"not_allow_after_expired_time\":0,\"scheduled_time_end\":false,\"error_messages\":{\"email_error_text\":\"Not a valid e-mail address!\",\"number_error_text\":\"This field must be a number!\",\"incorrect_error_text\":\"The entered text is not correct!\",\"empty_error_text\":\"Please complete all required fields!\",\"url_error_text\":\"The entered URL is not valid!\",\"minlength_error_text\":\"Required atleast %minlength% characters.\",\"maxlength_error_text\":\"Maximum %maxlength% characters allowed.\",\"recaptcha_error_text\":\"ReCaptcha is missing\"}}\n                    <\/script><style type='text\/css' id='qmn_quiz_template-css'>.mlw_qmn_quiz label {\r\n\t\t\t\tdisplay: inline;\r\n\t\t\t}\r\n\t\t\t.ui-tooltip\r\n\t\t\t{\r\n\t\t\t\tmax-width: 500px !important;\r\n\t\t\t}\r\n\t\t\t.ui-tooltip-content\r\n\t\t\t{\r\n\t\t\t\tmax-width: 500px !important;\r\n\t\t\t}\r\n\t\t\t.qmn_error, .qmn_page_error_message\r\n\t\t\t{\r\n\t\t\t\tcolor: red;\r\n\t\t\t}\r\n\t\t\t.mlw_qmn_hint_link\r\n\t\t\t{\r\n\t\t\ttext-decoration:underline;\r\n\t\t\tcolor:rgb(0,0,255);\r\n\t\t\t}\r\n\t\t\t.mlw_qmn_quiz_link\r\n\t\t\t{\r\n\t\t\t\tdisplay: inline;\r\n\t\t\t\tvertical-align:top !important;\r\n\t\t\t\ttext-decoration: none;\r\n\t\t\t}\r\n\t\t\tdiv.mlw_qmn_quiz input[type=radio],\r\n\t\t\tdiv.mlw_qmn_quiz input[type=submit],\r\n\t\t\tdiv.mlw_qmn_quiz label {\r\n\t\t\t\tcursor: pointer;\r\n\t\t\t}\r\n\t\t\tdiv.mlw_qmn_quiz input:not([type=submit]):focus,\r\n\t\t\tdiv.mlw_qmn_quiz textarea:focus {\r\n\t\t\t\tbackground: #eaeaea;\r\n\t\t\t}\r\n\t\t\tdiv.mlw_qmn_quiz {\r\n\t\t\t\ttext-align: left;\r\n\t\t\t}\r\n\t\t\tdiv.quiz_section {\r\n\r\n\t\t\t}\r\n\t\t\t.mlw_horizontal_choice\r\n\t\t\t{\r\n\t\t\t\tmargin-right: 20px;\r\n\t\t\t}\r\n\t\t\tdiv.mlw_qmn_timer {\r\n\t\t\t\tposition:fixed;\r\n\t\t\t\ttop:200px;\r\n\t\t\t\tright:0px;\r\n\t\t\t\twidth:130px;\r\n\t\t\t\tcolor:#00CCFF;\r\n\t\t\t\tborder-radius: 15px;\r\n\t\t\t\tbackground:#000000;\r\n\t\t\t\ttext-align: center;\r\n\t\t\t\tpadding: 15px 15px 15px 15px\r\n\t\t\t}\r\n\t\t\tdiv.mlw_qmn_quiz input[type=submit],\r\n\t\t\ta.mlw_qmn_quiz_link\r\n\t\t\t{\r\n\t\t\t\tborder-radius: 4px;\r\n\t\t\t\tposition: relative;\r\n\t\t\t\tbackground-image: linear-gradient(#fff,#dedede);\r\n\t\t\t\tbackground-color: #eee;\r\n\t\t\t\tborder: #ccc solid 1px;\r\n\t\t\t\tcolor: #333;\r\n\t\t\t\ttext-shadow: 0 1px 0 rgba(255,255,255,.5);\r\n\t\t\t\tbox-sizing: border-box;\r\n\t\t\t\tdisplay: inline-block;\r\n\t\t\t\tpadding: 7px 7px 7px 7px;\r\n\t\t\t\tmargin: auto;\r\n\t\t\t\tfont-weight: bold;\r\n\t\t\t\tcursor: pointer;\r\n\t\t\t}\r\n\t\t\t.mlw_qmn_question, .mlw_qmn_question_number, .mlw_qmn_comment_section_text\r\n\t\t\t{\r\n\t\t\t\tfont-weight: bold;\r\n\t\t\t}\r\n\t\t\t.mlw_next\r\n\t\t\t{\r\n\t\t\t\tfloat: right;\r\n\t\t\t}\r\n\t\t\t.mlw_previous\r\n\t\t\t{\r\n\t\t\t\tfloat: left;\r\n\t\t\t}\r\n\t\t\t.mlw_qmn_question_comment, .mlw_answer_open_text, .qmn_comment_section {\r\n\t\t\t\twidth: 100%;\r\n\t\t\t\tborder-radius: 7px;\r\n\t\t\t\tpadding: 2px 10px;\r\n\t\t\t\t-webkit-box-shadow: inset 0 3px 3px rgba(0,0,0,.075);\r\n\t\t\t\tbox-shadow: inset 0 3px 3px rgba(0,0,0,.075);\r\n\t\t\t\tborder: 1px solid #ccc;\r\n\t\t\t}\r\n\t\t<\/style><div class='qsm-quiz-container qsm-quiz-container-165 qmn_quiz_container mlw_qmn_quiz  quiz_theme_default  '>\n\t\t\t\t\t\t\t\t<form name=\"quizForm165\" id=\"quizForm165\" action=\"\/sv\/wp-json\/wp\/v2\/pages\/1138\" method=\"POST\" class=\"qsm-quiz-form qmn_quiz_form mlw_quiz_form\" novalidate enctype=\"multipart\/form-data\">\n\t\t\t\t<input type=\"hidden\" name=\"qsm_hidden_questions\" id=\"qsm_hidden_questions\" value=\"\">\n\t\t\t\t<input type=\"hidden\" name=\"qsm_nonce\" id=\"qsm_nonce_165\" value=\"89b8549988\">\n\t\t\t\t<input type=\"hidden\" name=\"qsm_unique_key\" id=\"qsm_unique_key_165\" value=\"69dd88cf9b5c5\">\n\t\t\t\t<div id=\"mlw_error_message\" class=\"qsm-error-message qmn_error_message_section\"><\/div>\n\t\t\t\t<span id=\"mlw_top_of_quiz\"><\/span>\n\t\t\t\t\t\t\t<section class=\"qsm-page \">\n\t\t\t\t\t\t\t\t<div class=\"quiz_section qsm-question-wrapper question-type-6 question-section-id-1296 \" data-qid=\"1296\">\n\t\t\t\t\t<div class='mlw_qmn_question ' >\n\t\t<p><h2><span style=\"text-decoration: underline\">Avoimet kysymykset:<\/span><\/h2> <br \/><strong>Teht\u00e4v\u00e4 1. Ilmoitus\u00a0\u00a0\u00a0\u00a0\u00a0\u00a0\u00a0\u00a0\u00a0\u00a0\u00a0\u00a0\u00a0\u00a0\u00a0\u00a0\u00a0\u00a0\u00a0\u00a0\u00a0\u00a0\u00a0\u00a0\u00a0\u00a0\u00a0\u00a0\u00a0\u00a0\u00a0\u00a0\u00a0\u00a0\u00a0\u00a0\u00a0\u00a0\u00a0\u00a0\u00a0 <\/strong><br \/><br \/>Lue ilmoitus ja siihen liittyv\u00e4t kysymykset. Vastaa kysymyksiin <strong>suomeksi<\/strong><\/p>\n\t<\/div>\n\t\t\t\t\t\t<\/div>\n\t\t\t\t\t\t\t\t\t<div class=\"quiz_section qsm-question-wrapper question-type-3 question-section-id-1295 \" data-qid=\"1295\">\n\t\t\t\t\t<div class='mlw_qmn_question ' >\n\t\t<p>A1. Mit\u00e4 ilmoituksessa mainostetaan?<\/p>\n\t<\/div>\n\t\t<input  type=\"text\" class=\"mlw_answer_open_text mlwRequiredText\" id=\"question1295\" name=\"question1295\"   Placeholder=\"\" \/>\n\t\t\t\t\t\t<\/div>\n\t\t\t\t\t\t\t\t\t<div class=\"quiz_section qsm-question-wrapper question-type-3 question-section-id-1297 \" data-qid=\"1297\">\n\t\t\t\t\t<div class='mlw_qmn_question ' >\n\t\t<p>A2. Mink\u00e4laisiin teht\u00e4viin ilmoittaja on valmis? (Mainitse 3 seikkaa.)<\/p>\n\t<\/div>\n\t\t<input  type=\"text\" class=\"mlw_answer_open_text mlwRequiredText\" id=\"question1297\" name=\"question1297\"   Placeholder=\"\" \/>\n\t\t\t\t\t\t<\/div>\n\t\t\t\t\t\t\t<\/section>\n\t\t\t\t\t<input type=\"hidden\" name=\"qmn_question_list\" value=\"1296Q1295Q1297Q\" \/>\n\t\t\t\t\t\t\t<div id=\"mlw_error_message_bottom\" class=\"qsm-error-message qmn_error_message_section\"><\/div>\n\t\t\t\t\t<input type=\"hidden\" name=\"qmn_all_questions_count\" id=\"qmn_all_questions_count\" value=\"3\" \/>\n\t\t\t\t\t<input type=\"hidden\" name=\"total_questions\" id=\"total_questions\" value=\"2\" \/>\n\t\t\t\t\t<input type=\"hidden\" name=\"timer\" id=\"timer\" value=\"0\" \/>\n\t\t\t\t\t<input type=\"hidden\" name=\"timer_ms\" id=\"timer_ms\" value=\"0\"\/>\n\t\t\t\t\t<input type=\"hidden\" class=\"qmn_quiz_id\" name=\"qmn_quiz_id\" id=\"qmn_quiz_id\" value=\"165\" \/>\n\t\t\t\t\t<input type='hidden' name='complete_quiz' value='confirmation' \/>\n\t\t\t\t\t\t\t\t\t<\/form>\n\t\t<\/div>\n\t\t<div style=\"display: none;\" class=\"qsm-popup qsm-popup-slide\" id=\"modal-4\" aria-hidden=\"false\"><div class=\"qsm-popup__overlay\" tabindex=\"-1\" data-micromodal-close=\"\"><div class=\"qsm-popup__container qmn_quiz_container\" role=\"dialog\" aria-modal=\"true\"><div class=\"qsm-popup__content\"><img decoding=\"async\" src=\"https:\/\/ykitesti.solki.jyu.fi\/wp-content\/plugins\/quiz-master-next\/assets\/clock.png\" alt=\"clock.png\"\/><p class=\"qsm-time-up-text\"> Time's up<\/p><\/div><footer class=\"qsm-popup__footer\"><button class=\"qsm-popup-secondary-button qmn_btn\" data-micromodal-close=\"\" aria-label=\"Close this dialog window\" onclick=\"location.reload();\">Cancel<\/button><\/footer><\/div><\/div><\/div>\n<p style=\"border: 3px; border-style: solid; border-color: #123455; padding: 1em;\">Le professionnel du d\u00e9pannage.<br \/>\nInterventions rapides.<br \/>\nFuites d\u2019eau et de gaz, ouvertures<br \/>\nde portes, pannes d\u2019\u00e9lectricit\u00e9.<\/p>\n<p>&nbsp;<\/p>\n <!-- RSPEAK_STOP -->","protected":false},"excerpt":{"rendered":"    Franska \u2013 Grundniv\u00e5\u00a0\u2013 Textf\u00f6rst\u00e5else Det finns tre olika uppgiftstyper i delprovet i textf\u00f6rst\u00e5else: flervalsuppgifter, r\u00e4tt-fel-uppgifter och \u00f6ppna fr\u00e5gor. Les \u00e9gouts de Paris Informations \n <a class=\"moretag\" href=\"https:\/\/ykitesti.solki.jyu.fi\/sv\/tutustu-testiin\/ranska\/ranska-perustaso-tekstin-ymmartaminen\/\"> <\/a>","protected":false},"author":1,"featured_media":0,"parent":1128,"menu_order":0,"comment_status":"closed","ping_status":"closed","template":"","meta":{"footnotes":""},"class_list":["post-1138","page","type-page","status-publish","hentry"],"translation":{"provider":"WPGlobus","version":"3.0.2","language":"sv","enabled_languages":["fi","en","sv"],"languages":{"fi":{"title":true,"content":true,"excerpt":false},"en":{"title":false,"content":false,"excerpt":false},"sv":{"title":false,"content":true,"excerpt":false}}},"_links":{"self":[{"href":"https:\/\/ykitesti.solki.jyu.fi\/sv\/wp-json\/wp\/v2\/pages\/1138","targetHints":{"allow":["GET"]}}],"collection":[{"href":"https:\/\/ykitesti.solki.jyu.fi\/sv\/wp-json\/wp\/v2\/pages"}],"about":[{"href":"https:\/\/ykitesti.solki.jyu.fi\/sv\/wp-json\/wp\/v2\/types\/page"}],"author":[{"embeddable":true,"href":"https:\/\/ykitesti.solki.jyu.fi\/sv\/wp-json\/wp\/v2\/users\/1"}],"replies":[{"embeddable":true,"href":"https:\/\/ykitesti.solki.jyu.fi\/sv\/wp-json\/wp\/v2\/comments?post=1138"}],"version-history":[{"count":2,"href":"https:\/\/ykitesti.solki.jyu.fi\/sv\/wp-json\/wp\/v2\/pages\/1138\/revisions"}],"predecessor-version":[{"id":1304,"href":"https:\/\/ykitesti.solki.jyu.fi\/sv\/wp-json\/wp\/v2\/pages\/1138\/revisions\/1304"}],"up":[{"embeddable":true,"href":"https:\/\/ykitesti.solki.jyu.fi\/sv\/wp-json\/wp\/v2\/pages\/1128"}],"wp:attachment":[{"href":"https:\/\/ykitesti.solki.jyu.fi\/sv\/wp-json\/wp\/v2\/media?parent=1138"}],"curies":[{"name":"wp","href":"https:\/\/api.w.org\/{rel}","templated":true}]}}