













{"id":1135,"date":"2016-09-01T15:25:46","date_gmt":"2016-09-01T12:25:46","guid":{"rendered":"http:\/\/ykitesti.solki.jyu.fi\/?page_id=1135"},"modified":"2022-05-23T14:52:01","modified_gmt":"2022-05-23T11:52:01","slug":"ranska-perustaso-kirjoittaminen","status":"publish","type":"page","link":"https:\/\/ykitesti.solki.jyu.fi\/sv\/tutustu-testiin\/ranska\/ranska-perustaso-kirjoittaminen\/","title":{"rendered":"Ranska &#8211; Perustaso &#8211; Kirjoittaminen"},"content":{"rendered":"<!-- RSPEAK_STOP --> <a href='http:\/\/wr.readspeaker.com\/a\/webreader\/webreader.php?cid=&amp;t=wordpress&amp;url=https:\/\/ykitesti.solki.jyu.fi\/sv\/tutustu-testiin\/ranska\/ranska-perustaso-kirjoittaminen\/&amp;title=Ranska &#8211; Perustaso &#8211; Kirjoittaminen' onclick='readpage(this.href, 1135); return false;'> <img src=' http:\/\/wr.readspeaker.com\/m\/wr\/images\/listen_.gif' style='border-style: none;' alt=''><\/a><div id='WR_1135'><\/div> <!-- RSPEAK_START --> <h4><em>Franska\u00a0\u2013 Grundniv\u00e5\u00a0\u2013\u00a0Skriftlig\u00a0Framst\u00e4llning<\/em><\/h4>\n<div class=\"quiz_section question-section-id-58 slide2\">\n<p>Delprovet i skriftlig framst\u00e4llning inneh\u00e5ller tre olika slags uppgifter. Nedan finns n\u00e5gra exempel p\u00e5 uppgifterna.<\/p>\n<hr \/>\n<h2>Uppgift 1. Annons<\/h2>\n<p>En v\u00e4n till dig vill hyra ut sin sommarstuga till franska turister. V\u00e4nnen ber dig hj\u00e4lpa till med att skriva en annons. Ta upp f\u00f6ljande saker i annonsen:<\/p>\n<ul>\n<li>var stugan \u00e4r bel\u00e4gen<\/li>\n<li>hur man tar sig dit<\/li>\n<li>hurdan stugan \u00e4r (storlek, utrustning etc.)<\/li>\n<li>hur mycket det kostar att hyra stugan<\/li>\n<li>vem man ska ta kontakt med.<\/li>\n<\/ul>\n<p>Kom ih\u00e5g att <strong>inleda <\/strong>och <strong>avsluta <\/strong>annonsen p\u00e5 ett l\u00e4mpligt s\u00e4tt. Skriv med tydlig handstil <strong>p\u00e5 franska<\/strong>.<\/p>\n<\/div>\n <!-- RSPEAK_STOP -->","protected":false},"excerpt":{"rendered":"    Franska\u00a0\u2013 Grundniv\u00e5\u00a0\u2013\u00a0Skriftlig\u00a0Framst\u00e4llning Delprovet i skriftlig framst\u00e4llning inneh\u00e5ller tre olika slags uppgifter. Nedan finns n\u00e5gra exempel p\u00e5 uppgifterna. Uppgift 1. Annons En v\u00e4n till \n <a class=\"moretag\" href=\"https:\/\/ykitesti.solki.jyu.fi\/sv\/tutustu-testiin\/ranska\/ranska-perustaso-kirjoittaminen\/\"> <\/a>","protected":false},"author":1,"featured_media":0,"parent":1128,"menu_order":0,"comment_status":"closed","ping_status":"closed","template":"","meta":{"footnotes":""},"class_list":["post-1135","page","type-page","status-publish","hentry"],"translation":{"provider":"WPGlobus","version":"3.0.2","language":"sv","enabled_languages":["fi","en","sv"],"languages":{"fi":{"title":true,"content":true,"excerpt":false},"en":{"title":false,"content":false,"excerpt":false},"sv":{"title":false,"content":true,"excerpt":false}}},"_links":{"self":[{"href":"https:\/\/ykitesti.solki.jyu.fi\/sv\/wp-json\/wp\/v2\/pages\/1135","targetHints":{"allow":["GET"]}}],"collection":[{"href":"https:\/\/ykitesti.solki.jyu.fi\/sv\/wp-json\/wp\/v2\/pages"}],"about":[{"href":"https:\/\/ykitesti.solki.jyu.fi\/sv\/wp-json\/wp\/v2\/types\/page"}],"author":[{"embeddable":true,"href":"https:\/\/ykitesti.solki.jyu.fi\/sv\/wp-json\/wp\/v2\/users\/1"}],"replies":[{"embeddable":true,"href":"https:\/\/ykitesti.solki.jyu.fi\/sv\/wp-json\/wp\/v2\/comments?post=1135"}],"version-history":[{"count":4,"href":"https:\/\/ykitesti.solki.jyu.fi\/sv\/wp-json\/wp\/v2\/pages\/1135\/revisions"}],"predecessor-version":[{"id":1950,"href":"https:\/\/ykitesti.solki.jyu.fi\/sv\/wp-json\/wp\/v2\/pages\/1135\/revisions\/1950"}],"up":[{"embeddable":true,"href":"https:\/\/ykitesti.solki.jyu.fi\/sv\/wp-json\/wp\/v2\/pages\/1128"}],"wp:attachment":[{"href":"https:\/\/ykitesti.solki.jyu.fi\/sv\/wp-json\/wp\/v2\/media?parent=1135"}],"curies":[{"name":"wp","href":"https:\/\/api.w.org\/{rel}","templated":true}]}}