













{"id":1131,"date":"2016-09-01T15:20:15","date_gmt":"2016-09-01T12:20:15","guid":{"rendered":"http:\/\/ykitesti.solki.jyu.fi\/?page_id=1131"},"modified":"2016-09-02T11:38:53","modified_gmt":"2016-09-02T08:38:53","slug":"ranska-perustaso-puhuminen","status":"publish","type":"page","link":"https:\/\/ykitesti.solki.jyu.fi\/sv\/tutustu-testiin\/ranska\/ranska-perustaso-puhuminen\/","title":{"rendered":"Ranska &#8211; Perustaso &#8211; Puhuminen"},"content":{"rendered":"<!-- RSPEAK_STOP --> <a href='http:\/\/wr.readspeaker.com\/a\/webreader\/webreader.php?cid=&amp;t=wordpress&amp;url=https:\/\/ykitesti.solki.jyu.fi\/sv\/tutustu-testiin\/ranska\/ranska-perustaso-puhuminen\/&amp;title=Ranska &#8211; Perustaso &#8211; Puhuminen' onclick='readpage(this.href, 1131); return false;'> <img src=' http:\/\/wr.readspeaker.com\/m\/wr\/images\/listen_.gif' style='border-style: none;' alt=''><\/a><div id='WR_1131'><\/div> <!-- RSPEAK_START --> <p><em><strong>Franska\u00a0\u2013 Grundniv\u00e5\u00a0\u2013 Talproduktion<\/strong><\/em><\/p>\n<p>Delprovet i talproduktion p\u00e5 mellanniv\u00e5 i franska inneh\u00e5ller olika uppgifter som spelas in p\u00e5 band i en spr\u00e5kstudio. Nedan finns exempel p\u00e5 uppgiftstyperna.<\/p>\n<hr \/>\n<h2><strong>Uppgift 1. Samtal<\/strong><\/h2>\n<p>Nedan beskrivs tv\u00e5 talsituationer. F\u00f6re varje situation har du tillf\u00e4lle att s\u00e4tta dig in i den. Inom parentes ser du tips p\u00e5 vad du ska s\u00e4ga <strong>p\u00e5 franska<\/strong> h\u00f6ra din samtalspartners repliker p\u00e5 band, och de \u00e4r i uppgiftsh\u00e4ftet markerade med stj\u00e4rnor (t.ex. Talaren: *****). Du ska svara p\u00e5 replikerna s\u00e5 ledigt och naturligt som du bara kan. Svarstiden anges inom parentes.<\/p>\n<audio class=\"wp-audio-shortcode\" id=\"audio-1131-1\" preload=\"none\" style=\"width: 100%;\" controls=\"controls\"><source type=\"audio\/mpeg\" src=\"http:\/\/ykitesti.solki.jyu.fi\/wp-content\/uploads\/2016\/06\/raptpu_011edited.mp3?_=1\" \/><a href=\"http:\/\/ykitesti.solki.jyu.fi\/wp-content\/uploads\/2016\/06\/raptpu_011edited.mp3\">http:\/\/ykitesti.solki.jyu.fi\/wp-content\/uploads\/2016\/06\/raptpu_011edited.mp3<\/a><\/audio>\n<p style=\"border: 3px; border-style: solid; border-color: #123455; padding: 1em;\"><strong>Situation X.\u00a0\u00a0 <em>Du m\u00f6ter din v\u00e4n Ren\u00e9 p\u00e5 gatan. Ni har inte tr\u00e4ffats p\u00e5 n\u00e4rmare 10 \u00e5r.<\/em><\/strong><br \/>\n&nbsp;<br \/>\nRen\u00e9:\u00a0\u00a0\u00a0\u00a0\u00a0\u00a0\u00a0\u00a0\u00a0\u00a0\u00a0\u00a0\u00a0\u00a0\u00a0\u00a0\u00a0\u00a0\u00a0 *****<br \/>\nDU:\u00a0\u00a0\u00a0\u00a0\u00a0\u00a0\u00a0\u00a0\u00a0\u00a0\u00a0 [Svara och f\u00f6rundra dig \u00f6ver hur tiden g\u00e5r.] <em>(20 sek)<\/em><br \/>\nRen\u00e9: \u00a0\u00a0\u00a0\u00a0\u00a0\u00a0\u00a0\u00a0\u00a0\u00a0\u00a0\u00a0\u00a0\u00a0\u00a0\u00a0\u00a0\u00a0 *****<br \/>\nDU:\u00a0\u00a0\u00a0\u00a0\u00a0\u00a0\u00a0\u00a0\u00a0\u00a0\u00a0 [Du \u00e4r av en annan \u00e5sikt. Fr\u00e5ga hur Ren\u00e9 har det.] <em>(15 sek)<\/em><br \/>\nRen\u00e9: \u00a0\u00a0\u00a0\u00a0\u00a0\u00a0\u00a0\u00a0\u00a0\u00a0\u00a0\u00a0\u00a0\u00a0\u00a0\u00a0\u00a0\u00a0 *****<br \/>\nDU:\u00a0\u00a0\u00a0\u00a0\u00a0\u00a0\u00a0\u00a0\u00a0\u00a0\u00a0 [Beklaga och fr\u00e5ga om han har varit hos l\u00e4kare.] <em>(20 sek)<\/em><br \/>\nRen\u00e9: \u00a0\u00a0\u00a0\u00a0\u00a0\u00a0\u00a0\u00a0\u00a0\u00a0\u00a0\u00a0\u00a0\u00a0\u00a0\u00a0\u00a0\u00a0 *****<br \/>\nDU:\u00a0\u00a0\u00a0\u00a0\u00a0\u00a0\u00a0\u00a0\u00a0\u00a0\u00a0 [Kommentera och fr\u00e5ga om behandlingen hj\u00e4lpte.] <em>(15 sek)<\/em><br \/>\nRen\u00e9: \u00a0\u00a0\u00a0\u00a0\u00a0\u00a0\u00a0\u00a0\u00a0\u00a0\u00a0\u00a0\u00a0\u00a0\u00a0\u00a0\u00a0\u00a0 *****<br \/>\nDU:\u00a0\u00a0\u00a0\u00a0\u00a0\u00a0\u00a0\u00a0\u00a0\u00a0\u00a0 [Du \u00e4r glad f\u00f6r Ren\u00e9s skull och f\u00f6resl\u00e5r en gemensam middag.] <em>(20 sek)<\/em><br \/>\nRen\u00e9: \u00a0\u00a0\u00a0\u00a0\u00a0\u00a0\u00a0\u00a0\u00a0\u00a0\u00a0\u00a0\u00a0\u00a0\u00a0\u00a0\u00a0\u00a0 *****<br \/>\nDU:\u00a0\u00a0\u00a0\u00a0\u00a0\u00a0\u00a0\u00a0\u00a0\u00a0\u00a0 [Svara jakande och ta farv\u00e4l.] <em>(20 sek)<\/em><br \/>\nRen\u00e9: \u00a0\u00a0\u00a0\u00a0\u00a0\u00a0\u00a0\u00a0\u00a0\u00a0\u00a0\u00a0\u00a0\u00a0\u00a0\u00a0\u00a0\u00a0 *****<\/p>\n<hr \/>\n<h2><strong>Uppgift 2. N\u00e5gra situationer:<\/strong><\/h2>\n<p>Nedan beskrivs sex situationer, d\u00e4r du skulle kunna bli tvungen att tala franska. Situationerna g\u00e5s igenom en \u00e5t g\u00e5ngen.<\/p>\n<p>I varje situation:<\/p>\n<ul>\n<li>P\u00e5 bandet h\u00f6r du numret p\u00e5 situationen, t.ex. <em>\u201dLisez les instructions concernant la situation 1\u201d .<\/em><\/li>\n<li>S\u00e4tt dig in i situationen i fr\u00e5ga.<\/li>\n<li>P\u00e5 bandet h\u00f6r du en uppmaning: <em>\u201dParlez maintenant\u201d<\/em>.<\/li>\n<li>Sedan f\u00f6ljer en paus.<\/li>\n<li>Under pausen ska du <strong>p\u00e5 fr<\/strong><strong>anska<\/strong> s\u00e4ga det som du blir uppmanad att s\u00e4ga i den aktuella situationen.<\/li>\n<\/ul>\n<p>Svarstiden anges inom parentes.<\/p>\n<p>Vad skulle du s\u00e4ga <strong>p\u00e5 franska<\/strong> i f\u00f6ljande situationer:<\/p>\n<p style=\"border: 3px; border-style: solid; border-color: #123455; padding: 1em;\"><strong>P\u00e5 v\u00e4g till en v\u00e4n<\/strong>.<br \/>\n<strong>Situation 1<\/strong>. Du ser en taxi parkerad vid gatan. H\u00e4lsa p\u00e5 f\u00f6raren och fr\u00e5ga om taxin \u00e4r ledig. Du vill \u00e5ka till 34, Rue de Rivoli. <em>(20 sek<\/em>)<\/p>\n<hr \/>\n<h2>Uppgift 3. Ber\u00e4ttelse<\/h2>\n<p>Nedan ges tv\u00e5 alternativa teman. V\u00e4lj <strong>ett<\/strong> tema och <strong>framf\u00f6r dina \u00e5sikter om detta tema j\u00e4mte motiveringar<\/strong>. F\u00f6rs\u00f6k tala s\u00e5 ledigt som m\u00f6jligt.<\/p>\n<p>Du har tv\u00e5 minuter p\u00e5 dig att t\u00e4nka ut vad du ska s\u00e4ga. Under tiden du f\u00f6rbereder dig kan du g\u00f6ra anteckningar. Du ska b\u00f6rja tala n\u00e4r de s\u00e4ger p\u00e5 bandet: <em>\u201dParlez maintenant\u201d<\/em>. Du har 2 minuter p\u00e5 dig att tala. F\u00f6rs\u00f6k tala hela tiden!<\/p>\n<p><strong>F\u00f6rberedelsetid: 2 minuter<\/strong><br \/>\n<strong>Taltid: 2 minuter<\/strong><\/p>\n<p><strong>Tema 1.\u00a0 Les films que j\u2019aime<\/strong><\/p>\n<ul>\n<li>Hurdana filmer tycker du om?\u00a0 Vilka inte?<\/li>\n<li>Hurdan \u00e4r en bra film?<\/li>\n<li>Ser du helst inhemska eller utl\u00e4ndska filmer?<\/li>\n<li>G\u00e5r du helst p\u00e5 bio eller ser du p\u00e5 filmer hemma?<\/li>\n<li>Vilken film har stannat kvar i minnet och varf\u00f6r? Ge exempel och motivera!<\/li>\n<\/ul>\n <!-- RSPEAK_STOP -->","protected":false},"excerpt":{"rendered":"    Franska\u00a0\u2013 Grundniv\u00e5\u00a0\u2013 Talproduktion Delprovet i talproduktion p\u00e5 mellanniv\u00e5 i franska inneh\u00e5ller olika uppgifter som spelas in p\u00e5 band i en spr\u00e5kstudio. Nedan finns \n <a class=\"moretag\" href=\"https:\/\/ykitesti.solki.jyu.fi\/sv\/tutustu-testiin\/ranska\/ranska-perustaso-puhuminen\/\"> <\/a>","protected":false},"author":1,"featured_media":0,"parent":1128,"menu_order":0,"comment_status":"closed","ping_status":"closed","template":"","meta":{"footnotes":""},"class_list":["post-1131","page","type-page","status-publish","hentry"],"translation":{"provider":"WPGlobus","version":"3.0.2","language":"sv","enabled_languages":["fi","en","sv"],"languages":{"fi":{"title":true,"content":true,"excerpt":false},"en":{"title":false,"content":false,"excerpt":false},"sv":{"title":false,"content":true,"excerpt":false}}},"_links":{"self":[{"href":"https:\/\/ykitesti.solki.jyu.fi\/sv\/wp-json\/wp\/v2\/pages\/1131","targetHints":{"allow":["GET"]}}],"collection":[{"href":"https:\/\/ykitesti.solki.jyu.fi\/sv\/wp-json\/wp\/v2\/pages"}],"about":[{"href":"https:\/\/ykitesti.solki.jyu.fi\/sv\/wp-json\/wp\/v2\/types\/page"}],"author":[{"embeddable":true,"href":"https:\/\/ykitesti.solki.jyu.fi\/sv\/wp-json\/wp\/v2\/users\/1"}],"replies":[{"embeddable":true,"href":"https:\/\/ykitesti.solki.jyu.fi\/sv\/wp-json\/wp\/v2\/comments?post=1131"}],"version-history":[{"count":4,"href":"https:\/\/ykitesti.solki.jyu.fi\/sv\/wp-json\/wp\/v2\/pages\/1131\/revisions"}],"predecessor-version":[{"id":1156,"href":"https:\/\/ykitesti.solki.jyu.fi\/sv\/wp-json\/wp\/v2\/pages\/1131\/revisions\/1156"}],"up":[{"embeddable":true,"href":"https:\/\/ykitesti.solki.jyu.fi\/sv\/wp-json\/wp\/v2\/pages\/1128"}],"wp:attachment":[{"href":"https:\/\/ykitesti.solki.jyu.fi\/sv\/wp-json\/wp\/v2\/media?parent=1131"}],"curies":[{"name":"wp","href":"https:\/\/api.w.org\/{rel}","templated":true}]}}