













{"id":1108,"date":"2016-08-30T12:26:57","date_gmt":"2016-08-30T09:26:57","guid":{"rendered":"http:\/\/ykitesti.solki.jyu.fi\/?page_id=1108"},"modified":"2016-08-30T12:27:06","modified_gmt":"2016-08-30T09:27:06","slug":"saame-ylin-taso-tekstin-ymmartaminen","status":"publish","type":"page","link":"https:\/\/ykitesti.solki.jyu.fi\/sv\/tutustu-testiin\/saame\/saame-ylin-taso-tekstin-ymmartaminen\/","title":{"rendered":"Saame &#8211; Ylin taso &#8211; Tekstin ymm\u00e4rt\u00e4minen"},"content":{"rendered":"<!-- RSPEAK_STOP --> <a href='http:\/\/wr.readspeaker.com\/a\/webreader\/webreader.php?cid=&amp;t=wordpress&amp;url=https:\/\/ykitesti.solki.jyu.fi\/sv\/tutustu-testiin\/saame\/saame-ylin-taso-tekstin-ymmartaminen\/&amp;title=Saame &#8211; Ylin taso &#8211; Tekstin ymm\u00e4rt\u00e4minen' onclick='readpage(this.href, 1108); return false;'> <img src=' http:\/\/wr.readspeaker.com\/m\/wr\/images\/listen_.gif' style='border-style: none;' alt=''><\/a><div id='WR_1108'><\/div> <!-- RSPEAK_START --> <p><em><strong>Samiska \u2013 H\u00f6gsta niv\u00e5 \u2013 Textf\u00f6rst\u00e5else<\/strong><\/em><\/p>\n<p>Det finns tre olika uppgiftstyper i delprovet i textf\u00f6rst\u00e5else: flervalsuppgifter, r\u00e4tt-fel-uppgifter och \u00f6ppna fr\u00e5gor.<\/p>\n<script>\n                            if (window.qmn_quiz_data === undefined) {\n                                    window.qmn_quiz_data = new Object();\n                            }\n                    <\/script><script>window.qmn_quiz_data[\"160\"] = {\"quiz_id\":\"160\",\"quiz_name\":\"Saame monivalinta (YT-TY)\",\"disable_answer\":0,\"ajax_show_correct\":0,\"progress_bar\":\"0\",\"contact_info_location\":\"0\",\"qpages\":{\"1\":{\"id\":\"1\",\"quizID\":\"160\",\"pagekey\":\"685e7e635ee20\",\"hide_prevbtn\":\"0\"}},\"skip_validation_time_expire\":0,\"timer_limit_val\":0,\"disable_scroll_next_previous_click\":0,\"disable_scroll_on_result\":0,\"disable_first_page\":0,\"enable_result_after_timer_end\":0,\"enable_quick_result_mc\":0,\"end_quiz_if_wrong\":0,\"form_disable_autofill\":0,\"disable_mathjax\":0,\"enable_quick_correct_answer_info\":\"0\",\"quick_result_correct_answer_text\":\"Correct! You have selected correct answer.\",\"quick_result_wrong_answer_text\":\"Wrong! You have selected wrong answer.\",\"quiz_processing_message\":\"\",\"quiz_limit_choice\":\"Limit of choice is reached.\",\"not_allow_after_expired_time\":0,\"scheduled_time_end\":false,\"error_messages\":{\"email_error_text\":\"Not a valid e-mail address!\",\"number_error_text\":\"This field must be a number!\",\"incorrect_error_text\":\"The entered text is not correct!\",\"empty_error_text\":\"Please complete all required fields!\",\"url_error_text\":\"The entered URL is not valid!\",\"minlength_error_text\":\"Required atleast %minlength% characters.\",\"maxlength_error_text\":\"Maximum %maxlength% characters allowed.\",\"recaptcha_error_text\":\"ReCaptcha is missing\"}}\n                    <\/script><style type='text\/css' id='qmn_quiz_template-css'>.mlw_qmn_quiz label {\r\n\t\t\t\tdisplay: inline;\r\n\t\t\t}\r\n\t\t\t.ui-tooltip\r\n\t\t\t{\r\n\t\t\t\tmax-width: 500px !important;\r\n\t\t\t}\r\n\t\t\t.ui-tooltip-content\r\n\t\t\t{\r\n\t\t\t\tmax-width: 500px !important;\r\n\t\t\t}\r\n\t\t\t.qmn_error, .qmn_page_error_message\r\n\t\t\t{\r\n\t\t\t\tcolor: red;\r\n\t\t\t}\r\n\t\t\t.mlw_qmn_hint_link\r\n\t\t\t{\r\n\t\t\ttext-decoration:underline;\r\n\t\t\tcolor:rgb(0,0,255);\r\n\t\t\t}\r\n\t\t\t.mlw_qmn_quiz_link\r\n\t\t\t{\r\n\t\t\t\tdisplay: inline;\r\n\t\t\t\tvertical-align:top !important;\r\n\t\t\t\ttext-decoration: none;\r\n\t\t\t}\r\n\t\t\tdiv.mlw_qmn_quiz input[type=radio],\r\n\t\t\tdiv.mlw_qmn_quiz input[type=submit],\r\n\t\t\tdiv.mlw_qmn_quiz label {\r\n\t\t\t\tcursor: pointer;\r\n\t\t\t}\r\n\t\t\tdiv.mlw_qmn_quiz input:not([type=submit]):focus,\r\n\t\t\tdiv.mlw_qmn_quiz textarea:focus {\r\n\t\t\t\tbackground: #eaeaea;\r\n\t\t\t}\r\n\t\t\tdiv.mlw_qmn_quiz {\r\n\t\t\t\ttext-align: left;\r\n\t\t\t}\r\n\t\t\tdiv.quiz_section {\r\n\r\n\t\t\t}\r\n\t\t\t.mlw_horizontal_choice\r\n\t\t\t{\r\n\t\t\t\tmargin-right: 20px;\r\n\t\t\t}\r\n\t\t\tdiv.mlw_qmn_timer {\r\n\t\t\t\tposition:fixed;\r\n\t\t\t\ttop:200px;\r\n\t\t\t\tright:0px;\r\n\t\t\t\twidth:130px;\r\n\t\t\t\tcolor:#00CCFF;\r\n\t\t\t\tborder-radius: 15px;\r\n\t\t\t\tbackground:#000000;\r\n\t\t\t\ttext-align: center;\r\n\t\t\t\tpadding: 15px 15px 15px 15px\r\n\t\t\t}\r\n\t\t\tdiv.mlw_qmn_quiz input[type=submit],\r\n\t\t\ta.mlw_qmn_quiz_link\r\n\t\t\t{\r\n\t\t\t\tborder-radius: 4px;\r\n\t\t\t\tposition: relative;\r\n\t\t\t\tbackground-image: linear-gradient(#fff,#dedede);\r\n\t\t\t\tbackground-color: #eee;\r\n\t\t\t\tborder: #ccc solid 1px;\r\n\t\t\t\tcolor: #333;\r\n\t\t\t\ttext-shadow: 0 1px 0 rgba(255,255,255,.5);\r\n\t\t\t\tbox-sizing: border-box;\r\n\t\t\t\tdisplay: inline-block;\r\n\t\t\t\tpadding: 7px 7px 7px 7px;\r\n\t\t\t\tmargin: auto;\r\n\t\t\t\tfont-weight: bold;\r\n\t\t\t\tcursor: pointer;\r\n\t\t\t}\r\n\t\t\t.mlw_qmn_question, .mlw_qmn_question_number, .mlw_qmn_comment_section_text\r\n\t\t\t{\r\n\t\t\t\tfont-weight: bold;\r\n\t\t\t}\r\n\t\t\t.mlw_next\r\n\t\t\t{\r\n\t\t\t\tfloat: right;\r\n\t\t\t}\r\n\t\t\t.mlw_previous\r\n\t\t\t{\r\n\t\t\t\tfloat: left;\r\n\t\t\t}\r\n\t\t\t.mlw_qmn_question_comment, .mlw_answer_open_text, .qmn_comment_section {\r\n\t\t\t\twidth: 100%;\r\n\t\t\t\tborder-radius: 7px;\r\n\t\t\t\tpadding: 2px 10px;\r\n\t\t\t\t-webkit-box-shadow: inset 0 3px 3px rgba(0,0,0,.075);\r\n\t\t\t\tbox-shadow: inset 0 3px 3px rgba(0,0,0,.075);\r\n\t\t\t\tborder: 1px solid #ccc;\r\n\t\t\t}\r\n\t\t<\/style><div class='qsm-quiz-container qsm-quiz-container-160 qmn_quiz_container mlw_qmn_quiz  quiz_theme_default  '>\n\t\t\t\t\t\t\t\t<form name=\"quizForm160\" id=\"quizForm160\" action=\"\/sv\/wp-json\/wp\/v2\/pages\/1108\" method=\"POST\" class=\"qsm-quiz-form qmn_quiz_form mlw_quiz_form\" novalidate enctype=\"multipart\/form-data\">\n\t\t\t\t<input type=\"hidden\" name=\"qsm_hidden_questions\" id=\"qsm_hidden_questions\" value=\"\">\n\t\t\t\t<input type=\"hidden\" name=\"qsm_nonce\" id=\"qsm_nonce_160\" value=\"ba201951f6\">\n\t\t\t\t<input type=\"hidden\" name=\"qsm_unique_key\" id=\"qsm_unique_key_160\" value=\"69e0f36768191\">\n\t\t\t\t<div id=\"mlw_error_message\" class=\"qsm-error-message qmn_error_message_section\"><\/div>\n\t\t\t\t<span id=\"mlw_top_of_quiz\"><\/span>\n\t\t\t\t\t\t\t<section class=\"qsm-page \">\n\t\t\t\t\t\t\t\t<div class=\"quiz_section qsm-question-wrapper question-type-6 question-section-id-1259 \" data-qid=\"1259\">\n\t\t\t\t\t<div class='mlw_qmn_question ' >\n\t\t<p><br \/> <h2><span style=\"text-decoration: underline\">Monivalintateht\u00e4v\u00e4:<\/span><\/h2> <br \/><strong>Teht\u00e4v\u00e4 1. Kertomus<\/strong><br \/><br \/>Lue kertomus ja siihen liittyv\u00e4t kysymykset. Valitse oikea vaihtoehto (A, B tai C).<\/p>\n\t<\/div>\n\t\t\t\t\t\t<\/div>\n\t\t\t\t\t\t\t\t\t<div class=\"quiz_section qsm-question-wrapper question-type-0 question-section-id-1261 \" data-qid=\"1261\">\n\t\t\t\t\t<div class='mlw_qmn_question ' >\n\t\t<p>M1. Norjalaiset asettuivat alueelle<\/p>\n\t<\/div>\n\t\t<fieldset>\n\t\t<legend><\/legend>\n\t<div class='qmn_radio_answers mlwRequiredRadio'>\n\t\t\t\t\t\t\t\t<div class=\"qmn_mc_answer_wrap  mrq_checkbox_class\" id=\"question1261-1 \">\n\t\t\t\t\t\t\t\t\t\t\t<input type='radio' class='qmn_quiz_radio qmn-multiple-choice-input ' name=\"question1261\" id=\"question1261_1\" value=\"0\" \/>\n\t\t\t\t\t<label class=\"qsm-input-label\" for=\"question1261_1\">\n\t\t\t\t\tA) 1300-luvulta alkaen.\t\t\t\t\t<\/label>\n\t\t\t\t\t \t\t\t\t<\/div>\n\t\t\t\t\t\t\t\t\t\t\t<div class=\"qmn_mc_answer_wrap  mrq_checkbox_class\" id=\"question1261-2 \">\n\t\t\t\t\t\t\t\t\t\t\t<input type='radio' class='qmn_quiz_radio qmn-multiple-choice-input ' name=\"question1261\" id=\"question1261_2\" value=\"1\" \/>\n\t\t\t\t\t<label class=\"qsm-input-label\" for=\"question1261_2\">\n\t\t\t\t\tB) 1300-luvun j\u00e4lkeen.\t\t\t\t\t<\/label>\n\t\t\t\t\t \t\t\t\t<\/div>\n\t\t\t\t\t\t\t\t\t\t\t<div class=\"qmn_mc_answer_wrap  mrq_checkbox_class\" id=\"question1261-3 \">\n\t\t\t\t\t\t\t\t\t\t\t<input type='radio' class='qmn_quiz_radio qmn-multiple-choice-input ' name=\"question1261\" id=\"question1261_3\" value=\"2\" \/>\n\t\t\t\t\t<label class=\"qsm-input-label\" for=\"question1261_3\">\n\t\t\t\t\tC) 1300-luvun aikana.\t\t\t\t\t<\/label>\n\t\t\t\t\t \t\t\t\t<\/div>\n\t\t\t\t\t \t\t\t<label style=\"display: none !important;\" for=\"question1261_none\">None<\/label>\n\t\t\t<input type=\"radio\" style=\"display: none;\" name=\"question1261\" id=\"question1261_none\" checked=\"checked\" value=\"\" \/>\n\t\t\t\t<\/div>\n\t<\/fieldset>\n\t\t\t\t\t\t<\/div>\n\t\t\t\t\t\t\t\t\t<div class=\"quiz_section qsm-question-wrapper question-type-0 question-section-id-1260 \" data-qid=\"1260\">\n\t\t\t\t\t<div class='mlw_qmn_question ' >\n\t\t<p>M2. 1500-luvulla norjalaisten asukasm\u00e4\u00e4r\u00e4<\/p>\n\t<\/div>\n\t\t<fieldset>\n\t\t<legend><\/legend>\n\t<div class='qmn_radio_answers mlwRequiredRadio'>\n\t\t\t\t\t\t\t\t<div class=\"qmn_mc_answer_wrap  mrq_checkbox_class\" id=\"question1260-1 \">\n\t\t\t\t\t\t\t\t\t\t\t<input type='radio' class='qmn_quiz_radio qmn-multiple-choice-input ' name=\"question1260\" id=\"question1260_1\" value=\"0\" \/>\n\t\t\t\t\t<label class=\"qsm-input-label\" for=\"question1260_1\">\n\t\t\t\t\tA) kasvoi.\t\t\t\t\t<\/label>\n\t\t\t\t\t \t\t\t\t<\/div>\n\t\t\t\t\t\t\t\t\t\t\t<div class=\"qmn_mc_answer_wrap  mrq_checkbox_class\" id=\"question1260-2 \">\n\t\t\t\t\t\t\t\t\t\t\t<input type='radio' class='qmn_quiz_radio qmn-multiple-choice-input ' name=\"question1260\" id=\"question1260_2\" value=\"1\" \/>\n\t\t\t\t\t<label class=\"qsm-input-label\" for=\"question1260_2\">\n\t\t\t\t\tB) v\u00e4hentyi.\t\t\t\t\t<\/label>\n\t\t\t\t\t \t\t\t\t<\/div>\n\t\t\t\t\t\t\t\t\t\t\t<div class=\"qmn_mc_answer_wrap  mrq_checkbox_class\" id=\"question1260-3 \">\n\t\t\t\t\t\t\t\t\t\t\t<input type='radio' class='qmn_quiz_radio qmn-multiple-choice-input ' name=\"question1260\" id=\"question1260_3\" value=\"2\" \/>\n\t\t\t\t\t<label class=\"qsm-input-label\" for=\"question1260_3\">\n\t\t\t\t\tC) pysyi tasaisena.\t\t\t\t\t<\/label>\n\t\t\t\t\t \t\t\t\t<\/div>\n\t\t\t\t\t \t\t\t<label style=\"display: none !important;\" for=\"question1260_none\">None<\/label>\n\t\t\t<input type=\"radio\" style=\"display: none;\" name=\"question1260\" id=\"question1260_none\" checked=\"checked\" value=\"\" \/>\n\t\t\t\t<\/div>\n\t<\/fieldset>\n\t\t\t\t\t\t<\/div>\n\t\t\t\t\t\t\t\t\t<div class=\"quiz_section qsm-question-wrapper question-type-0 question-section-id-1262 \" data-qid=\"1262\">\n\t\t\t\t\t<div class='mlw_qmn_question ' >\n\t\t<p>M3.\u00a01600-luvulta l\u00e4htien kalastuspaikoista<\/p>\n\t<\/div>\n\t\t<fieldset>\n\t\t<legend><\/legend>\n\t<div class='qmn_radio_answers mlwRequiredRadio'>\n\t\t\t\t\t\t\t\t<div class=\"qmn_mc_answer_wrap  mrq_checkbox_class\" id=\"question1262-1 \">\n\t\t\t\t\t\t\t\t\t\t\t<input type='radio' class='qmn_quiz_radio qmn-multiple-choice-input ' name=\"question1262\" id=\"question1262_1\" value=\"0\" \/>\n\t\t\t\t\t<label class=\"qsm-input-label\" for=\"question1262_1\">\n\t\t\t\t\tA) oli pula.\t\t\t\t\t<\/label>\n\t\t\t\t\t \t\t\t\t<\/div>\n\t\t\t\t\t\t\t\t\t\t\t<div class=\"qmn_mc_answer_wrap  mrq_checkbox_class\" id=\"question1262-2 \">\n\t\t\t\t\t\t\t\t\t\t\t<input type='radio' class='qmn_quiz_radio qmn-multiple-choice-input ' name=\"question1262\" id=\"question1262_2\" value=\"1\" \/>\n\t\t\t\t\t<label class=\"qsm-input-label\" for=\"question1262_2\">\n\t\t\t\t\tB) oli sovittu.\t\t\t\t\t<\/label>\n\t\t\t\t\t \t\t\t\t<\/div>\n\t\t\t\t\t\t\t\t\t\t\t<div class=\"qmn_mc_answer_wrap  mrq_checkbox_class\" id=\"question1262-3 \">\n\t\t\t\t\t\t\t\t\t\t\t<input type='radio' class='qmn_quiz_radio qmn-multiple-choice-input ' name=\"question1262\" id=\"question1262_3\" value=\"2\" \/>\n\t\t\t\t\t<label class=\"qsm-input-label\" for=\"question1262_3\">\n\t\t\t\t\tC) kiisteltiin.\t\t\t\t\t<\/label>\n\t\t\t\t\t \t\t\t\t<\/div>\n\t\t\t\t\t \t\t\t<label style=\"display: none !important;\" for=\"question1262_none\">None<\/label>\n\t\t\t<input type=\"radio\" style=\"display: none;\" name=\"question1262\" id=\"question1262_none\" checked=\"checked\" value=\"\" \/>\n\t\t\t\t<\/div>\n\t<\/fieldset>\n\t\t\t\t\t\t<\/div>\n\t\t\t\t\t\t\t\t\t<div class=\"quiz_section qsm-question-wrapper question-type-0 question-section-id-1263 \" data-qid=\"1263\">\n\t\t\t\t\t<div class='mlw_qmn_question ' >\n\t\t<p>M4. Erot kalastusryhmien v\u00e4lill\u00e4 kasvoivat<\/p>\n\t<\/div>\n\t\t<fieldset>\n\t\t<legend><\/legend>\n\t<div class='qmn_radio_answers mlwRequiredRadio'>\n\t\t\t\t\t\t\t\t<div class=\"qmn_mc_answer_wrap  mrq_checkbox_class\" id=\"question1263-1 \">\n\t\t\t\t\t\t\t\t\t\t\t<input type='radio' class='qmn_quiz_radio qmn-multiple-choice-input ' name=\"question1263\" id=\"question1263_1\" value=\"0\" \/>\n\t\t\t\t\t<label class=\"qsm-input-label\" for=\"question1263_1\">\n\t\t\t\t\tA) uusien v\u00e4lineiden my\u00f6t\u00e4.\t\t\t\t\t<\/label>\n\t\t\t\t\t \t\t\t\t<\/div>\n\t\t\t\t\t\t\t\t\t\t\t<div class=\"qmn_mc_answer_wrap  mrq_checkbox_class\" id=\"question1263-2 \">\n\t\t\t\t\t\t\t\t\t\t\t<input type='radio' class='qmn_quiz_radio qmn-multiple-choice-input ' name=\"question1263\" id=\"question1263_2\" value=\"1\" \/>\n\t\t\t\t\t<label class=\"qsm-input-label\" for=\"question1263_2\">\n\t\t\t\t\tB) lainojen pienennytty\u00e4.\t\t\t\t\t<\/label>\n\t\t\t\t\t \t\t\t\t<\/div>\n\t\t\t\t\t\t\t\t\t\t\t<div class=\"qmn_mc_answer_wrap  mrq_checkbox_class\" id=\"question1263-3 \">\n\t\t\t\t\t\t\t\t\t\t\t<input type='radio' class='qmn_quiz_radio qmn-multiple-choice-input ' name=\"question1263\" id=\"question1263_3\" value=\"2\" \/>\n\t\t\t\t\t<label class=\"qsm-input-label\" for=\"question1263_3\">\n\t\t\t\t\tC) suosimisen takia.\t\t\t\t\t<\/label>\n\t\t\t\t\t \t\t\t\t<\/div>\n\t\t\t\t\t \t\t\t<label style=\"display: none !important;\" for=\"question1263_none\">None<\/label>\n\t\t\t<input type=\"radio\" style=\"display: none;\" name=\"question1263\" id=\"question1263_none\" checked=\"checked\" value=\"\" \/>\n\t\t\t\t<\/div>\n\t<\/fieldset>\n\t\t\t\t\t\t<\/div>\n\t\t\t\t\t\t\t\t\t<div class=\"quiz_section qsm-question-wrapper question-type-0 question-section-id-1264 \" data-qid=\"1264\">\n\t\t\t\t\t<div class='mlw_qmn_question ' >\n\t\t<p>M5. Ven\u00e4l\u00e4isten ja saamelaisten vaihtokauppa loppui, koska<\/p>\n\t<\/div>\n\t\t<fieldset>\n\t\t<legend><\/legend>\n\t<div class='qmn_radio_answers mlwRequiredRadio'>\n\t\t\t\t\t\t\t\t<div class=\"qmn_mc_answer_wrap  mrq_checkbox_class\" id=\"question1264-1 \">\n\t\t\t\t\t\t\t\t\t\t\t<input type='radio' class='qmn_quiz_radio qmn-multiple-choice-input ' name=\"question1264\" id=\"question1264_1\" value=\"0\" \/>\n\t\t\t\t\t<label class=\"qsm-input-label\" for=\"question1264_1\">\n\t\t\t\t\tA) saamelaisten kalastustavat kehittyiv\u00e4t hitaammin.\t\t\t\t\t<\/label>\n\t\t\t\t\t \t\t\t\t<\/div>\n\t\t\t\t\t\t\t\t\t\t\t<div class=\"qmn_mc_answer_wrap  mrq_checkbox_class\" id=\"question1264-2 \">\n\t\t\t\t\t\t\t\t\t\t\t<input type='radio' class='qmn_quiz_radio qmn-multiple-choice-input ' name=\"question1264\" id=\"question1264_2\" value=\"1\" \/>\n\t\t\t\t\t<label class=\"qsm-input-label\" for=\"question1264_2\">\n\t\t\t\t\tB) muut kalastajaryhm\u00e4t olivat kalastuksessa parempia.\t\t\t\t\t<\/label>\n\t\t\t\t\t \t\t\t\t<\/div>\n\t\t\t\t\t\t\t\t\t\t\t<div class=\"qmn_mc_answer_wrap  mrq_checkbox_class\" id=\"question1264-3 \">\n\t\t\t\t\t\t\t\t\t\t\t<input type='radio' class='qmn_quiz_radio qmn-multiple-choice-input ' name=\"question1264\" id=\"question1264_3\" value=\"2\" \/>\n\t\t\t\t\t<label class=\"qsm-input-label\" for=\"question1264_3\">\n\t\t\t\t\tC) saamelaisten saalism\u00e4\u00e4r\u00e4 oli pieni.\t\t\t\t\t<\/label>\n\t\t\t\t\t \t\t\t\t<\/div>\n\t\t\t\t\t \t\t\t<label style=\"display: none !important;\" for=\"question1264_none\">None<\/label>\n\t\t\t<input type=\"radio\" style=\"display: none;\" name=\"question1264\" id=\"question1264_none\" checked=\"checked\" value=\"\" \/>\n\t\t\t\t<\/div>\n\t<\/fieldset>\n\t\t\t\t\t\t<\/div>\n\t\t\t\t\t\t\t\t\t<div class=\"quiz_section qsm-question-wrapper question-type-0 question-section-id-1265 \" data-qid=\"1265\">\n\t\t\t\t\t<div class='mlw_qmn_question ' >\n\t\t<p>M6. Saamelaiset tunsivat itsens\u00e4 riistetyiksi, koska<\/p>\n\t<\/div>\n\t\t<fieldset>\n\t\t<legend><\/legend>\n\t<div class='qmn_radio_answers mlwRequiredRadio'>\n\t\t\t\t\t\t\t\t<div class=\"qmn_mc_answer_wrap  mrq_checkbox_class\" id=\"question1265-1 \">\n\t\t\t\t\t\t\t\t\t\t\t<input type='radio' class='qmn_quiz_radio qmn-multiple-choice-input ' name=\"question1265\" id=\"question1265_1\" value=\"0\" \/>\n\t\t\t\t\t<label class=\"qsm-input-label\" for=\"question1265_1\">\n\t\t\t\t\tA) edellisten vuosien saalism\u00e4\u00e4r\u00e4t vaikuttivat tukien m\u00e4\u00e4r\u00e4\u00e4n.\t\t\t\t\t<\/label>\n\t\t\t\t\t \t\t\t\t<\/div>\n\t\t\t\t\t\t\t\t\t\t\t<div class=\"qmn_mc_answer_wrap  mrq_checkbox_class\" id=\"question1265-2 \">\n\t\t\t\t\t\t\t\t\t\t\t<input type='radio' class='qmn_quiz_radio qmn-multiple-choice-input ' name=\"question1265\" id=\"question1265_2\" value=\"1\" \/>\n\t\t\t\t\t<label class=\"qsm-input-label\" for=\"question1265_2\">\n\t\t\t\t\tB) j\u00e4rjestelm\u00e4 koski vain tiettyj\u00e4 ryhmi\u00e4.\t\t\t\t\t<\/label>\n\t\t\t\t\t \t\t\t\t<\/div>\n\t\t\t\t\t\t\t\t\t\t\t<div class=\"qmn_mc_answer_wrap  mrq_checkbox_class\" id=\"question1265-3 \">\n\t\t\t\t\t\t\t\t\t\t\t<input type='radio' class='qmn_quiz_radio qmn-multiple-choice-input ' name=\"question1265\" id=\"question1265_3\" value=\"2\" \/>\n\t\t\t\t\t<label class=\"qsm-input-label\" for=\"question1265_3\">\n\t\t\t\t\tC) j\u00e4rjestelm\u00e4 eriarvoisti ryhmien kalastusmahdollisuudet.\t\t\t\t\t<\/label>\n\t\t\t\t\t \t\t\t\t<\/div>\n\t\t\t\t\t \t\t\t<label style=\"display: none !important;\" for=\"question1265_none\">None<\/label>\n\t\t\t<input type=\"radio\" style=\"display: none;\" name=\"question1265\" id=\"question1265_none\" checked=\"checked\" value=\"\" \/>\n\t\t\t\t<\/div>\n\t<\/fieldset>\n\t\t\t\t\t\t<\/div>\n\t\t\t\t\t\t\t<\/section>\n\t\t\t\t\t<input type=\"hidden\" name=\"qmn_question_list\" value=\"1259Q1261Q1260Q1262Q1263Q1264Q1265Q\" \/>\n\t\t\t\t\t\t\t<div id=\"mlw_error_message_bottom\" class=\"qsm-error-message qmn_error_message_section\"><\/div>\n\t\t\t\t\t<input type=\"hidden\" name=\"qmn_all_questions_count\" id=\"qmn_all_questions_count\" value=\"7\" \/>\n\t\t\t\t\t<input type=\"hidden\" name=\"total_questions\" id=\"total_questions\" value=\"6\" \/>\n\t\t\t\t\t<input type=\"hidden\" name=\"timer\" id=\"timer\" value=\"0\" \/>\n\t\t\t\t\t<input type=\"hidden\" name=\"timer_ms\" id=\"timer_ms\" value=\"0\"\/>\n\t\t\t\t\t<input type=\"hidden\" class=\"qmn_quiz_id\" name=\"qmn_quiz_id\" id=\"qmn_quiz_id\" value=\"160\" \/>\n\t\t\t\t\t<input type='hidden' name='complete_quiz' value='confirmation' \/>\n\t\t\t\t\t\t\t\t\t<\/form>\n\t\t<\/div>\n\t\t<div style=\"display: none;\" class=\"qsm-popup qsm-popup-slide\" id=\"modal-4\" aria-hidden=\"false\"><div class=\"qsm-popup__overlay\" tabindex=\"-1\" data-micromodal-close=\"\"><div class=\"qsm-popup__container qmn_quiz_container\" role=\"dialog\" aria-modal=\"true\"><div class=\"qsm-popup__content\"><img decoding=\"async\" src=\"https:\/\/ykitesti.solki.jyu.fi\/wp-content\/plugins\/quiz-master-next\/assets\/clock.png\" alt=\"clock.png\"\/><p class=\"qsm-time-up-text\"> Time's up<\/p><\/div><footer class=\"qsm-popup__footer\"><button class=\"qsm-popup-secondary-button qmn_btn\" data-micromodal-close=\"\" aria-label=\"Close this dialog window\" onclick=\"location.reload();\">Cancel<\/button><\/footer><\/div><\/div><\/div>\n<p style=\"border: 3px; border-style: solid; border-color: #123455; padding: 1em;\">Finnm\u00e1rkorittu mearras\u00e1miid guollebivdu lea \u00e1igaha\u0161. \u010c\u00e1lala\u0161 g\u00e1lduid mielde mearras\u00e1mit leat bivd\u00e1n rittuid ja vuonaid juo ovdal jagi 900. 1200- ja 1300 -logu r\u00e1dj\u00e1i du\u0161\u0161e mearras\u00e1mit bivde d\u00e1in guovlluin, muhto hanseahtag\u00e1vppi gea\u017eil go davveguovlluid m\u00e1rkanguol\u00e1steapmi guottihi\u0161go\u0111ii, orrugohte maidd\u00e1i d\u00e1\u010d\u010dat guol\u00e1steami dihte seamma guovlluide. 1600-1700-logus njiejai d\u00e1\u010d\u010d\u00e1guol\u00e1steddjiid lohku. D\u00e1\u010d\u010daguol\u00e1steddjiid lohku lei laskan 1500-logus. 1600-logu r\u00e1jes vuohttu maidd\u00e1i, ahte d\u00e1\u010d\u010da guollebivdit b\u00e1ikkaiduvve rittuide, mearras\u00e1mi guol\u00e1steaddjit fas koartilaste olu vuotnag\u00e1ttiin.\u00a0 Guol\u00e1stanb\u00e1ikkiin ii lean v\u00e1tnivuohta ja 1850 r\u00e1jes vuhtto, ahte ie\u0161gu\u0111et \u00e1lbmotjoavkkut fidn\u00e1ru\u0161\u0161agohte ie\u0161gu\u0111et guovlluin, ie\u0161gu\u0111et \u00e1iggiid ja ie\u0161gu\u0111etl\u00e1gan bivdoneavvuiguin.<br \/>\n&nbsp;<br \/>\n1900-logus dagahii o\u0111\u0111a reaidogeavaheapmi ja sierra loatnafoandda \u00e1saheapmi Finnm\u00e1rkku guol\u00e1steddjiid v\u00e1ras dan, ahte erohusat bivdovejola\u0161vuo\u0111ain ie\u0161gu\u0111et joavkkuid gaskkas sturro ain eanet. S\u00e1mi vuotnabivdiide lei v\u00e1ttis oa\u017e\u017eut loanaid oastit o\u0111\u0111am\u00e1llet fatnasiid, go loatna ii gok\u010dan go oas\u00e1\u017ea oastinsupmis. B\u00e1ikk\u00e1la\u0161 g\u00e1vpeolbm\u00e1t s\u00e1htte ekonomala\u010d\u010dat veahkehit, muhto sii g\u00e1djaledje d\u00e1\u010d\u010da guollebivdiid.<br \/>\n&nbsp;<br \/>\nMearras\u00e1mit leat \u00e1rbevirola\u010d\u010dat guol\u00e1stan unnit fatnasiiguin go d\u00e1\u010d\u010da guollebivdit. Ruo\u0161\u0161a ja s\u00e1mi guol\u00e1steddjiid stuora lotnola\u0161g\u00e1vpi nogai go ruo\u0161\u0161a g\u00e1vpp\u00e1la\u010d\u010dat fuom\u00e1\u0161edje ahte g\u00e1nn\u00e1hii baicca boalv\u00e1ru\u0161\u0161at guol\u00e1steddjiiguin, geat bivde f\u00e1vleleappos stuora l\u00e1ivviiguin. Go g\u00e1vpeverddet dahke nu, de masse mearras\u00e1mit dehala\u0161 oasi sisaboahtovuo\u0111us.<br \/>\n&nbsp;<br \/>\n1980 \u2013logu loahpas \u00e1sahuvvui vuog\u00e1dat, masa mearriduvvojedje fanasearit ja maksim\u00e1laearit. Muddemat \u010duhce sakka d\u00e1b\u00e1la\u0161 vuotnabivdui, man stuorimus joavkun s\u00e1pmela\u010d\u010d\u00e1t ledje. Jus \u00e1iggui d\u00e1buhit fanaseari, de galggai leat bivd\u00e1n dihto guollemeari golbma ovddit jagi. Sii, geat eai deavd\u00e1n fanaseari eavttuid, \u0161adde baicca searvat maksim\u00e1laearreortnegii, mii lei mih\u00e1 heajut. Dat attii mih\u00e1 unnit sisaboa\u0111uid go fanasearreortnet. Mearras\u00e1mit dovde, ahte sin duohta vejola\u0161vuo\u0111at searvat guollebivdui seamma l\u00e1dje go ear\u00e1 bivdiin, rivvejuvvojedje sis eret.<br \/>\n&nbsp;<br \/>\n<em>G\u00e1ldu \u010d\u00e1la, \u00e1lgo\u00e1lbmotvuoigatvuo\u0111aid \u00e1ige\u010d\u00e1la<\/em><\/p>\n <!-- RSPEAK_STOP -->","protected":false},"excerpt":{"rendered":"    Samiska \u2013 H\u00f6gsta niv\u00e5 \u2013 Textf\u00f6rst\u00e5else Det finns tre olika uppgiftstyper i delprovet i textf\u00f6rst\u00e5else: flervalsuppgifter, r\u00e4tt-fel-uppgifter och \u00f6ppna fr\u00e5gor. Finnm\u00e1rkorittu mearras\u00e1miid guollebivdu \n <a class=\"moretag\" href=\"https:\/\/ykitesti.solki.jyu.fi\/sv\/tutustu-testiin\/saame\/saame-ylin-taso-tekstin-ymmartaminen\/\"> <\/a>","protected":false},"author":1,"featured_media":0,"parent":1064,"menu_order":0,"comment_status":"closed","ping_status":"closed","template":"","meta":{"footnotes":""},"class_list":["post-1108","page","type-page","status-publish","hentry"],"translation":{"provider":"WPGlobus","version":"3.0.2","language":"sv","enabled_languages":["fi","en","sv"],"languages":{"fi":{"title":true,"content":true,"excerpt":false},"en":{"title":false,"content":false,"excerpt":false},"sv":{"title":false,"content":true,"excerpt":false}}},"_links":{"self":[{"href":"https:\/\/ykitesti.solki.jyu.fi\/sv\/wp-json\/wp\/v2\/pages\/1108","targetHints":{"allow":["GET"]}}],"collection":[{"href":"https:\/\/ykitesti.solki.jyu.fi\/sv\/wp-json\/wp\/v2\/pages"}],"about":[{"href":"https:\/\/ykitesti.solki.jyu.fi\/sv\/wp-json\/wp\/v2\/types\/page"}],"author":[{"embeddable":true,"href":"https:\/\/ykitesti.solki.jyu.fi\/sv\/wp-json\/wp\/v2\/users\/1"}],"replies":[{"embeddable":true,"href":"https:\/\/ykitesti.solki.jyu.fi\/sv\/wp-json\/wp\/v2\/comments?post=1108"}],"version-history":[{"count":2,"href":"https:\/\/ykitesti.solki.jyu.fi\/sv\/wp-json\/wp\/v2\/pages\/1108\/revisions"}],"predecessor-version":[{"id":1110,"href":"https:\/\/ykitesti.solki.jyu.fi\/sv\/wp-json\/wp\/v2\/pages\/1108\/revisions\/1110"}],"up":[{"embeddable":true,"href":"https:\/\/ykitesti.solki.jyu.fi\/sv\/wp-json\/wp\/v2\/pages\/1064"}],"wp:attachment":[{"href":"https:\/\/ykitesti.solki.jyu.fi\/sv\/wp-json\/wp\/v2\/media?parent=1108"}],"curies":[{"name":"wp","href":"https:\/\/api.w.org\/{rel}","templated":true}]}}