













{"id":1104,"date":"2016-08-30T10:49:57","date_gmt":"2016-08-30T07:49:57","guid":{"rendered":"http:\/\/ykitesti.solki.jyu.fi\/?page_id=1104"},"modified":"2016-08-30T10:49:57","modified_gmt":"2016-08-30T07:49:57","slug":"saame-keskitaso-kirjoittaminen","status":"publish","type":"page","link":"https:\/\/ykitesti.solki.jyu.fi\/sv\/tutustu-testiin\/saame\/saame-keskitaso-kirjoittaminen\/","title":{"rendered":"Saame &#8211; Keskitaso &#8211; Kirjoittaminen"},"content":{"rendered":"<!-- RSPEAK_STOP --> <a href='http:\/\/wr.readspeaker.com\/a\/webreader\/webreader.php?cid=&amp;t=wordpress&amp;url=https:\/\/ykitesti.solki.jyu.fi\/sv\/tutustu-testiin\/saame\/saame-keskitaso-kirjoittaminen\/&amp;title=Saame &#8211; Keskitaso &#8211; Kirjoittaminen' onclick='readpage(this.href, 1104); return false;'> <img src=' http:\/\/wr.readspeaker.com\/m\/wr\/images\/listen_.gif' style='border-style: none;' alt=''><\/a><div id='WR_1104'><\/div> <!-- RSPEAK_START --> <h4><em>Samiska\u00a0\u2013 Mellanniv\u00e5\u00a0\u2013\u00a0Skriftlig\u00a0Framst\u00e4llning<\/em><\/h4>\n<div class=\"quiz_section question-section-id-58 slide2\">\n<p>Delprovet i skriftlig framst\u00e4llning inneh\u00e5ller tre olika slags uppgifter. Nedan finns n\u00e5gra exempel p\u00e5 uppgifterna.<\/p>\n<hr \/>\n<h2><strong><span style=\"text-decoration: underline;\">Teht\u00e4v\u00e4 1. Kirje<\/span> \u00a0\u00a0\u00a0\u00a0\u00a0<\/strong><\/h2>\n<p>Saamelainen yst\u00e4v\u00e4si on muuttanut ulkomaille. Olet saanut kutsun h\u00e4nen h\u00e4ihins\u00e4, mutta et voi matkustaa sinne. Kirjoita yst\u00e4v\u00e4llesi viesti, jossa<\/p>\n<ul>\n<li>onnittelet yst\u00e4v\u00e4\u00e4si<\/li>\n<li>selit\u00e4t, miksi et voi osallistua h\u00e4ihin (keksi itse syy)<\/li>\n<li>kerrot jotain h\u00e4\u00e4lahjaan liittyv\u00e4\u00e4 (keksi itse)<\/li>\n<li>kerrot perheesi\/omia kuulumisia (kaksi asiaa)<\/li>\n<\/ul>\n<p>Muista <strong>aloittaa<\/strong> ja<strong> lopettaa<\/strong> kirje sopivalla tavalla. Kirjoita selv\u00e4ll\u00e4 k\u00e4sialalla <strong>saameksi<\/strong>.<\/p>\n<hr \/>\n<h2>\u00a0<strong><span style=\"text-decoration: underline;\">Teht\u00e4v\u00e4 2. S\u00e4hk\u00f6postiviesti<\/span>\u00a0 \u00a0 \u00a0 \u00a0 \u00a0 \u00a0 \u00a0 \u00a0 \u00a0 \u00a0 \u00a0 \u00a0\u00a0<\/strong><\/h2>\n<p>Olet ilmoittautunut saamen kielen jatkokurssille. Et ole kuitenkaan saanut vahvistusta siit\u00e4, onko sinut hyv\u00e4ksytty kurssille. Sinun olisi nyt saatava varmuus asiasta ja p\u00e4\u00e4t\u00e4t l\u00e4hett\u00e4\u00e4 opettajallesi tiedustelun s\u00e4hk\u00f6postitse. Olet aiemmin ollut saman opettajan saamen kielen peruskurssilla, mutta et ole varma, tiet\u00e4\u00e4k\u00f6 h\u00e4n kuka olet. Mainitse viestiss\u00e4si mm. seuraavat asiat:<\/p>\n<ul>\n<li>kerro, kuka olet ja mainitse jokin seikka, jonka perusteella opettaja\u00a0tunnistaisi sinut (keksi itse)<\/li>\n<li>esit\u00e4 asiasi<\/li>\n<li>kerro, ett\u00e4 asialla on kiire ja mainitse kiireen syy (keksi itse)<\/li>\n<li>kerro, miten opettaja voi ilmoittaa asiasta sinulle.<\/li>\n<\/ul>\n<p>Muista asianmukainen <strong>aloitus<\/strong> ja <strong>lopetus<\/strong>. Kirjoita selke\u00e4ll\u00e4 k\u00e4sialalla <strong>saameksi.<\/strong><\/p>\n<hr \/>\n<h2><span style=\"text-decoration: underline;\"><strong>Teht\u00e4v\u00e4 3. Mielipide<\/strong><\/span><\/h2>\n<p>Valitse seuraavista aiheista <strong>yksi<\/strong> ja kirjoita siit\u00e4 saameksi. Perustele mielipiteesi.<\/p>\n<ol>\n<li>Nuorat ja boazodoallu.<\/li>\n<\/ol>\n<p>Kirjoita mielipiteesi selke\u00e4ll\u00e4 k\u00e4sialalla <strong>saameksi<\/strong>.<\/p>\n<\/div>\n <!-- RSPEAK_STOP -->","protected":false},"excerpt":{"rendered":"    Samiska\u00a0\u2013 Mellanniv\u00e5\u00a0\u2013\u00a0Skriftlig\u00a0Framst\u00e4llning Delprovet i skriftlig framst\u00e4llning inneh\u00e5ller tre olika slags uppgifter. Nedan finns n\u00e5gra exempel p\u00e5 uppgifterna. Teht\u00e4v\u00e4 1. Kirje \u00a0\u00a0\u00a0\u00a0\u00a0 Saamelainen yst\u00e4v\u00e4si \n <a class=\"moretag\" href=\"https:\/\/ykitesti.solki.jyu.fi\/sv\/tutustu-testiin\/saame\/saame-keskitaso-kirjoittaminen\/\"> <\/a>","protected":false},"author":1,"featured_media":0,"parent":1064,"menu_order":0,"comment_status":"closed","ping_status":"closed","template":"","meta":{"footnotes":""},"class_list":["post-1104","page","type-page","status-publish","hentry"],"translation":{"provider":"WPGlobus","version":"3.0.2","language":"sv","enabled_languages":["fi","en","sv"],"languages":{"fi":{"title":true,"content":true,"excerpt":false},"en":{"title":false,"content":false,"excerpt":false},"sv":{"title":false,"content":true,"excerpt":false}}},"_links":{"self":[{"href":"https:\/\/ykitesti.solki.jyu.fi\/sv\/wp-json\/wp\/v2\/pages\/1104","targetHints":{"allow":["GET"]}}],"collection":[{"href":"https:\/\/ykitesti.solki.jyu.fi\/sv\/wp-json\/wp\/v2\/pages"}],"about":[{"href":"https:\/\/ykitesti.solki.jyu.fi\/sv\/wp-json\/wp\/v2\/types\/page"}],"author":[{"embeddable":true,"href":"https:\/\/ykitesti.solki.jyu.fi\/sv\/wp-json\/wp\/v2\/users\/1"}],"replies":[{"embeddable":true,"href":"https:\/\/ykitesti.solki.jyu.fi\/sv\/wp-json\/wp\/v2\/comments?post=1104"}],"version-history":[{"count":1,"href":"https:\/\/ykitesti.solki.jyu.fi\/sv\/wp-json\/wp\/v2\/pages\/1104\/revisions"}],"predecessor-version":[{"id":1106,"href":"https:\/\/ykitesti.solki.jyu.fi\/sv\/wp-json\/wp\/v2\/pages\/1104\/revisions\/1106"}],"up":[{"embeddable":true,"href":"https:\/\/ykitesti.solki.jyu.fi\/sv\/wp-json\/wp\/v2\/pages\/1064"}],"wp:attachment":[{"href":"https:\/\/ykitesti.solki.jyu.fi\/sv\/wp-json\/wp\/v2\/media?parent=1104"}],"curies":[{"name":"wp","href":"https:\/\/api.w.org\/{rel}","templated":true}]}}