













{"id":1095,"date":"2016-08-29T15:25:42","date_gmt":"2016-08-29T12:25:42","guid":{"rendered":"http:\/\/ykitesti.solki.jyu.fi\/?page_id=1095"},"modified":"2016-08-29T15:25:42","modified_gmt":"2016-08-29T12:25:42","slug":"saame-keskitaso-puhuminen","status":"publish","type":"page","link":"https:\/\/ykitesti.solki.jyu.fi\/sv\/tutustu-testiin\/saame\/saame-keskitaso-puhuminen\/","title":{"rendered":"Saame &#8211; Keskitaso &#8211; Puhuminen"},"content":{"rendered":"<!-- RSPEAK_STOP --> <a href='http:\/\/wr.readspeaker.com\/a\/webreader\/webreader.php?cid=&amp;t=wordpress&amp;url=https:\/\/ykitesti.solki.jyu.fi\/sv\/tutustu-testiin\/saame\/saame-keskitaso-puhuminen\/&amp;title=Saame &#8211; Keskitaso &#8211; Puhuminen' onclick='readpage(this.href, 1095); return false;'> <img src=' http:\/\/wr.readspeaker.com\/m\/wr\/images\/listen_.gif' style='border-style: none;' alt=''><\/a><div id='WR_1095'><\/div> <!-- RSPEAK_START --> <p><em><strong>Samiska \u2013 Mellanniv\u00e5\u00a0\u2013 Talproduktion<\/strong><\/em><\/p>\n<p>Delprovet i talproduktion p\u00e5 grundniv\u00e5\u00a0i svenska inneh\u00e5ller olika uppgifter som spelas in p\u00e5 band i en spr\u00e5kstudio. Nedan finns exempel p\u00e5 uppgiftstyperna.<\/p>\n<hr \/>\n<h2><span style=\"text-decoration: underline;\"><strong>Teht\u00e4v\u00e4 1. Tilanteita <\/strong><\/span><\/h2>\n<p>Alla on kuvattu seitsem\u00e4n tilannetta, joissa voisit joutua puhumaan saamea. Tilanteet k\u00e4yd\u00e4\u00e4n l\u00e4pi yksi kerrallaan.<\/p>\n<p>Jokaisessa tilanteessa:<\/p>\n<ul>\n<li>Kuulet nauhalta tilanteen numeron esimerkiksi <em>\u201d<\/em><em>Oahp\u00e1smuva dil\u00e1la\u0161vuhtii 1.\u201d<\/em><\/li>\n<li>Tutustu kyseiseen tilanteeseen.<\/li>\n<li>Kuulet nauhalta kehotuksen <em>\u201d<\/em><em>H<\/em><em>\u00e1<\/em><em>la d<\/em><em>\u00e1<\/em><em>l<\/em><em>.\u201d<\/em><\/li>\n<li>T\u00e4m\u00e4n j\u00e4lkeen nauhalla on tauko.<\/li>\n<li>Tauon aikana sanot <strong>saameksi<\/strong> sen, mit\u00e4 sinua pyydet\u00e4\u00e4n sanomaan kuvatussa tilanteessa.<\/li>\n<\/ul>\n<p>N\u00e4et puhumisajan sulkeissa.<\/p>\n<p>Mit\u00e4 sanoisit <strong>saameksi<\/strong> seuraavissa tilanteissa:<\/p>\n<p style=\"border: 3px; border-style: solid; border-color: #123455; padding: 1em;\"><strong>Poliisilaitoksella<\/strong><br \/>\n<strong>Tilanne X.\u00a0 <\/strong>Juuri uusittu passisi on mennyt rikki. Ilmaise virkailijalle tuohtumuksesi ja kysy, joudutko maksamaan uudesta passista normaalin hinnan. <em>(20 sek)<\/em><\/p>\n<hr \/>\n<h2><span style=\"text-decoration: underline;\"><strong>Teht\u00e4v\u00e4 2. Keskusteluja <\/strong><\/span><\/h2>\n<p>Alla on kuvattu kaksi keskustelutilannetta. Ennen tilanteita sinulla on aikaa tutustua niihin. N\u00e4et sulkeissa vihjeen siit\u00e4, mit\u00e4 sinun pit\u00e4\u00e4 sanoa saameksi. Kuulet keskustelun toisen osapuolen puheenvuorot nauhalta, ja ne on merkitty teht\u00e4v\u00e4vihkoon t\u00e4hdill\u00e4 (esim: Puhuja: *****). Vastaa puheenvuoroihin mahdollisimman luontevasti. N\u00e4et puhumisajan sulkeissa.<\/p>\n<audio class=\"wp-audio-shortcode\" id=\"audio-1095-1\" preload=\"none\" style=\"width: 100%;\" controls=\"controls\"><source type=\"audio\/mpeg\" src=\"http:\/\/ykitesti.solki.jyu.fi\/wp-content\/uploads\/2016\/06\/saktpu_034edited.mp3?_=1\" \/><a href=\"http:\/\/ykitesti.solki.jyu.fi\/wp-content\/uploads\/2016\/06\/saktpu_034edited.mp3\">http:\/\/ykitesti.solki.jyu.fi\/wp-content\/uploads\/2016\/06\/saktpu_034edited.mp3<\/a><\/audio>\n<p style=\"border: 3px; border-style: solid; border-color: #123455; padding: 1em;\"><strong>Tilanne X. <em>Ravintolassa<\/em><\/strong><br \/>\nTarjoilija: *****<br \/>\nSin\u00e4: [Vastaa tervehdykseen.] <em>(10 sek)<\/em><br \/>\nTarjoilija: *****<br \/>\nSin\u00e4: [Vastaa my\u00f6nt\u00e4v\u00e4sti.] <em>(10 sek)<\/em><br \/>\nTarjoilija: *****<br \/>\nSin\u00e4: [Kiit\u00e4 ja kysy, mit\u00e4 tarjoilija suosittelee.] <em>(15 sek)<\/em><br \/>\nTarjoilija: *****<br \/>\nSin\u00e4: [Sanot ottavasi sit\u00e4. Tilaat viel\u00e4 vett\u00e4 ja leip\u00e4annoksen.] <em>(20 sek)<\/em><br \/>\nTarjoilija: *****<br \/>\nSin\u00e4: [Vastaa haluavasi sen aterian lopuksi.] <em>(15 sek)<\/em><\/p>\n<hr \/>\n<h2><span style=\"text-decoration: underline;\"><strong>Teht\u00e4v\u00e4\u00a03. Puheenvuoro<\/strong><\/span><\/h2>\n<p>Alla on kaksi aihetta, joista sinun tulisi valita <strong>toinen <\/strong>ja kertoa siit\u00e4 <strong>saameksi<\/strong>. Voit k\u00e4sitell\u00e4 aiheiden yhteydess\u00e4 annettuja vihjeit\u00e4, mutta voit kertoa my\u00f6s muista aiheeseen liittyvist\u00e4 asioista. Sinun ei v\u00e4ltt\u00e4m\u00e4tt\u00e4 tarvitse k\u00e4sitell\u00e4 kaikkia alla mainittuja kohtia.<\/p>\n<p>Sinulla on 2 minuuttia aikaa mietti\u00e4, mit\u00e4 sanot. Voit tehd\u00e4 valmisteluaikana muistiinpanoja, jos haluat. Aloita puhuminen vasta sitten, kun kuulet nauhalta: <em>\u201d\u00c1lgge h\u00e1llat d\u00e1l<\/em><em>&#8220;.<\/em> Sinulla on 2 minuuttia aikaa puhua. Yrit\u00e4 puhua koko ajan!<\/p>\n<p><strong>Valmisteluaika:\u00a0\u00a0 2 minuuttia<\/strong><br \/>\n<strong>Puheaika:\u00a0\u00a0\u00a0\u00a0\u00a0\u00a0\u00a0\u00a0\u00a0\u00a0\u00a0 2 minuuttia<\/strong><\/p>\n<p><strong style=\"font-size: 16px; line-height: 1.5;\">Aihe 1. Saamenkielinen lehti Suomeen?<\/strong><\/p>\n<p>Ty\u00f6paikallasi tulee puheeksi saamenkielisen lehden perustaminen. Kerro oma mielipiteesi esimerkiksi seuraavista asioista:<\/p>\n<ul>\n<li>Pit\u00e4isik\u00f6 Suomeen saada saamenkielinen lehti? Miksi?\/Miksi ei?<\/li>\n<li>Kuinka usein sen pit\u00e4isi ilmesty\u00e4?<\/li>\n<li>Millaisia uutisia ja aiheita haluaisit lehdess\u00e4 k\u00e4sitelt\u00e4v\u00e4n?<\/li>\n<li>Millainen merkitys saamenkielisell\u00e4 lehdell\u00e4 olisi Suomen saamelaisiin ja saamelaiskulttuuriin? Ent\u00e4 lehden yhteiskunnallinen merkitys?<\/li>\n<li>Pit\u00e4isik\u00f6 Suomessa, Norjassa ja Ruotsissa ilmesty\u00e4 yksi yhteinen lehti vai pit\u00e4isik\u00f6 jokaisella olla oma saamenkielinen lehtens\u00e4? Perustele kantasi.<\/li>\n<li>Miten saamenkielinen lehti menestyisi Suomessa?<\/li>\n<\/ul>\n <!-- RSPEAK_STOP -->","protected":false},"excerpt":{"rendered":"    Samiska \u2013 Mellanniv\u00e5\u00a0\u2013 Talproduktion Delprovet i talproduktion p\u00e5 grundniv\u00e5\u00a0i svenska inneh\u00e5ller olika uppgifter som spelas in p\u00e5 band i en spr\u00e5kstudio. Nedan finns \n <a class=\"moretag\" href=\"https:\/\/ykitesti.solki.jyu.fi\/sv\/tutustu-testiin\/saame\/saame-keskitaso-puhuminen\/\"> <\/a>","protected":false},"author":1,"featured_media":0,"parent":1064,"menu_order":0,"comment_status":"closed","ping_status":"closed","template":"","meta":{"footnotes":""},"class_list":["post-1095","page","type-page","status-publish","hentry"],"translation":{"provider":"WPGlobus","version":"3.0.2","language":"sv","enabled_languages":["fi","en","sv"],"languages":{"fi":{"title":true,"content":true,"excerpt":false},"en":{"title":false,"content":false,"excerpt":false},"sv":{"title":false,"content":true,"excerpt":false}}},"_links":{"self":[{"href":"https:\/\/ykitesti.solki.jyu.fi\/sv\/wp-json\/wp\/v2\/pages\/1095","targetHints":{"allow":["GET"]}}],"collection":[{"href":"https:\/\/ykitesti.solki.jyu.fi\/sv\/wp-json\/wp\/v2\/pages"}],"about":[{"href":"https:\/\/ykitesti.solki.jyu.fi\/sv\/wp-json\/wp\/v2\/types\/page"}],"author":[{"embeddable":true,"href":"https:\/\/ykitesti.solki.jyu.fi\/sv\/wp-json\/wp\/v2\/users\/1"}],"replies":[{"embeddable":true,"href":"https:\/\/ykitesti.solki.jyu.fi\/sv\/wp-json\/wp\/v2\/comments?post=1095"}],"version-history":[{"count":1,"href":"https:\/\/ykitesti.solki.jyu.fi\/sv\/wp-json\/wp\/v2\/pages\/1095\/revisions"}],"predecessor-version":[{"id":1097,"href":"https:\/\/ykitesti.solki.jyu.fi\/sv\/wp-json\/wp\/v2\/pages\/1095\/revisions\/1097"}],"up":[{"embeddable":true,"href":"https:\/\/ykitesti.solki.jyu.fi\/sv\/wp-json\/wp\/v2\/pages\/1064"}],"wp:attachment":[{"href":"https:\/\/ykitesti.solki.jyu.fi\/sv\/wp-json\/wp\/v2\/media?parent=1095"}],"curies":[{"name":"wp","href":"https:\/\/api.w.org\/{rel}","templated":true}]}}