













{"id":1083,"date":"2016-08-29T14:04:47","date_gmt":"2016-08-29T11:04:47","guid":{"rendered":"http:\/\/ykitesti.solki.jyu.fi\/?page_id=1083"},"modified":"2016-08-29T14:07:28","modified_gmt":"2016-08-29T11:07:28","slug":"saame-perustaso-puhuminen","status":"publish","type":"page","link":"https:\/\/ykitesti.solki.jyu.fi\/sv\/tutustu-testiin\/saame\/saame-perustaso-puhuminen\/","title":{"rendered":"Saame &#8211; Perustaso &#8211; Puhuminen"},"content":{"rendered":"<!-- RSPEAK_STOP --> <a href='http:\/\/wr.readspeaker.com\/a\/webreader\/webreader.php?cid=&amp;t=wordpress&amp;url=https:\/\/ykitesti.solki.jyu.fi\/sv\/tutustu-testiin\/saame\/saame-perustaso-puhuminen\/&amp;title=Saame &#8211; Perustaso &#8211; Puhuminen' onclick='readpage(this.href, 1083); return false;'> <img src=' http:\/\/wr.readspeaker.com\/m\/wr\/images\/listen_.gif' style='border-style: none;' alt=''><\/a><div id='WR_1083'><\/div> <!-- RSPEAK_START --> <p><em><strong>Samiska\u00a0\u2013 Grundniv\u00e5\u00a0\u2013 Talproduktion<\/strong><\/em><\/p>\n<p>Delprovet i talproduktion p\u00e5 mellanniv\u00e5 i svenska inneh\u00e5ller olika uppgifter som spelas in p\u00e5 band i en spr\u00e5kstudio. Nedan finns exempel p\u00e5 uppgiftstyperna.<\/p>\n<hr \/>\n<h2><strong><span style=\"text-decoration: underline;\">Teht\u00e4v\u00e4\u00a01. Tilanteita<\/span>\u00a0\u00a0\u00a0\u00a0\u00a0\u00a0\u00a0\u00a0\u00a0\u00a0\u00a0\u00a0\u00a0\u00a0\u00a0\u00a0\u00a0\u00a0\u00a0\u00a0\u00a0\u00a0\u00a0\u00a0\u00a0\u00a0\u00a0\u00a0\u00a0\u00a0\u00a0\u00a0\u00a0\u00a0\u00a0\u00a0\u00a0\u00a0\u00a0\u00a0\u00a0\u00a0\u00a0\u00a0\u00a0\u00a0\u00a0\u00a0\u00a0\u00a0\u00a0\u00a0\u00a0 <\/strong><\/h2>\n<p>Alla on kuvattu kuusi tilannetta, joissa voisit joutua puhumaan <strong>saamea. <\/strong>Tilanteet k\u00e4yd\u00e4\u00e4n l\u00e4pi yksi kerrallaan.<\/p>\n<p>Jokaisessa tilanteessa:<\/p>\n<ul>\n<li>Kuulet nauhalta tilanteen numeron, esimerkiksi <em>\u201c<\/em><em>Oahp\u00e1smuva dil\u00e1la\u0161vuhtii 1.\u201d<\/em><\/li>\n<li>Tutustu kyseiseen tilanteeseen.<\/li>\n<li>Kuulet nauhalta kehotuksen <em>&#8220;Daja maid daja\u0161it d\u00e1kk\u00e1r dil\u00e1la\u0161vuo<\/em><em>pas\u201d.<\/em><\/li>\n<li>T\u00e4m\u00e4n j\u00e4lkeen nauhalla on tauko.<\/li>\n<li>Tauon aikana sanot <strong>saameksi<\/strong> sen, mit\u00e4 sinua pyydet\u00e4\u00e4n sanomaan kuvatussa tilanteessa.<\/li>\n<\/ul>\n<p>N\u00e4et puhumisajan sulkeissa.<\/p>\n<p>Mit\u00e4 sanoisit <strong>saameksi<\/strong> seuraavissa tilanteissa:<\/p>\n<p style=\"border: 3px; border-style: solid; border-color: #123455; padding: 1em;\"><strong>Sinulla on saamenkielisi\u00e4 tuttavia kyl\u00e4ss\u00e4.<\/strong><br \/>\n<strong>Tilanne X.<\/strong> Er\u00e4s tuttavistasi haluaa polttaa savukkeen sis\u00e4ll\u00e4. Sano h\u00e4nelle kohteliaasti, ett\u00e4 sis\u00e4ll\u00e4 ei voi tupakoida, mutta ulkona portailla on tuhkakuppi. <em>(20 sek)<\/em><\/p>\n<hr \/>\n<h2><span style=\"text-decoration: underline;\"><strong>Teht\u00e4v\u00e4 1. Keskusteluja <\/strong><\/span><\/h2>\n<p>Alla on kuvattu kaksi keskustelutilannetta. Ennen kumpaakin tilannetta sinulla on aikaa tutustua niihin. N\u00e4et sulkeissa vihjeen siit\u00e4, mit\u00e4 sinun pit\u00e4\u00e4 sanoa saameksi. Kuulet keskustelun toisen osapuolen puheenvuorot nauhalta, ja ne on merkitty teht\u00e4v\u00e4vihkoon t\u00e4hdill\u00e4 (esim: Puhuja: *****). Vastaa puheenvuoroihin mahdollisimman luontevasti. N\u00e4et puhumisajan sulkeissa.<\/p>\n<audio class=\"wp-audio-shortcode\" id=\"audio-1083-1\" preload=\"none\" style=\"width: 100%;\" controls=\"controls\"><source type=\"audio\/mpeg\" src=\"http:\/\/ykitesti.solki.jyu.fi\/wp-content\/uploads\/2016\/06\/saptpu_009edited.mp3?_=1\" \/><a href=\"http:\/\/ykitesti.solki.jyu.fi\/wp-content\/uploads\/2016\/06\/saptpu_009edited.mp3\">http:\/\/ykitesti.solki.jyu.fi\/wp-content\/uploads\/2016\/06\/saptpu_009edited.mp3<\/a><\/audio>\n<p style=\"border: 3px; border-style: solid; border-color: #123455; padding: 1em;\"><strong>Tilanne X. <\/strong>Olet l\u00e4hd\u00f6ss\u00e4 Ivalon lentokent\u00e4lle ja soitat taksin.<br \/>\nNainen: *****<br \/>\nSin\u00e4: [Tervehdi ja kerro, ett\u00e4 tarvitset aamulla taksin.] <em>(15 sek)<\/em><br \/>\nNainen: *****<br \/>\nSin\u00e4: [Kerrot aikovasi Ivalon lentokent\u00e4lle.] <em>(15 sek)<\/em><br \/>\nNainen: *****<br \/>\nSin\u00e4: [Kerro, ett\u00e4 kone l\u00e4htee kolmelta.] <em>(15 sek)<\/em><br \/>\nNainen: *****<br \/>\nSin\u00e4: [Kerro, ett\u00e4 olet kotona ja ett\u00e4 aiot ottaa koiran mukaasi.] <em>(20 sek)<\/em><br \/>\nNainen: *****<br \/>\nSin\u00e4: [Kerro, ett\u00e4 viet sen veljellesi, joka asuu Ivalossa.] <em>(20 sek)<\/em><br \/>\nNainen: *****<br \/>\nSin\u00e4: [Kiit\u00e4 ja muistuta viel\u00e4 l\u00e4ht\u00f6ajasta.] <em>(15 sek)<\/em><\/p>\n <!-- RSPEAK_STOP -->","protected":false},"excerpt":{"rendered":"    Samiska\u00a0\u2013 Grundniv\u00e5\u00a0\u2013 Talproduktion Delprovet i talproduktion p\u00e5 mellanniv\u00e5 i svenska inneh\u00e5ller olika uppgifter som spelas in p\u00e5 band i en spr\u00e5kstudio. Nedan finns \n <a class=\"moretag\" href=\"https:\/\/ykitesti.solki.jyu.fi\/sv\/tutustu-testiin\/saame\/saame-perustaso-puhuminen\/\"> <\/a>","protected":false},"author":1,"featured_media":0,"parent":1064,"menu_order":0,"comment_status":"closed","ping_status":"closed","template":"","meta":{"footnotes":""},"class_list":["post-1083","page","type-page","status-publish","hentry"],"translation":{"provider":"WPGlobus","version":"3.0.2","language":"sv","enabled_languages":["fi","en","sv"],"languages":{"fi":{"title":true,"content":true,"excerpt":false},"en":{"title":false,"content":false,"excerpt":false},"sv":{"title":false,"content":true,"excerpt":false}}},"_links":{"self":[{"href":"https:\/\/ykitesti.solki.jyu.fi\/sv\/wp-json\/wp\/v2\/pages\/1083","targetHints":{"allow":["GET"]}}],"collection":[{"href":"https:\/\/ykitesti.solki.jyu.fi\/sv\/wp-json\/wp\/v2\/pages"}],"about":[{"href":"https:\/\/ykitesti.solki.jyu.fi\/sv\/wp-json\/wp\/v2\/types\/page"}],"author":[{"embeddable":true,"href":"https:\/\/ykitesti.solki.jyu.fi\/sv\/wp-json\/wp\/v2\/users\/1"}],"replies":[{"embeddable":true,"href":"https:\/\/ykitesti.solki.jyu.fi\/sv\/wp-json\/wp\/v2\/comments?post=1083"}],"version-history":[{"count":4,"href":"https:\/\/ykitesti.solki.jyu.fi\/sv\/wp-json\/wp\/v2\/pages\/1083\/revisions"}],"predecessor-version":[{"id":1088,"href":"https:\/\/ykitesti.solki.jyu.fi\/sv\/wp-json\/wp\/v2\/pages\/1083\/revisions\/1088"}],"up":[{"embeddable":true,"href":"https:\/\/ykitesti.solki.jyu.fi\/sv\/wp-json\/wp\/v2\/pages\/1064"}],"wp:attachment":[{"href":"https:\/\/ykitesti.solki.jyu.fi\/sv\/wp-json\/wp\/v2\/media?parent=1083"}],"curies":[{"name":"wp","href":"https:\/\/api.w.org\/{rel}","templated":true}]}}