













{"id":1077,"date":"2016-08-29T13:30:14","date_gmt":"2016-08-29T10:30:14","guid":{"rendered":"http:\/\/ykitesti.solki.jyu.fi\/?page_id=1077"},"modified":"2016-08-29T13:30:30","modified_gmt":"2016-08-29T10:30:30","slug":"saame-perustaso-kirjoittaminen","status":"publish","type":"page","link":"https:\/\/ykitesti.solki.jyu.fi\/sv\/tutustu-testiin\/saame\/saame-perustaso-kirjoittaminen\/","title":{"rendered":"Saame &#8211; Perustaso &#8211; Kirjoittaminen"},"content":{"rendered":"<!-- RSPEAK_STOP --> <a href='http:\/\/wr.readspeaker.com\/a\/webreader\/webreader.php?cid=&amp;t=wordpress&amp;url=https:\/\/ykitesti.solki.jyu.fi\/sv\/tutustu-testiin\/saame\/saame-perustaso-kirjoittaminen\/&amp;title=Saame &#8211; Perustaso &#8211; Kirjoittaminen' onclick='readpage(this.href, 1077); return false;'> <img src=' http:\/\/wr.readspeaker.com\/m\/wr\/images\/listen_.gif' style='border-style: none;' alt=''><\/a><div id='WR_1077'><\/div> <!-- RSPEAK_START --> <h4><em>Spanska\u00a0\u2013 Grundniv\u00e5\u00a0\u2013\u00a0Skriftlig\u00a0Framst\u00e4llning<\/em><\/h4>\n<div class=\"quiz_section question-section-id-58 slide2\">\n<p>Delprovet i skriftlig framst\u00e4llning inneh\u00e5ller tre olika slags uppgifter. Nedan finns n\u00e5gra exempel p\u00e5 uppgifterna.<\/p>\n<hr \/>\n<h2><span style=\"text-decoration: underline;\"><strong>Teht\u00e4v\u00e4 1. Viesti<\/strong><\/span><\/h2>\n<p>Olet muuttanut uuteen asuntoon. L\u00e4het\u00e4t yst\u00e4v\u00e4llesi s\u00e4hk\u00f6postiviestin. Kirjoita viestiin:<\/p>\n<ul>\n<li>Mit\u00e4 sinulle kuuluu?<\/li>\n<li>Millainen uusi asuntosi on? (3 asiaa)<\/li>\n<li>Jokin muu asia, josta haluat kertoa.<\/li>\n<\/ul>\n<p>Muista <strong>aloitus<\/strong> ja <strong>lopetus<\/strong>.<\/p>\n<p>Kirjoita selv\u00e4ll\u00e4 k\u00e4sialalla <strong>saameksi<\/strong>.<\/p>\n<hr \/>\n<h2><span style=\"text-decoration: underline;\"><strong>Teht\u00e4v\u00e4 2.<\/strong> <strong>Viesti<\/strong><\/span><\/h2>\n<p>Olet menossa leikkaukseen ja olet sopinut naapurisi kanssa, ett\u00e4 h\u00e4n hoitaa asioitasi, kun olet poissa. J\u00e4t\u00e4t naapurillesi viestin, jossa pyyd\u00e4t h\u00e4nt\u00e4 hoitamaan kolme asiaa, esim. seuraavat (voit my\u00f6s keksi\u00e4 itse):<\/p>\n<ul>\n<li>noutamaan postit ja sanomalehdet<\/li>\n<li>huolehtimaan kukista<\/li>\n<li>pit\u00e4m\u00e4\u00e4n taloa silm\u00e4ll\u00e4 varkaiden varalta<\/li>\n<\/ul>\n<p>Muista <strong>aloittaa<\/strong> ja <strong>lopettaa<\/strong> viesti sopivalla tavalla. Kirjoita selv\u00e4ll\u00e4 k\u00e4si\u00adalalla <strong>saameksi<\/strong>.<\/p>\n<\/div>\n <!-- RSPEAK_STOP -->","protected":false},"excerpt":{"rendered":"    Spanska\u00a0\u2013 Grundniv\u00e5\u00a0\u2013\u00a0Skriftlig\u00a0Framst\u00e4llning Delprovet i skriftlig framst\u00e4llning inneh\u00e5ller tre olika slags uppgifter. Nedan finns n\u00e5gra exempel p\u00e5 uppgifterna. Teht\u00e4v\u00e4 1. Viesti Olet muuttanut uuteen \n <a class=\"moretag\" href=\"https:\/\/ykitesti.solki.jyu.fi\/sv\/tutustu-testiin\/saame\/saame-perustaso-kirjoittaminen\/\"> <\/a>","protected":false},"author":1,"featured_media":0,"parent":1064,"menu_order":0,"comment_status":"closed","ping_status":"closed","template":"","meta":{"footnotes":""},"class_list":["post-1077","page","type-page","status-publish","hentry"],"translation":{"provider":"WPGlobus","version":"3.0.2","language":"sv","enabled_languages":["fi","en","sv"],"languages":{"fi":{"title":true,"content":true,"excerpt":false},"en":{"title":false,"content":false,"excerpt":false},"sv":{"title":false,"content":true,"excerpt":false}}},"_links":{"self":[{"href":"https:\/\/ykitesti.solki.jyu.fi\/sv\/wp-json\/wp\/v2\/pages\/1077","targetHints":{"allow":["GET"]}}],"collection":[{"href":"https:\/\/ykitesti.solki.jyu.fi\/sv\/wp-json\/wp\/v2\/pages"}],"about":[{"href":"https:\/\/ykitesti.solki.jyu.fi\/sv\/wp-json\/wp\/v2\/types\/page"}],"author":[{"embeddable":true,"href":"https:\/\/ykitesti.solki.jyu.fi\/sv\/wp-json\/wp\/v2\/users\/1"}],"replies":[{"embeddable":true,"href":"https:\/\/ykitesti.solki.jyu.fi\/sv\/wp-json\/wp\/v2\/comments?post=1077"}],"version-history":[{"count":2,"href":"https:\/\/ykitesti.solki.jyu.fi\/sv\/wp-json\/wp\/v2\/pages\/1077\/revisions"}],"predecessor-version":[{"id":1080,"href":"https:\/\/ykitesti.solki.jyu.fi\/sv\/wp-json\/wp\/v2\/pages\/1077\/revisions\/1080"}],"up":[{"embeddable":true,"href":"https:\/\/ykitesti.solki.jyu.fi\/sv\/wp-json\/wp\/v2\/pages\/1064"}],"wp:attachment":[{"href":"https:\/\/ykitesti.solki.jyu.fi\/sv\/wp-json\/wp\/v2\/media?parent=1077"}],"curies":[{"name":"wp","href":"https:\/\/api.w.org\/{rel}","templated":true}]}}