













{"id":1028,"date":"2016-08-24T16:03:28","date_gmt":"2016-08-24T13:03:28","guid":{"rendered":"http:\/\/ykitesti.solki.jyu.fi\/?page_id=1028"},"modified":"2016-08-25T10:25:14","modified_gmt":"2016-08-25T07:25:14","slug":"espanja-ylin-taso-puhuminen","status":"publish","type":"page","link":"https:\/\/ykitesti.solki.jyu.fi\/sv\/tutustu-testiin\/espanja\/espanja-ylin-taso-puhuminen\/","title":{"rendered":"Spanska &#8211; Grundniv\u00e5 &#8211; Talproduktion"},"content":{"rendered":"<!-- RSPEAK_STOP --> <a href='http:\/\/wr.readspeaker.com\/a\/webreader\/webreader.php?cid=&amp;t=wordpress&amp;url=https:\/\/ykitesti.solki.jyu.fi\/sv\/tutustu-testiin\/espanja\/espanja-ylin-taso-puhuminen\/&amp;title=Spanska &#8211; Grundniv\u00e5 &#8211; Talproduktion' onclick='readpage(this.href, 1028); return false;'> <img src=' http:\/\/wr.readspeaker.com\/m\/wr\/images\/listen_.gif' style='border-style: none;' alt=''><\/a><div id='WR_1028'><\/div> <!-- RSPEAK_START --> <p><em><strong>Spanska\u00a0&#8211; H\u00f6gsta\u00a0niv\u00e5\u00a0&#8211; Talproduktion<\/strong><\/em><\/p>\n<p>Delprovet i talproduktion p\u00e5 h\u00f6gsta\u00a0niv\u00e5 i svenska inneh\u00e5ller olika uppgifter som spelas in p\u00e5 band i en spr\u00e5kstudio. Nedan finns exempel p\u00e5 uppgiftstyperna.<\/p>\n<hr \/>\n<h2><span style=\"text-decoration: underline;\"><strong>Anf\u00f6rande:<\/strong><\/span><\/h2>\n<p>V\u00e4lj <strong>det ena <\/strong>av f\u00f6ljande teman. Du har 2 minuter p\u00e5 dig att t\u00e4nka ut vad du ska s\u00e4ga. Under tiden du f\u00f6rbereder dig kan du g\u00f6ra anteckningar. Du ska b\u00f6rja tala n\u00e4r de s\u00e4ger p\u00e5 bandet: <em>\u201dAhora empiece a hablar\u201d<\/em>. Du har 2 minuter p\u00e5 dig att tala. F\u00f6rs\u00f6k att tala hela tiden!<\/p>\n<p><strong>1) Se espera en Finlandia una avalancha de jubilaciones.<\/strong><\/p>\n<p>Du kan behandla till exempel betydelsen av f\u00f6ljande faktorer:<\/p>\n<ol>\n<ul>\n<li>f\u00f6r\u00e4ndrad befolkningsstruktur<\/li>\n<li>skattebetalarnas betalningsf\u00f6rm\u00e5ga<\/li>\n<li>invandrarpolitiken<\/li>\n<li>l\u00e4get i Spanien.<\/li>\n<\/ul>\n<\/ol>\n<p><strong>Preparation tid:\u00a0 2 minuter<\/strong><br \/>\n<strong>Talartid: \u00a02 minuter<\/strong><\/p>\n<hr \/>\n<h2><span style=\"text-decoration: underline;\">Haastattelu:<\/span><\/h2>\n<p><strong>Aihe: La Eutanasia \u00bfEl derecho a no sufrir?<\/strong><\/p>\n<p>Haastattelija saattaa\u00a0tuoda\u00a0esille esimerkiksi seuraavia asioita:<\/p>\n<ul>\n<li>En su opini\u00f3n \u00bfJustifique si se debe soportar el dolor de una enfermedad terminal hasta el final?<\/li>\n<li>\u00bfSeg\u00fan su criterio que influye m\u00e1s en la aceptaci\u00f3n (o no) de esta pr\u00e1ctica?: \u00bfla \u00e9tica, los preceptos morales, el poco h\u00e1bito,\u00a0 la poca preparaci\u00f3n social, etc.? (Justifique su respuesta)<\/li>\n<li>\u00bfJustifique si usted piensa o no que hay relaci\u00f3n estrecha entre la Eutanasia y el suicidio asistido?<\/li>\n<li>\u00bfQu\u00e9 opina del criterio de que debe \u00a0prevalecer la compasi\u00f3n por quien sufre de una grave enfermedad?<\/li>\n<li>Piensa usted que cuando se realiza una eutanasia \u00bfse ayuda al grave enfermo o a quien decide su suerte? Justifiques su respuesta.<\/li>\n<\/ul>\n<hr \/>\n<h2><strong><span style=\"text-decoration: underline;\">Kertominen:<\/span> \u00a0 \u00a0 \u00a0 \u00a0 \u00a0 \u00a0 \u00a0 \u00a0 \u00a0 \u00a0 \u00a0 \u00a0 \u00a0 \u00a0 \u00a0 \u00a0 \u00a0 \u00a0 \u00a0 \u00a0 \u00a0 \u00a0 \u00a0 \u00a0 \u00a0 \u00a0 \u00a0 \u00a0 \u00a0 \u00a0 \u00a0\u00a0<\/strong><\/h2>\n<p>Kerro annetusta aiheesta<strong> espanjaksi.<\/strong><\/p>\n<p><strong>\u00a0\u00a0\u00a0\u00a0\u00a0 Mill\u00e4 perusteella olet valinnut nykyisen asuinpaikkasi? Oletko tyytyv\u00e4inen valintaasi? Perustele.<\/strong><\/p>\n<p>Sinulla on 1 minuutti aikaa mietti\u00e4, mit\u00e4 sanot. Voit tehd\u00e4 valmisteluaikana muistiinpanoja, jos haluat. Aloita puhuminen vasta sitten, kun kuulet nauhalta: <em>&#8220;Ahora empiece a hablar.&#8221;<\/em> Sinulla on 1 \u00bd minuuttia aikaa puhua. Yrit\u00e4 puhua koko ajan!<\/p>\n<p><strong>Preparation tid: \u00a01 minuter<\/strong><br \/>\n<strong>Talartid: \u00a01\u00bd minuter<\/strong><\/p>\n<hr \/>\n<h2><span style=\"text-decoration: underline;\"><strong>Tilanteita:<\/strong><\/span><\/h2>\n<p>Alla on kuvattu kuusi tilannetta, joissa voisit puhua <strong>espanjaa<\/strong>. Tilanteet k\u00e4yd\u00e4\u00e4n l\u00e4pi yksi kerrallaan.<\/p>\n<p>Jokaisessa tilanteessa:<\/p>\n<ul>\n<li>Kuulet nauhalta tilanteen numeron, esimerkiksi \u201d<em>Atienda a la situaci\u00f3n 1.\u201d<\/em><\/li>\n<li>Tutustu kyseiseen tilanteeseen.<\/li>\n<li>Kuulet nauhalta kehotuksen \u201d<em>Hable ahora.\u201d<\/em><\/li>\n<li>T\u00e4m\u00e4n j\u00e4lkeen nauhalla on tauko.<\/li>\n<li>Tauon aikana sanot <strong>espanjaksi<\/strong> sen, mit\u00e4 sinua pyydet\u00e4\u00e4n sanomaan kuvatussa tilanteessa.<\/li>\n<\/ul>\n<p>N\u00e4et puhumisajan sulkeissa.<\/p>\n<p>Mit\u00e4 sanoisit <strong>espanjaksi <\/strong>seuraavissa tilanteissa:<\/p>\n<p style=\"border: 3px; border-style: solid; border-color: #123455; padding: 1em;\"><strong>Tilanne X.<\/strong> \u00a0 Olet ollut vierailulla yhteisty\u00f6kumppanisi luona. Illallisella pid\u00e4t is\u00e4nnillesi pienen puheen, jossa kiit\u00e4t vieraanvaraisuudesta. Kiit\u00e4 my\u00f6s mahdollisuudesta tutustua heid\u00e4n yritykseens\u00e4 ja toivo yhteisty\u00f6n jatkuvan (keksi, miten).\u00a0 <em>(30 sek)<\/em><\/p>\n<p>&nbsp;<\/p>\n <!-- RSPEAK_STOP -->","protected":false},"excerpt":{"rendered":"    Spanska\u00a0&#8211; H\u00f6gsta\u00a0niv\u00e5\u00a0&#8211; Talproduktion Delprovet i talproduktion p\u00e5 h\u00f6gsta\u00a0niv\u00e5 i svenska inneh\u00e5ller olika uppgifter som spelas in p\u00e5 band i en spr\u00e5kstudio. Nedan finns \n <a class=\"moretag\" href=\"https:\/\/ykitesti.solki.jyu.fi\/sv\/tutustu-testiin\/espanja\/espanja-ylin-taso-puhuminen\/\"> <\/a>","protected":false},"author":1,"featured_media":0,"parent":912,"menu_order":0,"comment_status":"closed","ping_status":"closed","template":"","meta":{"footnotes":""},"class_list":["post-1028","page","type-page","status-publish","hentry"],"translation":{"provider":"WPGlobus","version":"3.0.2","language":"sv","enabled_languages":["fi","en","sv"],"languages":{"fi":{"title":true,"content":true,"excerpt":false},"en":{"title":false,"content":false,"excerpt":false},"sv":{"title":true,"content":true,"excerpt":false}}},"_links":{"self":[{"href":"https:\/\/ykitesti.solki.jyu.fi\/sv\/wp-json\/wp\/v2\/pages\/1028","targetHints":{"allow":["GET"]}}],"collection":[{"href":"https:\/\/ykitesti.solki.jyu.fi\/sv\/wp-json\/wp\/v2\/pages"}],"about":[{"href":"https:\/\/ykitesti.solki.jyu.fi\/sv\/wp-json\/wp\/v2\/types\/page"}],"author":[{"embeddable":true,"href":"https:\/\/ykitesti.solki.jyu.fi\/sv\/wp-json\/wp\/v2\/users\/1"}],"replies":[{"embeddable":true,"href":"https:\/\/ykitesti.solki.jyu.fi\/sv\/wp-json\/wp\/v2\/comments?post=1028"}],"version-history":[{"count":3,"href":"https:\/\/ykitesti.solki.jyu.fi\/sv\/wp-json\/wp\/v2\/pages\/1028\/revisions"}],"predecessor-version":[{"id":1047,"href":"https:\/\/ykitesti.solki.jyu.fi\/sv\/wp-json\/wp\/v2\/pages\/1028\/revisions\/1047"}],"up":[{"embeddable":true,"href":"https:\/\/ykitesti.solki.jyu.fi\/sv\/wp-json\/wp\/v2\/pages\/912"}],"wp:attachment":[{"href":"https:\/\/ykitesti.solki.jyu.fi\/sv\/wp-json\/wp\/v2\/media?parent=1028"}],"curies":[{"name":"wp","href":"https:\/\/api.w.org\/{rel}","templated":true}]}}