













{"id":100,"date":"2016-06-08T10:26:05","date_gmt":"2016-06-08T07:26:05","guid":{"rendered":"http:\/\/ykitesti.solki.jyu.fi\/?page_id=100"},"modified":"2017-09-28T15:36:51","modified_gmt":"2017-09-28T12:36:51","slug":"kirjoittaminen","status":"publish","type":"page","link":"https:\/\/ykitesti.solki.jyu.fi\/sv\/tutustu-testiin\/testifin\/kirjoittaminen\/","title":{"rendered":"Perustaso &#8211; Kirjoittaminen"},"content":{"rendered":"<!-- RSPEAK_STOP --> <a href='http:\/\/wr.readspeaker.com\/a\/webreader\/webreader.php?cid=&amp;t=wordpress&amp;url=https:\/\/ykitesti.solki.jyu.fi\/sv\/tutustu-testiin\/testifin\/kirjoittaminen\/&amp;title=Perustaso &#8211; Kirjoittaminen' onclick='readpage(this.href, 100); return false;'> <img src=' http:\/\/wr.readspeaker.com\/m\/wr\/images\/listen_.gif' style='border-style: none;' alt=''><\/a><div id='WR_100'><\/div> <!-- RSPEAK_START --> <p><em><strong>Suomi &#8211; Perustaso \u2013 Kirjoittaminen<\/strong><\/em><\/p>\n<div class=\"qmn_quiz_container mlw_qmn_quiz\">\n<form id=\"quizForm6\" class=\"qmn_quiz_form mlw_quiz_form\" action=\"http:\/\/ykitesti.solki.jyu.fi\/kokeile-testia\/testifin\/kirjoittaminen\/\" method=\"post\" name=\"quizForm6\" novalidate=\"\">\n<div id=\"mlw_error_message\" class=\"qmn_error_message_section\">\n<p>-Kirjoittamisen osakokeessa on<span style=\"text-decoration: underline;\"> kolme<\/span> erityyppist\u00e4 kirjoitusteht\u00e4v\u00e4\u00e4. T\u00e4ss\u00e4 on\u00a0esimerkkej\u00e4 teht\u00e4vist\u00e4.<br \/>\n-Kirjoittamisen osakokeen suorittaminen edellytt\u00e4\u00e4 kaikkien teht\u00e4vien tekemist\u00e4.<br \/>\n-Kirjoita selke\u00e4ll\u00e4 k\u00e4sialalla<br \/>\n-Noudata tarkasti teht\u00e4viss\u00e4 annettuja ohjeita<\/p>\n<p>Lue lis\u00e4\u00e4 kirjoittamisen osakokeesta <a href=\"https:\/\/www.jyu.fi\/hytk\/fi\/laitokset\/solki\/yki\/yleista\/tietoakielitutkinnoista\/osakoekuvaus\">t\u00e4\u00e4lt\u00e4<\/a>.<\/p>\n<\/div>\n<div class=\"quiz_section question-section-id-54 slide2\">\n<hr \/>\n<h2><span style=\"text-decoration: underline;\">Palaute:<\/span><\/h2>\n<p>Saat postissa kyselyn, jossa sinulta kysyt\u00e4\u00e4n, mit\u00e4 mielt\u00e4 olet l\u00e4hikaupastasi. Vastaa kyselyyn ja kirjoita, mit\u00e4 mielt\u00e4 olet ja miksi.<\/p>\n<\/div>\n<div class=\"quiz_section question-section-id-55 slide3\">\n<h4>Kirjoita<\/h4>\n<h4>&#8211; Mitk\u00e4 asiat ovat hyvin l\u00e4hikaupassasi (3 asiaa)? Miksi?<br \/>\n&#8211; Mitk\u00e4 asiat ovat huonosti l\u00e4hikaupassasi (3 asiaa)? Miksi?<br \/>\n&#8211; Mink\u00e4laisia terveisi\u00e4 haluat l\u00e4hett\u00e4\u00e4 kauppiaalle?<\/h4>\n<hr \/>\n<h4><\/h4>\n<\/div>\n<div class=\"quiz_section question-section-id-56 slide4\">\n<h2><span style=\"text-decoration: underline;\">Viesti:<\/span><\/h2>\n<p>Olet sopinut naapurisi kanssa, ett\u00e4 teette yhdess\u00e4 illalla jotakin (keksi itse mit\u00e4). Sinun t\u00e4ytyy kuitenkin menn\u00e4 illalla muualle. Naapurisi ei ole kotona.<\/p>\n<\/div>\n<div class=\"quiz_section question-section-id-57 slide5\">\n<h4>Kirjoita naapurillesi viesti, jossa<\/h4>\n<h4>&#8211; pyyd\u00e4t anteeksi<br \/>\n&#8211; kerrot, miksi et voi tulla<br \/>\n&#8211; ehdotat, mit\u00e4 voisitte tehd\u00e4 my\u00f6hemmin yhdess\u00e4 (miss\u00e4 ja milloin).<\/h4>\n<\/div>\n<\/form>\n<\/div>\n <!-- RSPEAK_STOP -->","protected":false},"excerpt":{"rendered":"    Suomi &#8211; Perustaso \u2013 Kirjoittaminen -Kirjoittamisen osakokeessa on kolme erityyppist\u00e4 kirjoitusteht\u00e4v\u00e4\u00e4. T\u00e4ss\u00e4 on\u00a0esimerkkej\u00e4 teht\u00e4vist\u00e4. -Kirjoittamisen osakokeen suorittaminen edellytt\u00e4\u00e4 kaikkien teht\u00e4vien tekemist\u00e4. -Kirjoita selke\u00e4ll\u00e4 \n <a class=\"moretag\" href=\"https:\/\/ykitesti.solki.jyu.fi\/sv\/tutustu-testiin\/testifin\/kirjoittaminen\/\"> <\/a>","protected":false},"author":1,"featured_media":0,"parent":10,"menu_order":33,"comment_status":"closed","ping_status":"closed","template":"","meta":{"footnotes":""},"class_list":["post-100","page","type-page","status-publish","hentry"],"translation":{"provider":"WPGlobus","version":"3.0.2","language":"sv","enabled_languages":["fi","en","sv"],"languages":{"fi":{"title":true,"content":true,"excerpt":false},"en":{"title":false,"content":false,"excerpt":false},"sv":{"title":false,"content":false,"excerpt":false}}},"_links":{"self":[{"href":"https:\/\/ykitesti.solki.jyu.fi\/sv\/wp-json\/wp\/v2\/pages\/100","targetHints":{"allow":["GET"]}}],"collection":[{"href":"https:\/\/ykitesti.solki.jyu.fi\/sv\/wp-json\/wp\/v2\/pages"}],"about":[{"href":"https:\/\/ykitesti.solki.jyu.fi\/sv\/wp-json\/wp\/v2\/types\/page"}],"author":[{"embeddable":true,"href":"https:\/\/ykitesti.solki.jyu.fi\/sv\/wp-json\/wp\/v2\/users\/1"}],"replies":[{"embeddable":true,"href":"https:\/\/ykitesti.solki.jyu.fi\/sv\/wp-json\/wp\/v2\/comments?post=100"}],"version-history":[{"count":12,"href":"https:\/\/ykitesti.solki.jyu.fi\/sv\/wp-json\/wp\/v2\/pages\/100\/revisions"}],"predecessor-version":[{"id":1420,"href":"https:\/\/ykitesti.solki.jyu.fi\/sv\/wp-json\/wp\/v2\/pages\/100\/revisions\/1420"}],"up":[{"embeddable":true,"href":"https:\/\/ykitesti.solki.jyu.fi\/sv\/wp-json\/wp\/v2\/pages\/10"}],"wp:attachment":[{"href":"https:\/\/ykitesti.solki.jyu.fi\/sv\/wp-json\/wp\/v2\/media?parent=100"}],"curies":[{"name":"wp","href":"https:\/\/api.w.org\/{rel}","templated":true}]}}