













{"id":10,"date":"2016-06-06T14:39:50","date_gmt":"2016-06-06T11:39:50","guid":{"rendered":"http:\/\/ykitesti.solki.jyu.fi\/?page_id=10"},"modified":"2023-04-21T14:24:32","modified_gmt":"2023-04-21T11:24:32","slug":"testifin","status":"publish","type":"page","link":"https:\/\/ykitesti.solki.jyu.fi\/sv\/tutustu-testiin\/testifin\/","title":{"rendered":"Suomi"},"content":{"rendered":"<!-- RSPEAK_STOP --> <a href='http:\/\/wr.readspeaker.com\/a\/webreader\/webreader.php?cid=&amp;t=wordpress&amp;url=https:\/\/ykitesti.solki.jyu.fi\/sv\/tutustu-testiin\/testifin\/&amp;title=Suomi' onclick='readpage(this.href, 10); return false;'> <img src=' http:\/\/wr.readspeaker.com\/m\/wr\/images\/listen_.gif' style='border-style: none;' alt=''><\/a><div id='WR_10'><\/div> <!-- RSPEAK_START --> <p><strong><em>Prova test &#8211;\u00a0Finska<\/em><\/strong><\/p>\n<h3>Grundniv\u00e5:<\/h3>\n<ul>\n<li style=\"padding-left: 30px;\"><a href=\"http:\/\/ykitesti.solki.jyu.fi\/tutustu-testiin\/testifin\/tekstin-ymmartaminen\/\">Textf\u00f6rst\u00e5else<\/a><\/li>\n<li style=\"padding-left: 30px;\"><a href=\"http:\/\/ykitesti.solki.jyu.fi\/tutustu-testiin\/testifin\/kirjoittaminen\/\">Skriftlig framst\u00e4llning<\/a><\/li>\n<li style=\"padding-left: 30px;\"><a href=\"http:\/\/ykitesti.solki.jyu.fi\/tutustu-testiin\/testifin\/puheen-ymmartaminen\/\">Talf\u00f6rst\u00e5else<\/a><\/li>\n<li style=\"padding-left: 30px;\"><a href=\"http:\/\/ykitesti.solki.jyu.fi\/tutustu-testiin\/testifin\/puhuminen\/\">Talproduktion<\/a><\/li>\n<\/ul>\n<hr \/>\n<h3>Mellanniv\u00e5:<\/h3>\n<ul>\n<li style=\"padding-left: 30px;\"><a href=\"http:\/\/ykitesti.solki.jyu.fi\/tutustu-testiin\/testifin\/keskitaso-tekstin-ymmartaminen\/\">Textf\u00f6rst\u00e5else<\/a><\/li>\n<li style=\"padding-left: 30px;\"><a href=\"http:\/\/ykitesti.solki.jyu.fi\/tutustu-testiin\/testifin\/keskitaso-kirjoittaminen\/\">Skriftlig framst\u00e4llning<\/a><\/li>\n<li style=\"padding-left: 30px;\"><a href=\"http:\/\/ykitesti.solki.jyu.fi\/tutustu-testiin\/testifin\/keskitaso-puheen-ymmartaminen\/\">Talf\u00f6rst\u00e5else<\/a><\/li>\n<li style=\"padding-left: 30px;\"><a href=\"http:\/\/ykitesti.solki.jyu.fi\/tutustu-testiin\/testifin\/keskitaso-puhuminen\/\">Talproduktion<\/a><\/li>\n<\/ul>\n<hr \/>\n<h3>H\u00f6gsta\u00a0niv\u00e5:<\/h3>\n<ul>\n<li style=\"padding-left: 30px;\"><a href=\"http:\/\/ykitesti.solki.jyu.fi\/tutustu-testiin\/testifin\/ylin-taso-tekstin-ymmartaminen\/\">Textf\u00f6rst\u00e5else<\/a><\/li>\n<li style=\"padding-left: 30px;\"><a href=\"http:\/\/ykitesti.solki.jyu.fi\/tutustu-testiin\/testifin\/ylin-taso-kirjoittaminen\/\">Skriftlig framst\u00e4llning<\/a><\/li>\n<li style=\"padding-left: 30px;\"><a href=\"http:\/\/ykitesti.solki.jyu.fi\/tutustu-testiin\/testifin\/ylin-taso-puheen-ymmartaminen\/\">Talf\u00f6rst\u00e5else<\/a><\/li>\n<li style=\"padding-left: 30px;\"><a href=\"http:\/\/ykitesti.solki.jyu.fi\/tutustu-testiin\/testifin\/ylin-taso-puhuminen\/\">Talproduktion<\/a><\/li>\n<\/ul>\n<hr \/>\n<p style=\"text-align: center;\">S2-opettajat erbjuder olika finska spr\u00e5k\u00f6vningar som hj\u00e4lper dig att tr\u00e4na tal- och textf\u00f6rst\u00e5else, finska vokabul\u00e4r etc. Du kan hitta \u00f6vningarna <a href=\"https:\/\/www.s2opettajat.fi\/linkit\/verkkomateriaalit\/\">h\u00e4r<\/a>.<\/p>\n<p><a href=\"https:\/\/www.s2opettajat.fi\/linkit\/verkkomateriaalit\/\"><img loading=\"lazy\" decoding=\"async\" class=\"alignnone wp-image-537 size-full aligncenter\" src=\"http:\/\/ykitesti.solki.jyu.fi\/wp-content\/uploads\/2016\/06\/s2opettajat.jpg\" alt=\"S2Opettajat\" width=\"150\" height=\"30\" \/><\/a><\/p>\n<p style=\"text-align: center;\">Du kan ocks\u00e5 hitta \u00f6vningar f\u00f6r examen i finska\u00a0p\u00e5\u00a0<a href=\"http:\/\/yle.fi\/aihe\/artikkeli\/2015\/12\/15\/ykitreenit-tavoitteena-yleinen-kielitutkinto-suomen-kielessa\">YLE YKItreenit<\/a>.<\/p>\n <!-- RSPEAK_STOP -->","protected":false},"excerpt":{"rendered":"    Prova test &#8211;\u00a0Finska Grundniv\u00e5: Textf\u00f6rst\u00e5else Skriftlig framst\u00e4llning Talf\u00f6rst\u00e5else Talproduktion Mellanniv\u00e5: Textf\u00f6rst\u00e5else Skriftlig framst\u00e4llning Talf\u00f6rst\u00e5else Talproduktion H\u00f6gsta\u00a0niv\u00e5: Textf\u00f6rst\u00e5else Skriftlig framst\u00e4llning Talf\u00f6rst\u00e5else Talproduktion S2-opettajat erbjuder \n <a class=\"moretag\" href=\"https:\/\/ykitesti.solki.jyu.fi\/sv\/tutustu-testiin\/testifin\/\"> <\/a>","protected":false},"author":1,"featured_media":0,"parent":75,"menu_order":2,"comment_status":"closed","ping_status":"closed","template":"","meta":{"footnotes":""},"class_list":["post-10","page","type-page","status-publish","hentry"],"translation":{"provider":"WPGlobus","version":"3.0.2","language":"sv","enabled_languages":["fi","en","sv"],"languages":{"fi":{"title":true,"content":true,"excerpt":false},"en":{"title":false,"content":true,"excerpt":false},"sv":{"title":false,"content":true,"excerpt":false}}},"_links":{"self":[{"href":"https:\/\/ykitesti.solki.jyu.fi\/sv\/wp-json\/wp\/v2\/pages\/10","targetHints":{"allow":["GET"]}}],"collection":[{"href":"https:\/\/ykitesti.solki.jyu.fi\/sv\/wp-json\/wp\/v2\/pages"}],"about":[{"href":"https:\/\/ykitesti.solki.jyu.fi\/sv\/wp-json\/wp\/v2\/types\/page"}],"author":[{"embeddable":true,"href":"https:\/\/ykitesti.solki.jyu.fi\/sv\/wp-json\/wp\/v2\/users\/1"}],"replies":[{"embeddable":true,"href":"https:\/\/ykitesti.solki.jyu.fi\/sv\/wp-json\/wp\/v2\/comments?post=10"}],"version-history":[{"count":54,"href":"https:\/\/ykitesti.solki.jyu.fi\/sv\/wp-json\/wp\/v2\/pages\/10\/revisions"}],"predecessor-version":[{"id":1974,"href":"https:\/\/ykitesti.solki.jyu.fi\/sv\/wp-json\/wp\/v2\/pages\/10\/revisions\/1974"}],"up":[{"embeddable":true,"href":"https:\/\/ykitesti.solki.jyu.fi\/sv\/wp-json\/wp\/v2\/pages\/75"}],"wp:attachment":[{"href":"https:\/\/ykitesti.solki.jyu.fi\/sv\/wp-json\/wp\/v2\/media?parent=10"}],"curies":[{"name":"wp","href":"https:\/\/api.w.org\/{rel}","templated":true}]}}