













{"id":976,"date":"2016-08-22T12:50:00","date_gmt":"2016-08-22T09:50:00","guid":{"rendered":"http:\/\/ykitesti.solki.jyu.fi\/?page_id=976"},"modified":"2016-12-01T15:03:10","modified_gmt":"2016-12-01T13:03:10","slug":"espanja-keskitaso-puhuminen","status":"publish","type":"page","link":"https:\/\/ykitesti.solki.jyu.fi\/en\/tutustu-testiin\/espanja\/espanja-keskitaso-puhuminen\/","title":{"rendered":"Espanja &#8211; Keskitaso &#8211; Puhuminen"},"content":{"rendered":"<!-- RSPEAK_STOP --> <a href='http:\/\/wr.readspeaker.com\/a\/webreader\/webreader.php?cid=&amp;t=wordpress&amp;url=https:\/\/ykitesti.solki.jyu.fi\/en\/tutustu-testiin\/espanja\/espanja-keskitaso-puhuminen\/&amp;title=Espanja &#8211; Keskitaso &#8211; Puhuminen' onclick='readpage(this.href, 976); return false;'> <img src=' http:\/\/wr.readspeaker.com\/m\/wr\/images\/listen_.gif' style='border-style: none;' alt=''><\/a><div id='WR_976'><\/div> <!-- RSPEAK_START --> <p><em><strong>Espanja\u00a0&#8211; Keskitaso &#8211; Puhuminen<\/strong><\/em><\/p>\n<ul>\n<li>Puhumisen osakokeessa on erilaisia teht\u00e4vi\u00e4, jotka suoritetaan kielistudiossa. T\u00e4ss\u00e4 on esimerkit teht\u00e4v\u00e4tyypeist\u00e4.<\/li>\n<li>Puhu joka teht\u00e4v\u00e4ss\u00e4 jotain.<\/li>\n<li><span style=\"text-decoration: underline;\">Hyv\u00e4ksytty<\/span> suoritus edellytt\u00e4\u00e4 sit\u00e4, ett\u00e4 puhut teht\u00e4v\u00e4ss\u00e4 annetusta aiheesta!<\/li>\n<li>Jokaiseen teht\u00e4v\u00e4\u00e4n on valmistautumisaika. Vastausajan n\u00e4et teht\u00e4v\u00e4vihkosta.<\/li>\n<\/ul>\n<p>Lue lis\u00e4\u00e4 puhumisen osakokeesta\u00a0<a href=\"https:\/\/www.jyu.fi\/hum\/laitokset\/solki\/yki\/yleista\/osat_aihealueet\/puhuminen\">t\u00e4\u00e4lt\u00e4<\/a>.<\/p>\n<hr \/>\n<h2><span style=\"text-decoration: underline;\"><strong>Kertominen:<\/strong><\/span><\/h2>\n<p>Teht\u00e4v\u00e4n\u00e4si on kertoa nauhalle espanjaksi hiukan lapsuudestasi. Kerro aluksi nimesi, ja sitten voit kertoa esimerkiksi:<\/p>\n<ul>\n<li>miss\u00e4 vietit lapsuutesi?<\/li>\n<li>millainen perheesi silloin oli?<\/li>\n<li>millainen koti sinulla oli?<\/li>\n<li>kenen kanssa leikit\/vietit lomia?<\/li>\n<\/ul>\n<p>Yrit\u00e4 puhua mahdollisimman luontevasti ja sujuvasti. Jos esimerkiksi vastaat kysymyksiin kohta kohdalta, puheenvuorosi voi vaikuttaa ep\u00e4luontevalta.<\/p>\n<p>Sinulla on 1 minuutti aikaa mietti\u00e4, mit\u00e4 sanot. Voit tehd\u00e4 valmisteluaikana muistiinpanoja, jos haluat. Aloita puhuminen vasta sitten, kun kuulet nauhalta: <em>&#8220;Ahora empiece a hablar.&#8221;<\/em> Sinulla on 1 \u00bd minuuttia aikaa puhua. Yrit\u00e4 puhua koko ajan!<\/p>\n<p><strong>Valmisteluaika: 1 minuutti<\/strong><br \/>\n<strong>Puheaika: \u00a01 \u00bd minuuttia<\/strong><\/p>\n<hr \/>\n<h2><span style=\"text-decoration: underline;\"><strong>Keskustelu:<\/strong><\/span><\/h2>\n<p>Teht\u00e4v\u00e4ss\u00e4 on kuvattu yksi keskustelutilanne. Ennen tilannetta sinulla on aikaa tutustua siihen. N\u00e4et sulkeissa vihjeen siit\u00e4, mit\u00e4 sinun pit\u00e4\u00e4 sanoa <strong>espanjaksi<\/strong>. Kuulet keskustelun toisen osapuolen puheenvuorot nauhalta, ja ne on merkitty teht\u00e4v\u00e4vihkoon t\u00e4hdill\u00e4 (esim. Puhuja: *****). Vastaa puheenvuoroihin mahdollisimman luontevasti. N\u00e4et puhumisajan sulkeissa.<\/p>\n<audio class=\"wp-audio-shortcode\" id=\"audio-976-1\" preload=\"none\" style=\"width: 100%;\" controls=\"controls\"><source type=\"audio\/mpeg\" src=\"http:\/\/ykitesti.solki.jyu.fi\/wp-content\/uploads\/2016\/06\/esktpu_006edited.mp3?_=1\" \/><a href=\"http:\/\/ykitesti.solki.jyu.fi\/wp-content\/uploads\/2016\/06\/esktpu_006edited.mp3\">http:\/\/ykitesti.solki.jyu.fi\/wp-content\/uploads\/2016\/06\/esktpu_006edited.mp3<\/a><\/audio>\n<p style=\"border: 3px; border-style: solid; border-color: #123455; padding: 1em;\"><strong>Tilanne X. \u00a0<em>Saavut Iberian lennolla Helsingist\u00e4 Barcelonaan, josta sinun oli tarkoitus jatkaa Menorcalle. Koneesi saapuu kuitenkin kaksi tuntia my\u00f6h\u00e4ss\u00e4 Barcelonaan. Menet Iberian toimistoon selvitt\u00e4m\u00e4\u00e4n tilannettasi.<\/em><\/strong><br \/>\nVirkailija:\u00a0\u00a0\u00a0\u00a0\u00a0\u00a0\u00a0\u00a0\u00a0\u00a0\u00a0 *****<br \/>\nSIN\u00c4:\u00a0 \u00a0\u00a0\u00a0\u00a0\u00a0 [Selit\u00e4 tilanteesi.]<em> (20 sek) <\/em><br \/>\nVirkailija:\u00a0\u00a0\u00a0\u00a0\u00a0\u00a0\u00a0\u00a0\u00a0\u00a0\u00a0 *****<br \/>\nSIN\u00c4:\u00a0\u00a0\u00a0\u00a0\u00a0\u00a0\u00a0 [Sinulla on kiire Menorcalle, koska siell\u00e4 j\u00e4rjestet\u00e4\u00e4n perhejuhla, kokous tms.] <em>(30 sek)<\/em><br \/>\nVirkailija: \u00a0 \u00a0 \u00a0 \u00a0 \u00a0 *****<br \/>\nSIN\u00c4:\u00a0 \u00a0\u00a0\u00a0\u00a0\u00a0 [Pyyd\u00e4 tarkempia tietoja.] <em>(20 sek)<\/em><br \/>\nVirkailija:\u00a0\u00a0\u00a0\u00a0\u00a0\u00a0\u00a0\u00a0\u00a0\u00a0\u00a0 *****<br \/>\nSIN\u00c4:\u00a0\u00a0\u00a0\u00a0\u00a0\u00a0\u00a0 [Kysy viel\u00e4, miss\u00e4 voit y\u00f6py\u00e4 ja kuka huolehtii kustannuksista.] <em>(30 sek)<\/em><br \/>\nVirkailija:\u00a0\u00a0\u00a0\u00a0\u00a0\u00a0\u00a0\u00a0\u00a0\u00a0\u00a0 *****<br \/>\nSIN\u00c4:\u00a0\u00a0\u00a0\u00a0\u00a0\u00a0\u00a0 [Tiedustele matkatavaroidesi kohtaloa.]<em>\u00a0\u00a0\u00a0 (20 sek)<\/em><br \/>\nVirkailija:\u00a0\u00a0\u00a0\u00a0\u00a0\u00a0\u00a0\u00a0\u00a0\u00a0\u00a0 *****<br \/>\nSIN\u00c4:\u00a0\u00a0\u00a0\u00a0\u00a0\u00a0\u00a0 [Kiit\u00e4 ja hyv\u00e4stele.]<em>\u00a0\u00a0\u00a0 <\/em><em>(10 sek)<\/em><\/p>\n<hr \/>\n<h2><strong><span style=\"text-decoration: underline;\">Puheenvuoro:<\/span>\u00a0 \u00a0 \u00a0 \u00a0 \u00a0 \u00a0 \u00a0 \u00a0 \u00a0 \u00a0 \u00a0 \u00a0 \u00a0 \u00a0 \u00a0 \u00a0 \u00a0 \u00a0 \u00a0 \u00a0 \u00a0 \u00a0 \u00a0 \u00a0 \u00a0 \u00a0 \u00a0 \u00a0 \u00a0 \u00a0 \u00a0 \u00a0 \u00a0<\/strong><\/h2>\n<p>Lue alla oleva puheenvuoron aihe. Sinulla on 2 minuuttia aikaa mietti\u00e4, mit\u00e4 sanot. Voit tehd\u00e4 valmisteluaikana muistiinpanoja, jos haluat. Aloita puhuminen vasta sitten, kun kuulet nauhalta: <em>&#8220;Ahora empiece a hablar<\/em><em>&#8220;<\/em>. Sinulla on 2 minuuttia aikaa puhua. Yrit\u00e4 puhua koko ajan!<\/p>\n<p><strong style=\"font-size: 16px; line-height: 1.5;\">\u00a0 \u00a0 \u00a0 \u00a0 \u00a01. Mik\u00e4 on liian kallista?<\/strong><\/p>\n<ul>\n<li>Mik\u00e4 on Suomessa liian kallista (asuminen, ruoka, terveydenhoito,\u00a0matkustaminen, autoilu jne.)? Perustele.<\/li>\n<li>Mik\u00e4 olisi sopiva hinta sille asialle?<\/li>\n<li>Mit\u00e4 muita hintoja pit\u00e4isi laskea? Miksi?<\/li>\n<li>Voisiko joitakin hintoja nostaa? Mit\u00e4 ja miksi?<\/li>\n<li>Onko Suomessa todella k\u00f6yhi\u00e4 ihmisi\u00e4? Perustele esimerkkien avulla.<\/li>\n<\/ul>\n<p><strong>Valmisteluaika: 2 minuuttia<\/strong><br \/>\n<strong>Puhumisaika: \u00a0\u00a0 2 minuuttia<\/strong><\/p>\n <!-- RSPEAK_STOP -->","protected":false},"excerpt":{"rendered":"    Espanja\u00a0&#8211; Keskitaso &#8211; Puhuminen Puhumisen osakokeessa on erilaisia teht\u00e4vi\u00e4, jotka suoritetaan kielistudiossa. T\u00e4ss\u00e4 on esimerkit teht\u00e4v\u00e4tyypeist\u00e4. Puhu joka teht\u00e4v\u00e4ss\u00e4 jotain. Hyv\u00e4ksytty suoritus edellytt\u00e4\u00e4 \n <a class=\"moretag\" href=\"https:\/\/ykitesti.solki.jyu.fi\/en\/tutustu-testiin\/espanja\/espanja-keskitaso-puhuminen\/\"> <\/a>","protected":false},"author":1,"featured_media":0,"parent":912,"menu_order":0,"comment_status":"closed","ping_status":"closed","template":"","meta":{"footnotes":""},"class_list":["post-976","page","type-page","status-publish","hentry"],"translation":{"provider":"WPGlobus","version":"3.0.2","language":"en","enabled_languages":["fi","en","sv"],"languages":{"fi":{"title":true,"content":true,"excerpt":false},"en":{"title":false,"content":false,"excerpt":false},"sv":{"title":true,"content":true,"excerpt":false}}},"_links":{"self":[{"href":"https:\/\/ykitesti.solki.jyu.fi\/en\/wp-json\/wp\/v2\/pages\/976","targetHints":{"allow":["GET"]}}],"collection":[{"href":"https:\/\/ykitesti.solki.jyu.fi\/en\/wp-json\/wp\/v2\/pages"}],"about":[{"href":"https:\/\/ykitesti.solki.jyu.fi\/en\/wp-json\/wp\/v2\/types\/page"}],"author":[{"embeddable":true,"href":"https:\/\/ykitesti.solki.jyu.fi\/en\/wp-json\/wp\/v2\/users\/1"}],"replies":[{"embeddable":true,"href":"https:\/\/ykitesti.solki.jyu.fi\/en\/wp-json\/wp\/v2\/comments?post=976"}],"version-history":[{"count":13,"href":"https:\/\/ykitesti.solki.jyu.fi\/en\/wp-json\/wp\/v2\/pages\/976\/revisions"}],"predecessor-version":[{"id":1269,"href":"https:\/\/ykitesti.solki.jyu.fi\/en\/wp-json\/wp\/v2\/pages\/976\/revisions\/1269"}],"up":[{"embeddable":true,"href":"https:\/\/ykitesti.solki.jyu.fi\/en\/wp-json\/wp\/v2\/pages\/912"}],"wp:attachment":[{"href":"https:\/\/ykitesti.solki.jyu.fi\/en\/wp-json\/wp\/v2\/media?parent=976"}],"curies":[{"name":"wp","href":"https:\/\/api.w.org\/{rel}","templated":true}]}}