













{"id":968,"date":"2016-08-22T12:18:01","date_gmt":"2016-08-22T09:18:01","guid":{"rendered":"http:\/\/ykitesti.solki.jyu.fi\/?page_id=968"},"modified":"2016-12-01T14:48:24","modified_gmt":"2016-12-01T12:48:24","slug":"espanja-keskitaso-kirjoittaminen","status":"publish","type":"page","link":"https:\/\/ykitesti.solki.jyu.fi\/en\/tutustu-testiin\/espanja\/espanja-keskitaso-kirjoittaminen\/","title":{"rendered":"Espanja &#8211; Keskitaso &#8211; Kirjoittaminen"},"content":{"rendered":"<!-- RSPEAK_STOP --> <a href='http:\/\/wr.readspeaker.com\/a\/webreader\/webreader.php?cid=&amp;t=wordpress&amp;url=https:\/\/ykitesti.solki.jyu.fi\/en\/tutustu-testiin\/espanja\/espanja-keskitaso-kirjoittaminen\/&amp;title=Espanja &#8211; Keskitaso &#8211; Kirjoittaminen' onclick='readpage(this.href, 968); return false;'> <img src=' http:\/\/wr.readspeaker.com\/m\/wr\/images\/listen_.gif' style='border-style: none;' alt=''><\/a><div id='WR_968'><\/div> <!-- RSPEAK_START --> <h4><em>Espanja\u00a0&#8211; Keskitaso\u00a0&#8211; Kirjoittaminen<\/em><\/h4>\n<div class=\"quiz_section question-section-id-58 slide2\">\n<p>-Kirjoittamisen osakokeessa on<span style=\"text-decoration: underline;\"> kolme<\/span> erityyppist\u00e4 kirjoitusteht\u00e4v\u00e4\u00e4. T\u00e4ss\u00e4 on\u00a0esimerkkej\u00e4 teht\u00e4vist\u00e4.<br \/>\n-Kirjoittamisen osakokeen suorittaminen edellytt\u00e4\u00e4 kaikkien teht\u00e4vien tekemist\u00e4.<br \/>\n-Kirjoita selke\u00e4ll\u00e4 k\u00e4sialalla<br \/>\n-Noudata tarkasti teht\u00e4viss\u00e4 annettuja ohjeita<\/p>\n<p>Lue lis\u00e4\u00e4 kirjoittamisen osakokeesta <a href=\"https:\/\/www.jyu.fi\/hum\/laitokset\/solki\/yki\/yleista\/osat_aihealueet\/kirjoittaminen\">t\u00e4\u00e4lt\u00e4<\/a>.<\/p>\n<hr \/>\n<h2><strong><span style=\"text-decoration: underline;\">Teht\u00e4v\u00e4 1. S\u00e4hk\u00f6postiviesti:<\/span>\u00a0 \u00a0 \u00a0 \u00a0 \u00a0 \u00a0 \u00a0 \u00a0 \u00a0 \u00a0 \u00a0 \u00a0 \u00a0 \u00a0 \u00a0 \u00a0 \u00a0\u00a0<\/strong><\/h2>\n<p>Espanjalainen yst\u00e4v\u00e4si on hankkinut teille liput h\u00e4rk\u00e4taisteluun. Kirjoita h\u00e4nelle s\u00e4hk\u00f6postiviesti, jossa kerrot, ettet miss\u00e4\u00e4n tapauksessa halua tulla mukaan ja perustelet, miksi et.<\/p>\n<p>Kirjoita selv\u00e4ll\u00e4 k\u00e4sialalla<strong> espanjaksi<\/strong>.<\/p>\n<hr \/>\n<\/div>\n<h2><strong><span style=\"text-decoration: underline;\">Teht\u00e4v\u00e4 2. S\u00e4hk\u00f6postiviesti:<\/span> \u00a0 \u00a0 \u00a0 \u00a0 \u00a0 \u00a0 \u00a0 \u00a0 \u00a0\u00a0<\/strong><\/h2>\n<p>Olet saanut harjoittelupaikan Madridista ja muutat sinne puolen vuoden kuluttua. L\u00e4het\u00e4t asunnonv\u00e4litykseen s\u00e4hk\u00f6postiviestin, joka sis\u00e4lt\u00e4\u00e4 mm. seuraavat asiat:<\/p>\n<ul>\n<li>Kerro muuttoaikeistasi ja mainitse milloin ja miksi muutat<\/li>\n<li>Kerro millaisen asunnon toivot saavasi (esim. huoneiden m\u00e4\u00e4r\u00e4, asumisen\u00a0taso ja asunnon varustelu, vuokra)<\/li>\n<li>Esit\u00e4 joitakin toiveita asunnon sijainnista (esim. keskusta, esikaupunkialueet)<\/li>\n<li>Toivo nopeaa vastausta.<\/li>\n<\/ul>\n<p>Muista <strong>aloittaa<\/strong> ja <strong>lopettaa<\/strong> viesti sopivalla tavalla. Kirjoita <strong>espanjaksi<\/strong> selv\u00e4ll\u00e4 k\u00e4sialalla.<\/p>\n<hr \/>\n<h2><span style=\"text-decoration: underline;\"><strong>Teht\u00e4v\u00e4 3. Mielipide:<\/strong><\/span><\/h2>\n<p>Lue ohessa oleva\u00a0Internetist\u00e4 l\u00f6ytynyt mielipidekirjoitus. Kirjoita sille oma mielipiteesi vastineeksi <strong>espanjaksi<\/strong>. Kirjoita selv\u00e4ll\u00e4 k\u00e4sialalla.<\/p>\n<p style=\"border: 3px; border-style: solid; border-color: #123455; padding: 1em;\">La bulimia es una enfermedad de causas diversas: psicol\u00f3gicas y som\u00e1ticas, las cuales producen desarreglos en la ingesta de alimentos, con otros relacionados a dietas abusivas, v\u00f3mitos y el consumo de diversos medicamentos. Es una enfermedad que aparece, sobre todo, en las chicas, que normalmente se practica en la adolescencia y puede durar muchos a\u00f1os. \u00bfPor qu\u00e9 no aparece en los hombres? \u00bfO esto no es verdad?<\/p>\n <!-- RSPEAK_STOP -->","protected":false},"excerpt":{"rendered":"    Espanja\u00a0&#8211; Keskitaso\u00a0&#8211; Kirjoittaminen -Kirjoittamisen osakokeessa on kolme erityyppist\u00e4 kirjoitusteht\u00e4v\u00e4\u00e4. T\u00e4ss\u00e4 on\u00a0esimerkkej\u00e4 teht\u00e4vist\u00e4. -Kirjoittamisen osakokeen suorittaminen edellytt\u00e4\u00e4 kaikkien teht\u00e4vien tekemist\u00e4. -Kirjoita selke\u00e4ll\u00e4 k\u00e4sialalla -Noudata \n <a class=\"moretag\" href=\"https:\/\/ykitesti.solki.jyu.fi\/en\/tutustu-testiin\/espanja\/espanja-keskitaso-kirjoittaminen\/\"> <\/a>","protected":false},"author":1,"featured_media":0,"parent":912,"menu_order":0,"comment_status":"closed","ping_status":"closed","template":"","meta":{"footnotes":""},"class_list":["post-968","page","type-page","status-publish","hentry"],"translation":{"provider":"WPGlobus","version":"3.0.2","language":"en","enabled_languages":["fi","en","sv"],"languages":{"fi":{"title":true,"content":true,"excerpt":false},"en":{"title":false,"content":false,"excerpt":false},"sv":{"title":false,"content":true,"excerpt":false}}},"_links":{"self":[{"href":"https:\/\/ykitesti.solki.jyu.fi\/en\/wp-json\/wp\/v2\/pages\/968","targetHints":{"allow":["GET"]}}],"collection":[{"href":"https:\/\/ykitesti.solki.jyu.fi\/en\/wp-json\/wp\/v2\/pages"}],"about":[{"href":"https:\/\/ykitesti.solki.jyu.fi\/en\/wp-json\/wp\/v2\/types\/page"}],"author":[{"embeddable":true,"href":"https:\/\/ykitesti.solki.jyu.fi\/en\/wp-json\/wp\/v2\/users\/1"}],"replies":[{"embeddable":true,"href":"https:\/\/ykitesti.solki.jyu.fi\/en\/wp-json\/wp\/v2\/comments?post=968"}],"version-history":[{"count":10,"href":"https:\/\/ykitesti.solki.jyu.fi\/en\/wp-json\/wp\/v2\/pages\/968\/revisions"}],"predecessor-version":[{"id":1268,"href":"https:\/\/ykitesti.solki.jyu.fi\/en\/wp-json\/wp\/v2\/pages\/968\/revisions\/1268"}],"up":[{"embeddable":true,"href":"https:\/\/ykitesti.solki.jyu.fi\/en\/wp-json\/wp\/v2\/pages\/912"}],"wp:attachment":[{"href":"https:\/\/ykitesti.solki.jyu.fi\/en\/wp-json\/wp\/v2\/media?parent=968"}],"curies":[{"name":"wp","href":"https:\/\/api.w.org\/{rel}","templated":true}]}}