













{"id":928,"date":"2016-08-17T11:43:56","date_gmt":"2016-08-17T08:43:56","guid":{"rendered":"http:\/\/ykitesti.solki.jyu.fi\/?page_id=928"},"modified":"2016-08-17T12:45:55","modified_gmt":"2016-08-17T09:45:55","slug":"espanja-perustaso-puhuminen","status":"publish","type":"page","link":"https:\/\/ykitesti.solki.jyu.fi\/en\/tutustu-testiin\/espanja\/espanja-perustaso-puhuminen\/","title":{"rendered":"Espanja &#8211; Perustaso &#8211; Puhuminen"},"content":{"rendered":"<!-- RSPEAK_STOP --> <a href='http:\/\/wr.readspeaker.com\/a\/webreader\/webreader.php?cid=&amp;t=wordpress&amp;url=https:\/\/ykitesti.solki.jyu.fi\/en\/tutustu-testiin\/espanja\/espanja-perustaso-puhuminen\/&amp;title=Espanja &#8211; Perustaso &#8211; Puhuminen' onclick='readpage(this.href, 928); return false;'> <img src=' http:\/\/wr.readspeaker.com\/m\/wr\/images\/listen_.gif' style='border-style: none;' alt=''><\/a><div id='WR_928'><\/div> <!-- RSPEAK_START --> <p><em><strong>Espanja\u00a0&#8211; Perustaso &#8211; Puhuminen<\/strong><\/em><\/p>\n<ul>\n<li>Puhumisen osakokeessa on erilaisia teht\u00e4vi\u00e4, jotka kaikki suoritetaan kielistudiossa. T\u00e4ss\u00e4 on esimerkit teht\u00e4v\u00e4tyypeist\u00e4.<\/li>\n<li>Puhu joka teht\u00e4v\u00e4ss\u00e4 jotain.<\/li>\n<li><span style=\"text-decoration: underline;\">Hyv\u00e4ksytty<\/span> suoritus edellytt\u00e4\u00e4 sit\u00e4, ett\u00e4 puhut teht\u00e4v\u00e4ss\u00e4 annetusta aiheesta!<\/li>\n<li>Jokaiseen teht\u00e4v\u00e4\u00e4n on valmistautumisaika. Vastausajan n\u00e4et teht\u00e4v\u00e4vihkosta.<\/li>\n<\/ul>\n<p>Lue lis\u00e4\u00e4 puhumisen osakokeesta\u00a0<a href=\"https:\/\/www.jyu.fi\/hum\/laitokset\/solki\/yki\/yleista\/osat_aihealueet\/puhuminen\">t\u00e4\u00e4lt\u00e4<\/a>.<\/p>\n<hr \/>\n<h2><strong><span style=\"text-decoration: underline;\">Teht\u00e4v\u00e4 x. Itsest\u00e4 kertominen:<\/span>\u00a0 \u00a0 \u00a0 \u00a0 \u00a0 \u00a0 \u00a0 \u00a0 \u00a0 \u00a0 \u00a0 \u00a0 \u00a0 \u00a0 \u00a0 \u00a0 \u00a0 \u00a0 \u00a0 \u00a0 \u00a0 \u00a0 \u00a0 \u00a0 \u00a0 \u00a0 \u00a0 \u00a0 \u00a0 \u00a0 \u00a0 \u00a0 \u00a0 \u00a0<\/strong><\/h2>\n<p>Teht\u00e4v\u00e4n\u00e4si on kertoa nauhalle <strong>espanjaksi<\/strong> hiukan itsest\u00e4si ja tyypillisest\u00e4 p\u00e4iv\u00e4st\u00e4si. Kerro ensin <strong>nimesi<\/strong>, sitten voit kertoa esimerkiksi:<\/p>\n<ul>\n<li>Millainen perhe sinulla on?<\/li>\n<li>Millainen asunto sinulla on?<\/li>\n<li>Mik\u00e4 on koulutuksesi ja ammattisi?<\/li>\n<\/ul>\n<p>Sinulla on 1 minuutti aikaa mietti\u00e4, mit\u00e4 sanot. Voit tehd\u00e4 valmisteluaikana muistiinpanoja, jos haluat. Aloita puhuminen vasta sitten, kun kuulet nauhalta: &#8220;<em>Ahora empiece a hablar&#8221;<\/em><em>.<\/em> \u00a0Sinulla on 1 minuuttia aikaa puhua. Yrit\u00e4 puhua koko ajan!<\/p>\n<p><strong>Valmisteluaika:\u00a0\u00a0 1 minuutti<\/strong><br \/>\n<strong>Puhumisaika:\u00a0\u00a0\u00a0\u00a0 1 minuuttia<\/strong><\/p>\n<audio class=\"wp-audio-shortcode\" id=\"audio-928-1\" preload=\"none\" style=\"width: 100%;\" controls=\"controls\"><source type=\"audio\/mpeg\" src=\"http:\/\/ykitesti.solki.jyu.fi\/wp-content\/uploads\/2016\/06\/ItsestaKertominen%20esptpu.mp3?_=1\" \/><a href=\"http:\/\/ykitesti.solki.jyu.fi\/wp-content\/uploads\/2016\/06\/ItsestaKertominen%20esptpu.mp3\">http:\/\/ykitesti.solki.jyu.fi\/wp-content\/uploads\/2016\/06\/ItsestaKertominen%20esptpu.mp3<\/a><\/audio>\n<hr \/>\n<h2><span style=\"text-decoration: underline;\"><strong>Teht\u00e4v\u00e4 X. Tilanteita:<\/strong><\/span><\/h2>\n<p>Alla on kuvattu tilanteita, joissa voisit joutua puhumaan espanjaa. Tilanteet k\u00e4yd\u00e4\u00e4n l\u00e4pi yksi kerrallaan.<\/p>\n<p>Jokaisessa tilanteessa:<\/p>\n<ul>\n<li>Kuulet nauhalta tilanteen numeron, esimerkiksi <em>&#8220;Atienda a la situaci\u00f3n 1&#8221;. <\/em><\/li>\n<li>Tutustu kyseiseen tilanteeseen.<\/li>\n<li>Kuulet nauhalta kehotuksen <em>&#8220;Hable ahora&#8221;<\/em>.<\/li>\n<li>T\u00e4m\u00e4n j\u00e4lkeen nauhalla on tauko.<\/li>\n<li>Tauon aikana sanot <strong>espanjaksi<\/strong> sen, mit\u00e4 sinua pyydet\u00e4\u00e4n sanomaan kuvatussa tilanteessa.<\/li>\n<\/ul>\n<p>N\u00e4et puhumisajan sulkeissa.<\/p>\n<p>Mit\u00e4 sanoisit <strong>espanjaksi<\/strong> seuraavissa tilanteissa:<\/p>\n<p style=\"border: 3px; border-style: solid; border-color: #123455; padding: 1em;\"><strong>Espanjassa:<\/strong><br \/>\n<strong>Tilanne X.\u00a0<\/strong>Saavut hotelliin. Tervehdi vastaanottovirkailijaa ja esitt\u00e4ydy. Kerro, millaisen huoneen olet varannut ja kuinka moneksi y\u00f6ksi. <em>(20 sek)<\/em><\/p>\n<p style=\"border: 3px; border-style: solid; border-color: #123455; padding: 1em;\"><strong>Olet matkalla Espanjassa.<\/strong><br \/>\n<strong style=\"font-size: 16px; line-height: 1.5;\">Tilanne X.<\/strong><span style=\"font-size: 16px; line-height: 1.5;\">\u00a0\u00a0 Soitat Madridissa autovuokraamoon. Esittele itsesi ja kerro, ett\u00e4 haluaisit vuokrata auton. <\/span><em style=\"font-size: 16px; line-height: 1.5;\">(20 sek)<\/em><\/p>\n<p style=\"border: 3px; border-style: solid; border-color: #123455; padding: 1em;\"><strong>Olet matkalla Espanjassa.<\/strong><br \/>\n<strong>Tilanne X.<\/strong>Kerro, millaisen auton tarvitset (vuokra-aika, auton koko, jne.) <em>(30 sek)<\/em><\/p>\n<audio class=\"wp-audio-shortcode\" id=\"audio-928-2\" preload=\"none\" style=\"width: 100%;\" controls=\"controls\"><source type=\"audio\/mpeg\" src=\"http:\/\/ykitesti.solki.jyu.fi\/wp-content\/uploads\/2016\/06\/Tilanteet%20esptpu.mp3?_=2\" \/><a href=\"http:\/\/ykitesti.solki.jyu.fi\/wp-content\/uploads\/2016\/06\/Tilanteet%20esptpu.mp3\">http:\/\/ykitesti.solki.jyu.fi\/wp-content\/uploads\/2016\/06\/Tilanteet%20esptpu.mp3<\/a><\/audio>\n<hr \/>\n<h2><span style=\"text-decoration: underline;\"><strong>Teht\u00e4v\u00e4 x. Kertominen:<\/strong><\/span><\/h2>\n<p>Alla on kaksi aihevaihtoehtoa. Valitse aiheista toinen ja esit\u00e4 siit\u00e4 mielipiteesi perusteluineen. Yrit\u00e4 puhua mahdollisimman luontevasti.<\/p>\n<p>Sinulla on 2 minuuttia aikaa mietti\u00e4, mit\u00e4 sanot. Voit tehd\u00e4 valmisteluaikana muistiinpanoja, jos haluat. Aloita puhuminen vasta sitten, kun kuulet nauhalta: &#8220;Ahora empiece a hablar.&#8221; Sinulla on 2 minuuttia aikaa puhua. Yrit\u00e4 puhua koko ajan!<\/p>\n<p>Valmisteluaika: 2 minuuttia<br \/>\nPuhumisaika: 2 minuuttia<\/p>\n<p><strong>Aihe X. TELEVISIO-OHJELMAT<\/strong><\/p>\n<p>Kerro esimerkiksi,<\/p>\n<ul>\n<li>Kuinka usein ja kuinka paljon katsot televisiota?<\/li>\n<li>Mit\u00e4 televisio-ohjelmia katsot? Millaisia ne ovat?<\/li>\n<li>Millaisista ohjelmista pid\u00e4t\/et pid\u00e4? Miksi?<\/li>\n<li>Millaisia ohjelmia haluaisit televisioon enemm\u00e4n?<\/li>\n<li>Mit\u00e4 ei saisi n\u00e4ytt\u00e4\u00e4 televisiossa ollenkaan? jne.<br \/>\n<hr \/>\n<\/li>\n<\/ul>\n<audio class=\"wp-audio-shortcode\" id=\"audio-928-3\" preload=\"none\" style=\"width: 100%;\" controls=\"controls\"><source type=\"audio\/mpeg\" src=\"http:\/\/ykitesti.solki.jyu.fi\/wp-content\/uploads\/2016\/06\/Kertominen%20esptpu.mp3?_=3\" \/><a href=\"http:\/\/ykitesti.solki.jyu.fi\/wp-content\/uploads\/2016\/06\/Kertominen%20esptpu.mp3\">http:\/\/ykitesti.solki.jyu.fi\/wp-content\/uploads\/2016\/06\/Kertominen%20esptpu.mp3<\/a><\/audio>\n <!-- RSPEAK_STOP -->","protected":false},"excerpt":{"rendered":"    Espanja\u00a0&#8211; Perustaso &#8211; Puhuminen Puhumisen osakokeessa on erilaisia teht\u00e4vi\u00e4, jotka kaikki suoritetaan kielistudiossa. T\u00e4ss\u00e4 on esimerkit teht\u00e4v\u00e4tyypeist\u00e4. Puhu joka teht\u00e4v\u00e4ss\u00e4 jotain. Hyv\u00e4ksytty suoritus \n <a class=\"moretag\" href=\"https:\/\/ykitesti.solki.jyu.fi\/en\/tutustu-testiin\/espanja\/espanja-perustaso-puhuminen\/\"> <\/a>","protected":false},"author":1,"featured_media":0,"parent":912,"menu_order":0,"comment_status":"closed","ping_status":"closed","template":"","meta":{"footnotes":""},"class_list":["post-928","page","type-page","status-publish","hentry"],"translation":{"provider":"WPGlobus","version":"3.0.2","language":"en","enabled_languages":["fi","en","sv"],"languages":{"fi":{"title":true,"content":true,"excerpt":false},"en":{"title":false,"content":false,"excerpt":false},"sv":{"title":false,"content":true,"excerpt":false}}},"_links":{"self":[{"href":"https:\/\/ykitesti.solki.jyu.fi\/en\/wp-json\/wp\/v2\/pages\/928","targetHints":{"allow":["GET"]}}],"collection":[{"href":"https:\/\/ykitesti.solki.jyu.fi\/en\/wp-json\/wp\/v2\/pages"}],"about":[{"href":"https:\/\/ykitesti.solki.jyu.fi\/en\/wp-json\/wp\/v2\/types\/page"}],"author":[{"embeddable":true,"href":"https:\/\/ykitesti.solki.jyu.fi\/en\/wp-json\/wp\/v2\/users\/1"}],"replies":[{"embeddable":true,"href":"https:\/\/ykitesti.solki.jyu.fi\/en\/wp-json\/wp\/v2\/comments?post=928"}],"version-history":[{"count":5,"href":"https:\/\/ykitesti.solki.jyu.fi\/en\/wp-json\/wp\/v2\/pages\/928\/revisions"}],"predecessor-version":[{"id":936,"href":"https:\/\/ykitesti.solki.jyu.fi\/en\/wp-json\/wp\/v2\/pages\/928\/revisions\/936"}],"up":[{"embeddable":true,"href":"https:\/\/ykitesti.solki.jyu.fi\/en\/wp-json\/wp\/v2\/pages\/912"}],"wp:attachment":[{"href":"https:\/\/ykitesti.solki.jyu.fi\/en\/wp-json\/wp\/v2\/media?parent=928"}],"curies":[{"name":"wp","href":"https:\/\/api.w.org\/{rel}","templated":true}]}}