













{"id":918,"date":"2016-08-17T11:12:26","date_gmt":"2016-08-17T08:12:26","guid":{"rendered":"http:\/\/ykitesti.solki.jyu.fi\/?page_id=918"},"modified":"2016-12-01T15:33:37","modified_gmt":"2016-12-01T13:33:37","slug":"perustaso-kirjoittaminen","status":"publish","type":"page","link":"https:\/\/ykitesti.solki.jyu.fi\/en\/tutustu-testiin\/espanja\/perustaso-kirjoittaminen\/","title":{"rendered":"Espanja &#8211; Perustaso &#8211; Kirjoittaminen"},"content":{"rendered":"<!-- RSPEAK_STOP --> <a href='http:\/\/wr.readspeaker.com\/a\/webreader\/webreader.php?cid=&amp;t=wordpress&amp;url=https:\/\/ykitesti.solki.jyu.fi\/en\/tutustu-testiin\/espanja\/perustaso-kirjoittaminen\/&amp;title=Espanja &#8211; Perustaso &#8211; Kirjoittaminen' onclick='readpage(this.href, 918); return false;'> <img src=' http:\/\/wr.readspeaker.com\/m\/wr\/images\/listen_.gif' style='border-style: none;' alt=''><\/a><div id='WR_918'><\/div> <!-- RSPEAK_START --> <h4><em>Espanja\u00a0&#8211; Perustaso\u00a0&#8211; Kirjoittaminen<\/em><\/h4>\n<div class=\"quiz_section question-section-id-58 slide2\">\n<p>-Kirjoittamisen osakokeessa on<span style=\"text-decoration: underline;\"> kolme<\/span> erityyppist\u00e4 kirjoitusteht\u00e4v\u00e4\u00e4. T\u00e4ss\u00e4 on\u00a0esimerkkej\u00e4 teht\u00e4vist\u00e4.<br \/>\n-Kirjoittamisen osakokeen suorittaminen edellytt\u00e4\u00e4 kaikkien teht\u00e4vien tekemist\u00e4.<br \/>\n-Kirjoita selke\u00e4ll\u00e4 k\u00e4sialalla<br \/>\n-Noudata tarkasti teht\u00e4viss\u00e4 annettuja ohjeita<\/p>\n<p>Lue lis\u00e4\u00e4 kirjoittamisen osakokeesta <a href=\"https:\/\/www.jyu.fi\/hum\/laitokset\/solki\/yki\/yleista\/osat_aihealueet\/kirjoittaminen\">t\u00e4\u00e4lt\u00e4<\/a>.<\/p>\n<hr \/>\n<\/div>\n<h2><strong><span style=\"text-decoration: underline;\">Teht\u00e4v\u00e4 1. Kiitosviesti:<\/span>\u00a0 \u00a0 \u00a0 \u00a0 \u00a0 \u00a0 \u00a0 \u00a0 \u00a0 \u00a0 \u00a0 \u00a0 \u00a0 \u00a0 \u00a0 \u00a0 \u00a0 \u00a0 \u00a0 \u00a0 \u00a0 \u00a0 \u00a0 \u00a0 \u00a0 \u00a0 \u00a0 \u00a0 \u00a0 \u00a0 \u00a0 \u00a0 \u00a0 \u00a0 \u00a0 \u00a0 \u00a0\u00a0<\/strong><\/h2>\n<p>Olet palannut muutama p\u00e4iv\u00e4 sitten vierailulta espanjalaisten tuttaviesi luota Barcelonasta. P\u00e4\u00e4t\u00e4t kirjoittaa heille kiitosviestin Facebookissa. Mainitse viestiss\u00e4si\u00a0ainakin seuraavat asiat.<\/p>\n<ul>\n<li>Kiit\u00e4 vierailusta.<\/li>\n<li>Kerro, mist\u00e4 pidit vierailusi aikana eniten.<\/li>\n<li>Kerro lyhyesti paluumatkastasi.<\/li>\n<li>Kerro, mit\u00e4 olet tehnyt n\u00e4iden muutamien p\u00e4ivien aikana.<\/li>\n<li>Kutsu tuttavasi k\u00e4ym\u00e4\u00e4n luonasi ensi kes\u00e4n\u00e4.<\/li>\n<\/ul>\n<p>Muista <strong>aloittaa<\/strong> ja<strong> lopettaa<\/strong>\u00a0viesti sopivalla tavalla. Kirjoita selv\u00e4ll\u00e4 k\u00e4sialalla <strong>espanjaksi<\/strong>.<\/p>\n<hr \/>\n<h2><strong><span style=\"text-decoration: underline;\">Teht\u00e4v\u00e4 2. Viesti:<\/span>\u00a0 \u00a0 \u00a0 \u00a0 \u00a0 \u00a0 \u00a0 \u00a0 \u00a0 \u00a0 \u00a0 \u00a0 \u00a0 \u00a0 \u00a0 \u00a0 \u00a0 \u00a0 \u00a0 \u00a0 \u00a0 \u00a0 \u00a0 \u00a0 \u00a0 \u00a0 \u00a0 \u00a0 \u00a0 \u00a0 \u00a0 \u00a0 \u00a0 \u00a0 \u00a0 \u00a0 \u00a0 \u00a0 \u00a0 \u00a0 \u00a0 \u00a0 \u00a0 \u00a0 \u00a0\u00a0<\/strong><\/h2>\n<p>Haluat myyd\u00e4 tuotteen Internetin espanjankielisell\u00e4 sivustolla. Kirjoita sivustolle viesti, jossa kerrot:<\/p>\n<ul>\n<li>Mink\u00e4 tuotteen myyt? Keksi itse tuote.<\/li>\n<li>Millainen tuote on? Kerro ainakin kolme asiaa tuotteesta.<\/li>\n<li>Mink\u00e4 hinnan pyyd\u00e4t tuotteesta?<\/li>\n<li>Miten tuotteen saa itselleen?<\/li>\n<\/ul>\n<p>Muista <strong>aloittaa<\/strong> ja <strong>lopettaa<\/strong> viesti sopivalla tavalla. Kirjoita selke\u00e4ll\u00e4 k\u00e4sialalla <strong>espanjaksi.<\/strong><\/p>\n<hr \/>\n<h2><span style=\"text-decoration: underline;\"><strong>Teht\u00e4v\u00e4 3. Mielipide:<\/strong><\/span><\/h2>\n<p>Lue lehden mielipidepalstalla ollut kirjoitus ja kirjoita sen aiheesta oma mielipiteesi. Muista perustella mielipiteesi.<\/p>\n<p>Kirjoita selv\u00e4ll\u00e4 k\u00e4sialalla<strong> espanjaksi<\/strong>.<\/p>\n<p style=\"border: 3px; border-style: solid; border-color: #123455; padding: 1em;\"><strong>\u00a1No! al tabaco<\/strong><br \/>\nLa nueva Ley Antitabaco no se respeta. La gente fuma\u00a0 en todos los sitios: bares, restaurantes y otros lugares p\u00fablicos, aunque est\u00e1 prohibido. He visto a gente fumar hasta en una telesilla de una estaci\u00f3n de esqu\u00ed. \u00a1Qu\u00e9 estupidez! La verdad es que algunos hacen lo que quieren, sin preocuparse por la salud de los dem\u00e1s. Un mensaje para los fumadores: \u201cYo no quiero fumar, ni ser un fumador pasivo. \u00a1Dejadlo ya de una vez!\u201d<\/p>\n<hr \/>\n <!-- RSPEAK_STOP -->","protected":false},"excerpt":{"rendered":"    Espanja\u00a0&#8211; Perustaso\u00a0&#8211; Kirjoittaminen -Kirjoittamisen osakokeessa on kolme erityyppist\u00e4 kirjoitusteht\u00e4v\u00e4\u00e4. T\u00e4ss\u00e4 on\u00a0esimerkkej\u00e4 teht\u00e4vist\u00e4. -Kirjoittamisen osakokeen suorittaminen edellytt\u00e4\u00e4 kaikkien teht\u00e4vien tekemist\u00e4. -Kirjoita selke\u00e4ll\u00e4 k\u00e4sialalla -Noudata \n <a class=\"moretag\" href=\"https:\/\/ykitesti.solki.jyu.fi\/en\/tutustu-testiin\/espanja\/perustaso-kirjoittaminen\/\"> <\/a>","protected":false},"author":1,"featured_media":0,"parent":912,"menu_order":0,"comment_status":"closed","ping_status":"closed","template":"","meta":{"footnotes":""},"class_list":["post-918","page","type-page","status-publish","hentry"],"translation":{"provider":"WPGlobus","version":"3.0.2","language":"en","enabled_languages":["fi","en","sv"],"languages":{"fi":{"title":true,"content":true,"excerpt":false},"en":{"title":false,"content":false,"excerpt":false},"sv":{"title":false,"content":true,"excerpt":false}}},"_links":{"self":[{"href":"https:\/\/ykitesti.solki.jyu.fi\/en\/wp-json\/wp\/v2\/pages\/918","targetHints":{"allow":["GET"]}}],"collection":[{"href":"https:\/\/ykitesti.solki.jyu.fi\/en\/wp-json\/wp\/v2\/pages"}],"about":[{"href":"https:\/\/ykitesti.solki.jyu.fi\/en\/wp-json\/wp\/v2\/types\/page"}],"author":[{"embeddable":true,"href":"https:\/\/ykitesti.solki.jyu.fi\/en\/wp-json\/wp\/v2\/users\/1"}],"replies":[{"embeddable":true,"href":"https:\/\/ykitesti.solki.jyu.fi\/en\/wp-json\/wp\/v2\/comments?post=918"}],"version-history":[{"count":9,"href":"https:\/\/ykitesti.solki.jyu.fi\/en\/wp-json\/wp\/v2\/pages\/918\/revisions"}],"predecessor-version":[{"id":1271,"href":"https:\/\/ykitesti.solki.jyu.fi\/en\/wp-json\/wp\/v2\/pages\/918\/revisions\/1271"}],"up":[{"embeddable":true,"href":"https:\/\/ykitesti.solki.jyu.fi\/en\/wp-json\/wp\/v2\/pages\/912"}],"wp:attachment":[{"href":"https:\/\/ykitesti.solki.jyu.fi\/en\/wp-json\/wp\/v2\/media?parent=918"}],"curies":[{"name":"wp","href":"https:\/\/api.w.org\/{rel}","templated":true}]}}