













{"id":779,"date":"2016-07-04T15:37:06","date_gmt":"2016-07-04T12:37:06","guid":{"rendered":"http:\/\/ykitesti.solki.jyu.fi\/?page_id=779"},"modified":"2016-08-24T16:16:35","modified_gmt":"2016-08-24T13:16:35","slug":"saksa-ylin-taso-puhuminen","status":"publish","type":"page","link":"https:\/\/ykitesti.solki.jyu.fi\/en\/tutustu-testiin\/deutsch\/saksa-ylin-taso-puhuminen\/","title":{"rendered":"Saksa &#8211; Ylin taso &#8211; Puhuminen"},"content":{"rendered":"<!-- RSPEAK_STOP --> <a href='http:\/\/wr.readspeaker.com\/a\/webreader\/webreader.php?cid=&amp;t=wordpress&amp;url=https:\/\/ykitesti.solki.jyu.fi\/en\/tutustu-testiin\/deutsch\/saksa-ylin-taso-puhuminen\/&amp;title=Saksa &#8211; Ylin taso &#8211; Puhuminen' onclick='readpage(this.href, 779); return false;'> <img src=' http:\/\/wr.readspeaker.com\/m\/wr\/images\/listen_.gif' style='border-style: none;' alt=''><\/a><div id='WR_779'><\/div> <!-- RSPEAK_START --> <p><em><strong>Deutsch &#8211; Ylin taso &#8211; Puhuminen<\/strong><\/em><\/p>\n<ul>\n<li>Puhumisen osakokeessa on erilaisia teht\u00e4vi\u00e4, joista osa\u00a0suoritetaan kielistudiossa ja osa haastatteluna. T\u00e4ss\u00e4 on esimerkit teht\u00e4v\u00e4tyypeist\u00e4.<\/li>\n<li>Puhu joka teht\u00e4v\u00e4ss\u00e4 jotain.<\/li>\n<li>Hyv\u00e4ksytty suoritus edellytt\u00e4\u00e4 sit\u00e4, ett\u00e4 puhut teht\u00e4v\u00e4ss\u00e4 annetusta aiheesta!<\/li>\n<li>Jokaiseen teht\u00e4v\u00e4\u00e4n on valmistautumisaika. Vastausajan n\u00e4et teht\u00e4v\u00e4vihkosta.<\/li>\n<\/ul>\n<p>Lue lis\u00e4\u00e4 puhumisen osakokeesta\u00a0<a href=\"https:\/\/www.jyu.fi\/hum\/laitokset\/solki\/yki\/yleista\/osat_aihealueet\/puhuminen\">t\u00e4\u00e4lt\u00e4<\/a>.<\/p>\n<hr \/>\n<h2><span style=\"text-decoration: underline;\"><strong>Kertominen:<\/strong><\/span><\/h2>\n<p>Valmisteluaika:\u00a0 1 minuutti<\/p>\n<p>Sinulla on 1 minuutti aikaa mietti\u00e4, mit\u00e4 sanot. Voit tehd\u00e4 muistiinpanoja. <u>Puhu vasta sitten, kun kuulet<em>: \u201cAloita puhuminen nyt\u201d<\/em><em>.<\/em><\/u> Sinulla on 1\u00bd minuuttia aikaa puhua. Puhu koko ajan!<\/p>\n<ol>\n<li><strong>Wie wichtig ist f\u00fcr Sie Freizeit? Was machen Sie in Ihrer Freizeit?<\/strong><\/li>\n<\/ol>\n<p><strong>Puhu:\u00a0 1 \u00bd minuuttia\u00a0\u00a0\u00a0\u00a0\u00a0\u00a0 <\/strong><\/p>\n<hr \/>\n<h2><span style=\"text-decoration: underline;\"><strong>Tilanteita:<\/strong><\/span><\/h2>\n<p>Alla on kuusi tilannetta. Jokaisessa tilanteessa:<\/p>\n<ul>\n<li>Kuulet \u00e4\u00e4nitteelt\u00e4 tilanteen numeron, esimerkiksi \u201cTutustu tilanteeseen yksi\u201d.<\/li>\n<li>Tutustu tilanteeseen (20 sek).<\/li>\n<li>Kuulet \u00e4\u00e4nitteelt\u00e4 \u201cPuhu nyt\u201d.<\/li>\n<li>Puhu, mit\u00e4 sinua pyydet\u00e4\u00e4n tilanteessa sanomaan.<\/li>\n<li>Puhumisaika on sulkeissa.<\/li>\n<\/ul>\n<p><strong>Tilanne 1.\u00a0<\/strong>Soitat vihaisena matkatoimistoon ja annat palautetta ep\u00e4onnistuneesta matkasta. Kerro, miten matka ep\u00e4onnistui ja vaadi hyvityst\u00e4. Muista my\u00f6s perustella vaatimuksesi. (30 s.)<\/p>\n<p><strong>Tilanne 2.\u00a0<\/strong>Olet ollut pahassa onnettomuudessa. Toivuttuasi olet hyvin kiitollinen auttajillesi. Soita heille, selit\u00e4 mist\u00e4 syyst\u00e4 soitat ja kiit\u00e4 avusta. (30 s.)<\/p>\n<p><strong>Tilanne 3.<\/strong> Saksalainen yst\u00e4v\u00e4si soittaa ja kertoo, ett\u00e4 ensi viikolla Suomeen tulee saksalainen teatteriryhm\u00e4. Yst\u00e4v\u00e4si pyyt\u00e4\u00e4 sinua mukaan. Joudut kielt\u00e4ytym\u00e4\u00e4n. Ilmaise pahoittelusi ja kerro, miksi et p\u00e4\u00e4se. (30 s.)<\/p>\n<p><strong>Tilanne 4.<\/strong>\u00a0Rahanvaihdon j\u00e4lkeen menet kauppaan, jossa sinulle huomautetaan, ett\u00e4 sinulla on v\u00e4\u00e4rennetty raha. Kiist\u00e4 asia ja kerro, miksi raha ei voi olla v\u00e4\u00e4rennetty? (30 s.)<\/p>\n<p><strong>Tilanne 5.\u00a0<\/strong>Saksalainen ty\u00f6kaverisi t\u00e4ytt\u00e4\u00e4 vuosia. Ojennat h\u00e4nelle ty\u00f6kavereiden puolesta lahjan ja lis\u00e4ksi pid\u00e4t lyhyen onnittelupuheen. <em>(30 sek)<\/em><\/p>\n<hr \/>\n<h2><span style=\"text-decoration: underline;\"><strong>Puheenvuoro:<\/strong><\/span><\/h2>\n<p><strong>Horror- und Actionfilme (auch -computerspiele) haben einen negativen Einfluss und sollten generell verboten werden.<\/strong><\/p>\n<p>&#8211;\u00a0\u00a0\u00a0\u00a0 Was halten Sie von Horror- und Actionfilmen?<br \/>\n&#8211;\u00a0\u00a0\u00a0\u00a0 Warum gibt es solche Filme bzw. Computerspiele? Warum guckt man sie sich an?<br \/>\n&#8211;\u00a0\u00a0\u00a0\u00a0 Wie weit d\u00fcrfen diese Filme bzw. Computerspiele gehen? Wie viel Grausamkeit ist akzeptabel?<br \/>\n&#8211;\u00a0\u00a0\u00a0\u00a0 Welchen Einfluss haben Ihrer Meinung nach Horror- und Actionfilme auf junge Menschen?<br \/>\n&#8211;\u00a0\u00a0\u00a0\u00a0 Sehen Sie einen Zusammenhang zwischen solchen Filmen und Schulattentaten und jugendlicher Kriminalit\u00e4t? Warum?<br \/>\n&#8211;\u00a0\u00a0\u00a0\u00a0 Gibt es andere Filme oder Computerspiele mit gef\u00e4hrlichen Szenen, die z.B. Kinder zur Nachahmung anregen k\u00f6nnten? Wie gro\u00df ist die Gefahr? Sollten solche Filme auch verboten werden?<\/p>\n<hr \/>\n<h2><span style=\"text-decoration: underline;\"><strong>Haastattelu:<\/strong><\/span><\/h2>\n<p>Esimerkkiaiheita:<\/p>\n<ol>\n<li><strong>Die zur Zeit modischen \u201egro\u00dfen\u201c Hochzeiten sind unn\u00f6tige Verschwendung.<\/strong><\/li>\n<li><strong>Jeder \u00f6ffentliche Ort sollte mit \u00dcberwachungskameras gesichert sein.<\/strong><\/li>\n<\/ol>\n <!-- RSPEAK_STOP -->","protected":false},"excerpt":{"rendered":"    Deutsch &#8211; Ylin taso &#8211; Puhuminen Puhumisen osakokeessa on erilaisia teht\u00e4vi\u00e4, joista osa\u00a0suoritetaan kielistudiossa ja osa haastatteluna. T\u00e4ss\u00e4 on esimerkit teht\u00e4v\u00e4tyypeist\u00e4. Puhu joka \n <a class=\"moretag\" href=\"https:\/\/ykitesti.solki.jyu.fi\/en\/tutustu-testiin\/deutsch\/saksa-ylin-taso-puhuminen\/\"> <\/a>","protected":false},"author":1,"featured_media":0,"parent":719,"menu_order":0,"comment_status":"closed","ping_status":"closed","template":"","meta":{"footnotes":""},"class_list":["post-779","page","type-page","status-publish","hentry"],"translation":{"provider":"WPGlobus","version":"3.0.2","language":"en","enabled_languages":["fi","en","sv"],"languages":{"fi":{"title":true,"content":true,"excerpt":false},"en":{"title":false,"content":false,"excerpt":false},"sv":{"title":false,"content":false,"excerpt":false}}},"_links":{"self":[{"href":"https:\/\/ykitesti.solki.jyu.fi\/en\/wp-json\/wp\/v2\/pages\/779","targetHints":{"allow":["GET"]}}],"collection":[{"href":"https:\/\/ykitesti.solki.jyu.fi\/en\/wp-json\/wp\/v2\/pages"}],"about":[{"href":"https:\/\/ykitesti.solki.jyu.fi\/en\/wp-json\/wp\/v2\/types\/page"}],"author":[{"embeddable":true,"href":"https:\/\/ykitesti.solki.jyu.fi\/en\/wp-json\/wp\/v2\/users\/1"}],"replies":[{"embeddable":true,"href":"https:\/\/ykitesti.solki.jyu.fi\/en\/wp-json\/wp\/v2\/comments?post=779"}],"version-history":[{"count":2,"href":"https:\/\/ykitesti.solki.jyu.fi\/en\/wp-json\/wp\/v2\/pages\/779\/revisions"}],"predecessor-version":[{"id":1037,"href":"https:\/\/ykitesti.solki.jyu.fi\/en\/wp-json\/wp\/v2\/pages\/779\/revisions\/1037"}],"up":[{"embeddable":true,"href":"https:\/\/ykitesti.solki.jyu.fi\/en\/wp-json\/wp\/v2\/pages\/719"}],"wp:attachment":[{"href":"https:\/\/ykitesti.solki.jyu.fi\/en\/wp-json\/wp\/v2\/media?parent=779"}],"curies":[{"name":"wp","href":"https:\/\/api.w.org\/{rel}","templated":true}]}}