













{"id":767,"date":"2016-07-04T14:56:43","date_gmt":"2016-07-04T11:56:43","guid":{"rendered":"http:\/\/ykitesti.solki.jyu.fi\/?page_id=767"},"modified":"2016-08-24T16:15:01","modified_gmt":"2016-08-24T13:15:01","slug":"saksa-keskitaso-puhuminen","status":"publish","type":"page","link":"https:\/\/ykitesti.solki.jyu.fi\/en\/tutustu-testiin\/deutsch\/saksa-keskitaso-puhuminen\/","title":{"rendered":"Saksa &#8211; Keskitaso &#8211; Puhuminen"},"content":{"rendered":"<!-- RSPEAK_STOP --> <a href='http:\/\/wr.readspeaker.com\/a\/webreader\/webreader.php?cid=&amp;t=wordpress&amp;url=https:\/\/ykitesti.solki.jyu.fi\/en\/tutustu-testiin\/deutsch\/saksa-keskitaso-puhuminen\/&amp;title=Saksa &#8211; Keskitaso &#8211; Puhuminen' onclick='readpage(this.href, 767); return false;'> <img src=' http:\/\/wr.readspeaker.com\/m\/wr\/images\/listen_.gif' style='border-style: none;' alt=''><\/a><div id='WR_767'><\/div> <!-- RSPEAK_START --> <p><em><strong>Deutsch\u00a0&#8211; Keskitaso &#8211; Puhuminen<\/strong><\/em><\/p>\n<ul>\n<li>Puhumisen osakokeessa on erilaisia teht\u00e4vi\u00e4, jotka suoritetaan kielistudiossa. T\u00e4ss\u00e4 on esimerkit teht\u00e4v\u00e4tyypeist\u00e4.<\/li>\n<li>Puhu joka teht\u00e4v\u00e4ss\u00e4 jotain.<\/li>\n<li>Hyv\u00e4ksytty suoritus edellytt\u00e4\u00e4 sit\u00e4, ett\u00e4 puhut teht\u00e4v\u00e4ss\u00e4 annetusta aiheesta!<\/li>\n<li>Jokaiseen teht\u00e4v\u00e4\u00e4n on valmistautumisaika. Vastausajan n\u00e4et teht\u00e4v\u00e4vihkosta.<\/li>\n<\/ul>\n<p>Lue lis\u00e4\u00e4 puhumisen osakokeesta\u00a0<a href=\"https:\/\/www.jyu.fi\/hum\/laitokset\/solki\/yki\/yleista\/osat_aihealueet\/puhuminen\">t\u00e4\u00e4lt\u00e4<\/a>.<\/p>\n<hr \/>\n<h2><span style=\"text-decoration: underline;\">Kertominen:<\/span><\/h2>\n<p>Valmisteluaika:\u00a0 1 minuutti<\/p>\n<p>Kerro omasta kouluajastasi<\/p>\n<p>Sinulla on 1 minuutti aikaa mietti\u00e4, mit\u00e4 sanot. Voit tehd\u00e4 muistiinpanoja. <u>Puhu vasta sitten, kun kuulet<em>: \u201cAloita puhuminen nyt\u201d<\/em><em>.<\/em><\/u> Sinulla on 1\u00bd minuuttia aikaa puhua. Puhu koko ajan!<\/p>\n<p><strong>Kouluaikani<\/strong><\/p>\n<p>Kerro esimerkiksi:<\/p>\n<ul>\n<li>Miss\u00e4 k\u00e4vit koulua? (Voit itse p\u00e4\u00e4tt\u00e4\u00e4 milt\u00e4 kouluasteelta kerrot.)<\/li>\n<li>Millainen koulusi oli?<\/li>\n<li>Mist\u00e4 kouluaineesta pidit? Miksi?<\/li>\n<li>Mik\u00e4 kouluaine oli sinulle vaikea? Miksi?<\/li>\n<li>Millaisia opettajia sinulla oli?<\/li>\n<li>Kerro jokin hauska \/ surullinen \/ nolo tilanne kouluvuosiltasi.<\/li>\n<\/ul>\n<p><strong>Puhu:\u00a0 1 \u00bd minuuttia\u00a0\u00a0\u00a0\u00a0\u00a0\u00a0<\/strong><\/p>\n<hr \/>\n<h2><span style=\"text-decoration: underline;\">Keskusteluja:<\/span><\/h2>\n<p><strong>Tilanne 1: Ajanvaraus<\/strong><\/p>\n<audio class=\"wp-audio-shortcode\" id=\"audio-767-1\" preload=\"none\" style=\"width: 100%;\" controls=\"controls\"><source type=\"audio\/mpeg\" src=\"http:\/\/ykitesti.solki.jyu.fi\/wp-content\/uploads\/2016\/06\/dektpu_006.mp3?_=1\" \/><a href=\"http:\/\/ykitesti.solki.jyu.fi\/wp-content\/uploads\/2016\/06\/dektpu_006.mp3\">http:\/\/ykitesti.solki.jyu.fi\/wp-content\/uploads\/2016\/06\/dektpu_006.mp3<\/a><\/audio>\n<p style=\"border: 3px; border-style: solid; border-color: #123455; padding: 1em;\">Nainen:\u00a0\u00a0\u00a0\u00a0\u00a0 \u00a0\u00a0\u00a0\u00a0\u00a0\u00a0 *****<br \/>\nSin\u00e4:\u00a0\u00a0\u00a0\u00a0\u00a0\u00a0\u00a0\u00a0\u00a0\u00a0\u00a0\u00a0\u00a0\u00a0\u00a0\u00a0 [Kerro kovasta hammass\u00e4ryst\u00e4si ja kysy aikaa hammasl\u00e4\u00e4k\u00e4rille.] (25 sek)<br \/>\nNainen: \u00a0 \u00a0 \u00a0 \u00a0 \u00a0 \u00a0*****<br \/>\nSin\u00e4:\u00a0\u00a0\u00a0\u00a0\u00a0\u00a0\u00a0\u00a0\u00a0\u00a0\u00a0\u00a0\u00a0\u00a0\u00a0\u00a0 [Et voi odottaa huomiseen, etk\u00e4 tied\u00e4, mit\u00e4 tehd\u00e4 tilanteessa.] (25 sek)<br \/>\nNainen:\u00a0\u00a0\u00a0\u00a0\u00a0 \u00a0\u00a0\u00a0\u00a0\u00a0\u00a0 *****<br \/>\nSin\u00e4:\u00a0\u00a0\u00a0\u00a0\u00a0\u00a0\u00a0\u00a0\u00a0\u00a0\u00a0\u00a0\u00a0\u00a0\u00a0\u00a0 [Kysy huomisen l\u00e4\u00e4k\u00e4riajan ajankohtaa.]\u00a0 (15 sek)<br \/>\nNainen:\u00a0\u00a0\u00a0\u00a0\u00a0 \u00a0\u00a0\u00a0\u00a0\u00a0\u00a0 *****<br \/>\nSin\u00e4: \u00a0\u00a0\u00a0\u00a0\u00a0\u00a0\u00a0\u00a0\u00a0\u00a0\u00a0\u00a0\u00a0\u00a0\u00a0 [Vastaa my\u00f6nt\u00e4v\u00e4sti ja pyyd\u00e4 illaksi l\u00e4\u00e4kett\u00e4.] (20 sek)<\/p>\n<hr \/>\n<p><strong>Tilanne 2: Olet l\u00f6yt\u00f6tavaratoimistossa, koska olet kadottanut avaimesi.<\/strong><\/p>\n<audio class=\"wp-audio-shortcode\" id=\"audio-767-2\" preload=\"none\" style=\"width: 100%;\" controls=\"controls\"><source type=\"audio\/mpeg\" src=\"http:\/\/ykitesti.solki.jyu.fi\/wp-content\/uploads\/2016\/06\/dektpu_009.mp3?_=2\" \/><a href=\"http:\/\/ykitesti.solki.jyu.fi\/wp-content\/uploads\/2016\/06\/dektpu_009.mp3\">http:\/\/ykitesti.solki.jyu.fi\/wp-content\/uploads\/2016\/06\/dektpu_009.mp3<\/a><\/audio>\n<p style=\"border: 3px; border-style: solid; border-color: #123455; padding: 1em;\">Virkailija:\u00a0\u00a0\u00a0\u00a0\u00a0 *****<br \/>\nSIN\u00c4:\u00a0\u00a0\u00a0\u00a0\u00a0\u00a0\u00a0\u00a0\u00a0\u00a0 [Tervehdi ja kerro ongelmastasi.] <em>(15 sek)<\/em><br \/>\nVirkailija:\u00a0\u00a0\u00a0\u00a0\u00a0 *****<br \/>\nSIN\u00c4:\u00a0\u00a0\u00a0\u00a0\u00a0\u00a0\u00a0\u00a0\u00a0\u00a0 [Vastaa.] <em>(15 sek)<\/em><br \/>\nVirkailija:\u00a0\u00a0\u00a0\u00a0\u00a0 *****<br \/>\nSIN\u00c4:\u00a0\u00a0\u00a0\u00a0\u00a0\u00a0\u00a0\u00a0\u00a0\u00a0 [Kerro avaimista tarkemmin.] <em>(20 sek)<\/em><br \/>\nVirkailija:\u00a0\u00a0\u00a0\u00a0\u00a0 *****<br \/>\nSIN\u00c4:\u00a0\u00a0\u00a0\u00a0\u00a0\u00a0\u00a0\u00a0\u00a0\u00a0 [Ilahdu asiasta. J\u00e4t\u00e4 l\u00f6yt\u00e4j\u00e4lle palkkio ja hyv\u00e4stele virkailija.]\u00a0<em>(25 sek)<\/em><br \/>\nVirkailija:\u00a0\u00a0\u00a0\u00a0\u00a0 *****<\/p>\n<hr \/>\n<h2><span style=\"text-decoration: underline;\">Tilanteita:<\/span><\/h2>\n<p><strong>Tilanne 1:\u00a0<\/strong>Yst\u00e4v\u00e4si on kutsunut sinut syntym\u00e4p\u00e4ivilleen. Juhlat alkavat kuudelta illalla, mutta p\u00e4\u00e4set tulemaan vasta kahdeksalta. Kerro yst\u00e4v\u00e4llesi, miksi my\u00f6h\u00e4styt ja pahoittele my\u00f6h\u00e4stymist\u00e4si. (30 sek)<\/p>\n<p><strong>Tilanne 2: <\/strong>Sinulla on jokin vaiva, ja tarvitset siihen l\u00e4\u00e4kett\u00e4. Selit\u00e4 asiasi apteekissa ja pyyd\u00e4 apua. (30 sek)<\/p>\n<p><strong>Tilanne 3.<\/strong>\u00a0Juna on huonon s\u00e4\u00e4n vuoksi my\u00f6h\u00e4ss\u00e4 ja pelk\u00e4\u00e4t my\u00f6h\u00e4styv\u00e4si jatkoyhteydest\u00e4si. Esit\u00e4 huolesi kondukt\u00f6\u00f6rille ja kysy junan saapumisajasta. <em>(25 sek)<\/em><\/p>\n<p><strong>Tilanne 4.<\/strong>\u00a0Saksalainen turisti kysyy, mit\u00e4 n\u00e4ht\u00e4vyyksi\u00e4 kotipaikkakunnallasi on tarjolla. Kerro h\u00e4nelle. (25 sek)<\/p>\n<p><strong>Tilanne 5.<\/strong>\u00a0Turisti kysyy, miten h\u00e4n p\u00e4\u00e4see parhaiten tuttavansa luokse 5 kilometrin p\u00e4\u00e4h\u00e4n. Neuvo h\u00e4nelle oikea bussi ja kerro, miten rahastus tapahtuu ja kuinka paljon lippu maksaa. (30 sek)<\/p>\n<p><strong>Tilanne 6.<\/strong>\u00a0Haluat ostaa saksalaisella nettisivustolla olevan tavaran (keksi itse, mink\u00e4). Soitat myyj\u00e4lle saadaksesi yksityiskohtaisempaa tietoa tavarasta: Kysy tavarasta lis\u00e4\u00e4 ja koita tingata my\u00f6s hinnasta. (30 sek)<\/p>\n<hr \/>\n<h2><span style=\"text-decoration: underline;\">Puheenvuoro:<\/span><\/h2>\n<ol>\n<li><strong>Die Aufgaben und T\u00e4tigkeiten von Frauen und M\u00e4nnern<\/strong><\/li>\n<\/ol>\n<ul>\n<li>Mitk\u00e4 kotity\u00f6t ovat naisten teht\u00e4vi\u00e4? Ent\u00e4 miesten? Miksi?<\/li>\n<li>Onko olemassa ammatteja, jotka sopivat vain miehille\/naisille? Mit\u00e4?<\/li>\n<li>Miksi n\u00e4m\u00e4 ammatit sopivat paremmin vain toiselle sukupuolelle?<\/li>\n<li>Ovatko roolit kotona ja ty\u00f6ss\u00e4 viime vuosina mielest\u00e4si muuttuneet? Miten?<\/li>\n<li>Miten arvelet naisten ja miesten roolien muuttuvan tulevaisuudessa?<\/li>\n<li>Onko naisen ja miehen asema mielest\u00e4si erilainen Saksassa kuin\u00a0Suomessa? Mill\u00e4 tavoin?<\/li>\n<\/ul>\n <!-- RSPEAK_STOP -->","protected":false},"excerpt":{"rendered":"    Deutsch\u00a0&#8211; Keskitaso &#8211; Puhuminen Puhumisen osakokeessa on erilaisia teht\u00e4vi\u00e4, jotka suoritetaan kielistudiossa. T\u00e4ss\u00e4 on esimerkit teht\u00e4v\u00e4tyypeist\u00e4. Puhu joka teht\u00e4v\u00e4ss\u00e4 jotain. Hyv\u00e4ksytty suoritus edellytt\u00e4\u00e4 \n <a class=\"moretag\" href=\"https:\/\/ykitesti.solki.jyu.fi\/en\/tutustu-testiin\/deutsch\/saksa-keskitaso-puhuminen\/\"> <\/a>","protected":false},"author":1,"featured_media":0,"parent":719,"menu_order":0,"comment_status":"closed","ping_status":"closed","template":"","meta":{"footnotes":""},"class_list":["post-767","page","type-page","status-publish","hentry"],"translation":{"provider":"WPGlobus","version":"3.0.2","language":"en","enabled_languages":["fi","en","sv"],"languages":{"fi":{"title":true,"content":true,"excerpt":false},"en":{"title":false,"content":false,"excerpt":false},"sv":{"title":false,"content":false,"excerpt":false}}},"_links":{"self":[{"href":"https:\/\/ykitesti.solki.jyu.fi\/en\/wp-json\/wp\/v2\/pages\/767","targetHints":{"allow":["GET"]}}],"collection":[{"href":"https:\/\/ykitesti.solki.jyu.fi\/en\/wp-json\/wp\/v2\/pages"}],"about":[{"href":"https:\/\/ykitesti.solki.jyu.fi\/en\/wp-json\/wp\/v2\/types\/page"}],"author":[{"embeddable":true,"href":"https:\/\/ykitesti.solki.jyu.fi\/en\/wp-json\/wp\/v2\/users\/1"}],"replies":[{"embeddable":true,"href":"https:\/\/ykitesti.solki.jyu.fi\/en\/wp-json\/wp\/v2\/comments?post=767"}],"version-history":[{"count":5,"href":"https:\/\/ykitesti.solki.jyu.fi\/en\/wp-json\/wp\/v2\/pages\/767\/revisions"}],"predecessor-version":[{"id":1035,"href":"https:\/\/ykitesti.solki.jyu.fi\/en\/wp-json\/wp\/v2\/pages\/767\/revisions\/1035"}],"up":[{"embeddable":true,"href":"https:\/\/ykitesti.solki.jyu.fi\/en\/wp-json\/wp\/v2\/pages\/719"}],"wp:attachment":[{"href":"https:\/\/ykitesti.solki.jyu.fi\/en\/wp-json\/wp\/v2\/media?parent=767"}],"curies":[{"name":"wp","href":"https:\/\/api.w.org\/{rel}","templated":true}]}}