













{"id":703,"date":"2016-06-28T10:58:49","date_gmt":"2016-06-28T07:58:49","guid":{"rendered":"http:\/\/ykitesti.solki.jyu.fi\/?page_id=703"},"modified":"2016-08-24T16:24:58","modified_gmt":"2016-08-24T13:24:58","slug":"venaja-ylin-taso-puhuminen","status":"publish","type":"page","link":"https:\/\/ykitesti.solki.jyu.fi\/en\/tutustu-testiin\/venaja\/venaja-ylin-taso-puhuminen\/","title":{"rendered":"Ven\u00e4j\u00e4 &#8211; Ylin taso &#8211; Puhuminen"},"content":{"rendered":"<!-- RSPEAK_STOP --> <a href='http:\/\/wr.readspeaker.com\/a\/webreader\/webreader.php?cid=&amp;t=wordpress&amp;url=https:\/\/ykitesti.solki.jyu.fi\/en\/tutustu-testiin\/venaja\/venaja-ylin-taso-puhuminen\/&amp;title=Ven\u00e4j\u00e4 &#8211; Ylin taso &#8211; Puhuminen' onclick='readpage(this.href, 703); return false;'> <img src=' http:\/\/wr.readspeaker.com\/m\/wr\/images\/listen_.gif' style='border-style: none;' alt=''><\/a><div id='WR_703'><\/div> <!-- RSPEAK_START --> <p><em><strong>Ven\u00e4j\u00e4 &#8211; Ylin taso &#8211; Puhuminen<\/strong><\/em><\/p>\n<ul>\n<li>Puhumisen osakokeessa on erilaisia teht\u00e4vi\u00e4, joista osa\u00a0suoritetaan kielistudiossa ja osa haastatteluna. T\u00e4ss\u00e4 on esimerkit teht\u00e4v\u00e4tyypeist\u00e4.<\/li>\n<li>Puhu joka teht\u00e4v\u00e4ss\u00e4 jotain.<\/li>\n<li>Hyv\u00e4ksytty suoritus edellytt\u00e4\u00e4 sit\u00e4, ett\u00e4 puhut teht\u00e4v\u00e4ss\u00e4 annetusta aiheesta!<\/li>\n<li>Jokaiseen teht\u00e4v\u00e4\u00e4n on valmistautumisaika. Vastausajan n\u00e4et teht\u00e4v\u00e4vihkosta.<\/li>\n<\/ul>\n<p>Lue lis\u00e4\u00e4 puhumisen osakokeesta\u00a0<a href=\"https:\/\/www.jyu.fi\/hum\/laitokset\/solki\/yki\/yleista\/osat_aihealueet\/puhuminen\">t\u00e4\u00e4lt\u00e4<\/a>.<\/p>\n<hr \/>\n<h2><span style=\"text-decoration: underline;\"><strong>Kertominen<\/strong><\/span><\/h2>\n<p>Valmisteluaika:\u00a0 1 minuutti<\/p>\n<p>Sinulla on 1 minuutti aikaa mietti\u00e4, mit\u00e4 sanot. Voit tehd\u00e4 muistiinpanoja. <u>Puhu vasta sitten, kun kuulet<em>: \u201cAloita puhuminen nyt\u201d<\/em><em>.<\/em><\/u> Sinulla on 1\u00bd minuuttia aikaa puhua. Puhu koko ajan!<\/p>\n<p><strong>\u041a\u0430\u043a \u0412\u044b \u043f\u0440\u043e\u0432\u043e\u0434\u0438\u0442\u0435 \u0441\u0432\u043e\u0431\u043e\u0434\u043d\u043e\u0435 \u0432\u0440\u0435\u043c\u044f? \u0418<\/strong><strong>\u00a0<\/strong><strong>\u0447\u0442\u043e \u0437\u043d\u0430\u0447\u0438\u0442 \u0434\u043b\u044f \u0412\u0430\u0441 \u0438\u0434\u0435\u0430\u043b\u044c\u043d\u044b\u0439 \u0432\u044b\u0445\u043e\u0434\u043d\u043e\u0439?<\/strong><\/p>\n<p><strong>Puhu:\u00a0 1 \u00bd minuuttia\u00a0\u00a0\u00a0\u00a0\u00a0\u00a0 <\/strong><\/p>\n<hr \/>\n<h2><span style=\"text-decoration: underline;\"><strong>Tilanteita<\/strong><\/span><\/h2>\n<p>Alla on viisi tilannetta. Jokaisessa tilanteessa:<\/p>\n<ul>\n<li>Kuulet \u00e4\u00e4nitteelt\u00e4 tilanteen numeron, esimerkiksi \u201cTutustu tilanteeseen yksi\u201d.<\/li>\n<li>Tutustu tilanteeseen (20 sek).<\/li>\n<li>Kuulet \u00e4\u00e4nitteelt\u00e4 \u201cPuhu nyt\u201d.<\/li>\n<li>Puhu, mit\u00e4 sinua pyydet\u00e4\u00e4n tilanteessa sanomaan.<\/li>\n<li>Puhumisaika on sulkeissa.<\/li>\n<\/ul>\n<p><strong>\u00a0<\/strong><\/p>\n<p><strong>Tilanne 1<\/strong><br \/>\nSoitat vihaisena matkatoimistoon ja annat palautetta ep\u00e4onnistuneesta matkasta. Kerro, miten matka ep\u00e4onnistui ja vaadi hyvityst\u00e4. Muista my\u00f6s perustella vaatimuksesi. (30 s.)<\/p>\n<p><strong>Tilanne 2 <\/strong><br \/>\nOlet ollut pahassa onnettomuudessa. Toivuttuasi olet hyvin kiitollinen auttajillesi. Soita heille, selit\u00e4 mist\u00e4 syyst\u00e4 soitat ja kiit\u00e4 avusta. (30 s.)<\/p>\n<p><strong>Tilanne 3<\/strong><br \/>\nVen\u00e4l\u00e4inen yst\u00e4v\u00e4si soittaa ja kertoo, ett\u00e4 ensi viikolla Suomeen tulee ven\u00e4l\u00e4inen teatteriryhm\u00e4. Yst\u00e4v\u00e4si pyyt\u00e4\u00e4 sinua mukaan. Joudut kielt\u00e4ytym\u00e4\u00e4n. Ilmaise pahoittelusi ja kerro, miksi et p\u00e4\u00e4se. (30 s.)<\/p>\n<p><strong>Tilanne 4.<\/strong><br \/>\nRahanvaihdon j\u00e4lkeen menet kauppaan, jossa sinulle huomautetaan, ett\u00e4 sinulla on v\u00e4\u00e4rennetty raha. Kiist\u00e4 asia ja kerro, miksi raha ei voi olla v\u00e4\u00e4rennetty? (30 s.)<\/p>\n<p><strong>Tilanne 5.<\/strong><br \/>\nVen\u00e4l\u00e4inen ty\u00f6kaverisi t\u00e4ytt\u00e4\u00e4 vuosia. Ojennat h\u00e4nelle ty\u00f6kavereiden puolesta lahjan ja lis\u00e4ksi pid\u00e4t lyhyen onnittelupuheen. <em>(30 sek)<\/em><\/p>\n<p><strong>Tilanne 6<\/strong>.<br \/>\nSuomalainen turisti saa Moskovassa hotellin k\u00e4yt\u00e4v\u00e4ss\u00e4 sairaskohtauksen. Haet apua vastaanotosta. Kerro, mit\u00e4 on tapahtunut, miss\u00e4 potilas on ja mik\u00e4 h\u00e4nen tilansa on sek\u00e4 mit\u00e4 tilanteessa mielest\u00e4si pit\u00e4\u00e4 tehd\u00e4. (30 sek)<\/p>\n<hr \/>\n<h2><span style=\"text-decoration: underline;\">Puheenvuoro<\/span><\/h2>\n<p>Valmisteluaika: 2 minuuttia<\/p>\n<ul>\n<li>Lue aiheen kysymykset.<\/li>\n<li>Sinulla on 2 minuuttia aikaa mietti\u00e4, mit\u00e4 sanot. Voit tehd\u00e4 muistiinpanoja.<\/li>\n<li>Puhu vasta sitten, kun kuulet: \u201cAloita puhuminen nyt\u201d. Sinulla on 2 minuuttia aikaa puhua. Puhu koko ajan!<\/li>\n<\/ul>\n<p><strong>\u0420\u0430\u0432\u043d\u043e\u043f\u0440\u0430\u0432\u0438\u0435<\/strong> <strong>\u0432<\/strong> <strong>\u0441\u0435\u043c\u044c\u0435<\/strong><strong>\u00a0 <\/strong><br \/>\n\u0420\u043e\u043b\u044c \u0438 \u0441\u0442\u0430\u0442\u0443\u0441 \u0436\u0435\u043d\u0449\u0438\u043d\u044b \u0438 \u043c\u0443\u0436\u0447\u0438\u043d\u044b \u0432 \u0441\u0435\u043c\u044c\u0435 \u043e\u0442\u043b\u0438\u0447\u0430\u044e\u0442\u0441\u044f \u0432 \u0440\u0430\u0437\u043d\u044b\u0445 \u0441\u0442\u0440\u0430\u043d\u0430\u0445.<\/p>\n<ul>\n<li>\u041d\u0443\u0436\u043d\u043e \u043b\u0438 \u0441\u0442\u0440\u0435\u043c\u0438\u0442\u044c\u0441\u044f \u043a \u0442\u043e\u043c\u0443, \u0447\u0442\u043e\u0431\u044b \u0436\u0435\u043d\u0449\u0438\u043d\u0430 \u0438 \u043c\u0443\u0436\u0447\u0438\u043d\u0430 \u0438\u043c\u0435\u043b\u0438 \u0430\u0431\u0441\u043e\u043b\u044e\u0442\u043d\u043e \u043e\u0434\u0438\u043d\u0430\u043a\u043e\u0432\u043e\u0435 \u043f\u043e\u043b\u043e\u0436\u0435\u043d\u0438\u0435 \u0432 \u043e\u0431\u0449\u0435\u0441\u0442\u0432\u0435 \u0438 \u0432 \u0441\u0435\u043c\u044c\u0435? \u041f\u043e\u0447\u0435\u043c\u0443 \u0434\u0430\/\u043d\u0435\u0442?<\/li>\n<li>\u041c\u043e\u0436\u043d\u043e \u043b\u0438 \u044d\u0442\u043e\u0433\u043e \u0434\u043e\u0441\u0442\u0438\u0447\u044c? \u041a\u0430\u043a\u0438\u043c \u043e\u0431\u0440\u0430\u0437\u043e\u043c?<\/li>\n<li>\u0421\u0443\u0449\u0435\u0441\u0442\u0432\u0443\u0435\u0442 \u043b\u0438 \u0440\u0430\u0432\u043d\u043e\u043f\u0440\u0430\u0432\u0438\u0435 \u043c\u0435\u0436\u0434\u0443 \u0436\u0435\u043d\u0449\u0438\u043d\u0430\u043c\u0438 \u0438 \u043c\u0443\u0436\u0447\u0438\u043d\u0430\u043c\u0438 \u0432 \u0424\u0438\u043d\u043b\u044f\u043d\u0434\u0438\u0438?<\/li>\n<li>\u041a\u0430\u043a\u043e\u0432\u0430 \u0441\u0438\u0442\u0443\u0430\u0446\u0438\u044f \u0432 \u0434\u0440\u0443\u0433\u0438\u0445 \u0441\u0442\u0440\u0430\u043d\u0430\u0445?<\/li>\n<li>\u041a\u0430\u043a\u0438\u0435 \u0444\u0430\u043a\u0442\u043e\u0440\u044b \u0432\u043b\u0438\u044f\u044e\u0442 \u043d\u0430 \u043f\u043e\u043b\u043e\u0436\u0435\u043d\u0438\u0435 \u0436\u0435\u043d\u0449\u0438\u043d \u0432 \u0441\u0435\u043c\u044c\u0435?<\/li>\n<\/ul>\n<p>Puhu: 2 minuuttia<\/p>\n<hr \/>\n<h2><span style=\"text-decoration: underline;\">Haastattelu<\/span><\/h2>\n<p>Esimerkkiaiheita:<\/p>\n<ol>\n<li><strong>\u041f\u0420\u041e\u0411\u041b\u0415\u041c\u0410 \u0423\u0425\u041e\u0414\u0410 \u041d\u0410 \u041f\u0415\u041d\u0421\u0418\u042e \u0422. \u041d. \u0411\u041e\u041b\u042c\u0428\u0418\u0425 \u041f\u041e\u041a\u041e\u041b\u0415\u041d\u0418\u0419<\/strong><strong>.<\/strong><\/li>\n<\/ol>\n<ol start=\"2\">\n<li><strong>\u0413\u0435\u043d\u0435\u0442\u0438\u0447\u0435\u0441\u043a\u0438 \u043c\u043e\u0434\u0438\u0444\u0438\u0446\u0438\u0440\u043e\u0432\u0430\u043d\u043d\u044b\u0435 \u043f\u0440\u043e\u0434\u0443\u043a\u0442\u044b &#8211; \u044d\u0442\u043e \u0443\u0433\u0440\u043e\u0437\u0430 \u043f\u0440\u0438\u0440\u043e\u0434\u0435 \u0438 \u0447\u0435\u043b\u043e\u0432\u0435\u043a\u0443 \u0438\u043b\u0438 \u043f\u043e\u043f\u044b\u0442\u043a\u0430 \u043d\u0430\u043a\u043e\u0440\u043c\u0438\u0442\u044c \u0433\u043e\u043b\u043e\u0434\u0430\u044e\u0449\u0438\u0445?<\/strong><\/li>\n<\/ol>\n <!-- RSPEAK_STOP -->","protected":false},"excerpt":{"rendered":"    Ven\u00e4j\u00e4 &#8211; Ylin taso &#8211; Puhuminen Puhumisen osakokeessa on erilaisia teht\u00e4vi\u00e4, joista osa\u00a0suoritetaan kielistudiossa ja osa haastatteluna. T\u00e4ss\u00e4 on esimerkit teht\u00e4v\u00e4tyypeist\u00e4. Puhu joka \n <a class=\"moretag\" href=\"https:\/\/ykitesti.solki.jyu.fi\/en\/tutustu-testiin\/venaja\/venaja-ylin-taso-puhuminen\/\"> <\/a>","protected":false},"author":1,"featured_media":0,"parent":564,"menu_order":0,"comment_status":"closed","ping_status":"closed","template":"","meta":{"footnotes":""},"class_list":["post-703","page","type-page","status-publish","hentry"],"translation":{"provider":"WPGlobus","version":"3.0.2","language":"en","enabled_languages":["fi","en","sv"],"languages":{"fi":{"title":true,"content":true,"excerpt":false},"en":{"title":false,"content":false,"excerpt":false},"sv":{"title":false,"content":false,"excerpt":false}}},"_links":{"self":[{"href":"https:\/\/ykitesti.solki.jyu.fi\/en\/wp-json\/wp\/v2\/pages\/703","targetHints":{"allow":["GET"]}}],"collection":[{"href":"https:\/\/ykitesti.solki.jyu.fi\/en\/wp-json\/wp\/v2\/pages"}],"about":[{"href":"https:\/\/ykitesti.solki.jyu.fi\/en\/wp-json\/wp\/v2\/types\/page"}],"author":[{"embeddable":true,"href":"https:\/\/ykitesti.solki.jyu.fi\/en\/wp-json\/wp\/v2\/users\/1"}],"replies":[{"embeddable":true,"href":"https:\/\/ykitesti.solki.jyu.fi\/en\/wp-json\/wp\/v2\/comments?post=703"}],"version-history":[{"count":4,"href":"https:\/\/ykitesti.solki.jyu.fi\/en\/wp-json\/wp\/v2\/pages\/703\/revisions"}],"predecessor-version":[{"id":1043,"href":"https:\/\/ykitesti.solki.jyu.fi\/en\/wp-json\/wp\/v2\/pages\/703\/revisions\/1043"}],"up":[{"embeddable":true,"href":"https:\/\/ykitesti.solki.jyu.fi\/en\/wp-json\/wp\/v2\/pages\/564"}],"wp:attachment":[{"href":"https:\/\/ykitesti.solki.jyu.fi\/en\/wp-json\/wp\/v2\/media?parent=703"}],"curies":[{"name":"wp","href":"https:\/\/api.w.org\/{rel}","templated":true}]}}