













{"id":466,"date":"2016-06-17T10:35:24","date_gmt":"2016-06-17T07:35:24","guid":{"rendered":"http:\/\/ykitesti.solki.jyu.fi\/?page_id=466"},"modified":"2022-04-11T21:00:53","modified_gmt":"2022-04-11T18:00:53","slug":"grundniva-talproduktion","status":"publish","type":"page","link":"https:\/\/ykitesti.solki.jyu.fi\/en\/tutustu-testiin\/svenska\/grundniva-talproduktion\/","title":{"rendered":"Grundniv\u00e5 &#8211;  Talproduktion"},"content":{"rendered":"<!-- RSPEAK_STOP --> <a href='http:\/\/wr.readspeaker.com\/a\/webreader\/webreader.php?cid=&amp;t=wordpress&amp;url=https:\/\/ykitesti.solki.jyu.fi\/en\/tutustu-testiin\/svenska\/grundniva-talproduktion\/&amp;title=Grundniv\u00e5 &#8211;  Talproduktion' onclick='readpage(this.href, 466); return false;'> <img src=' http:\/\/wr.readspeaker.com\/m\/wr\/images\/listen_.gif' style='border-style: none;' alt=''><\/a><div id='WR_466'><\/div> <!-- RSPEAK_START --> <p><em><strong>Svenska &#8211; Grundniv\u00e5 &#8211; Talproduktion<\/strong><\/em><\/p>\n<div id=\"ci-0\" class=\"contentitem\">\n<ul>\n<li>P\u00e5 grundniv\u00e5n \u00e4r provet i talproduktion i examen en intervju. Nedan finns n\u00e5gra exempel p\u00e5 uppgifterna.<\/li>\n<li>Intervjun tar 15 minuter.<\/li>\n<li>Du talar med intervjuaren om tre olika teman (3 uppgifter).<\/li>\n<li>Innan varje tema har du lite tid att f\u00f6rbereda dig p\u00e5 uppgiften.<\/li>\n<li>F\u00f6rs\u00f6k tala aktivt!<\/li>\n<\/ul>\n<hr>\n<\/div>\n<h2><span style=\"text-decoration: underline;\">Exempel 1:<\/span><\/h2>\n<p><strong>Att uttrycka sin \u00e5sikt<\/strong><\/p>\n<p>Ber\u00e4tta om en god v\u00e4n. Du kan svara p\u00e5 fr\u00e5gorna nedan n\u00e4r du talar. F\u00f6rst kan du t\u00e4nka efter och skriva ner viktiga ord, om du vill.<\/p>\n<p style=\"border: 3px; border-style: solid; border-color: #123455; padding: 1em;\"><span style=\"text-decoration: underline;\">EN GOD V\u00c4N<\/span><br \/>\n\u2022 Har du en god v\u00e4n?<br \/>\n\u2022 Vad heter din (b\u00e4sta) v\u00e4n?<br \/>\n\u2022 Har du k\u00e4nt honom\/henne l\u00e4nge?<br \/>\n\u2022 Hur tr\u00e4ffades ni?<br \/>\n\u2022 Vad brukar ni g\u00f6ra tillsammans?<br \/>\n\u2022 Vad talar ni om tillsammans?<br \/>\n\u2022 Hurdan \u00e4r din b\u00e4sta v\u00e4n?<br \/>\n\u2022 Varf\u00f6r \u00e4r han\/hon en god v\u00e4n?<br \/>\n\u2022 Hurdan v\u00e4n \u00e4r du?<\/p>\n<hr>\n<h2><span style=\"text-decoration: underline;\">Exempel 2:<\/span><\/h2>\n<p><strong>Att ber\u00e4tta<\/strong><\/p>\n<p>Ber\u00e4tta f\u00f6r intervjuaren om en semesterresa. Du kan svara p\u00e5 fr\u00e5gorna nedan n\u00e4r du talar. Du f\u00e5r f\u00f6rst fundera i ett par minuter och skriva ner viktiga ord som du kan anv\u00e4nda n\u00e4r du ber\u00e4ttar.<\/p>\n<p style=\"border: 3px; border-style: solid; border-color: #123455; padding: 1em;\">Svara t.ex. p\u00e5 f\u00f6ljande fr\u00e5gor:<br \/>\n<span style=\"text-decoration: underline;\">SEMESTERRESA<\/span><br \/>\n\u2022 Vart reser du p\u00e5 semestern? Varf\u00f6r?<br \/>\n\u2022 Hur reser du dit?<br \/>\n\u2022 N\u00e4r reser du dit?<br \/>\n\u2022 Med vem vill du resa?<br \/>\n\u2022 Vad kostar resan?<br \/>\n\u2022 Vad g\u00f6r du p\u00e5 semestern?<br \/>\n\u2022 Vad \u00e4r den b\u00e4sta semesterorten som du har bes\u00f6kt? Varf\u00f6r?<br \/>\n\u2022 Vad \u00e4r din dr\u00f6mresa? Varf\u00f6r?<br \/>\n\u2022 Hurdan \u00e4r en bra semesterort? Vad kan man g\u00f6ra d\u00e4r?<\/p>\n <!-- RSPEAK_STOP -->","protected":false},"excerpt":{"rendered":"    Svenska &#8211; Grundniv\u00e5 &#8211; Talproduktion P\u00e5 grundniv\u00e5n \u00e4r provet i talproduktion i examen en intervju. Nedan finns n\u00e5gra exempel p\u00e5 uppgifterna. Intervjun tar \n <a class=\"moretag\" href=\"https:\/\/ykitesti.solki.jyu.fi\/en\/tutustu-testiin\/svenska\/grundniva-talproduktion\/\"> <\/a>","protected":false},"author":1,"featured_media":0,"parent":78,"menu_order":1,"comment_status":"closed","ping_status":"closed","template":"","meta":{"footnotes":""},"class_list":["post-466","page","type-page","status-publish","hentry"],"translation":{"provider":"WPGlobus","version":"3.0.2","language":"en","enabled_languages":["fi","en","sv"],"languages":{"fi":{"title":true,"content":true,"excerpt":false},"en":{"title":false,"content":false,"excerpt":false},"sv":{"title":false,"content":false,"excerpt":false}}},"_links":{"self":[{"href":"https:\/\/ykitesti.solki.jyu.fi\/en\/wp-json\/wp\/v2\/pages\/466","targetHints":{"allow":["GET"]}}],"collection":[{"href":"https:\/\/ykitesti.solki.jyu.fi\/en\/wp-json\/wp\/v2\/pages"}],"about":[{"href":"https:\/\/ykitesti.solki.jyu.fi\/en\/wp-json\/wp\/v2\/types\/page"}],"author":[{"embeddable":true,"href":"https:\/\/ykitesti.solki.jyu.fi\/en\/wp-json\/wp\/v2\/users\/1"}],"replies":[{"embeddable":true,"href":"https:\/\/ykitesti.solki.jyu.fi\/en\/wp-json\/wp\/v2\/comments?post=466"}],"version-history":[{"count":8,"href":"https:\/\/ykitesti.solki.jyu.fi\/en\/wp-json\/wp\/v2\/pages\/466\/revisions"}],"predecessor-version":[{"id":1935,"href":"https:\/\/ykitesti.solki.jyu.fi\/en\/wp-json\/wp\/v2\/pages\/466\/revisions\/1935"}],"up":[{"embeddable":true,"href":"https:\/\/ykitesti.solki.jyu.fi\/en\/wp-json\/wp\/v2\/pages\/78"}],"wp:attachment":[{"href":"https:\/\/ykitesti.solki.jyu.fi\/en\/wp-json\/wp\/v2\/media?parent=466"}],"curies":[{"name":"wp","href":"https:\/\/api.w.org\/{rel}","templated":true}]}}