













{"id":361,"date":"2016-06-15T11:59:51","date_gmt":"2016-06-15T08:59:51","guid":{"rendered":"http:\/\/ykitesti.solki.jyu.fi\/?page_id=361"},"modified":"2016-06-22T14:56:17","modified_gmt":"2016-06-22T11:56:17","slug":"basic-level-puhuminen","status":"publish","type":"page","link":"https:\/\/ykitesti.solki.jyu.fi\/en\/tutustu-testiin\/in-english\/basic-level-puhuminen\/","title":{"rendered":"Basic level &#8211; Speaking"},"content":{"rendered":"<!-- RSPEAK_STOP --> <a href='http:\/\/wr.readspeaker.com\/a\/webreader\/webreader.php?cid=&amp;t=wordpress&amp;url=https:\/\/ykitesti.solki.jyu.fi\/en\/tutustu-testiin\/in-english\/basic-level-puhuminen\/&amp;title=Basic level &#8211; Speaking' onclick='readpage(this.href, 361); return false;'> <img src=' http:\/\/wr.readspeaker.com\/m\/wr\/images\/listen_.gif' style='border-style: none;' alt=''><\/a><div id='WR_361'><\/div> <!-- RSPEAK_START --> <p><em><strong>English &#8211; Basic level &#8211;\u00a0Speaking<\/strong><\/em><\/p>\n<p>Puhumisen osakokeessa on erilaisia teht\u00e4vi\u00e4, jotka kaikki suoritetaan kielistudiossa. T\u00e4ss\u00e4 on esimerkit teht\u00e4v\u00e4tyypeist\u00e4.<\/p>\n<hr \/>\n<h2><span style=\"text-decoration: underline;\">Kertominen:<\/span><\/h2>\n<p><span class=\"tehtavananto\">Kerro englanniksi hiukan kes\u00e4lomasuunnitelmistasi. Kerro ensin nimesi, sitten voit kertoa esimerkiksi:<\/span><\/p>\n<h4 style=\"padding-left: 30px;\">\u2022 mik\u00e4 on parasta kes\u00e4ss\u00e4?<br \/>\n\u2022 miten aiot viett\u00e4\u00e4 lomasi?<br \/>\n\u2022 mit\u00e4 odotat lomalta?<br \/>\n\u2022 milt\u00e4 tuntuu palata loman j\u00e4lkeen t\u00f6ihin tai opintojen pariin?<br \/>\n\u2022 mik\u00e4 olisi paras tapa viett\u00e4\u00e4 lomaa?<\/h4>\n<h4 style=\"padding-left: 30px;\">Sinulla on 1 minuutti aikaa mietti\u00e4 mit\u00e4 sanot. Voit tehd\u00e4 muistiinpanoja, jos haluat. Aloita puhuminen vasta sitten, kun kuulet nauhalta sanottavan: \u201cStart speaking now, please\u201d. Sinulla on 1 minuutti aikaa puhua. Yrit\u00e4 puhua koko ajan!<\/h4>\n<h4 style=\"padding-left: 30px;\">Valmisteluaika: 1 minuutti<br \/>\nPuhumisaika: 1 minuutti<\/h4>\n<audio class=\"wp-audio-shortcode\" id=\"audio-361-1\" preload=\"none\" style=\"width: 100%;\" controls=\"controls\"><source type=\"audio\/mpeg\" src=\"http:\/\/ykitesti.solki.jyu.fi\/wp-content\/uploads\/2016\/06\/PT_PUH_kertominen-ENGL.mp3?_=1\" \/><a href=\"http:\/\/ykitesti.solki.jyu.fi\/wp-content\/uploads\/2016\/06\/PT_PUH_kertominen-ENGL.mp3\">http:\/\/ykitesti.solki.jyu.fi\/wp-content\/uploads\/2016\/06\/PT_PUH_kertominen-ENGL.mp3<\/a><\/audio>\n<hr \/>\n<h4 style=\"padding-left: 30px;\"><\/h4>\n<h2><span style=\"text-decoration: underline;\">Keskustelu:<\/span><\/h2>\n<p><span class=\"tehtavananto\">Keskustelutilanteessa vastaa kuultaviin puheenvuoroihin mahdollisimman luontevasti. Sulkeissa on vihje siit\u00e4, mit\u00e4 sinun pit\u00e4\u00e4 sanoa englanniksi. N\u00e4et puhumisajan sulkeissa. Toisen osapuolen puheenvuorot merkitty teht\u00e4v\u00e4vihkoon t\u00e4hdill\u00e4.<\/span><\/p>\n<audio class=\"wp-audio-shortcode\" id=\"audio-361-2\" preload=\"none\" style=\"width: 100%;\" controls=\"controls\"><source type=\"audio\/mpeg\" src=\"http:\/\/ykitesti.solki.jyu.fi\/wp-content\/uploads\/2016\/06\/PT_PUH_keskustelu.mp3?_=2\" \/><a href=\"http:\/\/ykitesti.solki.jyu.fi\/wp-content\/uploads\/2016\/06\/PT_PUH_keskustelu.mp3\">http:\/\/ykitesti.solki.jyu.fi\/wp-content\/uploads\/2016\/06\/PT_PUH_keskustelu.mp3<\/a><\/audio>\n<h4 style=\"padding-left: 30px;\">Nainen: *****<br \/>\nSIN\u00c4: [Vastaa ja kysy, mik\u00e4 on h\u00e4t\u00e4n\u00e4.] (10 sek)<br \/>\nNainen: *****<br \/>\nSIN\u00c4: [Vastaa ja kysy, miten voit auttaa.] (15 sek)<br \/>\nNainen: *****<br \/>\nSIN\u00c4: [Anna ohjeet poliisiasemalle. Keksi itse.] (25 sek)<br \/>\nNainen: *****<br \/>\nSIN\u00c4: [Kerro, ett\u00e4 paikka ei ole kaukana.] (20 sek)<br \/>\nNainen: *****<br \/>\nSIN\u00c4: [Vastaa ja toivo naisen l\u00f6yt\u00e4v\u00e4n laukkunsa.] (15 sek)<br \/>\nNainen: *****<\/h4>\n <!-- RSPEAK_STOP -->","protected":false},"excerpt":{"rendered":"    English &#8211; Basic level &#8211;\u00a0Speaking Puhumisen osakokeessa on erilaisia teht\u00e4vi\u00e4, jotka kaikki suoritetaan kielistudiossa. T\u00e4ss\u00e4 on esimerkit teht\u00e4v\u00e4tyypeist\u00e4. Kertominen: Kerro englanniksi hiukan kes\u00e4lomasuunnitelmistasi. \n <a class=\"moretag\" href=\"https:\/\/ykitesti.solki.jyu.fi\/en\/tutustu-testiin\/in-english\/basic-level-puhuminen\/\"> <\/a>","protected":false},"author":1,"featured_media":0,"parent":82,"menu_order":0,"comment_status":"closed","ping_status":"closed","template":"","meta":{"footnotes":""},"class_list":["post-361","page","type-page","status-publish","hentry"],"translation":{"provider":"WPGlobus","version":"3.0.2","language":"en","enabled_languages":["fi","en","sv"],"languages":{"fi":{"title":true,"content":true,"excerpt":false},"en":{"title":false,"content":false,"excerpt":false},"sv":{"title":false,"content":false,"excerpt":false}}},"_links":{"self":[{"href":"https:\/\/ykitesti.solki.jyu.fi\/en\/wp-json\/wp\/v2\/pages\/361","targetHints":{"allow":["GET"]}}],"collection":[{"href":"https:\/\/ykitesti.solki.jyu.fi\/en\/wp-json\/wp\/v2\/pages"}],"about":[{"href":"https:\/\/ykitesti.solki.jyu.fi\/en\/wp-json\/wp\/v2\/types\/page"}],"author":[{"embeddable":true,"href":"https:\/\/ykitesti.solki.jyu.fi\/en\/wp-json\/wp\/v2\/users\/1"}],"replies":[{"embeddable":true,"href":"https:\/\/ykitesti.solki.jyu.fi\/en\/wp-json\/wp\/v2\/comments?post=361"}],"version-history":[{"count":7,"href":"https:\/\/ykitesti.solki.jyu.fi\/en\/wp-json\/wp\/v2\/pages\/361\/revisions"}],"predecessor-version":[{"id":624,"href":"https:\/\/ykitesti.solki.jyu.fi\/en\/wp-json\/wp\/v2\/pages\/361\/revisions\/624"}],"up":[{"embeddable":true,"href":"https:\/\/ykitesti.solki.jyu.fi\/en\/wp-json\/wp\/v2\/pages\/82"}],"wp:attachment":[{"href":"https:\/\/ykitesti.solki.jyu.fi\/en\/wp-json\/wp\/v2\/media?parent=361"}],"curies":[{"name":"wp","href":"https:\/\/api.w.org\/{rel}","templated":true}]}}