













{"id":1326,"date":"2017-01-25T15:40:57","date_gmt":"2017-01-25T13:40:57","guid":{"rendered":"http:\/\/ykitesti.solki.jyu.fi\/?page_id=1326"},"modified":"2017-01-25T15:43:23","modified_gmt":"2017-01-25T13:43:23","slug":"ranska-ylin-taso-puhuminen","status":"publish","type":"page","link":"https:\/\/ykitesti.solki.jyu.fi\/en\/tutustu-testiin\/ranska\/ranska-ylin-taso-puhuminen\/","title":{"rendered":"Ranska &#8211; Ylin taso &#8211; Puhuminen"},"content":{"rendered":"<!-- RSPEAK_STOP --> <a href='http:\/\/wr.readspeaker.com\/a\/webreader\/webreader.php?cid=&amp;t=wordpress&amp;url=https:\/\/ykitesti.solki.jyu.fi\/en\/tutustu-testiin\/ranska\/ranska-ylin-taso-puhuminen\/&amp;title=Ranska &#8211; Ylin taso &#8211; Puhuminen' onclick='readpage(this.href, 1326); return false;'> <img src=' http:\/\/wr.readspeaker.com\/m\/wr\/images\/listen_.gif' style='border-style: none;' alt=''><\/a><div id='WR_1326'><\/div> <!-- RSPEAK_START --> <p><strong><em>Ranska &#8211; Ylin taso &#8211; Puhuminen<\/em><\/strong><\/p>\n<ul>\n<li>Puhumisen osakokeessa on erilaisia teht\u00e4vi\u00e4, joista osa\u00a0suoritetaan kielistudiossa ja osa haastatteluna. T\u00e4ss\u00e4 on esimerkit teht\u00e4v\u00e4tyypeist\u00e4.<\/li>\n<li>Puhu joka teht\u00e4v\u00e4ss\u00e4 jotain.<\/li>\n<li>Hyv\u00e4ksytty suoritus edellytt\u00e4\u00e4 sit\u00e4, ett\u00e4 puhut teht\u00e4v\u00e4ss\u00e4 annetusta aiheesta!<\/li>\n<li>Jokaiseen teht\u00e4v\u00e4\u00e4n on valmistautumisaika. Vastausajan n\u00e4et teht\u00e4v\u00e4vihkosta.<\/li>\n<\/ul>\n<p>Lue lis\u00e4\u00e4 puhumisen osakokeesta\u00a0<a href=\"https:\/\/www.jyu.fi\/hum\/laitokset\/solki\/yki\/yleista\/osat_aihealueet\/puhuminen\">t\u00e4\u00e4lt\u00e4<\/a>.<\/p>\n<hr \/>\n<h2><span style=\"text-decoration: underline;\"><strong>Teht\u00e4v\u00e4 1. Tilanteita<\/strong><\/span><\/h2>\n<p>Alla on kuvattu tilanteita, joissa voisit joutua puhumaan ranskaa. Tilanteet k\u00e4yd\u00e4\u00e4n l\u00e4pi yksi kerrallaan.<\/p>\n<p>Jokaisessa tilanteessa:<br \/>\n\u2013\u00a0\u00a0 Kuulet nauhalta tilanteen numeron, esimerkiksi <em>\u201cLisez les instructions concernant la situation 1\u201d<\/em>.<br \/>\n\u2013\u00a0\u00a0 Tutustu kyseiseen tilanteeseen.<br \/>\n\u2013\u00a0\u00a0 Kuulet nauhalta kehotuksen: <em>\u201cParlez maintenant\u201d<\/em>.<br \/>\n\u2013\u00a0\u00a0 T\u00e4m\u00e4n j\u00e4lkeen nauhalla on tauko.<br \/>\n\u2013\u00a0\u00a0 Tauon aikana sanot <strong>ranskaksi<\/strong> sen, mit\u00e4 sinua pyydet\u00e4\u00e4n sanomaan kuvatussa tilanteessa.<\/p>\n<p>N\u00e4et puhumisajan sulkeissa.<\/p>\n<p>Mit\u00e4 sanoisit <strong>ranskaksi<\/strong> seuraavissa tilanteissa:<\/p>\n<p><strong><em>Tilanteita Ranskan matkalla.<\/em><\/strong><\/p>\n<p style=\"border: 3px; border-style: solid; border-color: #123455; padding: 1em;\"><strong>Tilanne 1.<\/strong> \u00a0 Radiotoimittaja pys\u00e4ytt\u00e4\u00e4 sinut kadulla ja kysyy mielipidett\u00e4si paikkakunnan kulttuuritarjonnasta. Kerro, mit\u00e4 mielt\u00e4 olet ja mit\u00e4 haluaisit uudistaa? <em>(30 sek.)<\/em><\/p>\n<p><strong><em>Asut v\u00e4liaikaisesti Ranskassa.<\/em><\/strong><\/p>\n<p style=\"border: 3px; border-style: solid; border-color: #123455; padding: 1em;\"><strong>Tilanne 1.\u00a0 <\/strong>Olet keitti\u00f6ss\u00e4 laittamassa ruokaa, kun puhelin soi. Puhelimessa on markkinointitutkija, joka haluaa keskustella kanssasi. Sinulla ei ole aikaa puhua h\u00e4nen kanssaan. Mit\u00e4 sanot h\u00e4nelle?<em> (30 sek)<\/em><\/p>\n<p style=\"border: 3px; border-style: solid; border-color: #123455; padding: 1em;\"><strong>Tilanne 2.<\/strong>\u00a0 Istut Charles-de-Gaullen lentoasemalla. Vieress\u00e4si istuva keski-ik\u00e4inen mies l\u00e4htee paikaltaan matkatavaroineen. Huomaat kuitenkin, ett\u00e4 miehelt\u00e4 on j\u00e4\u00e4nyt matkaliput ja lompakko penkille. Miten kiinnit\u00e4t miehen huomion tapahtuneeseen?\u00a0<em>(20 sek)<\/em><\/p>\n<hr \/>\n<h2><strong><span style=\"text-decoration: underline;\">Teht\u00e4v\u00e4 2. Puheenvuoro<\/span><\/strong><\/h2>\n<p>Alla on aiheita, joista sinun tulisi\u00a0kertoa\u00a0<strong>ranskaksi<\/strong>. Sinulla on kolme minuuttia aikaa mietti\u00e4, mit\u00e4 sanot. Voit tehd\u00e4 valmisteluaikana muistiinpanoja, jos haluat. Aloita puhuminen vasta sitten, kun kuulet nauhalta: \u201c<em>Parlez maintenant\u201d<\/em>. Sinulla on kolme minuuttia aikaa puhua. Yrit\u00e4 puhua koko ajan!<\/p>\n<p><strong>Valmisteluaika: 3 minuuttia<\/strong><br \/>\n<strong>Puhumisaika:\u00a03 minuuttia<\/strong><\/p>\n<p style=\"border: 3px; border-style: solid; border-color: #123455; padding: 1em;\"><strong> Le livre \u00e9lectronique va-t-il, \u00e0 terme, remplacer le &#8220;livre-papier&#8221;?<\/strong><br \/>\n&#8211; Le livre \u00e9lectronique, c\u2019est pour qui?<br \/>\n&#8211; Les avantages\/inconv\u00e9nients du livre \u00e9lectronique?<br \/>\n&#8211; Sa relation avec le livre traditionnel?<br \/>\n&#8211; Les \u00e9diteurs proposeront-ils davantage de textes sous forme \u00e9lectronique que sous forme papier?<\/p>\n<hr \/>\n<h2><span style=\"text-decoration: underline;\"><strong>Teht\u00e4v\u00e4 3. Haastattelu<\/strong><\/span><\/h2>\n<p>Esimerkkiaiheita:<\/p>\n<ol>\n<li><strong style=\"font-size: 16px;\">Compagnies a\u00e9riennes \u00e0 bas prix<\/strong><\/li>\n<li><strong style=\"font-size: 16px;\">Le Cin\u00e9aste Aki Kaurism\u00e4ki<\/strong><\/li>\n<\/ol>\n <!-- RSPEAK_STOP -->","protected":false},"excerpt":{"rendered":"    Ranska &#8211; Ylin taso &#8211; Puhuminen Puhumisen osakokeessa on erilaisia teht\u00e4vi\u00e4, joista osa\u00a0suoritetaan kielistudiossa ja osa haastatteluna. T\u00e4ss\u00e4 on esimerkit teht\u00e4v\u00e4tyypeist\u00e4. Puhu joka \n <a class=\"moretag\" href=\"https:\/\/ykitesti.solki.jyu.fi\/en\/tutustu-testiin\/ranska\/ranska-ylin-taso-puhuminen\/\"> <\/a>","protected":false},"author":1,"featured_media":0,"parent":1128,"menu_order":0,"comment_status":"closed","ping_status":"closed","template":"","meta":{"footnotes":""},"class_list":["post-1326","page","type-page","status-publish","hentry"],"translation":{"provider":"WPGlobus","version":"3.0.2","language":"en","enabled_languages":["fi","en","sv"],"languages":{"fi":{"title":true,"content":true,"excerpt":false},"en":{"title":false,"content":false,"excerpt":false},"sv":{"title":false,"content":true,"excerpt":false}}},"_links":{"self":[{"href":"https:\/\/ykitesti.solki.jyu.fi\/en\/wp-json\/wp\/v2\/pages\/1326","targetHints":{"allow":["GET"]}}],"collection":[{"href":"https:\/\/ykitesti.solki.jyu.fi\/en\/wp-json\/wp\/v2\/pages"}],"about":[{"href":"https:\/\/ykitesti.solki.jyu.fi\/en\/wp-json\/wp\/v2\/types\/page"}],"author":[{"embeddable":true,"href":"https:\/\/ykitesti.solki.jyu.fi\/en\/wp-json\/wp\/v2\/users\/1"}],"replies":[{"embeddable":true,"href":"https:\/\/ykitesti.solki.jyu.fi\/en\/wp-json\/wp\/v2\/comments?post=1326"}],"version-history":[{"count":2,"href":"https:\/\/ykitesti.solki.jyu.fi\/en\/wp-json\/wp\/v2\/pages\/1326\/revisions"}],"predecessor-version":[{"id":1329,"href":"https:\/\/ykitesti.solki.jyu.fi\/en\/wp-json\/wp\/v2\/pages\/1326\/revisions\/1329"}],"up":[{"embeddable":true,"href":"https:\/\/ykitesti.solki.jyu.fi\/en\/wp-json\/wp\/v2\/pages\/1128"}],"wp:attachment":[{"href":"https:\/\/ykitesti.solki.jyu.fi\/en\/wp-json\/wp\/v2\/media?parent=1326"}],"curies":[{"name":"wp","href":"https:\/\/api.w.org\/{rel}","templated":true}]}}